{"id":5213,"date":"2025-12-10T12:59:48","date_gmt":"2025-12-10T15:59:48","guid":{"rendered":"https:\/\/haraltt.com.br\/?post_type=product&#038;p=5213"},"modified":"2026-02-06T12:27:15","modified_gmt":"2026-02-06T15:27:15","slug":"raquete-kit-start-k1-02-t88-sanwei","status":"publish","type":"product","link":"https:\/\/haraltt.com.br\/index.php\/product\/raquete-kit-start-k1-02-t88-sanwei\/","title":{"rendered":"Raquete Kit Start &#8211; K1 + 02 T88 SANWEI"},"content":{"rendered":"<article>*]:pointer-events-auto [content-visibility:auto] supports-[content-visibility:auto]:[contain-intrinsic-size:auto_100lvh] scroll-mt-[calc(var(&#8211;header-height)+min(200px,max(70px,20svh)))]&#8221; dir=&#8221;auto&#8221; data-turn-id=&#8221;bca35da5-7a3c-411e-b5b3-6d9d5f88a3a3&#8243; data-testid=&#8221;conversation-turn-423&#8243; data-scroll-anchor=&#8221;false&#8221; data-turn=&#8221;assistant&#8221; data-mce-tabindex=&#8221;-1&#8243;&gt;<\/p>\n<div class=\"text-base my-auto mx-auto [--thread-content-margin:--spacing(4)] @w-sm\/main:[--thread-content-margin:--spacing(6)] @w-lg\/main:[--thread-content-margin:--spacing(16)] px-(--thread-content-margin)\">\n<div class=\"[--thread-content-max-width:40rem] @w-lg\/main:[--thread-content-max-width:48rem] mx-auto max-w-(--thread-content-max-width) flex-1 group\/turn-messages focus-visible:outline-hidden relative flex w-full min-w-0 flex-col agent-turn\" data-mce-tabindex=\"-1\">\n<div class=\"flex max-w-full flex-col grow\">\n<div class=\"min-h-8 text-message relative flex w-full flex-col items-end gap-2 text-start break-words whitespace-normal [.text-message+&amp;]:mt-1\" dir=\"auto\" data-message-author-role=\"assistant\" data-message-id=\"bca35da5-7a3c-411e-b5b3-6d9d5f88a3a3\" data-message-model-slug=\"gpt-5-1\">\n<div class=\"flex w-full flex-col gap-1 empty:hidden first:pt-[1px]\">\n<div class=\"markdown prose dark:prose-invert w-full break-words dark markdown-new-styling\">\n<h3 data-start=\"91\" data-end=\"111\"><strong data-start=\"94\" data-end=\"111\">Parte t\u00e9cnica<\/strong><\/h3>\n<p data-start=\"112\" data-end=\"443\">Este conjunto \u00e9 montado com a <strong data-start=\"142\" data-end=\"161\">madeira Loki K1<\/strong>, uma raquete ofensiva de constru\u00e7\u00e3o 5 + 2 que oferece excelente <strong data-start=\"229\" data-end=\"277\">sensa\u00e7\u00e3o de impacto, estabilidade e precis\u00e3o<\/strong>. A K1 trabalha com uma \u00f3tima mistura de velocidade moderada e alto controle, permitindo que o atleta execute golpes ofensivos com seguran\u00e7a sem perder sensibilidade.<\/p>\n<p data-start=\"445\" data-end=\"822\">Combinada com <strong data-start=\"459\" data-end=\"488\">duas borrachas Sanwei T88<\/strong>, o conjunto privilegia <strong data-start=\"512\" data-end=\"556\">spin, controle e seguran\u00e7a no jogo ativo<\/strong>. A T88 possui topsheet aderente e esponja macia a m\u00e9dia, proporcionando \u00f3tima capacidade de gerar efeito e oferecendo uma catapulta moderada. Essa configura\u00e7\u00e3o cria um conjunto muito equilibrado, ideal para quem quer atacar, mas tamb\u00e9m manter dom\u00ednio total da bola.<\/p>\n<hr data-start=\"824\" data-end=\"827\">\n<h3 data-start=\"829\" data-end=\"851\"><strong data-start=\"832\" data-end=\"851\">Exemplo pr\u00e1tico<\/strong><\/h3>\n<p data-start=\"852\" data-end=\"1110\">No <strong data-start=\"855\" data-end=\"867\">forehand<\/strong>, o atleta sente facilidade para carregar o topspin, criando arcos seguros e muito efeito mesmo sem fazer for\u00e7a excessiva. A madeira K1 ajuda a manter estabilidade na batida, enquanto a T88 oferece o toque necess\u00e1rio para controlar bem a bola.<\/p>\n<p data-start=\"1112\" data-end=\"1352\">No <strong data-start=\"1115\" data-end=\"1127\">backhand<\/strong>, a combina\u00e7\u00e3o permite bloqueios firmes e recep\u00e7\u00f5es curtas mais precisas. A esponja da T88 ajuda a amortecer bolas r\u00e1pidas, tornando o conjunto confort\u00e1vel para quem busca consist\u00eancia e n\u00e3o quer um backhand explosivo demais.<\/p>\n<p data-start=\"1354\" data-end=\"1535\">Em bolas de <strong data-start=\"1366\" data-end=\"1393\">m\u00e9dia e longa dist\u00e2ncia<\/strong>, o conjunto continua est\u00e1vel: a madeira n\u00e3o vibra excessivamente e as T88 mant\u00eam o grip por tempo suficiente para produzir loops controlados.<\/p>\n<hr data-start=\"1537\" data-end=\"1540\">\n<h3 data-start=\"1542\" data-end=\"1555\"><strong data-start=\"1545\" data-end=\"1555\">Resumo<\/strong><\/h3>\n<p data-start=\"1556\" data-end=\"1919\">A combina\u00e7\u00e3o <strong data-start=\"1569\" data-end=\"1605\">Loki K1 + 2 borrachas Sanwei T88<\/strong> forma uma raquete perfeita para jogadores que querem um conjunto <strong data-start=\"1671\" data-end=\"1695\">ofensivo equilibrado<\/strong>, com muita seguran\u00e7a, alto n\u00edvel de efeito e excelente controle. \u00c9 ideal para quem est\u00e1 evoluindo tecnicamente ou busca estabilidade em todos os fundamentos ofensivos, sem perder a capacidade de atacar com qualidade e giro.<\/p>\n<p data-start=\"1921\" data-end=\"2046\" data-is-last-node=\"\" data-is-only-node=\"\">Se quiser, posso montar vers\u00f5es alternativas (mais r\u00e1pida, mais controlada ou mais explosiva) com outras combina\u00e7\u00f5es da Loki.<\/p>\n<\/div>\n<\/div>\n<\/div>\n<\/div>\n<div class=\"z-0 flex min-h-[46px] justify-start\"><\/div>\n<\/div>\n<\/div>\n<\/article>\n<article>*]:pointer-events-auto scroll-mt-(&#8211;header-height)&#8221; dir=&#8221;auto&#8221; data-turn-id=&#8221;bbb213fb-4c11-4ba5-ae53-570e7d0644ab&#8221; data-testid=&#8221;conversation-turn-424&#8243; data-scroll-anchor=&#8221;false&#8221; data-turn=&#8221;user&#8221; data-mce-tabindex=&#8221;-1&#8243;&gt;<\/p>\n<h5 class=\"sr-only\"><\/h5>\n<\/article>\n","protected":false},"excerpt":{"rendered":"<p><br data-mce-bogus=\"1\"><\/p>\n","protected":false},"featured_media":5193,"comment_status":"open","ping_status":"closed","template":"","meta":{"_joinchat":[]},"product_cat":[82],"product_tag":[],"class_list":{"0":"post-5213","1":"product","2":"type-product","3":"status-publish","4":"has-post-thumbnail","6":"product_cat-sem-categoria","8":"first","9":"instock","10":"shipping-taxable","11":"product-type-variable"},"yoast_head":"<!-- This site is optimized with the Yoast SEO plugin v22.2 - https:\/\/yoast.com\/wordpress\/plugins\/seo\/ -->\n<title>Raquete Kit Start - K1 + 02 T88 SANWEI - Haraltt<\/title>\n<meta name=\"robots\" content=\"index, follow, max-snippet:-1, max-image-preview:large, max-video-preview:-1\" \/>\n<link rel=\"canonical\" href=\"https:\/\/haraltt.com.br\/index.php\/product\/raquete-kit-start-k1-02-t88-sanwei\/\" \/>\n<meta property=\"og:locale\" content=\"pt_BR\" \/>\n<meta property=\"og:type\" content=\"article\" \/>\n<meta property=\"og:title\" content=\"Raquete Kit Start - K1 + 02 T88 SANWEI - Haraltt\" \/>\n<meta property=\"og:url\" content=\"https:\/\/haraltt.com.br\/index.php\/product\/raquete-kit-start-k1-02-t88-sanwei\/\" \/>\n<meta property=\"og:site_name\" content=\"Haraltt\" \/>\n<meta property=\"article:modified_time\" content=\"2026-02-06T15:27:15+00:00\" \/>\n<meta property=\"og:image\" content=\"http:\/\/haraltt.com.br\/wp-content\/uploads\/2025\/12\/9_20251209_210759_0000.png\" \/>\n\t<meta property=\"og:image:width\" content=\"1080\" \/>\n\t<meta property=\"og:image:height\" content=\"1080\" \/>\n\t<meta property=\"og:image:type\" content=\"image\/png\" \/>\n<meta name=\"twitter:card\" content=\"summary_large_image\" \/>\n<meta name=\"twitter:label1\" content=\"Est. tempo de leitura\" \/>\n\t<meta name=\"twitter:data1\" content=\"2 minutos\" \/>\n<script type=\"application\/ld+json\" class=\"yoast-schema-graph\">{\"@context\":\"https:\/\/schema.org\",\"@graph\":[{\"@type\":\"WebPage\",\"@id\":\"https:\/\/haraltt.com.br\/index.php\/product\/raquete-kit-start-k1-02-t88-sanwei\/\",\"url\":\"https:\/\/haraltt.com.br\/index.php\/product\/raquete-kit-start-k1-02-t88-sanwei\/\",\"name\":\"Raquete Kit Start - K1 + 02 T88 SANWEI - Haraltt\",\"isPartOf\":{\"@id\":\"https:\/\/haraltt.com.br\/#website\"},\"primaryImageOfPage\":{\"@id\":\"https:\/\/haraltt.com.br\/index.php\/product\/raquete-kit-start-k1-02-t88-sanwei\/#primaryimage\"},\"image\":{\"@id\":\"https:\/\/haraltt.com.br\/index.php\/product\/raquete-kit-start-k1-02-t88-sanwei\/#primaryimage\"},\"thumbnailUrl\":\"https:\/\/haraltt.com.br\/wp-content\/uploads\/2025\/12\/9_20251209_210759_0000.png\",\"datePublished\":\"2025-12-10T15:59:48+00:00\",\"dateModified\":\"2026-02-06T15:27:15+00:00\",\"breadcrumb\":{\"@id\":\"https:\/\/haraltt.com.br\/index.php\/product\/raquete-kit-start-k1-02-t88-sanwei\/#breadcrumb\"},\"inLanguage\":\"pt-BR\",\"potentialAction\":[{\"@type\":\"ReadAction\",\"target\":[\"https:\/\/haraltt.com.br\/index.php\/product\/raquete-kit-start-k1-02-t88-sanwei\/\"]}]},{\"@type\":\"ImageObject\",\"inLanguage\":\"pt-BR\",\"@id\":\"https:\/\/haraltt.com.br\/index.php\/product\/raquete-kit-start-k1-02-t88-sanwei\/#primaryimage\",\"url\":\"https:\/\/haraltt.com.br\/wp-content\/uploads\/2025\/12\/9_20251209_210759_0000.png\",\"contentUrl\":\"https:\/\/haraltt.com.br\/wp-content\/uploads\/2025\/12\/9_20251209_210759_0000.png\",\"width\":1080,\"height\":1080},{\"@type\":\"BreadcrumbList\",\"@id\":\"https:\/\/haraltt.com.br\/index.php\/product\/raquete-kit-start-k1-02-t88-sanwei\/#breadcrumb\",\"itemListElement\":[{\"@type\":\"ListItem\",\"position\":1,\"name\":\"In\u00edcio\",\"item\":\"https:\/\/haraltt.com.br\/\"},{\"@type\":\"ListItem\",\"position\":2,\"name\":\"Loja\",\"item\":\"https:\/\/haraltt.com.br\/index.php\/loja\/\"},{\"@type\":\"ListItem\",\"position\":3,\"name\":\"Raquete Kit Start &#8211; K1 + 02 T88 SANWEI\"}]},{\"@type\":\"WebSite\",\"@id\":\"https:\/\/haraltt.com.br\/#website\",\"url\":\"https:\/\/haraltt.com.br\/\",\"name\":\"Haraltt\",\"description\":\"T\u00eanis de mesa de forma acessivel\",\"publisher\":{\"@id\":\"https:\/\/haraltt.com.br\/#organization\"},\"potentialAction\":[{\"@type\":\"SearchAction\",\"target\":{\"@type\":\"EntryPoint\",\"urlTemplate\":\"https:\/\/haraltt.com.br\/?s={search_term_string}\"},\"query-input\":\"required name=search_term_string\"}],\"inLanguage\":\"pt-BR\"},{\"@type\":\"Organization\",\"@id\":\"https:\/\/haraltt.com.br\/#organization\",\"name\":\"Haraltt\",\"url\":\"https:\/\/haraltt.com.br\/\",\"logo\":{\"@type\":\"ImageObject\",\"inLanguage\":\"pt-BR\",\"@id\":\"https:\/\/haraltt.com.br\/#\/schema\/logo\/image\/\",\"url\":\"\/\/\/wp-content\/uploads\/2024\/02\/44811478-removebg-preview.png\",\"contentUrl\":\"\/\/\/wp-content\/uploads\/2024\/02\/44811478-removebg-preview.png\",\"width\":500,\"height\":500,\"caption\":\"Haraltt\"},\"image\":{\"@id\":\"https:\/\/haraltt.com.br\/#\/schema\/logo\/image\/\"}}]}<\/script>\n<!-- \/ Yoast SEO plugin. -->","yoast_head_json":{"title":"Raquete Kit Start - K1 + 02 T88 SANWEI - Haraltt","robots":{"index":"index","follow":"follow","max-snippet":"max-snippet:-1","max-image-preview":"max-image-preview:large","max-video-preview":"max-video-preview:-1"},"canonical":"https:\/\/haraltt.com.br\/index.php\/product\/raquete-kit-start-k1-02-t88-sanwei\/","og_locale":"pt_BR","og_type":"article","og_title":"Raquete Kit Start - K1 + 02 T88 SANWEI - Haraltt","og_url":"https:\/\/haraltt.com.br\/index.php\/product\/raquete-kit-start-k1-02-t88-sanwei\/","og_site_name":"Haraltt","article_modified_time":"2026-02-06T15:27:15+00:00","og_image":[{"width":1080,"height":1080,"url":"http:\/\/haraltt.com.br\/wp-content\/uploads\/2025\/12\/9_20251209_210759_0000.png","type":"image\/png"}],"twitter_card":"summary_large_image","twitter_misc":{"Est. tempo de leitura":"2 minutos"},"schema":{"@context":"https:\/\/schema.org","@graph":[{"@type":"WebPage","@id":"https:\/\/haraltt.com.br\/index.php\/product\/raquete-kit-start-k1-02-t88-sanwei\/","url":"https:\/\/haraltt.com.br\/index.php\/product\/raquete-kit-start-k1-02-t88-sanwei\/","name":"Raquete Kit Start - K1 + 02 T88 SANWEI - Haraltt","isPartOf":{"@id":"https:\/\/haraltt.com.br\/#website"},"primaryImageOfPage":{"@id":"https:\/\/haraltt.com.br\/index.php\/product\/raquete-kit-start-k1-02-t88-sanwei\/#primaryimage"},"image":{"@id":"https:\/\/haraltt.com.br\/index.php\/product\/raquete-kit-start-k1-02-t88-sanwei\/#primaryimage"},"thumbnailUrl":"https:\/\/haraltt.com.br\/wp-content\/uploads\/2025\/12\/9_20251209_210759_0000.png","datePublished":"2025-12-10T15:59:48+00:00","dateModified":"2026-02-06T15:27:15+00:00","breadcrumb":{"@id":"https:\/\/haraltt.com.br\/index.php\/product\/raquete-kit-start-k1-02-t88-sanwei\/#breadcrumb"},"inLanguage":"pt-BR","potentialAction":[{"@type":"ReadAction","target":["https:\/\/haraltt.com.br\/index.php\/product\/raquete-kit-start-k1-02-t88-sanwei\/"]}]},{"@type":"ImageObject","inLanguage":"pt-BR","@id":"https:\/\/haraltt.com.br\/index.php\/product\/raquete-kit-start-k1-02-t88-sanwei\/#primaryimage","url":"https:\/\/haraltt.com.br\/wp-content\/uploads\/2025\/12\/9_20251209_210759_0000.png","contentUrl":"https:\/\/haraltt.com.br\/wp-content\/uploads\/2025\/12\/9_20251209_210759_0000.png","width":1080,"height":1080},{"@type":"BreadcrumbList","@id":"https:\/\/haraltt.com.br\/index.php\/product\/raquete-kit-start-k1-02-t88-sanwei\/#breadcrumb","itemListElement":[{"@type":"ListItem","position":1,"name":"In\u00edcio","item":"https:\/\/haraltt.com.br\/"},{"@type":"ListItem","position":2,"name":"Loja","item":"https:\/\/haraltt.com.br\/index.php\/loja\/"},{"@type":"ListItem","position":3,"name":"Raquete Kit Start &#8211; K1 + 02 T88 SANWEI"}]},{"@type":"WebSite","@id":"https:\/\/haraltt.com.br\/#website","url":"https:\/\/haraltt.com.br\/","name":"Haraltt","description":"T\u00eanis de mesa de forma acessivel","publisher":{"@id":"https:\/\/haraltt.com.br\/#organization"},"potentialAction":[{"@type":"SearchAction","target":{"@type":"EntryPoint","urlTemplate":"https:\/\/haraltt.com.br\/?s={search_term_string}"},"query-input":"required name=search_term_string"}],"inLanguage":"pt-BR"},{"@type":"Organization","@id":"https:\/\/haraltt.com.br\/#organization","name":"Haraltt","url":"https:\/\/haraltt.com.br\/","logo":{"@type":"ImageObject","inLanguage":"pt-BR","@id":"https:\/\/haraltt.com.br\/#\/schema\/logo\/image\/","url":"\/\/\/wp-content\/uploads\/2024\/02\/44811478-removebg-preview.png","contentUrl":"\/\/\/wp-content\/uploads\/2024\/02\/44811478-removebg-preview.png","width":500,"height":500,"caption":"Haraltt"},"image":{"@id":"https:\/\/haraltt.com.br\/#\/schema\/logo\/image\/"}}]}},"_links":{"self":[{"href":"https:\/\/haraltt.com.br\/index.php\/wp-json\/wp\/v2\/product\/5213","targetHints":{"allow":["GET"]}}],"collection":[{"href":"https:\/\/haraltt.com.br\/index.php\/wp-json\/wp\/v2\/product"}],"about":[{"href":"https:\/\/haraltt.com.br\/index.php\/wp-json\/wp\/v2\/types\/product"}],"replies":[{"embeddable":true,"href":"https:\/\/haraltt.com.br\/index.php\/wp-json\/wp\/v2\/comments?post=5213"}],"wp:featuredmedia":[{"embeddable":true,"href":"https:\/\/haraltt.com.br\/index.php\/wp-json\/wp\/v2\/media\/5193"}],"wp:attachment":[{"href":"https:\/\/haraltt.com.br\/index.php\/wp-json\/wp\/v2\/media?parent=5213"}],"wp:term":[{"taxonomy":"product_cat","embeddable":true,"href":"https:\/\/haraltt.com.br\/index.php\/wp-json\/wp\/v2\/product_cat?post=5213"},{"taxonomy":"product_tag","embeddable":true,"href":"https:\/\/haraltt.com.br\/index.php\/wp-json\/wp\/v2\/product_tag?post=5213"}],"curies":[{"name":"wp","href":"https:\/\/api.w.org\/{rel}","templated":true}]}}