{"id":5091,"date":"2025-10-30T10:59:58","date_gmt":"2025-10-30T13:59:58","guid":{"rendered":"https:\/\/haraltt.com.br\/?post_type=product&#038;p=5091"},"modified":"2026-02-04T15:10:32","modified_gmt":"2026-02-04T18:10:32","slug":"mesa-backdrive-de-tenis-de-mesa-elite-special-30mm-com-rodas-abs40","status":"publish","type":"product","link":"https:\/\/haraltt.com.br\/index.php\/product\/mesa-backdrive-de-tenis-de-mesa-elite-special-30mm-com-rodas-abs40\/","title":{"rendered":"Mesa BACKDRIVE de T\u00eanis de Mesa &#8211; ELITE Special 30MM com Rodas &#8211; ABS40+"},"content":{"rendered":"<h4><strong><em>R$5.137 via PIX ou Em at\u00e9 10x Sem Juros Finalizando via WhatsApp<\/em><\/strong><\/h4>\n<p>&#8212;&#8212;&#8212;&#8212;&#8212;&#8212;&#8212;&#8212;&#8212;&#8212;&#8212;-<\/p>\n<h5><strong><em>Frete a Combinar, contate WhatsApp<\/em><\/strong><\/h5>\n<p>&#8212;&#8212;&#8212;&#8212;&#8212;&#8212;&#8212;&#8212;&#8212;&#8212;&#8212;&#8211;<\/p>\n<h5 data-start=\"237\" data-end=\"317\"><strong>\ud83c\udfd3 Mesa BACKDRIVE Elite Special 30mm \u2013 MDF Profissional com Rodas ABS40+ (Com Rede Incusa)<\/strong><\/h5>\n<p data-start=\"319\" data-end=\"862\"><strong data-start=\"319\" data-end=\"337\">Parte t\u00e9cnica:<\/strong><br data-start=\"337\" data-end=\"340\">A <strong data-start=\"342\" data-end=\"374\">Backdrive Elite Special 30mm<\/strong> representa o mais alto padr\u00e3o de constru\u00e7\u00e3o dentro da linha profissional da marca. Produzida com <strong data-start=\"472\" data-end=\"498\">tampos em MDF de 30 mm<\/strong>, a mesa oferece <strong data-start=\"515\" data-end=\"566\">rebote s\u00f3lido, uniforme e de alt\u00edssima precis\u00e3o<\/strong>, ideal para treinos e competi\u00e7\u00f5es com <strong data-start=\"605\" data-end=\"622\">bolas ABS 40+<\/strong>. Sua <strong data-start=\"628\" data-end=\"664\">pintura azul fosca n\u00e3o reflexiva<\/strong>, desenvolvida com <strong data-start=\"683\" data-end=\"717\">t\u00e9cnica exclusiva da Backdrive<\/strong>, garante o coeficiente de atrito ideal conforme as <strong data-start=\"769\" data-end=\"796\">normas oficiais da ITTF<\/strong>, proporcionando excelente equil\u00edbrio entre velocidade e controle.<\/p>\n<p data-start=\"864\" data-end=\"1319\">A estrutura \u00e9 constru\u00edda com <strong data-start=\"893\" data-end=\"926\">cavaletes de ferro refor\u00e7ados<\/strong> (espessura m\u00ednima de 1,2 mm), equipados com <strong data-start=\"971\" data-end=\"1011\">8 rodas emborrachadas de 4 polegadas<\/strong>, sendo <strong data-start=\"1019\" data-end=\"1068\">4 com sistema de travas de seguran\u00e7a (freios)<\/strong>. Conta ainda com <strong data-start=\"1086\" data-end=\"1110\">tampos independentes<\/strong>, <strong data-start=\"1112\" data-end=\"1136\">reguladores de n\u00edvel<\/strong>, <strong data-start=\"1138\" data-end=\"1157\">travas laterais<\/strong>, <strong data-start=\"1159\" data-end=\"1195\">prote\u00e7\u00e3o inferior contra umidade<\/strong> e <strong data-start=\"1198\" data-end=\"1247\">fita de borda de alto impacto em toda a volta<\/strong>, assegurando <strong data-start=\"1261\" data-end=\"1316\">resist\u00eancia, estabilidade e durabilidade superiores<\/strong>.<\/p>\n<p data-start=\"1321\" data-end=\"1346\"><strong data-start=\"1321\" data-end=\"1344\">Dimens\u00f5es oficiais:<\/strong><\/p>\n<ul data-start=\"1347\" data-end=\"1706\">\n<li data-start=\"1347\" data-end=\"1374\">\n<p data-start=\"1349\" data-end=\"1374\">Comprimento: <strong data-start=\"1362\" data-end=\"1372\">274 cm<\/strong><\/p>\n<\/li>\n<li data-start=\"1375\" data-end=\"1400\">\n<p data-start=\"1377\" data-end=\"1400\">Largura: <strong data-start=\"1386\" data-end=\"1398\">152,5 cm<\/strong><\/p>\n<\/li>\n<li data-start=\"1401\" data-end=\"1422\">\n<p data-start=\"1403\" data-end=\"1422\">Altura: <strong data-start=\"1411\" data-end=\"1420\">76 cm<\/strong><\/p>\n<\/li>\n<li data-start=\"1423\" data-end=\"1479\">\n<p data-start=\"1425\" data-end=\"1479\">Pique de bola: <strong data-start=\"1440\" data-end=\"1458\">23 cm (m\u00ednimo)<\/strong> ao soltar de 40 cm<\/p>\n<\/li>\n<li data-start=\"1480\" data-end=\"1499\">\n<p data-start=\"1482\" data-end=\"1499\">Peso: <strong data-start=\"1488\" data-end=\"1497\">95 kg<\/strong><\/p>\n<\/li>\n<li data-start=\"1500\" data-end=\"1563\">\n<p data-start=\"1502\" data-end=\"1563\">Medidas fechada: <strong data-start=\"1519\" data-end=\"1561\">173 cm (A) \u00d7 160 cm (C) \u00d7 68 cm (base)<\/strong><\/p>\n<\/li>\n<li data-start=\"1564\" data-end=\"1617\">\n<p data-start=\"1566\" data-end=\"1617\">Garantia: <strong data-start=\"1576\" data-end=\"1615\">1 ano contra defeitos de fabrica\u00e7\u00e3o<\/strong><\/p>\n<\/li>\n<li data-start=\"1618\" data-end=\"1659\">\n<p data-start=\"1620\" data-end=\"1659\">Ferramentas: <strong data-start=\"1633\" data-end=\"1657\">Chaves 13 mm e 17 mm<\/strong><\/p>\n<\/li>\n<li data-start=\"1660\" data-end=\"1706\">\n<p data-start=\"1662\" data-end=\"1706\">Tempo m\u00e9dio de montagem: <strong data-start=\"1687\" data-end=\"1706\">20 a 40 minutos<\/strong><\/p>\n<\/li>\n<\/ul>\n<p data-start=\"1708\" data-end=\"2057\"><strong data-start=\"1708\" data-end=\"1728\">Exemplo pr\u00e1tico:<\/strong><br data-start=\"1728\" data-end=\"1731\">Ideal para <strong data-start=\"1742\" data-end=\"1773\">clubes, escolas e academias<\/strong> que precisam de uma mesa profissional <strong data-start=\"1812\" data-end=\"1833\">robusta e pr\u00e1tica<\/strong>, a <strong data-start=\"1837\" data-end=\"1859\">Elite Special 30mm<\/strong> oferece a combina\u00e7\u00e3o perfeita entre <strong data-start=\"1896\" data-end=\"1930\">qualidade de jogo e mobilidade<\/strong>. Suas <strong data-start=\"1937\" data-end=\"1965\">rodas grandes com travas<\/strong> permitem <strong data-start=\"1975\" data-end=\"2010\">montagem e deslocamento r\u00e1pidos<\/strong>, sem comprometer a estabilidade durante o uso.<\/p>\n<p data-start=\"2059\" data-end=\"2480\"><strong data-start=\"2059\" data-end=\"2070\">Resumo:<\/strong><br data-start=\"2070\" data-end=\"2073\">A <strong data-start=\"2075\" data-end=\"2112\">Mesa Backdrive Elite Special 30mm<\/strong> \u00e9 um modelo <strong data-start=\"2125\" data-end=\"2187\">profissional com estrutura refor\u00e7ada e mobilidade avan\u00e7ada<\/strong>, combinando <strong data-start=\"2200\" data-end=\"2223\">tampos de 30 mm MDF<\/strong>, <strong data-start=\"2225\" data-end=\"2245\">rodas com travas<\/strong>, <strong data-start=\"2247\" data-end=\"2285\">acabamento azul para bolas ABS 40+<\/strong> e <strong data-start=\"2288\" data-end=\"2336\">pintura antirreflexo de padr\u00e3o internacional<\/strong>.<br data-start=\"2337\" data-end=\"2340\">Uma mesa completa, <strong data-start=\"2359\" data-end=\"2397\">de alta performance e durabilidade<\/strong>, projetada para quem busca <strong data-start=\"2425\" data-end=\"2479\">qualidade de competi\u00e7\u00e3o e praticidade no dia a dia<\/strong>.<\/p>\n<p><\/p>\n","protected":false},"excerpt":{"rendered":"<p><br data-mce-bogus=\"1\"><\/p>\n","protected":false},"featured_media":5115,"comment_status":"open","ping_status":"closed","template":"","meta":{"_joinchat":[]},"product_cat":[95],"product_tag":[],"class_list":{"0":"post-5091","1":"product","2":"type-product","3":"status-publish","4":"has-post-thumbnail","6":"product_cat-mesas","8":"first","9":"onbackorder","10":"sale","11":"shipping-taxable","12":"purchasable","13":"product-type-simple"},"yoast_head":"<!-- This site is optimized with the Yoast SEO plugin v22.2 - https:\/\/yoast.com\/wordpress\/plugins\/seo\/ -->\n<title>Mesa BACKDRIVE de T\u00eanis de Mesa - ELITE Special 30MM com Rodas - ABS40+ - Haraltt<\/title>\n<meta name=\"robots\" content=\"index, follow, max-snippet:-1, max-image-preview:large, max-video-preview:-1\" \/>\n<link rel=\"canonical\" href=\"https:\/\/haraltt.com.br\/index.php\/product\/mesa-backdrive-de-tenis-de-mesa-elite-special-30mm-com-rodas-abs40\/\" \/>\n<meta property=\"og:locale\" content=\"pt_BR\" \/>\n<meta property=\"og:type\" content=\"article\" \/>\n<meta property=\"og:title\" content=\"Mesa BACKDRIVE de T\u00eanis de Mesa - ELITE Special 30MM com Rodas - ABS40+ - Haraltt\" \/>\n<meta property=\"og:url\" content=\"https:\/\/haraltt.com.br\/index.php\/product\/mesa-backdrive-de-tenis-de-mesa-elite-special-30mm-com-rodas-abs40\/\" \/>\n<meta property=\"og:site_name\" content=\"Haraltt\" \/>\n<meta property=\"article:modified_time\" content=\"2026-02-04T18:10:32+00:00\" \/>\n<meta property=\"og:image\" content=\"http:\/\/haraltt.com.br\/wp-content\/uploads\/2025\/10\/10_20251102_152713_0003.png\" \/>\n\t<meta property=\"og:image:width\" content=\"1080\" \/>\n\t<meta property=\"og:image:height\" content=\"1080\" \/>\n\t<meta property=\"og:image:type\" content=\"image\/png\" \/>\n<meta name=\"twitter:card\" content=\"summary_large_image\" \/>\n<meta name=\"twitter:label1\" content=\"Est. tempo de leitura\" \/>\n\t<meta name=\"twitter:data1\" content=\"3 minutos\" \/>\n<script type=\"application\/ld+json\" class=\"yoast-schema-graph\">{\"@context\":\"https:\/\/schema.org\",\"@graph\":[{\"@type\":\"WebPage\",\"@id\":\"https:\/\/haraltt.com.br\/index.php\/product\/mesa-backdrive-de-tenis-de-mesa-elite-special-30mm-com-rodas-abs40\/\",\"url\":\"https:\/\/haraltt.com.br\/index.php\/product\/mesa-backdrive-de-tenis-de-mesa-elite-special-30mm-com-rodas-abs40\/\",\"name\":\"Mesa BACKDRIVE de T\u00eanis de Mesa - ELITE Special 30MM com Rodas - ABS40+ - Haraltt\",\"isPartOf\":{\"@id\":\"https:\/\/haraltt.com.br\/#website\"},\"primaryImageOfPage\":{\"@id\":\"https:\/\/haraltt.com.br\/index.php\/product\/mesa-backdrive-de-tenis-de-mesa-elite-special-30mm-com-rodas-abs40\/#primaryimage\"},\"image\":{\"@id\":\"https:\/\/haraltt.com.br\/index.php\/product\/mesa-backdrive-de-tenis-de-mesa-elite-special-30mm-com-rodas-abs40\/#primaryimage\"},\"thumbnailUrl\":\"https:\/\/haraltt.com.br\/wp-content\/uploads\/2025\/10\/10_20251102_152713_0003.png\",\"datePublished\":\"2025-10-30T13:59:58+00:00\",\"dateModified\":\"2026-02-04T18:10:32+00:00\",\"breadcrumb\":{\"@id\":\"https:\/\/haraltt.com.br\/index.php\/product\/mesa-backdrive-de-tenis-de-mesa-elite-special-30mm-com-rodas-abs40\/#breadcrumb\"},\"inLanguage\":\"pt-BR\",\"potentialAction\":[{\"@type\":\"ReadAction\",\"target\":[\"https:\/\/haraltt.com.br\/index.php\/product\/mesa-backdrive-de-tenis-de-mesa-elite-special-30mm-com-rodas-abs40\/\"]}]},{\"@type\":\"ImageObject\",\"inLanguage\":\"pt-BR\",\"@id\":\"https:\/\/haraltt.com.br\/index.php\/product\/mesa-backdrive-de-tenis-de-mesa-elite-special-30mm-com-rodas-abs40\/#primaryimage\",\"url\":\"https:\/\/haraltt.com.br\/wp-content\/uploads\/2025\/10\/10_20251102_152713_0003.png\",\"contentUrl\":\"https:\/\/haraltt.com.br\/wp-content\/uploads\/2025\/10\/10_20251102_152713_0003.png\",\"width\":1080,\"height\":1080},{\"@type\":\"BreadcrumbList\",\"@id\":\"https:\/\/haraltt.com.br\/index.php\/product\/mesa-backdrive-de-tenis-de-mesa-elite-special-30mm-com-rodas-abs40\/#breadcrumb\",\"itemListElement\":[{\"@type\":\"ListItem\",\"position\":1,\"name\":\"In\u00edcio\",\"item\":\"https:\/\/haraltt.com.br\/\"},{\"@type\":\"ListItem\",\"position\":2,\"name\":\"Loja\",\"item\":\"https:\/\/haraltt.com.br\/index.php\/loja\/\"},{\"@type\":\"ListItem\",\"position\":3,\"name\":\"Mesa BACKDRIVE de T\u00eanis de Mesa &#8211; ELITE Special 30MM com Rodas &#8211; ABS40+\"}]},{\"@type\":\"WebSite\",\"@id\":\"https:\/\/haraltt.com.br\/#website\",\"url\":\"https:\/\/haraltt.com.br\/\",\"name\":\"Haraltt\",\"description\":\"T\u00eanis de mesa de forma acessivel\",\"publisher\":{\"@id\":\"https:\/\/haraltt.com.br\/#organization\"},\"potentialAction\":[{\"@type\":\"SearchAction\",\"target\":{\"@type\":\"EntryPoint\",\"urlTemplate\":\"https:\/\/haraltt.com.br\/?s={search_term_string}\"},\"query-input\":\"required name=search_term_string\"}],\"inLanguage\":\"pt-BR\"},{\"@type\":\"Organization\",\"@id\":\"https:\/\/haraltt.com.br\/#organization\",\"name\":\"Haraltt\",\"url\":\"https:\/\/haraltt.com.br\/\",\"logo\":{\"@type\":\"ImageObject\",\"inLanguage\":\"pt-BR\",\"@id\":\"https:\/\/haraltt.com.br\/#\/schema\/logo\/image\/\",\"url\":\"\/\/\/wp-content\/uploads\/2024\/02\/44811478-removebg-preview.png\",\"contentUrl\":\"\/\/\/wp-content\/uploads\/2024\/02\/44811478-removebg-preview.png\",\"width\":500,\"height\":500,\"caption\":\"Haraltt\"},\"image\":{\"@id\":\"https:\/\/haraltt.com.br\/#\/schema\/logo\/image\/\"}}]}<\/script>\n<!-- \/ Yoast SEO plugin. -->","yoast_head_json":{"title":"Mesa BACKDRIVE de T\u00eanis de Mesa - ELITE Special 30MM com Rodas - ABS40+ - Haraltt","robots":{"index":"index","follow":"follow","max-snippet":"max-snippet:-1","max-image-preview":"max-image-preview:large","max-video-preview":"max-video-preview:-1"},"canonical":"https:\/\/haraltt.com.br\/index.php\/product\/mesa-backdrive-de-tenis-de-mesa-elite-special-30mm-com-rodas-abs40\/","og_locale":"pt_BR","og_type":"article","og_title":"Mesa BACKDRIVE de T\u00eanis de Mesa - ELITE Special 30MM com Rodas - ABS40+ - Haraltt","og_url":"https:\/\/haraltt.com.br\/index.php\/product\/mesa-backdrive-de-tenis-de-mesa-elite-special-30mm-com-rodas-abs40\/","og_site_name":"Haraltt","article_modified_time":"2026-02-04T18:10:32+00:00","og_image":[{"width":1080,"height":1080,"url":"http:\/\/haraltt.com.br\/wp-content\/uploads\/2025\/10\/10_20251102_152713_0003.png","type":"image\/png"}],"twitter_card":"summary_large_image","twitter_misc":{"Est. tempo de leitura":"3 minutos"},"schema":{"@context":"https:\/\/schema.org","@graph":[{"@type":"WebPage","@id":"https:\/\/haraltt.com.br\/index.php\/product\/mesa-backdrive-de-tenis-de-mesa-elite-special-30mm-com-rodas-abs40\/","url":"https:\/\/haraltt.com.br\/index.php\/product\/mesa-backdrive-de-tenis-de-mesa-elite-special-30mm-com-rodas-abs40\/","name":"Mesa BACKDRIVE de T\u00eanis de Mesa - ELITE Special 30MM com Rodas - ABS40+ - Haraltt","isPartOf":{"@id":"https:\/\/haraltt.com.br\/#website"},"primaryImageOfPage":{"@id":"https:\/\/haraltt.com.br\/index.php\/product\/mesa-backdrive-de-tenis-de-mesa-elite-special-30mm-com-rodas-abs40\/#primaryimage"},"image":{"@id":"https:\/\/haraltt.com.br\/index.php\/product\/mesa-backdrive-de-tenis-de-mesa-elite-special-30mm-com-rodas-abs40\/#primaryimage"},"thumbnailUrl":"https:\/\/haraltt.com.br\/wp-content\/uploads\/2025\/10\/10_20251102_152713_0003.png","datePublished":"2025-10-30T13:59:58+00:00","dateModified":"2026-02-04T18:10:32+00:00","breadcrumb":{"@id":"https:\/\/haraltt.com.br\/index.php\/product\/mesa-backdrive-de-tenis-de-mesa-elite-special-30mm-com-rodas-abs40\/#breadcrumb"},"inLanguage":"pt-BR","potentialAction":[{"@type":"ReadAction","target":["https:\/\/haraltt.com.br\/index.php\/product\/mesa-backdrive-de-tenis-de-mesa-elite-special-30mm-com-rodas-abs40\/"]}]},{"@type":"ImageObject","inLanguage":"pt-BR","@id":"https:\/\/haraltt.com.br\/index.php\/product\/mesa-backdrive-de-tenis-de-mesa-elite-special-30mm-com-rodas-abs40\/#primaryimage","url":"https:\/\/haraltt.com.br\/wp-content\/uploads\/2025\/10\/10_20251102_152713_0003.png","contentUrl":"https:\/\/haraltt.com.br\/wp-content\/uploads\/2025\/10\/10_20251102_152713_0003.png","width":1080,"height":1080},{"@type":"BreadcrumbList","@id":"https:\/\/haraltt.com.br\/index.php\/product\/mesa-backdrive-de-tenis-de-mesa-elite-special-30mm-com-rodas-abs40\/#breadcrumb","itemListElement":[{"@type":"ListItem","position":1,"name":"In\u00edcio","item":"https:\/\/haraltt.com.br\/"},{"@type":"ListItem","position":2,"name":"Loja","item":"https:\/\/haraltt.com.br\/index.php\/loja\/"},{"@type":"ListItem","position":3,"name":"Mesa BACKDRIVE de T\u00eanis de Mesa &#8211; ELITE Special 30MM com Rodas &#8211; ABS40+"}]},{"@type":"WebSite","@id":"https:\/\/haraltt.com.br\/#website","url":"https:\/\/haraltt.com.br\/","name":"Haraltt","description":"T\u00eanis de mesa de forma acessivel","publisher":{"@id":"https:\/\/haraltt.com.br\/#organization"},"potentialAction":[{"@type":"SearchAction","target":{"@type":"EntryPoint","urlTemplate":"https:\/\/haraltt.com.br\/?s={search_term_string}"},"query-input":"required name=search_term_string"}],"inLanguage":"pt-BR"},{"@type":"Organization","@id":"https:\/\/haraltt.com.br\/#organization","name":"Haraltt","url":"https:\/\/haraltt.com.br\/","logo":{"@type":"ImageObject","inLanguage":"pt-BR","@id":"https:\/\/haraltt.com.br\/#\/schema\/logo\/image\/","url":"\/\/\/wp-content\/uploads\/2024\/02\/44811478-removebg-preview.png","contentUrl":"\/\/\/wp-content\/uploads\/2024\/02\/44811478-removebg-preview.png","width":500,"height":500,"caption":"Haraltt"},"image":{"@id":"https:\/\/haraltt.com.br\/#\/schema\/logo\/image\/"}}]}},"_links":{"self":[{"href":"https:\/\/haraltt.com.br\/index.php\/wp-json\/wp\/v2\/product\/5091","targetHints":{"allow":["GET"]}}],"collection":[{"href":"https:\/\/haraltt.com.br\/index.php\/wp-json\/wp\/v2\/product"}],"about":[{"href":"https:\/\/haraltt.com.br\/index.php\/wp-json\/wp\/v2\/types\/product"}],"replies":[{"embeddable":true,"href":"https:\/\/haraltt.com.br\/index.php\/wp-json\/wp\/v2\/comments?post=5091"}],"wp:featuredmedia":[{"embeddable":true,"href":"https:\/\/haraltt.com.br\/index.php\/wp-json\/wp\/v2\/media\/5115"}],"wp:attachment":[{"href":"https:\/\/haraltt.com.br\/index.php\/wp-json\/wp\/v2\/media?parent=5091"}],"wp:term":[{"taxonomy":"product_cat","embeddable":true,"href":"https:\/\/haraltt.com.br\/index.php\/wp-json\/wp\/v2\/product_cat?post=5091"},{"taxonomy":"product_tag","embeddable":true,"href":"https:\/\/haraltt.com.br\/index.php\/wp-json\/wp\/v2\/product_tag?post=5091"}],"curies":[{"name":"wp","href":"https:\/\/api.w.org\/{rel}","templated":true}]}}