{"id":5087,"date":"2025-10-30T10:37:25","date_gmt":"2025-10-30T13:37:25","guid":{"rendered":"https:\/\/haraltt.com.br\/?post_type=product&#038;p=5087"},"modified":"2026-02-04T15:05:54","modified_gmt":"2026-02-04T18:05:54","slug":"mesa-backdrive-de-tenis-de-mesa-start-mdf-30mm-abs40","status":"publish","type":"product","link":"https:\/\/haraltt.com.br\/index.php\/product\/mesa-backdrive-de-tenis-de-mesa-start-mdf-30mm-abs40\/","title":{"rendered":"Mesa BACKDRIVE de T\u00eanis de Mesa &#8211; Start MDF 30MM &#8211; ABS40+"},"content":{"rendered":"<h4><strong><em>R$2.360 via PIX ou Em at\u00e9 10x Sem Juros Finalizando via WhatsApp<\/em><\/strong><\/h4>\n<p>&#8212;&#8212;&#8212;&#8212;&#8212;&#8212;&#8212;&#8212;&#8212;&#8212;&#8212;&#8212;-<\/p>\n<h5><strong><em>Frete a Combinar, contate WhatsApp<\/em><\/strong><\/h5>\n<p>&#8212;&#8212;&#8212;&#8212;&#8212;&#8212;&#8212;&#8212;&#8212;&#8212;&#8212;&#8212;-<\/p>\n<h5 data-start=\"200\" data-end=\"281\">\ud83c\udfd3 <strong data-start=\"207\" data-end=\"281\">Mesa BACKDRIVE Start 30mm \u2013 MDF Profissional ABS40+ (com Rede Inclusa)<\/strong><\/h5>\n<p data-start=\"283\" data-end=\"1180\"><strong data-start=\"283\" data-end=\"301\">Parte t\u00e9cnica:<\/strong><br data-start=\"301\" data-end=\"304\">A <strong data-start=\"306\" data-end=\"330\">Backdrive Start 30mm<\/strong> \u00e9 uma mesa de categoria profissional, constru\u00edda com <strong data-start=\"384\" data-end=\"423\">tampos em MDF de 30 mm de espessura<\/strong>, oferecendo <strong data-start=\"436\" data-end=\"515\">um dos melhores n\u00edveis de quique e consist\u00eancia de bola do mercado nacional<\/strong>. O acabamento em <strong data-start=\"533\" data-end=\"570\">pintura preta fosca n\u00e3o reflexiva<\/strong>, desenvolvido com <strong data-start=\"589\" data-end=\"629\">t\u00e9cnica exclusiva para bolas ABS 40+<\/strong>, assegura o equil\u00edbrio ideal entre atrito e velocidade, em total conformidade com os <strong data-start=\"715\" data-end=\"775\" data-is-only-node=\"\">coeficientes exigidos pelas normas internacionais (ITTF)<\/strong>.<br data-start=\"776\" data-end=\"779\">Possui <strong data-start=\"786\" data-end=\"839\">fita de borda de alto impacto em todo o per\u00edmetro<\/strong>, laterais na cor preta e <strong data-start=\"865\" data-end=\"901\">prote\u00e7\u00e3o inferior contra umidade<\/strong>, garantindo maior durabilidade mesmo em ambientes de varia\u00e7\u00e3o t\u00e9rmica. A estrutura de <strong data-start=\"988\" data-end=\"1022\">cavaletes de madeira refor\u00e7ada<\/strong> e <strong data-start=\"1025\" data-end=\"1048\">travas de seguran\u00e7a<\/strong> proporciona excelente estabilidade, sendo ideal para locais em que a mesa permanece <strong data-start=\"1133\" data-end=\"1179\">fixa ou \u00e9 desmontada apenas ocasionalmente<\/strong>.<\/p>\n<p data-start=\"1182\" data-end=\"1546\"><strong data-start=\"1182\" data-end=\"1202\">Exemplo pr\u00e1tico:<\/strong><br data-start=\"1202\" data-end=\"1205\">\u00c9 a mesa indicada para <strong data-start=\"1228\" data-end=\"1274\">clubes, academias e centros de treinamento<\/strong> que buscam um material com desempenho de alto rendimento, durabilidade profissional e excelente resposta t\u00e9cnica. A espessura de 30 mm oferece <strong data-start=\"1418\" data-end=\"1453\">rebote s\u00f3lido, linear e preciso<\/strong>, ideal para jogadores que desejam treinar com a mesma sensa\u00e7\u00e3o encontrada em mesas oficiais.<\/p>\n<p data-start=\"1548\" data-end=\"1946\"><strong data-start=\"1548\" data-end=\"1559\">Resumo:<\/strong><br data-start=\"1559\" data-end=\"1562\">A <strong data-start=\"1564\" data-end=\"1593\">Mesa Backdrive Start 30mm<\/strong> \u00e9 um modelo profissional de alto desempenho, com <strong data-start=\"1643\" data-end=\"1669\">tampos de MDF de 30 mm<\/strong>, <strong data-start=\"1671\" data-end=\"1717\">pintura preta exclusiva para bolas ABS 40+<\/strong>, <strong data-start=\"1719\" data-end=\"1746\">prote\u00e7\u00e3o contra umidade<\/strong> e <strong data-start=\"1749\" data-end=\"1779\">estrutura est\u00e1vel e segura<\/strong>. Acompanha rede e apresenta <strong data-start=\"1808\" data-end=\"1868\" data-is-only-node=\"\">n\u00edvel t\u00e9cnico compar\u00e1vel \u00e0s mesas oficiais de competi\u00e7\u00e3o<\/strong>, sendo a escolha ideal para quem busca m\u00e1xima qualidade e const\u00e2ncia no jogo.<\/p>\n","protected":false},"excerpt":{"rendered":"<p><br data-mce-bogus=\"1\"><\/p>\n","protected":false},"featured_media":5076,"comment_status":"open","ping_status":"closed","template":"","meta":{"_joinchat":[]},"product_cat":[95],"product_tag":[],"class_list":{"0":"post-5087","1":"product","2":"type-product","3":"status-publish","4":"has-post-thumbnail","6":"product_cat-mesas","8":"first","9":"onbackorder","10":"shipping-taxable","11":"purchasable","12":"product-type-simple"},"yoast_head":"<!-- This site is optimized with the Yoast SEO plugin v22.2 - https:\/\/yoast.com\/wordpress\/plugins\/seo\/ -->\n<title>Mesa BACKDRIVE de T\u00eanis de Mesa - Start MDF 30MM - ABS40+ - Haraltt<\/title>\n<meta name=\"robots\" content=\"index, follow, max-snippet:-1, max-image-preview:large, max-video-preview:-1\" \/>\n<link rel=\"canonical\" href=\"https:\/\/haraltt.com.br\/index.php\/product\/mesa-backdrive-de-tenis-de-mesa-start-mdf-30mm-abs40\/\" \/>\n<meta property=\"og:locale\" content=\"pt_BR\" \/>\n<meta property=\"og:type\" content=\"article\" \/>\n<meta property=\"og:title\" content=\"Mesa BACKDRIVE de T\u00eanis de Mesa - Start MDF 30MM - ABS40+ - Haraltt\" \/>\n<meta property=\"og:url\" content=\"https:\/\/haraltt.com.br\/index.php\/product\/mesa-backdrive-de-tenis-de-mesa-start-mdf-30mm-abs40\/\" \/>\n<meta property=\"og:site_name\" content=\"Haraltt\" \/>\n<meta property=\"article:modified_time\" content=\"2026-02-04T18:05:54+00:00\" \/>\n<meta property=\"og:image\" content=\"http:\/\/haraltt.com.br\/wp-content\/uploads\/2025\/10\/Escolha-seu-SideTape_20251029_181031_0000.png\" \/>\n\t<meta property=\"og:image:width\" content=\"1080\" \/>\n\t<meta property=\"og:image:height\" content=\"1080\" \/>\n\t<meta property=\"og:image:type\" content=\"image\/png\" \/>\n<meta name=\"twitter:card\" content=\"summary_large_image\" \/>\n<meta name=\"twitter:label1\" content=\"Est. tempo de leitura\" \/>\n\t<meta name=\"twitter:data1\" content=\"2 minutos\" \/>\n<script type=\"application\/ld+json\" class=\"yoast-schema-graph\">{\"@context\":\"https:\/\/schema.org\",\"@graph\":[{\"@type\":\"WebPage\",\"@id\":\"https:\/\/haraltt.com.br\/index.php\/product\/mesa-backdrive-de-tenis-de-mesa-start-mdf-30mm-abs40\/\",\"url\":\"https:\/\/haraltt.com.br\/index.php\/product\/mesa-backdrive-de-tenis-de-mesa-start-mdf-30mm-abs40\/\",\"name\":\"Mesa BACKDRIVE de T\u00eanis de Mesa - Start MDF 30MM - ABS40+ - Haraltt\",\"isPartOf\":{\"@id\":\"https:\/\/haraltt.com.br\/#website\"},\"primaryImageOfPage\":{\"@id\":\"https:\/\/haraltt.com.br\/index.php\/product\/mesa-backdrive-de-tenis-de-mesa-start-mdf-30mm-abs40\/#primaryimage\"},\"image\":{\"@id\":\"https:\/\/haraltt.com.br\/index.php\/product\/mesa-backdrive-de-tenis-de-mesa-start-mdf-30mm-abs40\/#primaryimage\"},\"thumbnailUrl\":\"https:\/\/haraltt.com.br\/wp-content\/uploads\/2025\/10\/Escolha-seu-SideTape_20251029_181031_0000.png\",\"datePublished\":\"2025-10-30T13:37:25+00:00\",\"dateModified\":\"2026-02-04T18:05:54+00:00\",\"breadcrumb\":{\"@id\":\"https:\/\/haraltt.com.br\/index.php\/product\/mesa-backdrive-de-tenis-de-mesa-start-mdf-30mm-abs40\/#breadcrumb\"},\"inLanguage\":\"pt-BR\",\"potentialAction\":[{\"@type\":\"ReadAction\",\"target\":[\"https:\/\/haraltt.com.br\/index.php\/product\/mesa-backdrive-de-tenis-de-mesa-start-mdf-30mm-abs40\/\"]}]},{\"@type\":\"ImageObject\",\"inLanguage\":\"pt-BR\",\"@id\":\"https:\/\/haraltt.com.br\/index.php\/product\/mesa-backdrive-de-tenis-de-mesa-start-mdf-30mm-abs40\/#primaryimage\",\"url\":\"https:\/\/haraltt.com.br\/wp-content\/uploads\/2025\/10\/Escolha-seu-SideTape_20251029_181031_0000.png\",\"contentUrl\":\"https:\/\/haraltt.com.br\/wp-content\/uploads\/2025\/10\/Escolha-seu-SideTape_20251029_181031_0000.png\",\"width\":1080,\"height\":1080},{\"@type\":\"BreadcrumbList\",\"@id\":\"https:\/\/haraltt.com.br\/index.php\/product\/mesa-backdrive-de-tenis-de-mesa-start-mdf-30mm-abs40\/#breadcrumb\",\"itemListElement\":[{\"@type\":\"ListItem\",\"position\":1,\"name\":\"In\u00edcio\",\"item\":\"https:\/\/haraltt.com.br\/\"},{\"@type\":\"ListItem\",\"position\":2,\"name\":\"Loja\",\"item\":\"https:\/\/haraltt.com.br\/index.php\/loja\/\"},{\"@type\":\"ListItem\",\"position\":3,\"name\":\"Mesa BACKDRIVE de T\u00eanis de Mesa &#8211; Start MDF 30MM &#8211; ABS40+\"}]},{\"@type\":\"WebSite\",\"@id\":\"https:\/\/haraltt.com.br\/#website\",\"url\":\"https:\/\/haraltt.com.br\/\",\"name\":\"Haraltt\",\"description\":\"T\u00eanis de mesa de forma acessivel\",\"publisher\":{\"@id\":\"https:\/\/haraltt.com.br\/#organization\"},\"potentialAction\":[{\"@type\":\"SearchAction\",\"target\":{\"@type\":\"EntryPoint\",\"urlTemplate\":\"https:\/\/haraltt.com.br\/?s={search_term_string}\"},\"query-input\":\"required name=search_term_string\"}],\"inLanguage\":\"pt-BR\"},{\"@type\":\"Organization\",\"@id\":\"https:\/\/haraltt.com.br\/#organization\",\"name\":\"Haraltt\",\"url\":\"https:\/\/haraltt.com.br\/\",\"logo\":{\"@type\":\"ImageObject\",\"inLanguage\":\"pt-BR\",\"@id\":\"https:\/\/haraltt.com.br\/#\/schema\/logo\/image\/\",\"url\":\"\/\/\/wp-content\/uploads\/2024\/02\/44811478-removebg-preview.png\",\"contentUrl\":\"\/\/\/wp-content\/uploads\/2024\/02\/44811478-removebg-preview.png\",\"width\":500,\"height\":500,\"caption\":\"Haraltt\"},\"image\":{\"@id\":\"https:\/\/haraltt.com.br\/#\/schema\/logo\/image\/\"}}]}<\/script>\n<!-- \/ Yoast SEO plugin. -->","yoast_head_json":{"title":"Mesa BACKDRIVE de T\u00eanis de Mesa - Start MDF 30MM - ABS40+ - Haraltt","robots":{"index":"index","follow":"follow","max-snippet":"max-snippet:-1","max-image-preview":"max-image-preview:large","max-video-preview":"max-video-preview:-1"},"canonical":"https:\/\/haraltt.com.br\/index.php\/product\/mesa-backdrive-de-tenis-de-mesa-start-mdf-30mm-abs40\/","og_locale":"pt_BR","og_type":"article","og_title":"Mesa BACKDRIVE de T\u00eanis de Mesa - Start MDF 30MM - ABS40+ - Haraltt","og_url":"https:\/\/haraltt.com.br\/index.php\/product\/mesa-backdrive-de-tenis-de-mesa-start-mdf-30mm-abs40\/","og_site_name":"Haraltt","article_modified_time":"2026-02-04T18:05:54+00:00","og_image":[{"width":1080,"height":1080,"url":"http:\/\/haraltt.com.br\/wp-content\/uploads\/2025\/10\/Escolha-seu-SideTape_20251029_181031_0000.png","type":"image\/png"}],"twitter_card":"summary_large_image","twitter_misc":{"Est. tempo de leitura":"2 minutos"},"schema":{"@context":"https:\/\/schema.org","@graph":[{"@type":"WebPage","@id":"https:\/\/haraltt.com.br\/index.php\/product\/mesa-backdrive-de-tenis-de-mesa-start-mdf-30mm-abs40\/","url":"https:\/\/haraltt.com.br\/index.php\/product\/mesa-backdrive-de-tenis-de-mesa-start-mdf-30mm-abs40\/","name":"Mesa BACKDRIVE de T\u00eanis de Mesa - Start MDF 30MM - ABS40+ - Haraltt","isPartOf":{"@id":"https:\/\/haraltt.com.br\/#website"},"primaryImageOfPage":{"@id":"https:\/\/haraltt.com.br\/index.php\/product\/mesa-backdrive-de-tenis-de-mesa-start-mdf-30mm-abs40\/#primaryimage"},"image":{"@id":"https:\/\/haraltt.com.br\/index.php\/product\/mesa-backdrive-de-tenis-de-mesa-start-mdf-30mm-abs40\/#primaryimage"},"thumbnailUrl":"https:\/\/haraltt.com.br\/wp-content\/uploads\/2025\/10\/Escolha-seu-SideTape_20251029_181031_0000.png","datePublished":"2025-10-30T13:37:25+00:00","dateModified":"2026-02-04T18:05:54+00:00","breadcrumb":{"@id":"https:\/\/haraltt.com.br\/index.php\/product\/mesa-backdrive-de-tenis-de-mesa-start-mdf-30mm-abs40\/#breadcrumb"},"inLanguage":"pt-BR","potentialAction":[{"@type":"ReadAction","target":["https:\/\/haraltt.com.br\/index.php\/product\/mesa-backdrive-de-tenis-de-mesa-start-mdf-30mm-abs40\/"]}]},{"@type":"ImageObject","inLanguage":"pt-BR","@id":"https:\/\/haraltt.com.br\/index.php\/product\/mesa-backdrive-de-tenis-de-mesa-start-mdf-30mm-abs40\/#primaryimage","url":"https:\/\/haraltt.com.br\/wp-content\/uploads\/2025\/10\/Escolha-seu-SideTape_20251029_181031_0000.png","contentUrl":"https:\/\/haraltt.com.br\/wp-content\/uploads\/2025\/10\/Escolha-seu-SideTape_20251029_181031_0000.png","width":1080,"height":1080},{"@type":"BreadcrumbList","@id":"https:\/\/haraltt.com.br\/index.php\/product\/mesa-backdrive-de-tenis-de-mesa-start-mdf-30mm-abs40\/#breadcrumb","itemListElement":[{"@type":"ListItem","position":1,"name":"In\u00edcio","item":"https:\/\/haraltt.com.br\/"},{"@type":"ListItem","position":2,"name":"Loja","item":"https:\/\/haraltt.com.br\/index.php\/loja\/"},{"@type":"ListItem","position":3,"name":"Mesa BACKDRIVE de T\u00eanis de Mesa &#8211; Start MDF 30MM &#8211; ABS40+"}]},{"@type":"WebSite","@id":"https:\/\/haraltt.com.br\/#website","url":"https:\/\/haraltt.com.br\/","name":"Haraltt","description":"T\u00eanis de mesa de forma acessivel","publisher":{"@id":"https:\/\/haraltt.com.br\/#organization"},"potentialAction":[{"@type":"SearchAction","target":{"@type":"EntryPoint","urlTemplate":"https:\/\/haraltt.com.br\/?s={search_term_string}"},"query-input":"required name=search_term_string"}],"inLanguage":"pt-BR"},{"@type":"Organization","@id":"https:\/\/haraltt.com.br\/#organization","name":"Haraltt","url":"https:\/\/haraltt.com.br\/","logo":{"@type":"ImageObject","inLanguage":"pt-BR","@id":"https:\/\/haraltt.com.br\/#\/schema\/logo\/image\/","url":"\/\/\/wp-content\/uploads\/2024\/02\/44811478-removebg-preview.png","contentUrl":"\/\/\/wp-content\/uploads\/2024\/02\/44811478-removebg-preview.png","width":500,"height":500,"caption":"Haraltt"},"image":{"@id":"https:\/\/haraltt.com.br\/#\/schema\/logo\/image\/"}}]}},"_links":{"self":[{"href":"https:\/\/haraltt.com.br\/index.php\/wp-json\/wp\/v2\/product\/5087","targetHints":{"allow":["GET"]}}],"collection":[{"href":"https:\/\/haraltt.com.br\/index.php\/wp-json\/wp\/v2\/product"}],"about":[{"href":"https:\/\/haraltt.com.br\/index.php\/wp-json\/wp\/v2\/types\/product"}],"replies":[{"embeddable":true,"href":"https:\/\/haraltt.com.br\/index.php\/wp-json\/wp\/v2\/comments?post=5087"}],"wp:featuredmedia":[{"embeddable":true,"href":"https:\/\/haraltt.com.br\/index.php\/wp-json\/wp\/v2\/media\/5076"}],"wp:attachment":[{"href":"https:\/\/haraltt.com.br\/index.php\/wp-json\/wp\/v2\/media?parent=5087"}],"wp:term":[{"taxonomy":"product_cat","embeddable":true,"href":"https:\/\/haraltt.com.br\/index.php\/wp-json\/wp\/v2\/product_cat?post=5087"},{"taxonomy":"product_tag","embeddable":true,"href":"https:\/\/haraltt.com.br\/index.php\/wp-json\/wp\/v2\/product_tag?post=5087"}],"curies":[{"name":"wp","href":"https:\/\/api.w.org\/{rel}","templated":true}]}}