{"id":5058,"date":"2025-10-29T16:42:01","date_gmt":"2025-10-29T19:42:01","guid":{"rendered":"https:\/\/haraltt.com.br\/?post_type=product&#038;p=5058"},"modified":"2026-03-24T15:08:25","modified_gmt":"2026-03-24T18:08:25","slug":"raquete-kit-start-k2-02-reactor-tornado-v5-40","status":"publish","type":"product","link":"https:\/\/haraltt.com.br\/index.php\/product\/raquete-kit-start-k2-02-reactor-tornado-v5-40\/","title":{"rendered":"Raquete Kit Start &#8211; K1 + 02 Reactor Tornado V5 40+"},"content":{"rendered":"<h3 data-start=\"310\" data-end=\"333\"><strong data-start=\"313\" data-end=\"333\">\ud83d\udcd8 Parte t\u00e9cnica<\/strong><\/h3>\n<p data-start=\"334\" data-end=\"621\">Este conjunto utiliza a <strong data-start=\"358\" data-end=\"377\">madeira Loki K1<\/strong>, um modelo 5+2 ofensivo equilibrado, reconhecido por entregar <strong data-start=\"445\" data-end=\"498\">controle s\u00f3lido, boa sensibilidade e estabilidade<\/strong>. \u00c9 uma madeira que proporciona velocidade moderada, ideal para quem gosta de sentir a bola e ter dom\u00ednio total nos golpes.<\/p>\n<p data-start=\"623\" data-end=\"893\">As <strong data-start=\"626\" data-end=\"667\">duas borrachas Reactor Tornado V5 40+<\/strong> completam a raquete com um perfil de <strong data-start=\"705\" data-end=\"761\">alto efeito (spin), toque macio e excelente controle<\/strong>.<br data-start=\"762\" data-end=\"765\" \/>O topsheet \u00e9 bem aderente e a esponja de dureza m\u00e9dia favorece loops consistentes e seguros, especialmente com as bolas ABS 40+.<\/p>\n<p data-start=\"895\" data-end=\"996\">O resultado \u00e9 um conjunto voltado para <strong data-start=\"934\" data-end=\"967\">controle + efeito + seguran\u00e7a<\/strong>, sem velocidades exageradas.<\/p>\n<hr data-start=\"998\" data-end=\"1001\" \/>\n<h3 data-start=\"1003\" data-end=\"1028\"><strong data-start=\"1006\" data-end=\"1028\">\ud83c\udfd3 Exemplo pr\u00e1tico<\/strong><\/h3>\n<ul data-start=\"1029\" data-end=\"1470\">\n<li data-start=\"1029\" data-end=\"1135\">\n<p data-start=\"1031\" data-end=\"1135\"><strong data-start=\"1031\" data-end=\"1044\">Forehand:<\/strong> loops com arco alto, muito giro e facilidade para carregar efeito mesmo com swing m\u00e9dio.<\/p>\n<\/li>\n<li data-start=\"1136\" data-end=\"1239\">\n<p data-start=\"1138\" data-end=\"1239\"><strong data-start=\"1138\" data-end=\"1151\">Backhand:<\/strong> confort\u00e1vel e est\u00e1vel; bloqueios firmes, drives precisos e recep\u00e7\u00e3o muito controlada.<\/p>\n<\/li>\n<li data-start=\"1240\" data-end=\"1470\">\n<p data-start=\"1242\" data-end=\"1470\"><strong data-start=\"1242\" data-end=\"1261\">Meia dist\u00e2ncia:<\/strong> mant\u00e9m spin e estabilidade, permitindo rallies longos com excelente regularidade.<br data-start=\"1343\" data-end=\"1346\" \/>A madeira K1 d\u00e1 sensa\u00e7\u00e3o limpa, a Tornado V5 garante ader\u00eancia \u2014 combina\u00e7\u00e3o perfeita para jogadores que prezam consist\u00eancia.<\/p>\n<\/li>\n<\/ul>\n<hr data-start=\"1472\" data-end=\"1475\" \/>\n<h3 data-start=\"1477\" data-end=\"1544\"><strong data-start=\"1480\" data-end=\"1544\">\u26a1 Compara\u00e7\u00e3o direta: K1 + Tornado V5 40+ vs. K1 + Sanwei T88<\/strong><\/h3>\n<h5 data-start=\"1545\" data-end=\"1571\"><strong data-start=\"1549\" data-end=\"1569\">1) Efeito (Spin)<\/strong><\/h5>\n<ul data-start=\"1572\" data-end=\"1718\">\n<li data-start=\"1572\" data-end=\"1659\">\n<p data-start=\"1574\" data-end=\"1659\"><strong data-start=\"1574\" data-end=\"1589\">Tornado V5:<\/strong> mais aderente, mais grip, arco mais alto \u2192 <strong data-start=\"1633\" data-end=\"1656\">melhor para topspin<\/strong>.<\/p>\n<\/li>\n<li data-start=\"1660\" data-end=\"1718\">\n<p data-start=\"1662\" data-end=\"1718\"><strong data-start=\"1662\" data-end=\"1670\">T88:<\/strong> efeito bom, mas mais linear e menos \u201cpegajosa\u201d.<\/p>\n<\/li>\n<\/ul>\n<p data-start=\"1720\" data-end=\"1767\"><strong data-start=\"1720\" data-end=\"1767\">\u27a1\ufe0f Vantagem: Tornado V5 (mais spin e arco).<\/strong><\/p>\n<h5 data-start=\"1769\" data-end=\"1792\"><strong data-start=\"1773\" data-end=\"1790\">2) Velocidade<\/strong><\/h5>\n<ul data-start=\"1793\" data-end=\"1903\">\n<li data-start=\"1793\" data-end=\"1845\">\n<p data-start=\"1795\" data-end=\"1845\"><strong data-start=\"1795\" data-end=\"1810\">Tornado V5:<\/strong> velocidade moderada, controlada.<\/p>\n<\/li>\n<li data-start=\"1846\" data-end=\"1903\">\n<p data-start=\"1848\" data-end=\"1903\"><strong data-start=\"1848\" data-end=\"1856\">T88:<\/strong> mais r\u00e1pida e explosiva, resposta mais direta.<\/p>\n<\/li>\n<\/ul>\n<p data-start=\"1905\" data-end=\"1944\"><strong data-start=\"1905\" data-end=\"1944\">\u27a1\ufe0f Vantagem: T88 (mais velocidade).<\/strong><\/p>\n<h5 data-start=\"1946\" data-end=\"1967\"><strong data-start=\"1950\" data-end=\"1965\">3) Controle<\/strong><\/h5>\n<ul data-start=\"1968\" data-end=\"2096\">\n<li data-start=\"1968\" data-end=\"2039\">\n<p data-start=\"1970\" data-end=\"2039\"><strong data-start=\"1970\" data-end=\"1985\">Tornado V5:<\/strong> muito controle, borracha mais est\u00e1vel e previs\u00edvel.<\/p>\n<\/li>\n<li data-start=\"2040\" data-end=\"2096\">\n<p data-start=\"2042\" data-end=\"2096\"><strong data-start=\"2042\" data-end=\"2050\">T88:<\/strong> mais ofensiva e arisca, exige melhor t\u00e9cnica.<\/p>\n<\/li>\n<\/ul>\n<p data-start=\"2098\" data-end=\"2146\"><strong data-start=\"2098\" data-end=\"2146\">\u27a1\ufe0f Vantagem: Tornado V5 (controle superior).<\/strong><\/p>\n<h5 data-start=\"2148\" data-end=\"2175\"><strong data-start=\"2152\" data-end=\"2173\">4) Estilo de jogo<\/strong><\/h5>\n<ul data-start=\"2176\" data-end=\"2357\">\n<li data-start=\"2176\" data-end=\"2258\">\n<p data-start=\"2178\" data-end=\"2258\"><strong data-start=\"2178\" data-end=\"2198\">K1 + Tornado V5:<\/strong> ideal para quem busca <strong data-start=\"2221\" data-end=\"2255\">regularidade, giro e seguran\u00e7a<\/strong>.<\/p>\n<\/li>\n<li data-start=\"2259\" data-end=\"2357\">\n<p data-start=\"2261\" data-end=\"2357\"><strong data-start=\"2261\" data-end=\"2274\">K1 + T88:<\/strong> ideal para jogadores mais agressivos que gostam de <strong data-start=\"2326\" data-end=\"2356\">velocidade e impacto forte<\/strong>.<\/p>\n<\/li>\n<\/ul>\n<hr data-start=\"2359\" data-end=\"2362\" \/>\n<h3 data-start=\"2364\" data-end=\"2380\"><strong data-start=\"2367\" data-end=\"2380\">\ud83c\udfaf Resumo<\/strong><\/h3>\n<p data-start=\"2381\" data-end=\"2627\">A raquete <strong data-start=\"2391\" data-end=\"2421\">Loki K1 + 2 Tornado V5 40+<\/strong> \u00e9 um conjunto <strong data-start=\"2436\" data-end=\"2460\">ofensivo equilibrado<\/strong>, focado em <strong data-start=\"2472\" data-end=\"2513\">controle, alto efeito e sensibilidade<\/strong>.<br data-start=\"2514\" data-end=\"2517\" \/>\u00c9 perfeita para jogadores que querem estabilidade e consist\u00eancia, sem abrir m\u00e3o de um excelente n\u00edvel de spin.<\/p>\n<p data-start=\"2629\" data-end=\"2716\">J\u00e1 a vers\u00e3o <strong data-start=\"2641\" data-end=\"2655\">K1 + 2 T88<\/strong> \u00e9 mais agressiva, explosiva e veloz, mas com menor controle.<\/p>\n","protected":false},"excerpt":{"rendered":"<p>\ud83d\udcd8 Parte t\u00e9cnica Este conjunto utiliza a madeira Loki K1, um modelo 5+2 ofensivo equilibrado, reconhecido por entregar controle s\u00f3lido, boa sensibilidade e estabilidade. \u00c9 uma madeira que proporciona velocidade moderada, ideal para quem gosta de sentir a bola e ter dom\u00ednio total nos golpes. As duas borrachas Reactor Tornado V5 40+ completam a raquete [&hellip;]<\/p>\n","protected":false},"featured_media":5195,"comment_status":"open","ping_status":"closed","template":"","meta":{"_joinchat":[]},"product_cat":[94,15],"product_tag":[],"class_list":{"0":"post-5058","1":"product","2":"type-product","3":"status-publish","4":"has-post-thumbnail","6":"product_cat-loki","7":"product_cat-raquetes-prontas","9":"first","10":"instock","11":"sale","12":"shipping-taxable","13":"purchasable","14":"product-type-variable"},"yoast_head":"<!-- This site is optimized with the Yoast SEO plugin v22.2 - https:\/\/yoast.com\/wordpress\/plugins\/seo\/ -->\n<title>Raquete Kit Start - K1 + 02 Reactor Tornado V5 40+ - Haraltt<\/title>\n<meta name=\"robots\" content=\"index, follow, max-snippet:-1, max-image-preview:large, max-video-preview:-1\" \/>\n<link rel=\"canonical\" href=\"https:\/\/haraltt.com.br\/index.php\/product\/raquete-kit-start-k2-02-reactor-tornado-v5-40\/\" \/>\n<meta property=\"og:locale\" content=\"pt_BR\" \/>\n<meta property=\"og:type\" content=\"article\" \/>\n<meta property=\"og:title\" content=\"Raquete Kit Start - K1 + 02 Reactor Tornado V5 40+ - Haraltt\" \/>\n<meta property=\"og:description\" content=\"\ud83d\udcd8 Parte t\u00e9cnica Este conjunto utiliza a madeira Loki K1, um modelo 5+2 ofensivo equilibrado, reconhecido por entregar controle s\u00f3lido, boa sensibilidade e estabilidade. \u00c9 uma madeira que proporciona velocidade moderada, ideal para quem gosta de sentir a bola e ter dom\u00ednio total nos golpes. As duas borrachas Reactor Tornado V5 40+ completam a raquete [&hellip;]\" \/>\n<meta property=\"og:url\" content=\"https:\/\/haraltt.com.br\/index.php\/product\/raquete-kit-start-k2-02-reactor-tornado-v5-40\/\" \/>\n<meta property=\"og:site_name\" content=\"Haraltt\" \/>\n<meta property=\"article:modified_time\" content=\"2026-03-24T18:08:25+00:00\" \/>\n<meta property=\"og:image\" content=\"http:\/\/haraltt.com.br\/wp-content\/uploads\/2025\/12\/10_20251209_210800_0001.png\" \/>\n\t<meta property=\"og:image:width\" content=\"1080\" \/>\n\t<meta property=\"og:image:height\" content=\"1080\" \/>\n\t<meta property=\"og:image:type\" content=\"image\/png\" \/>\n<meta name=\"twitter:card\" content=\"summary_large_image\" \/>\n<meta name=\"twitter:label1\" content=\"Est. tempo de leitura\" \/>\n\t<meta name=\"twitter:data1\" content=\"3 minutos\" \/>\n<script type=\"application\/ld+json\" class=\"yoast-schema-graph\">{\"@context\":\"https:\/\/schema.org\",\"@graph\":[{\"@type\":\"WebPage\",\"@id\":\"https:\/\/haraltt.com.br\/index.php\/product\/raquete-kit-start-k2-02-reactor-tornado-v5-40\/\",\"url\":\"https:\/\/haraltt.com.br\/index.php\/product\/raquete-kit-start-k2-02-reactor-tornado-v5-40\/\",\"name\":\"Raquete Kit Start - K1 + 02 Reactor Tornado V5 40+ - Haraltt\",\"isPartOf\":{\"@id\":\"https:\/\/haraltt.com.br\/#website\"},\"primaryImageOfPage\":{\"@id\":\"https:\/\/haraltt.com.br\/index.php\/product\/raquete-kit-start-k2-02-reactor-tornado-v5-40\/#primaryimage\"},\"image\":{\"@id\":\"https:\/\/haraltt.com.br\/index.php\/product\/raquete-kit-start-k2-02-reactor-tornado-v5-40\/#primaryimage\"},\"thumbnailUrl\":\"https:\/\/haraltt.com.br\/wp-content\/uploads\/2025\/12\/10_20251209_210800_0001.png\",\"datePublished\":\"2025-10-29T19:42:01+00:00\",\"dateModified\":\"2026-03-24T18:08:25+00:00\",\"breadcrumb\":{\"@id\":\"https:\/\/haraltt.com.br\/index.php\/product\/raquete-kit-start-k2-02-reactor-tornado-v5-40\/#breadcrumb\"},\"inLanguage\":\"pt-BR\",\"potentialAction\":[{\"@type\":\"ReadAction\",\"target\":[\"https:\/\/haraltt.com.br\/index.php\/product\/raquete-kit-start-k2-02-reactor-tornado-v5-40\/\"]}]},{\"@type\":\"ImageObject\",\"inLanguage\":\"pt-BR\",\"@id\":\"https:\/\/haraltt.com.br\/index.php\/product\/raquete-kit-start-k2-02-reactor-tornado-v5-40\/#primaryimage\",\"url\":\"https:\/\/haraltt.com.br\/wp-content\/uploads\/2025\/12\/10_20251209_210800_0001.png\",\"contentUrl\":\"https:\/\/haraltt.com.br\/wp-content\/uploads\/2025\/12\/10_20251209_210800_0001.png\",\"width\":1080,\"height\":1080},{\"@type\":\"BreadcrumbList\",\"@id\":\"https:\/\/haraltt.com.br\/index.php\/product\/raquete-kit-start-k2-02-reactor-tornado-v5-40\/#breadcrumb\",\"itemListElement\":[{\"@type\":\"ListItem\",\"position\":1,\"name\":\"In\u00edcio\",\"item\":\"https:\/\/haraltt.com.br\/\"},{\"@type\":\"ListItem\",\"position\":2,\"name\":\"Loja\",\"item\":\"https:\/\/haraltt.com.br\/index.php\/loja\/\"},{\"@type\":\"ListItem\",\"position\":3,\"name\":\"Raquete Kit Start &#8211; K1 + 02 Reactor Tornado V5 40+\"}]},{\"@type\":\"WebSite\",\"@id\":\"https:\/\/haraltt.com.br\/#website\",\"url\":\"https:\/\/haraltt.com.br\/\",\"name\":\"Haraltt\",\"description\":\"T\u00eanis de mesa de forma acessivel\",\"publisher\":{\"@id\":\"https:\/\/haraltt.com.br\/#organization\"},\"potentialAction\":[{\"@type\":\"SearchAction\",\"target\":{\"@type\":\"EntryPoint\",\"urlTemplate\":\"https:\/\/haraltt.com.br\/?s={search_term_string}\"},\"query-input\":\"required name=search_term_string\"}],\"inLanguage\":\"pt-BR\"},{\"@type\":\"Organization\",\"@id\":\"https:\/\/haraltt.com.br\/#organization\",\"name\":\"Haraltt\",\"url\":\"https:\/\/haraltt.com.br\/\",\"logo\":{\"@type\":\"ImageObject\",\"inLanguage\":\"pt-BR\",\"@id\":\"https:\/\/haraltt.com.br\/#\/schema\/logo\/image\/\",\"url\":\"\/\/\/wp-content\/uploads\/2024\/02\/44811478-removebg-preview.png\",\"contentUrl\":\"\/\/\/wp-content\/uploads\/2024\/02\/44811478-removebg-preview.png\",\"width\":500,\"height\":500,\"caption\":\"Haraltt\"},\"image\":{\"@id\":\"https:\/\/haraltt.com.br\/#\/schema\/logo\/image\/\"}}]}<\/script>\n<!-- \/ Yoast SEO plugin. -->","yoast_head_json":{"title":"Raquete Kit Start - K1 + 02 Reactor Tornado V5 40+ - Haraltt","robots":{"index":"index","follow":"follow","max-snippet":"max-snippet:-1","max-image-preview":"max-image-preview:large","max-video-preview":"max-video-preview:-1"},"canonical":"https:\/\/haraltt.com.br\/index.php\/product\/raquete-kit-start-k2-02-reactor-tornado-v5-40\/","og_locale":"pt_BR","og_type":"article","og_title":"Raquete Kit Start - K1 + 02 Reactor Tornado V5 40+ - Haraltt","og_description":"\ud83d\udcd8 Parte t\u00e9cnica Este conjunto utiliza a madeira Loki K1, um modelo 5+2 ofensivo equilibrado, reconhecido por entregar controle s\u00f3lido, boa sensibilidade e estabilidade. \u00c9 uma madeira que proporciona velocidade moderada, ideal para quem gosta de sentir a bola e ter dom\u00ednio total nos golpes. As duas borrachas Reactor Tornado V5 40+ completam a raquete [&hellip;]","og_url":"https:\/\/haraltt.com.br\/index.php\/product\/raquete-kit-start-k2-02-reactor-tornado-v5-40\/","og_site_name":"Haraltt","article_modified_time":"2026-03-24T18:08:25+00:00","og_image":[{"width":1080,"height":1080,"url":"http:\/\/haraltt.com.br\/wp-content\/uploads\/2025\/12\/10_20251209_210800_0001.png","type":"image\/png"}],"twitter_card":"summary_large_image","twitter_misc":{"Est. tempo de leitura":"3 minutos"},"schema":{"@context":"https:\/\/schema.org","@graph":[{"@type":"WebPage","@id":"https:\/\/haraltt.com.br\/index.php\/product\/raquete-kit-start-k2-02-reactor-tornado-v5-40\/","url":"https:\/\/haraltt.com.br\/index.php\/product\/raquete-kit-start-k2-02-reactor-tornado-v5-40\/","name":"Raquete Kit Start - K1 + 02 Reactor Tornado V5 40+ - Haraltt","isPartOf":{"@id":"https:\/\/haraltt.com.br\/#website"},"primaryImageOfPage":{"@id":"https:\/\/haraltt.com.br\/index.php\/product\/raquete-kit-start-k2-02-reactor-tornado-v5-40\/#primaryimage"},"image":{"@id":"https:\/\/haraltt.com.br\/index.php\/product\/raquete-kit-start-k2-02-reactor-tornado-v5-40\/#primaryimage"},"thumbnailUrl":"https:\/\/haraltt.com.br\/wp-content\/uploads\/2025\/12\/10_20251209_210800_0001.png","datePublished":"2025-10-29T19:42:01+00:00","dateModified":"2026-03-24T18:08:25+00:00","breadcrumb":{"@id":"https:\/\/haraltt.com.br\/index.php\/product\/raquete-kit-start-k2-02-reactor-tornado-v5-40\/#breadcrumb"},"inLanguage":"pt-BR","potentialAction":[{"@type":"ReadAction","target":["https:\/\/haraltt.com.br\/index.php\/product\/raquete-kit-start-k2-02-reactor-tornado-v5-40\/"]}]},{"@type":"ImageObject","inLanguage":"pt-BR","@id":"https:\/\/haraltt.com.br\/index.php\/product\/raquete-kit-start-k2-02-reactor-tornado-v5-40\/#primaryimage","url":"https:\/\/haraltt.com.br\/wp-content\/uploads\/2025\/12\/10_20251209_210800_0001.png","contentUrl":"https:\/\/haraltt.com.br\/wp-content\/uploads\/2025\/12\/10_20251209_210800_0001.png","width":1080,"height":1080},{"@type":"BreadcrumbList","@id":"https:\/\/haraltt.com.br\/index.php\/product\/raquete-kit-start-k2-02-reactor-tornado-v5-40\/#breadcrumb","itemListElement":[{"@type":"ListItem","position":1,"name":"In\u00edcio","item":"https:\/\/haraltt.com.br\/"},{"@type":"ListItem","position":2,"name":"Loja","item":"https:\/\/haraltt.com.br\/index.php\/loja\/"},{"@type":"ListItem","position":3,"name":"Raquete Kit Start &#8211; K1 + 02 Reactor Tornado V5 40+"}]},{"@type":"WebSite","@id":"https:\/\/haraltt.com.br\/#website","url":"https:\/\/haraltt.com.br\/","name":"Haraltt","description":"T\u00eanis de mesa de forma acessivel","publisher":{"@id":"https:\/\/haraltt.com.br\/#organization"},"potentialAction":[{"@type":"SearchAction","target":{"@type":"EntryPoint","urlTemplate":"https:\/\/haraltt.com.br\/?s={search_term_string}"},"query-input":"required name=search_term_string"}],"inLanguage":"pt-BR"},{"@type":"Organization","@id":"https:\/\/haraltt.com.br\/#organization","name":"Haraltt","url":"https:\/\/haraltt.com.br\/","logo":{"@type":"ImageObject","inLanguage":"pt-BR","@id":"https:\/\/haraltt.com.br\/#\/schema\/logo\/image\/","url":"\/\/\/wp-content\/uploads\/2024\/02\/44811478-removebg-preview.png","contentUrl":"\/\/\/wp-content\/uploads\/2024\/02\/44811478-removebg-preview.png","width":500,"height":500,"caption":"Haraltt"},"image":{"@id":"https:\/\/haraltt.com.br\/#\/schema\/logo\/image\/"}}]}},"_links":{"self":[{"href":"https:\/\/haraltt.com.br\/index.php\/wp-json\/wp\/v2\/product\/5058","targetHints":{"allow":["GET"]}}],"collection":[{"href":"https:\/\/haraltt.com.br\/index.php\/wp-json\/wp\/v2\/product"}],"about":[{"href":"https:\/\/haraltt.com.br\/index.php\/wp-json\/wp\/v2\/types\/product"}],"replies":[{"embeddable":true,"href":"https:\/\/haraltt.com.br\/index.php\/wp-json\/wp\/v2\/comments?post=5058"}],"wp:featuredmedia":[{"embeddable":true,"href":"https:\/\/haraltt.com.br\/index.php\/wp-json\/wp\/v2\/media\/5195"}],"wp:attachment":[{"href":"https:\/\/haraltt.com.br\/index.php\/wp-json\/wp\/v2\/media?parent=5058"}],"wp:term":[{"taxonomy":"product_cat","embeddable":true,"href":"https:\/\/haraltt.com.br\/index.php\/wp-json\/wp\/v2\/product_cat?post=5058"},{"taxonomy":"product_tag","embeddable":true,"href":"https:\/\/haraltt.com.br\/index.php\/wp-json\/wp\/v2\/product_tag?post=5058"}],"curies":[{"name":"wp","href":"https:\/\/api.w.org\/{rel}","templated":true}]}}