{"id":4855,"date":"2025-09-10T11:21:22","date_gmt":"2025-09-10T14:21:22","guid":{"rendered":"https:\/\/haraltt.com.br\/?post_type=product&#038;p=4855"},"modified":"2026-03-31T20:16:41","modified_gmt":"2026-03-31T23:16:41","slug":"cola-carbon-pro-redglue-100ml","status":"publish","type":"product","link":"https:\/\/haraltt.com.br\/index.php\/product\/cola-carbon-pro-redglue-100ml\/","title":{"rendered":"COLA CARBON PRO REDGLUE &#8211; 100ML"},"content":{"rendered":"<h3 data-start=\"180\" data-end=\"206\"><strong data-start=\"180\" data-end=\"204\">Carbon Pro\u00a0 \u2013 RedGlue<\/strong><\/h3>\n<p data-start=\"208\" data-end=\"648\">A <strong data-start=\"210\" data-end=\"224\">CarbonPro<\/strong>\u00a0\u00e9 uma cola profissional <em data-start=\"249\" data-end=\"259\">VOC-free<\/em> desenvolvida para atletas que buscam desempenho e praticidade na montagem de sua raquete. Sua f\u00f3rmula especial garante uma colagem firme e segura, ao mesmo tempo em que facilita a descolagem, gra\u00e7as \u00e0 sua caracter\u00edstica el\u00e1stica: a camada formada se comporta como um adesivo, podendo ser removida de forma simples e limpa, sem danificar a esponja da borracha ou a superf\u00edcie da madeira.<\/p>\n<p data-start=\"650\" data-end=\"1023\">Um dos diferenciais da <strong data-start=\"673\" data-end=\"687\">CarbonPro<\/strong>\u00a0\u00e9 a adi\u00e7\u00e3o de carbono em sua composi\u00e7\u00e3o. Aplicando de <strong data-start=\"742\" data-end=\"782\">duas a tr\u00eas camadas antes da colagem<\/strong>, o jogador cria uma pel\u00edcula extra que simula o efeito de uma fibra de carbono presente em muitas madeiras profissionais. O resultado \u00e9 uma sensa\u00e7\u00e3o mais ofensiva no conjunto, com ganho de velocidade e pot\u00eancia, sem abrir m\u00e3o do controle.<\/p>\n<p data-start=\"1025\" data-end=\"1215\">A escolha ideal para quem busca uma <strong data-start=\"1061\" data-end=\"1155\">cola confi\u00e1vel, f\u00e1cil de aplicar e com tecnologia que potencializa o rendimento da raquete<\/strong>, seja para treinos intensos ou competi\u00e7\u00f5es de alto n\u00edvel.<\/p>\n","protected":false},"excerpt":{"rendered":"<p><\/p>\n","protected":false},"featured_media":4853,"comment_status":"open","ping_status":"closed","template":"","meta":{"_joinchat":[]},"product_cat":[29],"product_tag":[],"class_list":{"0":"post-4855","1":"product","2":"type-product","3":"status-publish","4":"has-post-thumbnail","6":"product_cat-acessorios","8":"first","9":"instock","10":"sale","11":"shipping-taxable","12":"purchasable","13":"product-type-simple"},"yoast_head":"<!-- This site is optimized with the Yoast SEO plugin v22.2 - https:\/\/yoast.com\/wordpress\/plugins\/seo\/ -->\n<title>COLA CARBON PRO REDGLUE - 100ML - Haraltt<\/title>\n<meta name=\"robots\" content=\"index, follow, max-snippet:-1, max-image-preview:large, max-video-preview:-1\" \/>\n<link rel=\"canonical\" href=\"https:\/\/haraltt.com.br\/index.php\/product\/cola-carbon-pro-redglue-100ml\/\" \/>\n<meta property=\"og:locale\" content=\"pt_BR\" \/>\n<meta property=\"og:type\" content=\"article\" \/>\n<meta property=\"og:title\" content=\"COLA CARBON PRO REDGLUE - 100ML - Haraltt\" \/>\n<meta property=\"og:url\" content=\"https:\/\/haraltt.com.br\/index.php\/product\/cola-carbon-pro-redglue-100ml\/\" \/>\n<meta property=\"og:site_name\" content=\"Haraltt\" \/>\n<meta property=\"article:modified_time\" content=\"2026-03-31T23:16:41+00:00\" \/>\n<meta property=\"og:image\" content=\"http:\/\/haraltt.com.br\/wp-content\/uploads\/2025\/09\/2025091011085666.jpg\" \/>\n\t<meta property=\"og:image:width\" content=\"1080\" \/>\n\t<meta property=\"og:image:height\" content=\"1080\" \/>\n\t<meta property=\"og:image:type\" content=\"image\/jpeg\" \/>\n<meta name=\"twitter:card\" content=\"summary_large_image\" \/>\n<meta name=\"twitter:label1\" content=\"Est. tempo de leitura\" \/>\n\t<meta name=\"twitter:data1\" content=\"2 minutos\" \/>\n<script type=\"application\/ld+json\" class=\"yoast-schema-graph\">{\"@context\":\"https:\/\/schema.org\",\"@graph\":[{\"@type\":\"WebPage\",\"@id\":\"https:\/\/haraltt.com.br\/index.php\/product\/cola-carbon-pro-redglue-100ml\/\",\"url\":\"https:\/\/haraltt.com.br\/index.php\/product\/cola-carbon-pro-redglue-100ml\/\",\"name\":\"COLA CARBON PRO REDGLUE - 100ML - Haraltt\",\"isPartOf\":{\"@id\":\"https:\/\/haraltt.com.br\/#website\"},\"primaryImageOfPage\":{\"@id\":\"https:\/\/haraltt.com.br\/index.php\/product\/cola-carbon-pro-redglue-100ml\/#primaryimage\"},\"image\":{\"@id\":\"https:\/\/haraltt.com.br\/index.php\/product\/cola-carbon-pro-redglue-100ml\/#primaryimage\"},\"thumbnailUrl\":\"https:\/\/haraltt.com.br\/wp-content\/uploads\/2025\/09\/2025091011085666.jpg\",\"datePublished\":\"2025-09-10T14:21:22+00:00\",\"dateModified\":\"2026-03-31T23:16:41+00:00\",\"breadcrumb\":{\"@id\":\"https:\/\/haraltt.com.br\/index.php\/product\/cola-carbon-pro-redglue-100ml\/#breadcrumb\"},\"inLanguage\":\"pt-BR\",\"potentialAction\":[{\"@type\":\"ReadAction\",\"target\":[\"https:\/\/haraltt.com.br\/index.php\/product\/cola-carbon-pro-redglue-100ml\/\"]}]},{\"@type\":\"ImageObject\",\"inLanguage\":\"pt-BR\",\"@id\":\"https:\/\/haraltt.com.br\/index.php\/product\/cola-carbon-pro-redglue-100ml\/#primaryimage\",\"url\":\"https:\/\/haraltt.com.br\/wp-content\/uploads\/2025\/09\/2025091011085666.jpg\",\"contentUrl\":\"https:\/\/haraltt.com.br\/wp-content\/uploads\/2025\/09\/2025091011085666.jpg\",\"width\":1080,\"height\":1080,\"caption\":\"{\\\"data\\\":{\\\"activityName\\\":\\\"\\\",\\\"alias\\\":\\\"\\\",\\\"appversion\\\":\\\"0.0.1\\\",\\\"editType\\\":\\\"edit_tool_background_remove\\\",\\\"exportType\\\":\\\"ads_export\\\",\\\"filterId\\\":\\\"\\\",\\\"imageEffectId\\\":\\\"\\\",\\\"os\\\":\\\"android\\\",\\\"pictureId\\\":\\\"2fc9e5c486e24e5187f283ca230bd020\\\",\\\"playId\\\":\\\"\\\",\\\"product\\\":\\\"lv\\\",\\\"infoStickerId\\\":\\\"\\\",\\\"stickerId\\\":\\\"\\\"},\\\"source_type\\\":\\\"vicut\\\",\\\"tiktok_developers_3p_anchor_params\\\":\\\"{\\\"source_type\\\":\\\"vicut\\\",\\\"client_key\\\":\\\"aw889s25wozf8s7e\\\",\\\"picture_template_id\\\":\\\"\\\",\\\"capability_name\\\":\\\"retouch_remove_background\\\"}\\\"}\"},{\"@type\":\"BreadcrumbList\",\"@id\":\"https:\/\/haraltt.com.br\/index.php\/product\/cola-carbon-pro-redglue-100ml\/#breadcrumb\",\"itemListElement\":[{\"@type\":\"ListItem\",\"position\":1,\"name\":\"In\u00edcio\",\"item\":\"https:\/\/haraltt.com.br\/\"},{\"@type\":\"ListItem\",\"position\":2,\"name\":\"Loja\",\"item\":\"https:\/\/haraltt.com.br\/index.php\/loja\/\"},{\"@type\":\"ListItem\",\"position\":3,\"name\":\"COLA CARBON PRO REDGLUE &#8211; 100ML\"}]},{\"@type\":\"WebSite\",\"@id\":\"https:\/\/haraltt.com.br\/#website\",\"url\":\"https:\/\/haraltt.com.br\/\",\"name\":\"Haraltt\",\"description\":\"T\u00eanis de mesa de forma acessivel\",\"publisher\":{\"@id\":\"https:\/\/haraltt.com.br\/#organization\"},\"potentialAction\":[{\"@type\":\"SearchAction\",\"target\":{\"@type\":\"EntryPoint\",\"urlTemplate\":\"https:\/\/haraltt.com.br\/?s={search_term_string}\"},\"query-input\":\"required name=search_term_string\"}],\"inLanguage\":\"pt-BR\"},{\"@type\":\"Organization\",\"@id\":\"https:\/\/haraltt.com.br\/#organization\",\"name\":\"Haraltt\",\"url\":\"https:\/\/haraltt.com.br\/\",\"logo\":{\"@type\":\"ImageObject\",\"inLanguage\":\"pt-BR\",\"@id\":\"https:\/\/haraltt.com.br\/#\/schema\/logo\/image\/\",\"url\":\"\/\/\/wp-content\/uploads\/2024\/02\/44811478-removebg-preview.png\",\"contentUrl\":\"\/\/\/wp-content\/uploads\/2024\/02\/44811478-removebg-preview.png\",\"width\":500,\"height\":500,\"caption\":\"Haraltt\"},\"image\":{\"@id\":\"https:\/\/haraltt.com.br\/#\/schema\/logo\/image\/\"}}]}<\/script>\n<!-- \/ Yoast SEO plugin. -->","yoast_head_json":{"title":"COLA CARBON PRO REDGLUE - 100ML - Haraltt","robots":{"index":"index","follow":"follow","max-snippet":"max-snippet:-1","max-image-preview":"max-image-preview:large","max-video-preview":"max-video-preview:-1"},"canonical":"https:\/\/haraltt.com.br\/index.php\/product\/cola-carbon-pro-redglue-100ml\/","og_locale":"pt_BR","og_type":"article","og_title":"COLA CARBON PRO REDGLUE - 100ML - Haraltt","og_url":"https:\/\/haraltt.com.br\/index.php\/product\/cola-carbon-pro-redglue-100ml\/","og_site_name":"Haraltt","article_modified_time":"2026-03-31T23:16:41+00:00","og_image":[{"width":1080,"height":1080,"url":"http:\/\/haraltt.com.br\/wp-content\/uploads\/2025\/09\/2025091011085666.jpg","type":"image\/jpeg"}],"twitter_card":"summary_large_image","twitter_misc":{"Est. tempo de leitura":"2 minutos"},"schema":{"@context":"https:\/\/schema.org","@graph":[{"@type":"WebPage","@id":"https:\/\/haraltt.com.br\/index.php\/product\/cola-carbon-pro-redglue-100ml\/","url":"https:\/\/haraltt.com.br\/index.php\/product\/cola-carbon-pro-redglue-100ml\/","name":"COLA CARBON PRO REDGLUE - 100ML - Haraltt","isPartOf":{"@id":"https:\/\/haraltt.com.br\/#website"},"primaryImageOfPage":{"@id":"https:\/\/haraltt.com.br\/index.php\/product\/cola-carbon-pro-redglue-100ml\/#primaryimage"},"image":{"@id":"https:\/\/haraltt.com.br\/index.php\/product\/cola-carbon-pro-redglue-100ml\/#primaryimage"},"thumbnailUrl":"https:\/\/haraltt.com.br\/wp-content\/uploads\/2025\/09\/2025091011085666.jpg","datePublished":"2025-09-10T14:21:22+00:00","dateModified":"2026-03-31T23:16:41+00:00","breadcrumb":{"@id":"https:\/\/haraltt.com.br\/index.php\/product\/cola-carbon-pro-redglue-100ml\/#breadcrumb"},"inLanguage":"pt-BR","potentialAction":[{"@type":"ReadAction","target":["https:\/\/haraltt.com.br\/index.php\/product\/cola-carbon-pro-redglue-100ml\/"]}]},{"@type":"ImageObject","inLanguage":"pt-BR","@id":"https:\/\/haraltt.com.br\/index.php\/product\/cola-carbon-pro-redglue-100ml\/#primaryimage","url":"https:\/\/haraltt.com.br\/wp-content\/uploads\/2025\/09\/2025091011085666.jpg","contentUrl":"https:\/\/haraltt.com.br\/wp-content\/uploads\/2025\/09\/2025091011085666.jpg","width":1080,"height":1080,"caption":"{\"data\":{\"activityName\":\"\",\"alias\":\"\",\"appversion\":\"0.0.1\",\"editType\":\"edit_tool_background_remove\",\"exportType\":\"ads_export\",\"filterId\":\"\",\"imageEffectId\":\"\",\"os\":\"android\",\"pictureId\":\"2fc9e5c486e24e5187f283ca230bd020\",\"playId\":\"\",\"product\":\"lv\",\"infoStickerId\":\"\",\"stickerId\":\"\"},\"source_type\":\"vicut\",\"tiktok_developers_3p_anchor_params\":\"{\"source_type\":\"vicut\",\"client_key\":\"aw889s25wozf8s7e\",\"picture_template_id\":\"\",\"capability_name\":\"retouch_remove_background\"}\"}"},{"@type":"BreadcrumbList","@id":"https:\/\/haraltt.com.br\/index.php\/product\/cola-carbon-pro-redglue-100ml\/#breadcrumb","itemListElement":[{"@type":"ListItem","position":1,"name":"In\u00edcio","item":"https:\/\/haraltt.com.br\/"},{"@type":"ListItem","position":2,"name":"Loja","item":"https:\/\/haraltt.com.br\/index.php\/loja\/"},{"@type":"ListItem","position":3,"name":"COLA CARBON PRO REDGLUE &#8211; 100ML"}]},{"@type":"WebSite","@id":"https:\/\/haraltt.com.br\/#website","url":"https:\/\/haraltt.com.br\/","name":"Haraltt","description":"T\u00eanis de mesa de forma acessivel","publisher":{"@id":"https:\/\/haraltt.com.br\/#organization"},"potentialAction":[{"@type":"SearchAction","target":{"@type":"EntryPoint","urlTemplate":"https:\/\/haraltt.com.br\/?s={search_term_string}"},"query-input":"required name=search_term_string"}],"inLanguage":"pt-BR"},{"@type":"Organization","@id":"https:\/\/haraltt.com.br\/#organization","name":"Haraltt","url":"https:\/\/haraltt.com.br\/","logo":{"@type":"ImageObject","inLanguage":"pt-BR","@id":"https:\/\/haraltt.com.br\/#\/schema\/logo\/image\/","url":"\/\/\/wp-content\/uploads\/2024\/02\/44811478-removebg-preview.png","contentUrl":"\/\/\/wp-content\/uploads\/2024\/02\/44811478-removebg-preview.png","width":500,"height":500,"caption":"Haraltt"},"image":{"@id":"https:\/\/haraltt.com.br\/#\/schema\/logo\/image\/"}}]}},"_links":{"self":[{"href":"https:\/\/haraltt.com.br\/index.php\/wp-json\/wp\/v2\/product\/4855","targetHints":{"allow":["GET"]}}],"collection":[{"href":"https:\/\/haraltt.com.br\/index.php\/wp-json\/wp\/v2\/product"}],"about":[{"href":"https:\/\/haraltt.com.br\/index.php\/wp-json\/wp\/v2\/types\/product"}],"replies":[{"embeddable":true,"href":"https:\/\/haraltt.com.br\/index.php\/wp-json\/wp\/v2\/comments?post=4855"}],"wp:featuredmedia":[{"embeddable":true,"href":"https:\/\/haraltt.com.br\/index.php\/wp-json\/wp\/v2\/media\/4853"}],"wp:attachment":[{"href":"https:\/\/haraltt.com.br\/index.php\/wp-json\/wp\/v2\/media?parent=4855"}],"wp:term":[{"taxonomy":"product_cat","embeddable":true,"href":"https:\/\/haraltt.com.br\/index.php\/wp-json\/wp\/v2\/product_cat?post=4855"},{"taxonomy":"product_tag","embeddable":true,"href":"https:\/\/haraltt.com.br\/index.php\/wp-json\/wp\/v2\/product_tag?post=4855"}],"curies":[{"name":"wp","href":"https:\/\/api.w.org\/{rel}","templated":true}]}}