{"id":4788,"date":"2025-08-25T14:24:43","date_gmt":"2025-08-25T17:24:43","guid":{"rendered":"https:\/\/haraltt.com.br\/?post_type=product&#038;p=4788"},"modified":"2025-11-05T08:50:39","modified_gmt":"2025-11-05T11:50:39","slug":"vega-x-xiom","status":"publish","type":"product","link":"https:\/\/haraltt.com.br\/index.php\/product\/vega-x-xiom\/","title":{"rendered":"Vega X &#8211; XIOM"},"content":{"rendered":"<h3 style=\"text-align: left;\" data-start=\"113\" data-end=\"132\">\u2079Parte t\u00e9cnica<\/h3>\n<p data-start=\"133\" data-end=\"383\">A <strong data-start=\"135\" data-end=\"150\">Xiom Vega X<\/strong> foi lan\u00e7ada em 2020 para comemorar os 10 anos da linha Vega, como uma evolu\u00e7\u00e3o da <strong data-start=\"233\" data-end=\"245\">Vega Pro<\/strong>. Ela mant\u00e9m a proposta de uma borracha <strong data-start=\"285\" data-end=\"322\">offensiva de alto spin e controle<\/strong>, mas com melhorias de tecnologia no topsheet e na esponja.<\/p>\n<ul data-start=\"385\" data-end=\"808\">\n<li data-start=\"385\" data-end=\"480\">\n<p data-start=\"387\" data-end=\"480\"><strong data-start=\"387\" data-end=\"398\">Esponja<\/strong>: m\u00e9dia-dura (47,5\u00b0), com poros m\u00e9dios, oferecendo energia el\u00e1stica consistente.<\/p>\n<\/li>\n<li data-start=\"481\" data-end=\"607\">\n<p data-start=\"483\" data-end=\"607\"><strong data-start=\"483\" data-end=\"496\">Top sheet<\/strong>: aderente, com borracha natural de alta qualidade, garante excelente grip para gerar spin em saques e loops.<\/p>\n<\/li>\n<li data-start=\"608\" data-end=\"711\">\n<p data-start=\"610\" data-end=\"711\"><strong data-start=\"610\" data-end=\"624\">Velocidade<\/strong>: alta, mas menos explosiva que a Omega 7 Asia ou Pro \u2014 o foco \u00e9 <strong data-start=\"689\" data-end=\"708\">spin + controle<\/strong>.<\/p>\n<\/li>\n<li data-start=\"712\" data-end=\"808\">\n<p data-start=\"714\" data-end=\"808\"><strong data-start=\"714\" data-end=\"728\">Dwell time<\/strong>: maior que a m\u00e9dia, o que facilita colocar efeito mesmo contra bolas pesadas.<\/p>\n<\/li>\n<\/ul>\n<hr data-start=\"810\" data-end=\"813\" \/>\n<h3 data-start=\"815\" data-end=\"836\">Exemplo pr\u00e1tico<\/h3>\n<p data-start=\"837\" data-end=\"874\">Na pr\u00e1tica, a Vega X se destaca em:<\/p>\n<ul data-start=\"875\" data-end=\"1206\">\n<li data-start=\"875\" data-end=\"947\">\n<p data-start=\"877\" data-end=\"947\"><strong data-start=\"877\" data-end=\"904\">Topspin contra backspin<\/strong>: facilidade para levantar bolas pesadas;<\/p>\n<\/li>\n<li data-start=\"948\" data-end=\"1025\">\n<p data-start=\"950\" data-end=\"1025\"><strong data-start=\"950\" data-end=\"969\">Trocas de rally<\/strong>: muita seguran\u00e7a, o arco da bola \u00e9 alto e previs\u00edvel;<\/p>\n<\/li>\n<li data-start=\"1026\" data-end=\"1085\">\n<p data-start=\"1028\" data-end=\"1085\"><strong data-start=\"1028\" data-end=\"1040\">Bloqueio<\/strong>: est\u00e1vel, n\u00e3o \u201cexplode\u201d demais no contato;<\/p>\n<\/li>\n<li data-start=\"1086\" data-end=\"1206\">\n<p data-start=\"1088\" data-end=\"1206\"><strong data-start=\"1088\" data-end=\"1122\">Controle em saques e recep\u00e7\u00f5es<\/strong>: como n\u00e3o \u00e9 uma borracha extremamente catapultada, permite bom dom\u00ednio em curtas.<\/p>\n<\/li>\n<\/ul>\n<hr data-start=\"1208\" data-end=\"1211\" \/>\n<h3 data-start=\"1213\" data-end=\"1225\">Resumo<\/h3>\n<ul data-start=\"1226\" data-end=\"1648\">\n<li data-start=\"1226\" data-end=\"1271\">\n<p data-start=\"1228\" data-end=\"1271\"><strong data-start=\"1228\" data-end=\"1241\">Categoria<\/strong>: ofensiva equilibrada (OFF)<\/p>\n<\/li>\n<li data-start=\"1272\" data-end=\"1306\">\n<p data-start=\"1274\" data-end=\"1306\"><strong data-start=\"1274\" data-end=\"1284\">Dureza<\/strong>: m\u00e9dia-dura (47,5\u00b0)<\/p>\n<\/li>\n<li data-start=\"1307\" data-end=\"1347\">\n<p data-start=\"1309\" data-end=\"1347\"><strong data-start=\"1309\" data-end=\"1323\">Velocidade<\/strong>: alta, mas controlada<\/p>\n<\/li>\n<li data-start=\"1348\" data-end=\"1418\">\n<p data-start=\"1350\" data-end=\"1418\"><strong data-start=\"1350\" data-end=\"1358\">Spin<\/strong>: muito alto, compar\u00e1vel \u00e0s melhores da sua faixa de pre\u00e7o<\/p>\n<\/li>\n<li data-start=\"1419\" data-end=\"1506\">\n<p data-start=\"1421\" data-end=\"1506\"><strong data-start=\"1421\" data-end=\"1433\">Controle<\/strong>: excelente para jogadores ofensivos que n\u00e3o querem perder consist\u00eancia<\/p>\n<\/li>\n<li data-start=\"1507\" data-end=\"1648\">\n<p data-start=\"1509\" data-end=\"1648\"><strong data-start=\"1509\" data-end=\"1525\">Perfil ideal<\/strong>: atletas de todos os n\u00edveis que buscam uma borracha ofensiva confi\u00e1vel, com muito spin e sem comportamento imprevis\u00edvel.<\/p>\n<\/li>\n<\/ul>\n","protected":false},"excerpt":{"rendered":"<p>\u2079Parte t\u00e9cnica A Xiom Vega X foi lan\u00e7ada em 2020 para comemorar os 10 anos da linha Vega, como uma evolu\u00e7\u00e3o da Vega Pro. Ela mant\u00e9m a proposta de uma borracha offensiva de alto spin e controle, mas com melhorias de tecnologia no topsheet e na esponja. Esponja: m\u00e9dia-dura (47,5\u00b0), com poros m\u00e9dios, oferecendo energia [&hellip;]<\/p>\n","protected":false},"featured_media":4792,"comment_status":"open","ping_status":"closed","template":"","meta":{"_joinchat":[]},"product_cat":[82],"product_tag":[],"class_list":{"0":"post-4788","1":"product","2":"type-product","3":"status-publish","4":"has-post-thumbnail","6":"product_cat-sem-categoria","8":"first","9":"outofstock","10":"sale","11":"shipping-taxable","12":"purchasable","13":"product-type-variable"},"yoast_head":"<!-- This site is optimized with the Yoast SEO plugin v22.2 - https:\/\/yoast.com\/wordpress\/plugins\/seo\/ -->\n<title>Vega X - XIOM - Haraltt<\/title>\n<meta name=\"robots\" content=\"index, follow, max-snippet:-1, max-image-preview:large, max-video-preview:-1\" \/>\n<link rel=\"canonical\" href=\"https:\/\/haraltt.com.br\/index.php\/product\/vega-x-xiom\/\" \/>\n<meta property=\"og:locale\" content=\"pt_BR\" \/>\n<meta property=\"og:type\" content=\"article\" \/>\n<meta property=\"og:title\" content=\"Vega X - XIOM - Haraltt\" \/>\n<meta property=\"og:description\" content=\"\u2079Parte t\u00e9cnica A Xiom Vega X foi lan\u00e7ada em 2020 para comemorar os 10 anos da linha Vega, como uma evolu\u00e7\u00e3o da Vega Pro. Ela mant\u00e9m a proposta de uma borracha offensiva de alto spin e controle, mas com melhorias de tecnologia no topsheet e na esponja. Esponja: m\u00e9dia-dura (47,5\u00b0), com poros m\u00e9dios, oferecendo energia [&hellip;]\" \/>\n<meta property=\"og:url\" content=\"https:\/\/haraltt.com.br\/index.php\/product\/vega-x-xiom\/\" \/>\n<meta property=\"og:site_name\" content=\"Haraltt\" \/>\n<meta property=\"article:modified_time\" content=\"2025-11-05T11:50:39+00:00\" \/>\n<meta property=\"og:image\" content=\"http:\/\/haraltt.com.br\/wp-content\/uploads\/2025\/08\/4215543ed6c323471eaa6ebd10cbb3dd.jpg\" \/>\n\t<meta property=\"og:image:width\" content=\"960\" \/>\n\t<meta property=\"og:image:height\" content=\"960\" \/>\n\t<meta property=\"og:image:type\" content=\"image\/jpeg\" \/>\n<meta name=\"twitter:card\" content=\"summary_large_image\" \/>\n<meta name=\"twitter:label1\" content=\"Est. tempo de leitura\" \/>\n\t<meta name=\"twitter:data1\" content=\"2 minutos\" \/>\n<script type=\"application\/ld+json\" class=\"yoast-schema-graph\">{\"@context\":\"https:\/\/schema.org\",\"@graph\":[{\"@type\":\"WebPage\",\"@id\":\"https:\/\/haraltt.com.br\/index.php\/product\/vega-x-xiom\/\",\"url\":\"https:\/\/haraltt.com.br\/index.php\/product\/vega-x-xiom\/\",\"name\":\"Vega X - XIOM - Haraltt\",\"isPartOf\":{\"@id\":\"https:\/\/haraltt.com.br\/#website\"},\"primaryImageOfPage\":{\"@id\":\"https:\/\/haraltt.com.br\/index.php\/product\/vega-x-xiom\/#primaryimage\"},\"image\":{\"@id\":\"https:\/\/haraltt.com.br\/index.php\/product\/vega-x-xiom\/#primaryimage\"},\"thumbnailUrl\":\"https:\/\/haraltt.com.br\/wp-content\/uploads\/2025\/08\/4215543ed6c323471eaa6ebd10cbb3dd.jpg\",\"datePublished\":\"2025-08-25T17:24:43+00:00\",\"dateModified\":\"2025-11-05T11:50:39+00:00\",\"breadcrumb\":{\"@id\":\"https:\/\/haraltt.com.br\/index.php\/product\/vega-x-xiom\/#breadcrumb\"},\"inLanguage\":\"pt-BR\",\"potentialAction\":[{\"@type\":\"ReadAction\",\"target\":[\"https:\/\/haraltt.com.br\/index.php\/product\/vega-x-xiom\/\"]}]},{\"@type\":\"ImageObject\",\"inLanguage\":\"pt-BR\",\"@id\":\"https:\/\/haraltt.com.br\/index.php\/product\/vega-x-xiom\/#primaryimage\",\"url\":\"https:\/\/haraltt.com.br\/wp-content\/uploads\/2025\/08\/4215543ed6c323471eaa6ebd10cbb3dd.jpg\",\"contentUrl\":\"https:\/\/haraltt.com.br\/wp-content\/uploads\/2025\/08\/4215543ed6c323471eaa6ebd10cbb3dd.jpg\",\"width\":960,\"height\":960},{\"@type\":\"BreadcrumbList\",\"@id\":\"https:\/\/haraltt.com.br\/index.php\/product\/vega-x-xiom\/#breadcrumb\",\"itemListElement\":[{\"@type\":\"ListItem\",\"position\":1,\"name\":\"In\u00edcio\",\"item\":\"https:\/\/haraltt.com.br\/\"},{\"@type\":\"ListItem\",\"position\":2,\"name\":\"Loja\",\"item\":\"https:\/\/haraltt.com.br\/index.php\/loja\/\"},{\"@type\":\"ListItem\",\"position\":3,\"name\":\"Vega X &#8211; XIOM\"}]},{\"@type\":\"WebSite\",\"@id\":\"https:\/\/haraltt.com.br\/#website\",\"url\":\"https:\/\/haraltt.com.br\/\",\"name\":\"Haraltt\",\"description\":\"T\u00eanis de mesa de forma acessivel\",\"publisher\":{\"@id\":\"https:\/\/haraltt.com.br\/#organization\"},\"potentialAction\":[{\"@type\":\"SearchAction\",\"target\":{\"@type\":\"EntryPoint\",\"urlTemplate\":\"https:\/\/haraltt.com.br\/?s={search_term_string}\"},\"query-input\":\"required name=search_term_string\"}],\"inLanguage\":\"pt-BR\"},{\"@type\":\"Organization\",\"@id\":\"https:\/\/haraltt.com.br\/#organization\",\"name\":\"Haraltt\",\"url\":\"https:\/\/haraltt.com.br\/\",\"logo\":{\"@type\":\"ImageObject\",\"inLanguage\":\"pt-BR\",\"@id\":\"https:\/\/haraltt.com.br\/#\/schema\/logo\/image\/\",\"url\":\"\/\/\/wp-content\/uploads\/2024\/02\/44811478-removebg-preview.png\",\"contentUrl\":\"\/\/\/wp-content\/uploads\/2024\/02\/44811478-removebg-preview.png\",\"width\":500,\"height\":500,\"caption\":\"Haraltt\"},\"image\":{\"@id\":\"https:\/\/haraltt.com.br\/#\/schema\/logo\/image\/\"}}]}<\/script>\n<!-- \/ Yoast SEO plugin. -->","yoast_head_json":{"title":"Vega X - XIOM - Haraltt","robots":{"index":"index","follow":"follow","max-snippet":"max-snippet:-1","max-image-preview":"max-image-preview:large","max-video-preview":"max-video-preview:-1"},"canonical":"https:\/\/haraltt.com.br\/index.php\/product\/vega-x-xiom\/","og_locale":"pt_BR","og_type":"article","og_title":"Vega X - XIOM - Haraltt","og_description":"\u2079Parte t\u00e9cnica A Xiom Vega X foi lan\u00e7ada em 2020 para comemorar os 10 anos da linha Vega, como uma evolu\u00e7\u00e3o da Vega Pro. Ela mant\u00e9m a proposta de uma borracha offensiva de alto spin e controle, mas com melhorias de tecnologia no topsheet e na esponja. Esponja: m\u00e9dia-dura (47,5\u00b0), com poros m\u00e9dios, oferecendo energia [&hellip;]","og_url":"https:\/\/haraltt.com.br\/index.php\/product\/vega-x-xiom\/","og_site_name":"Haraltt","article_modified_time":"2025-11-05T11:50:39+00:00","og_image":[{"width":960,"height":960,"url":"http:\/\/haraltt.com.br\/wp-content\/uploads\/2025\/08\/4215543ed6c323471eaa6ebd10cbb3dd.jpg","type":"image\/jpeg"}],"twitter_card":"summary_large_image","twitter_misc":{"Est. tempo de leitura":"2 minutos"},"schema":{"@context":"https:\/\/schema.org","@graph":[{"@type":"WebPage","@id":"https:\/\/haraltt.com.br\/index.php\/product\/vega-x-xiom\/","url":"https:\/\/haraltt.com.br\/index.php\/product\/vega-x-xiom\/","name":"Vega X - XIOM - Haraltt","isPartOf":{"@id":"https:\/\/haraltt.com.br\/#website"},"primaryImageOfPage":{"@id":"https:\/\/haraltt.com.br\/index.php\/product\/vega-x-xiom\/#primaryimage"},"image":{"@id":"https:\/\/haraltt.com.br\/index.php\/product\/vega-x-xiom\/#primaryimage"},"thumbnailUrl":"https:\/\/haraltt.com.br\/wp-content\/uploads\/2025\/08\/4215543ed6c323471eaa6ebd10cbb3dd.jpg","datePublished":"2025-08-25T17:24:43+00:00","dateModified":"2025-11-05T11:50:39+00:00","breadcrumb":{"@id":"https:\/\/haraltt.com.br\/index.php\/product\/vega-x-xiom\/#breadcrumb"},"inLanguage":"pt-BR","potentialAction":[{"@type":"ReadAction","target":["https:\/\/haraltt.com.br\/index.php\/product\/vega-x-xiom\/"]}]},{"@type":"ImageObject","inLanguage":"pt-BR","@id":"https:\/\/haraltt.com.br\/index.php\/product\/vega-x-xiom\/#primaryimage","url":"https:\/\/haraltt.com.br\/wp-content\/uploads\/2025\/08\/4215543ed6c323471eaa6ebd10cbb3dd.jpg","contentUrl":"https:\/\/haraltt.com.br\/wp-content\/uploads\/2025\/08\/4215543ed6c323471eaa6ebd10cbb3dd.jpg","width":960,"height":960},{"@type":"BreadcrumbList","@id":"https:\/\/haraltt.com.br\/index.php\/product\/vega-x-xiom\/#breadcrumb","itemListElement":[{"@type":"ListItem","position":1,"name":"In\u00edcio","item":"https:\/\/haraltt.com.br\/"},{"@type":"ListItem","position":2,"name":"Loja","item":"https:\/\/haraltt.com.br\/index.php\/loja\/"},{"@type":"ListItem","position":3,"name":"Vega X &#8211; XIOM"}]},{"@type":"WebSite","@id":"https:\/\/haraltt.com.br\/#website","url":"https:\/\/haraltt.com.br\/","name":"Haraltt","description":"T\u00eanis de mesa de forma acessivel","publisher":{"@id":"https:\/\/haraltt.com.br\/#organization"},"potentialAction":[{"@type":"SearchAction","target":{"@type":"EntryPoint","urlTemplate":"https:\/\/haraltt.com.br\/?s={search_term_string}"},"query-input":"required name=search_term_string"}],"inLanguage":"pt-BR"},{"@type":"Organization","@id":"https:\/\/haraltt.com.br\/#organization","name":"Haraltt","url":"https:\/\/haraltt.com.br\/","logo":{"@type":"ImageObject","inLanguage":"pt-BR","@id":"https:\/\/haraltt.com.br\/#\/schema\/logo\/image\/","url":"\/\/\/wp-content\/uploads\/2024\/02\/44811478-removebg-preview.png","contentUrl":"\/\/\/wp-content\/uploads\/2024\/02\/44811478-removebg-preview.png","width":500,"height":500,"caption":"Haraltt"},"image":{"@id":"https:\/\/haraltt.com.br\/#\/schema\/logo\/image\/"}}]}},"_links":{"self":[{"href":"https:\/\/haraltt.com.br\/index.php\/wp-json\/wp\/v2\/product\/4788","targetHints":{"allow":["GET"]}}],"collection":[{"href":"https:\/\/haraltt.com.br\/index.php\/wp-json\/wp\/v2\/product"}],"about":[{"href":"https:\/\/haraltt.com.br\/index.php\/wp-json\/wp\/v2\/types\/product"}],"replies":[{"embeddable":true,"href":"https:\/\/haraltt.com.br\/index.php\/wp-json\/wp\/v2\/comments?post=4788"}],"wp:featuredmedia":[{"embeddable":true,"href":"https:\/\/haraltt.com.br\/index.php\/wp-json\/wp\/v2\/media\/4792"}],"wp:attachment":[{"href":"https:\/\/haraltt.com.br\/index.php\/wp-json\/wp\/v2\/media?parent=4788"}],"wp:term":[{"taxonomy":"product_cat","embeddable":true,"href":"https:\/\/haraltt.com.br\/index.php\/wp-json\/wp\/v2\/product_cat?post=4788"},{"taxonomy":"product_tag","embeddable":true,"href":"https:\/\/haraltt.com.br\/index.php\/wp-json\/wp\/v2\/product_tag?post=4788"}],"curies":[{"name":"wp","href":"https:\/\/api.w.org\/{rel}","templated":true}]}}