{"id":4703,"date":"2025-08-12T19:48:59","date_gmt":"2025-08-12T22:48:59","guid":{"rendered":"https:\/\/haraltt.com.br\/?post_type=product&#038;p=4703"},"modified":"2025-08-12T19:50:56","modified_gmt":"2025-08-12T22:50:56","slug":"sk7-classineta-butterfly","status":"publish","type":"product","link":"https:\/\/haraltt.com.br\/index.php\/product\/sk7-classineta-butterfly\/","title":{"rendered":"SK7 Classineta &#8211; BUTTERFLY"},"content":{"rendered":"<p data-start=\"0\" data-end=\"170\">A <strong data-start=\"2\" data-end=\"19\">Butterfly SK7<\/strong> \u00e9 uma madeira cl\u00e1ssica, bastante conhecida por ser <strong data-start=\"71\" data-end=\"119\">totalmente de 7 folhas de madeira (all-wood)<\/strong>, sem fibras artificiais como carbono ou arylate.<\/p>\n<hr data-start=\"172\" data-end=\"175\" \/>\n<h3 data-start=\"177\" data-end=\"213\"><strong data-start=\"181\" data-end=\"211\">Caracter\u00edsticas principais<\/strong><\/h3>\n<ul data-start=\"214\" data-end=\"780\">\n<li data-start=\"214\" data-end=\"310\">\n<p data-start=\"216\" data-end=\"310\"><strong data-start=\"216\" data-end=\"231\">Constru\u00e7\u00e3o:<\/strong> 7 l\u00e2minas 100% madeira (normalmente limba ou koto na face e ayous no miolo).<\/p>\n<\/li>\n<li data-start=\"311\" data-end=\"423\">\n<p data-start=\"313\" data-end=\"423\"><strong data-start=\"313\" data-end=\"328\">Velocidade:<\/strong> Offensiva (OFF) \u2014 mais r\u00e1pida que madeiras 5 folhas, mas com controle melhor que carbonadas.<\/p>\n<\/li>\n<li data-start=\"424\" data-end=\"493\">\n<p data-start=\"426\" data-end=\"493\"><strong data-start=\"426\" data-end=\"435\">Peso:<\/strong> Geralmente entre <strong data-start=\"453\" data-end=\"463\">90\u201395g<\/strong> (sensa\u00e7\u00e3o s\u00f3lida e pesada).<\/p>\n<\/li>\n<li data-start=\"494\" data-end=\"576\">\n<p data-start=\"496\" data-end=\"576\"><strong data-start=\"496\" data-end=\"520\">Sensa\u00e7\u00e3o de impacto:<\/strong> Bem firme, com toque direto e resposta muito est\u00e1vel.<\/p>\n<\/li>\n<li data-start=\"577\" data-end=\"663\">\n<p data-start=\"579\" data-end=\"663\"><strong data-start=\"579\" data-end=\"592\">Controle:<\/strong> Alto para uma 7 folhas, especialmente em bloqueios e contra-ataques.<\/p>\n<\/li>\n<li data-start=\"664\" data-end=\"780\">\n<p data-start=\"666\" data-end=\"780\"><strong data-start=\"666\" data-end=\"679\">Vibra\u00e7\u00e3o:<\/strong> Baixa, mas ainda presente o suficiente para sentir a bola (n\u00e3o \u00e9 &#8220;morta&#8221; como algumas carbonadas).<\/p>\n<\/li>\n<\/ul>\n<hr data-start=\"782\" data-end=\"785\" \/>\n<h3 data-start=\"787\" data-end=\"817\"><strong data-start=\"791\" data-end=\"815\">Estilo de jogo ideal<\/strong><\/h3>\n<ul data-start=\"818\" data-end=\"1087\">\n<li data-start=\"818\" data-end=\"882\">\n<p data-start=\"820\" data-end=\"882\">Excelente para <strong data-start=\"835\" data-end=\"879\">jogo de pot\u00eancia pr\u00f3ximo e m\u00e9dio da mesa<\/strong>.<\/p>\n<\/li>\n<li data-start=\"883\" data-end=\"979\">\n<p data-start=\"885\" data-end=\"979\">Muito usada por jogadores que gostam de <strong data-start=\"925\" data-end=\"976\">batida chapada, bloqueio s\u00f3lido e drives fortes<\/strong>.<\/p>\n<\/li>\n<li data-start=\"980\" data-end=\"1087\">\n<p data-start=\"982\" data-end=\"1087\">No loop, gera bom spin, mas a trajet\u00f3ria tende a ser mais reta comparada a madeiras 5 folhas flex\u00edveis.<\/p>\n<\/li>\n<\/ul>\n<hr data-start=\"1089\" data-end=\"1092\" \/>\n<h3 data-start=\"1094\" data-end=\"1117\"><strong data-start=\"1098\" data-end=\"1115\">Pontos fortes<\/strong><\/h3>\n<p data-start=\"1118\" data-end=\"1239\">\u2705 Sensa\u00e7\u00e3o s\u00f3lida e confi\u00e1vel.<br data-start=\"1148\" data-end=\"1151\" \/>\u2705 Boa estabilidade no bloqueio.<br data-start=\"1182\" data-end=\"1185\" \/>\u2705 Excelente durabilidade (madeira muito resistente).<\/p>\n","protected":false},"excerpt":{"rendered":"<p>A Butterfly SK7 \u00e9 uma madeira cl\u00e1ssica, bastante conhecida por ser totalmente de 7 folhas de madeira (all-wood), sem fibras artificiais como carbono ou arylate. Caracter\u00edsticas principais Constru\u00e7\u00e3o: 7 l\u00e2minas 100% madeira (normalmente limba ou koto na face e ayous no miolo). Velocidade: Offensiva (OFF) \u2014 mais r\u00e1pida que madeiras 5 folhas, mas com controle [&hellip;]<\/p>\n","protected":false},"featured_media":4701,"comment_status":"open","ping_status":"closed","template":"","meta":{"_joinchat":[]},"product_cat":[87,27],"product_tag":[],"class_list":{"0":"post-4703","1":"product","2":"type-product","3":"status-publish","4":"has-post-thumbnail","6":"product_cat-butterfly","7":"product_cat-madeiras","9":"first","10":"onbackorder","11":"shipping-taxable","12":"purchasable","13":"product-type-simple"},"yoast_head":"<!-- This site is optimized with the Yoast SEO plugin v22.2 - https:\/\/yoast.com\/wordpress\/plugins\/seo\/ -->\n<title>SK7 Classineta - BUTTERFLY - Haraltt<\/title>\n<meta name=\"robots\" content=\"index, follow, max-snippet:-1, max-image-preview:large, max-video-preview:-1\" \/>\n<link rel=\"canonical\" href=\"https:\/\/haraltt.com.br\/index.php\/product\/sk7-classineta-butterfly\/\" \/>\n<meta property=\"og:locale\" content=\"pt_BR\" \/>\n<meta property=\"og:type\" content=\"article\" \/>\n<meta property=\"og:title\" content=\"SK7 Classineta - BUTTERFLY - Haraltt\" \/>\n<meta property=\"og:description\" content=\"A Butterfly SK7 \u00e9 uma madeira cl\u00e1ssica, bastante conhecida por ser totalmente de 7 folhas de madeira (all-wood), sem fibras artificiais como carbono ou arylate. Caracter\u00edsticas principais Constru\u00e7\u00e3o: 7 l\u00e2minas 100% madeira (normalmente limba ou koto na face e ayous no miolo). Velocidade: Offensiva (OFF) \u2014 mais r\u00e1pida que madeiras 5 folhas, mas com controle [&hellip;]\" \/>\n<meta property=\"og:url\" content=\"https:\/\/haraltt.com.br\/index.php\/product\/sk7-classineta-butterfly\/\" \/>\n<meta property=\"og:site_name\" content=\"Haraltt\" \/>\n<meta property=\"article:modified_time\" content=\"2025-08-12T22:50:56+00:00\" \/>\n<meta property=\"og:image\" content=\"http:\/\/haraltt.com.br\/wp-content\/uploads\/2025\/08\/R.jpeg\" \/>\n\t<meta property=\"og:image:width\" content=\"1200\" \/>\n\t<meta property=\"og:image:height\" content=\"1200\" \/>\n\t<meta property=\"og:image:type\" content=\"image\/jpeg\" \/>\n<meta name=\"twitter:card\" content=\"summary_large_image\" \/>\n<meta name=\"twitter:label1\" content=\"Est. tempo de leitura\" \/>\n\t<meta name=\"twitter:data1\" content=\"2 minutos\" \/>\n<script type=\"application\/ld+json\" class=\"yoast-schema-graph\">{\"@context\":\"https:\/\/schema.org\",\"@graph\":[{\"@type\":\"WebPage\",\"@id\":\"https:\/\/haraltt.com.br\/index.php\/product\/sk7-classineta-butterfly\/\",\"url\":\"https:\/\/haraltt.com.br\/index.php\/product\/sk7-classineta-butterfly\/\",\"name\":\"SK7 Classineta - BUTTERFLY - Haraltt\",\"isPartOf\":{\"@id\":\"https:\/\/haraltt.com.br\/#website\"},\"primaryImageOfPage\":{\"@id\":\"https:\/\/haraltt.com.br\/index.php\/product\/sk7-classineta-butterfly\/#primaryimage\"},\"image\":{\"@id\":\"https:\/\/haraltt.com.br\/index.php\/product\/sk7-classineta-butterfly\/#primaryimage\"},\"thumbnailUrl\":\"https:\/\/haraltt.com.br\/wp-content\/uploads\/2025\/08\/R.jpeg\",\"datePublished\":\"2025-08-12T22:48:59+00:00\",\"dateModified\":\"2025-08-12T22:50:56+00:00\",\"breadcrumb\":{\"@id\":\"https:\/\/haraltt.com.br\/index.php\/product\/sk7-classineta-butterfly\/#breadcrumb\"},\"inLanguage\":\"pt-BR\",\"potentialAction\":[{\"@type\":\"ReadAction\",\"target\":[\"https:\/\/haraltt.com.br\/index.php\/product\/sk7-classineta-butterfly\/\"]}]},{\"@type\":\"ImageObject\",\"inLanguage\":\"pt-BR\",\"@id\":\"https:\/\/haraltt.com.br\/index.php\/product\/sk7-classineta-butterfly\/#primaryimage\",\"url\":\"https:\/\/haraltt.com.br\/wp-content\/uploads\/2025\/08\/R.jpeg\",\"contentUrl\":\"https:\/\/haraltt.com.br\/wp-content\/uploads\/2025\/08\/R.jpeg\",\"width\":1200,\"height\":1200},{\"@type\":\"BreadcrumbList\",\"@id\":\"https:\/\/haraltt.com.br\/index.php\/product\/sk7-classineta-butterfly\/#breadcrumb\",\"itemListElement\":[{\"@type\":\"ListItem\",\"position\":1,\"name\":\"In\u00edcio\",\"item\":\"https:\/\/haraltt.com.br\/\"},{\"@type\":\"ListItem\",\"position\":2,\"name\":\"Loja\",\"item\":\"https:\/\/haraltt.com.br\/index.php\/loja\/\"},{\"@type\":\"ListItem\",\"position\":3,\"name\":\"SK7 Classineta &#8211; BUTTERFLY\"}]},{\"@type\":\"WebSite\",\"@id\":\"https:\/\/haraltt.com.br\/#website\",\"url\":\"https:\/\/haraltt.com.br\/\",\"name\":\"Haraltt\",\"description\":\"T\u00eanis de mesa de forma acessivel\",\"publisher\":{\"@id\":\"https:\/\/haraltt.com.br\/#organization\"},\"potentialAction\":[{\"@type\":\"SearchAction\",\"target\":{\"@type\":\"EntryPoint\",\"urlTemplate\":\"https:\/\/haraltt.com.br\/?s={search_term_string}\"},\"query-input\":\"required name=search_term_string\"}],\"inLanguage\":\"pt-BR\"},{\"@type\":\"Organization\",\"@id\":\"https:\/\/haraltt.com.br\/#organization\",\"name\":\"Haraltt\",\"url\":\"https:\/\/haraltt.com.br\/\",\"logo\":{\"@type\":\"ImageObject\",\"inLanguage\":\"pt-BR\",\"@id\":\"https:\/\/haraltt.com.br\/#\/schema\/logo\/image\/\",\"url\":\"\/\/\/wp-content\/uploads\/2024\/02\/44811478-removebg-preview.png\",\"contentUrl\":\"\/\/\/wp-content\/uploads\/2024\/02\/44811478-removebg-preview.png\",\"width\":500,\"height\":500,\"caption\":\"Haraltt\"},\"image\":{\"@id\":\"https:\/\/haraltt.com.br\/#\/schema\/logo\/image\/\"}}]}<\/script>\n<!-- \/ Yoast SEO plugin. -->","yoast_head_json":{"title":"SK7 Classineta - BUTTERFLY - Haraltt","robots":{"index":"index","follow":"follow","max-snippet":"max-snippet:-1","max-image-preview":"max-image-preview:large","max-video-preview":"max-video-preview:-1"},"canonical":"https:\/\/haraltt.com.br\/index.php\/product\/sk7-classineta-butterfly\/","og_locale":"pt_BR","og_type":"article","og_title":"SK7 Classineta - BUTTERFLY - Haraltt","og_description":"A Butterfly SK7 \u00e9 uma madeira cl\u00e1ssica, bastante conhecida por ser totalmente de 7 folhas de madeira (all-wood), sem fibras artificiais como carbono ou arylate. Caracter\u00edsticas principais Constru\u00e7\u00e3o: 7 l\u00e2minas 100% madeira (normalmente limba ou koto na face e ayous no miolo). Velocidade: Offensiva (OFF) \u2014 mais r\u00e1pida que madeiras 5 folhas, mas com controle [&hellip;]","og_url":"https:\/\/haraltt.com.br\/index.php\/product\/sk7-classineta-butterfly\/","og_site_name":"Haraltt","article_modified_time":"2025-08-12T22:50:56+00:00","og_image":[{"width":1200,"height":1200,"url":"http:\/\/haraltt.com.br\/wp-content\/uploads\/2025\/08\/R.jpeg","type":"image\/jpeg"}],"twitter_card":"summary_large_image","twitter_misc":{"Est. tempo de leitura":"2 minutos"},"schema":{"@context":"https:\/\/schema.org","@graph":[{"@type":"WebPage","@id":"https:\/\/haraltt.com.br\/index.php\/product\/sk7-classineta-butterfly\/","url":"https:\/\/haraltt.com.br\/index.php\/product\/sk7-classineta-butterfly\/","name":"SK7 Classineta - BUTTERFLY - Haraltt","isPartOf":{"@id":"https:\/\/haraltt.com.br\/#website"},"primaryImageOfPage":{"@id":"https:\/\/haraltt.com.br\/index.php\/product\/sk7-classineta-butterfly\/#primaryimage"},"image":{"@id":"https:\/\/haraltt.com.br\/index.php\/product\/sk7-classineta-butterfly\/#primaryimage"},"thumbnailUrl":"https:\/\/haraltt.com.br\/wp-content\/uploads\/2025\/08\/R.jpeg","datePublished":"2025-08-12T22:48:59+00:00","dateModified":"2025-08-12T22:50:56+00:00","breadcrumb":{"@id":"https:\/\/haraltt.com.br\/index.php\/product\/sk7-classineta-butterfly\/#breadcrumb"},"inLanguage":"pt-BR","potentialAction":[{"@type":"ReadAction","target":["https:\/\/haraltt.com.br\/index.php\/product\/sk7-classineta-butterfly\/"]}]},{"@type":"ImageObject","inLanguage":"pt-BR","@id":"https:\/\/haraltt.com.br\/index.php\/product\/sk7-classineta-butterfly\/#primaryimage","url":"https:\/\/haraltt.com.br\/wp-content\/uploads\/2025\/08\/R.jpeg","contentUrl":"https:\/\/haraltt.com.br\/wp-content\/uploads\/2025\/08\/R.jpeg","width":1200,"height":1200},{"@type":"BreadcrumbList","@id":"https:\/\/haraltt.com.br\/index.php\/product\/sk7-classineta-butterfly\/#breadcrumb","itemListElement":[{"@type":"ListItem","position":1,"name":"In\u00edcio","item":"https:\/\/haraltt.com.br\/"},{"@type":"ListItem","position":2,"name":"Loja","item":"https:\/\/haraltt.com.br\/index.php\/loja\/"},{"@type":"ListItem","position":3,"name":"SK7 Classineta &#8211; BUTTERFLY"}]},{"@type":"WebSite","@id":"https:\/\/haraltt.com.br\/#website","url":"https:\/\/haraltt.com.br\/","name":"Haraltt","description":"T\u00eanis de mesa de forma acessivel","publisher":{"@id":"https:\/\/haraltt.com.br\/#organization"},"potentialAction":[{"@type":"SearchAction","target":{"@type":"EntryPoint","urlTemplate":"https:\/\/haraltt.com.br\/?s={search_term_string}"},"query-input":"required name=search_term_string"}],"inLanguage":"pt-BR"},{"@type":"Organization","@id":"https:\/\/haraltt.com.br\/#organization","name":"Haraltt","url":"https:\/\/haraltt.com.br\/","logo":{"@type":"ImageObject","inLanguage":"pt-BR","@id":"https:\/\/haraltt.com.br\/#\/schema\/logo\/image\/","url":"\/\/\/wp-content\/uploads\/2024\/02\/44811478-removebg-preview.png","contentUrl":"\/\/\/wp-content\/uploads\/2024\/02\/44811478-removebg-preview.png","width":500,"height":500,"caption":"Haraltt"},"image":{"@id":"https:\/\/haraltt.com.br\/#\/schema\/logo\/image\/"}}]}},"_links":{"self":[{"href":"https:\/\/haraltt.com.br\/index.php\/wp-json\/wp\/v2\/product\/4703","targetHints":{"allow":["GET"]}}],"collection":[{"href":"https:\/\/haraltt.com.br\/index.php\/wp-json\/wp\/v2\/product"}],"about":[{"href":"https:\/\/haraltt.com.br\/index.php\/wp-json\/wp\/v2\/types\/product"}],"replies":[{"embeddable":true,"href":"https:\/\/haraltt.com.br\/index.php\/wp-json\/wp\/v2\/comments?post=4703"}],"wp:featuredmedia":[{"embeddable":true,"href":"https:\/\/haraltt.com.br\/index.php\/wp-json\/wp\/v2\/media\/4701"}],"wp:attachment":[{"href":"https:\/\/haraltt.com.br\/index.php\/wp-json\/wp\/v2\/media?parent=4703"}],"wp:term":[{"taxonomy":"product_cat","embeddable":true,"href":"https:\/\/haraltt.com.br\/index.php\/wp-json\/wp\/v2\/product_cat?post=4703"},{"taxonomy":"product_tag","embeddable":true,"href":"https:\/\/haraltt.com.br\/index.php\/wp-json\/wp\/v2\/product_tag?post=4703"}],"curies":[{"name":"wp","href":"https:\/\/api.w.org\/{rel}","templated":true}]}}