{"id":4684,"date":"2025-08-05T14:36:56","date_gmt":"2025-08-05T17:36:56","guid":{"rendered":"https:\/\/haraltt.com.br\/?post_type=product&#038;p=4684"},"modified":"2025-09-11T13:21:02","modified_gmt":"2025-09-11T16:21:02","slug":"vega-korea-xiom","status":"publish","type":"product","link":"https:\/\/haraltt.com.br\/index.php\/product\/vega-korea-xiom\/","title":{"rendered":"Vega Korea &#8211; XIOM"},"content":{"rendered":"<h3 data-start=\"23\" data-end=\"43\">Parte t\u00e9cnica<\/h3>\n<p data-start=\"44\" data-end=\"368\">A <strong data-start=\"46\" data-end=\"60\">Vega Korea<\/strong> \u00e9 uma borracha desenvolvida pela XIOM em comemora\u00e7\u00e3o \u00e0 sele\u00e7\u00e3o sul-coreana de t\u00eanis de mesa. \u00c9 uma varia\u00e7\u00e3o dentro da tradicional linha Vega, mas com <strong data-start=\"211\" data-end=\"277\">caracter\u00edsticas espec\u00edficas de controle, estabilidade e efeito<\/strong>, voltadas para atletas que valorizam <strong data-start=\"315\" data-end=\"367\">consist\u00eancia e seguran\u00e7a no jogo pr\u00f3ximo da mesa<\/strong>.<\/p>\n<p data-start=\"370\" data-end=\"673\">Ela possui uma <strong data-start=\"385\" data-end=\"434\">esponja de dureza m\u00e9dia (aproximadamente 45\u00b0)<\/strong>, com uma estrutura mais s\u00f3lida e menos el\u00e1stica do que vers\u00f5es como a Vega Japan ou Vega Pro. O <strong data-start=\"531\" data-end=\"566\">topsheet \u00e9 mais firme e est\u00e1vel<\/strong>, com bom grip, permitindo execu\u00e7\u00f5es precisas em <strong data-start=\"615\" data-end=\"672\">topspins curtos, bloqueios ativos e pushes com efeito<\/strong>.<\/p>\n<p data-start=\"675\" data-end=\"843\">Seu <strong data-start=\"679\" data-end=\"695\">arco \u00e9 m\u00e9dio<\/strong>, garantindo uma trajet\u00f3ria segura sem subir demais a bola \u2014 ideal para jogadores que buscam manter a bola rente \u00e0 rede com controle e consist\u00eancia.<\/p>\n<h3 data-start=\"845\" data-end=\"867\">Exemplo pr\u00e1tico<\/h3>\n<p data-start=\"868\" data-end=\"1244\">A Vega Korea \u00e9 uma excelente escolha para jogadores que gostam de manter o jogo <strong data-start=\"948\" data-end=\"978\">na curta e m\u00e9dia dist\u00e2ncia<\/strong>, com um estilo de ataque mais <strong data-start=\"1009\" data-end=\"1022\">calculado<\/strong> e com foco em <strong data-start=\"1037\" data-end=\"1071\">varia\u00e7\u00e3o de efeito e seguran\u00e7a<\/strong> nos rallies. Pode ser usada tanto no forehand quanto no backhand, especialmente por jogadores de n\u00edvel <strong data-start=\"1175\" data-end=\"1192\">intermedi\u00e1rio<\/strong> ou atletas de estilo <strong data-start=\"1214\" data-end=\"1243\">moderno allround ofensivo<\/strong>.<\/p>\n<p data-start=\"1246\" data-end=\"1390\">Tamb\u00e9m \u00e9 uma boa alternativa para quem joga em <strong data-start=\"1293\" data-end=\"1318\">madeiras mais r\u00e1pidas<\/strong>, pois ajuda a manter o controle sem sacrificar totalmente a velocidade.<\/p>\n<h3 data-start=\"1392\" data-end=\"1405\">Resumo<\/h3>\n<ul data-start=\"1406\" data-end=\"1637\">\n<li data-start=\"1406\" data-end=\"1468\">\n<p data-start=\"1408\" data-end=\"1468\"><strong data-start=\"1408\" data-end=\"1427\">Estilo de jogo:<\/strong> ofensivo controlado \/ allround moderno<\/p>\n<\/li>\n<li data-start=\"1469\" data-end=\"1488\">\n<p data-start=\"1471\" data-end=\"1488\"><strong data-start=\"1471\" data-end=\"1480\">Arco:<\/strong> m\u00e9dio<\/p>\n<\/li>\n<li data-start=\"1489\" data-end=\"1517\">\n<p data-start=\"1491\" data-end=\"1517\"><strong data-start=\"1491\" data-end=\"1502\">Dureza:<\/strong> m\u00e9dia (~45\u00b0)<\/p>\n<\/li>\n<li data-start=\"1518\" data-end=\"1548\">\n<p data-start=\"1520\" data-end=\"1548\"><strong data-start=\"1520\" data-end=\"1535\">Velocidade:<\/strong> m\u00e9dia-alta<\/p>\n<\/li>\n<li data-start=\"1549\" data-end=\"1567\">\n<p data-start=\"1551\" data-end=\"1567\"><strong data-start=\"1551\" data-end=\"1560\">Spin:<\/strong> alto<\/p>\n<\/li>\n<li data-start=\"1568\" data-end=\"1590\">\n<p data-start=\"1570\" data-end=\"1590\"><strong data-start=\"1570\" data-end=\"1583\">Controle:<\/strong> alto<\/p>\n<\/li>\n<li data-start=\"1591\" data-end=\"1637\">\n<p data-start=\"1593\" data-end=\"1637\"><strong data-start=\"1593\" data-end=\"1613\">Dist\u00e2ncia ideal:<\/strong> curta e m\u00e9dia da mesa<\/p>\n<\/li>\n<\/ul>\n","protected":false},"excerpt":{"rendered":"<p><br data-mce-bogus=\"1\"><\/p>\n","protected":false},"featured_media":4687,"comment_status":"open","ping_status":"closed","template":"","meta":{"_joinchat":[]},"product_cat":[28,89],"product_tag":[],"class_list":{"0":"post-4684","1":"product","2":"type-product","3":"status-publish","4":"has-post-thumbnail","6":"product_cat-borrachas","7":"product_cat-xiom","9":"first","10":"instock","11":"shipping-taxable","12":"purchasable","13":"product-type-variable","14":"has-default-attributes"},"yoast_head":"<!-- This site is optimized with the Yoast SEO plugin v22.2 - https:\/\/yoast.com\/wordpress\/plugins\/seo\/ -->\n<title>Vega Korea - XIOM - Haraltt<\/title>\n<meta name=\"robots\" content=\"index, follow, max-snippet:-1, max-image-preview:large, max-video-preview:-1\" \/>\n<link rel=\"canonical\" href=\"https:\/\/haraltt.com.br\/index.php\/product\/vega-korea-xiom\/\" \/>\n<meta property=\"og:locale\" content=\"pt_BR\" \/>\n<meta property=\"og:type\" content=\"article\" \/>\n<meta property=\"og:title\" content=\"Vega Korea - XIOM - Haraltt\" \/>\n<meta property=\"og:url\" content=\"https:\/\/haraltt.com.br\/index.php\/product\/vega-korea-xiom\/\" \/>\n<meta property=\"og:site_name\" content=\"Haraltt\" \/>\n<meta property=\"article:modified_time\" content=\"2025-09-11T16:21:02+00:00\" \/>\n<meta property=\"og:image\" content=\"http:\/\/haraltt.com.br\/wp-content\/uploads\/2025\/08\/0b524d8266f8c1a9bd4be0625e8a27cd-8mbrwlccli.webp\" \/>\n\t<meta property=\"og:image:width\" content=\"960\" \/>\n\t<meta property=\"og:image:height\" content=\"960\" \/>\n\t<meta property=\"og:image:type\" content=\"image\/webp\" \/>\n<meta name=\"twitter:card\" content=\"summary_large_image\" \/>\n<meta name=\"twitter:label1\" content=\"Est. tempo de leitura\" \/>\n\t<meta name=\"twitter:data1\" content=\"2 minutos\" \/>\n<script type=\"application\/ld+json\" class=\"yoast-schema-graph\">{\"@context\":\"https:\/\/schema.org\",\"@graph\":[{\"@type\":\"WebPage\",\"@id\":\"https:\/\/haraltt.com.br\/index.php\/product\/vega-korea-xiom\/\",\"url\":\"https:\/\/haraltt.com.br\/index.php\/product\/vega-korea-xiom\/\",\"name\":\"Vega Korea - XIOM - Haraltt\",\"isPartOf\":{\"@id\":\"https:\/\/haraltt.com.br\/#website\"},\"primaryImageOfPage\":{\"@id\":\"https:\/\/haraltt.com.br\/index.php\/product\/vega-korea-xiom\/#primaryimage\"},\"image\":{\"@id\":\"https:\/\/haraltt.com.br\/index.php\/product\/vega-korea-xiom\/#primaryimage\"},\"thumbnailUrl\":\"https:\/\/haraltt.com.br\/wp-content\/uploads\/2025\/08\/0b524d8266f8c1a9bd4be0625e8a27cd-8mbrwlccli.webp\",\"datePublished\":\"2025-08-05T17:36:56+00:00\",\"dateModified\":\"2025-09-11T16:21:02+00:00\",\"breadcrumb\":{\"@id\":\"https:\/\/haraltt.com.br\/index.php\/product\/vega-korea-xiom\/#breadcrumb\"},\"inLanguage\":\"pt-BR\",\"potentialAction\":[{\"@type\":\"ReadAction\",\"target\":[\"https:\/\/haraltt.com.br\/index.php\/product\/vega-korea-xiom\/\"]}]},{\"@type\":\"ImageObject\",\"inLanguage\":\"pt-BR\",\"@id\":\"https:\/\/haraltt.com.br\/index.php\/product\/vega-korea-xiom\/#primaryimage\",\"url\":\"https:\/\/haraltt.com.br\/wp-content\/uploads\/2025\/08\/0b524d8266f8c1a9bd4be0625e8a27cd-8mbrwlccli.webp\",\"contentUrl\":\"https:\/\/haraltt.com.br\/wp-content\/uploads\/2025\/08\/0b524d8266f8c1a9bd4be0625e8a27cd-8mbrwlccli.webp\",\"width\":960,\"height\":960},{\"@type\":\"BreadcrumbList\",\"@id\":\"https:\/\/haraltt.com.br\/index.php\/product\/vega-korea-xiom\/#breadcrumb\",\"itemListElement\":[{\"@type\":\"ListItem\",\"position\":1,\"name\":\"In\u00edcio\",\"item\":\"https:\/\/haraltt.com.br\/\"},{\"@type\":\"ListItem\",\"position\":2,\"name\":\"Loja\",\"item\":\"https:\/\/haraltt.com.br\/index.php\/loja\/\"},{\"@type\":\"ListItem\",\"position\":3,\"name\":\"Vega Korea &#8211; XIOM\"}]},{\"@type\":\"WebSite\",\"@id\":\"https:\/\/haraltt.com.br\/#website\",\"url\":\"https:\/\/haraltt.com.br\/\",\"name\":\"Haraltt\",\"description\":\"T\u00eanis de mesa de forma acessivel\",\"publisher\":{\"@id\":\"https:\/\/haraltt.com.br\/#organization\"},\"potentialAction\":[{\"@type\":\"SearchAction\",\"target\":{\"@type\":\"EntryPoint\",\"urlTemplate\":\"https:\/\/haraltt.com.br\/?s={search_term_string}\"},\"query-input\":\"required name=search_term_string\"}],\"inLanguage\":\"pt-BR\"},{\"@type\":\"Organization\",\"@id\":\"https:\/\/haraltt.com.br\/#organization\",\"name\":\"Haraltt\",\"url\":\"https:\/\/haraltt.com.br\/\",\"logo\":{\"@type\":\"ImageObject\",\"inLanguage\":\"pt-BR\",\"@id\":\"https:\/\/haraltt.com.br\/#\/schema\/logo\/image\/\",\"url\":\"\/\/\/wp-content\/uploads\/2024\/02\/44811478-removebg-preview.png\",\"contentUrl\":\"\/\/\/wp-content\/uploads\/2024\/02\/44811478-removebg-preview.png\",\"width\":500,\"height\":500,\"caption\":\"Haraltt\"},\"image\":{\"@id\":\"https:\/\/haraltt.com.br\/#\/schema\/logo\/image\/\"}}]}<\/script>\n<!-- \/ Yoast SEO plugin. -->","yoast_head_json":{"title":"Vega Korea - XIOM - Haraltt","robots":{"index":"index","follow":"follow","max-snippet":"max-snippet:-1","max-image-preview":"max-image-preview:large","max-video-preview":"max-video-preview:-1"},"canonical":"https:\/\/haraltt.com.br\/index.php\/product\/vega-korea-xiom\/","og_locale":"pt_BR","og_type":"article","og_title":"Vega Korea - XIOM - Haraltt","og_url":"https:\/\/haraltt.com.br\/index.php\/product\/vega-korea-xiom\/","og_site_name":"Haraltt","article_modified_time":"2025-09-11T16:21:02+00:00","og_image":[{"width":960,"height":960,"url":"http:\/\/haraltt.com.br\/wp-content\/uploads\/2025\/08\/0b524d8266f8c1a9bd4be0625e8a27cd-8mbrwlccli.webp","type":"image\/webp"}],"twitter_card":"summary_large_image","twitter_misc":{"Est. tempo de leitura":"2 minutos"},"schema":{"@context":"https:\/\/schema.org","@graph":[{"@type":"WebPage","@id":"https:\/\/haraltt.com.br\/index.php\/product\/vega-korea-xiom\/","url":"https:\/\/haraltt.com.br\/index.php\/product\/vega-korea-xiom\/","name":"Vega Korea - XIOM - Haraltt","isPartOf":{"@id":"https:\/\/haraltt.com.br\/#website"},"primaryImageOfPage":{"@id":"https:\/\/haraltt.com.br\/index.php\/product\/vega-korea-xiom\/#primaryimage"},"image":{"@id":"https:\/\/haraltt.com.br\/index.php\/product\/vega-korea-xiom\/#primaryimage"},"thumbnailUrl":"https:\/\/haraltt.com.br\/wp-content\/uploads\/2025\/08\/0b524d8266f8c1a9bd4be0625e8a27cd-8mbrwlccli.webp","datePublished":"2025-08-05T17:36:56+00:00","dateModified":"2025-09-11T16:21:02+00:00","breadcrumb":{"@id":"https:\/\/haraltt.com.br\/index.php\/product\/vega-korea-xiom\/#breadcrumb"},"inLanguage":"pt-BR","potentialAction":[{"@type":"ReadAction","target":["https:\/\/haraltt.com.br\/index.php\/product\/vega-korea-xiom\/"]}]},{"@type":"ImageObject","inLanguage":"pt-BR","@id":"https:\/\/haraltt.com.br\/index.php\/product\/vega-korea-xiom\/#primaryimage","url":"https:\/\/haraltt.com.br\/wp-content\/uploads\/2025\/08\/0b524d8266f8c1a9bd4be0625e8a27cd-8mbrwlccli.webp","contentUrl":"https:\/\/haraltt.com.br\/wp-content\/uploads\/2025\/08\/0b524d8266f8c1a9bd4be0625e8a27cd-8mbrwlccli.webp","width":960,"height":960},{"@type":"BreadcrumbList","@id":"https:\/\/haraltt.com.br\/index.php\/product\/vega-korea-xiom\/#breadcrumb","itemListElement":[{"@type":"ListItem","position":1,"name":"In\u00edcio","item":"https:\/\/haraltt.com.br\/"},{"@type":"ListItem","position":2,"name":"Loja","item":"https:\/\/haraltt.com.br\/index.php\/loja\/"},{"@type":"ListItem","position":3,"name":"Vega Korea &#8211; XIOM"}]},{"@type":"WebSite","@id":"https:\/\/haraltt.com.br\/#website","url":"https:\/\/haraltt.com.br\/","name":"Haraltt","description":"T\u00eanis de mesa de forma acessivel","publisher":{"@id":"https:\/\/haraltt.com.br\/#organization"},"potentialAction":[{"@type":"SearchAction","target":{"@type":"EntryPoint","urlTemplate":"https:\/\/haraltt.com.br\/?s={search_term_string}"},"query-input":"required name=search_term_string"}],"inLanguage":"pt-BR"},{"@type":"Organization","@id":"https:\/\/haraltt.com.br\/#organization","name":"Haraltt","url":"https:\/\/haraltt.com.br\/","logo":{"@type":"ImageObject","inLanguage":"pt-BR","@id":"https:\/\/haraltt.com.br\/#\/schema\/logo\/image\/","url":"\/\/\/wp-content\/uploads\/2024\/02\/44811478-removebg-preview.png","contentUrl":"\/\/\/wp-content\/uploads\/2024\/02\/44811478-removebg-preview.png","width":500,"height":500,"caption":"Haraltt"},"image":{"@id":"https:\/\/haraltt.com.br\/#\/schema\/logo\/image\/"}}]}},"_links":{"self":[{"href":"https:\/\/haraltt.com.br\/index.php\/wp-json\/wp\/v2\/product\/4684","targetHints":{"allow":["GET"]}}],"collection":[{"href":"https:\/\/haraltt.com.br\/index.php\/wp-json\/wp\/v2\/product"}],"about":[{"href":"https:\/\/haraltt.com.br\/index.php\/wp-json\/wp\/v2\/types\/product"}],"replies":[{"embeddable":true,"href":"https:\/\/haraltt.com.br\/index.php\/wp-json\/wp\/v2\/comments?post=4684"}],"wp:featuredmedia":[{"embeddable":true,"href":"https:\/\/haraltt.com.br\/index.php\/wp-json\/wp\/v2\/media\/4687"}],"wp:attachment":[{"href":"https:\/\/haraltt.com.br\/index.php\/wp-json\/wp\/v2\/media?parent=4684"}],"wp:term":[{"taxonomy":"product_cat","embeddable":true,"href":"https:\/\/haraltt.com.br\/index.php\/wp-json\/wp\/v2\/product_cat?post=4684"},{"taxonomy":"product_tag","embeddable":true,"href":"https:\/\/haraltt.com.br\/index.php\/wp-json\/wp\/v2\/product_tag?post=4684"}],"curies":[{"name":"wp","href":"https:\/\/api.w.org\/{rel}","templated":true}]}}