{"id":4675,"date":"2025-08-05T14:22:01","date_gmt":"2025-08-05T17:22:01","guid":{"rendered":"https:\/\/haraltt.com.br\/?post_type=product&#038;p=4675"},"modified":"2025-09-13T16:19:08","modified_gmt":"2025-09-13T19:19:08","slug":"omega-5-pro-xiom","status":"publish","type":"product","link":"https:\/\/haraltt.com.br\/index.php\/product\/omega-5-pro-xiom\/","title":{"rendered":"Omega 5 Pro &#8211; XIOM"},"content":{"rendered":"<h3 data-start=\"24\" data-end=\"44\">Parte t\u00e9cnica<\/h3>\n<p data-start=\"45\" data-end=\"406\">A <strong data-start=\"47\" data-end=\"62\">Omega V Pro<\/strong> \u00e9 uma das vers\u00f5es mais equilibradas da linha <strong data-start=\"108\" data-end=\"119\">Omega V<\/strong> da XIOM, voltada para jogadores ofensivos que buscam um bom compromisso entre <strong data-start=\"198\" data-end=\"231\">velocidade, controle e efeito<\/strong>. Ela possui uma <strong data-start=\"248\" data-end=\"268\">esponja de 47,5\u00b0<\/strong>, com estrutura <strong data-start=\"284\" data-end=\"298\">m\u00e9dia-dura<\/strong>, proporcionando uma excelente resposta em jogadas de topspin, bloqueios ativos e rallys de m\u00e9dia dist\u00e2ncia.<\/p>\n<p data-start=\"408\" data-end=\"689\">Seu <strong data-start=\"412\" data-end=\"448\">topsheet \u00e9 aderente e tensionado<\/strong>, utilizando a tecnologia <strong data-start=\"474\" data-end=\"494\">Dynamic Friction<\/strong>, o que facilita gerar bastante spin mesmo com movimentos mais compactos. A combina\u00e7\u00e3o de catapulta m\u00e9dia com \u00f3timo grip oferece consist\u00eancia e pot\u00eancia, sem exigir t\u00e9cnica de n\u00edvel profissional.<\/p>\n<p data-start=\"691\" data-end=\"941\">O <strong data-start=\"693\" data-end=\"714\">arco \u00e9 m\u00e9dio-alto<\/strong>, o que d\u00e1 seguran\u00e7a para bolas com mais efeito passarem a rede com margem, mas ainda com trajet\u00f3ria firme. Serve bem tanto no forehand quanto no backhand, especialmente para atletas ofensivos de n\u00edvel intermedi\u00e1rio a avan\u00e7ado.<\/p>\n<h3 data-start=\"943\" data-end=\"965\">Exemplo pr\u00e1tico<\/h3>\n<p data-start=\"966\" data-end=\"1281\">Jogadores que gostam de aplicar <strong data-start=\"998\" data-end=\"1058\">topspins constantes com varia\u00e7\u00f5es de velocidade e efeito<\/strong> v\u00e3o tirar bastante proveito da Omega V Pro. Ela \u00e9 especialmente indicada para quem est\u00e1 saindo de borrachas como <strong data-start=\"1172\" data-end=\"1211\">Rakza 7, Vega Pro ou Donic Acuda S2<\/strong>, buscando uma evolu\u00e7\u00e3o em spin e pot\u00eancia, sem abrir m\u00e3o de controle.<\/p>\n<p data-start=\"1283\" data-end=\"1428\">Na madeira certa (equilibrada ou ofensiva controlada), essa borracha entrega excelente desempenho em trocas r\u00e1pidas e bolas colocadas com efeito.<\/p>\n<h3 data-start=\"1430\" data-end=\"1443\">Resumo<\/h3>\n<ul data-start=\"1444\" data-end=\"1637\">\n<li data-start=\"1444\" data-end=\"1488\">\n<p data-start=\"1446\" data-end=\"1488\"><strong data-start=\"1446\" data-end=\"1465\">Estilo de jogo:<\/strong> ofensivo equilibrado<\/p>\n<\/li>\n<li data-start=\"1489\" data-end=\"1513\">\n<p data-start=\"1491\" data-end=\"1513\"><strong data-start=\"1491\" data-end=\"1500\">Arco:<\/strong> m\u00e9dio-alto<\/p>\n<\/li>\n<li data-start=\"1514\" data-end=\"1548\">\n<p data-start=\"1516\" data-end=\"1548\"><strong data-start=\"1516\" data-end=\"1527\">Dureza:<\/strong> m\u00e9dia-dura (47,5\u00b0)<\/p>\n<\/li>\n<li data-start=\"1549\" data-end=\"1573\">\n<p data-start=\"1551\" data-end=\"1573\"><strong data-start=\"1551\" data-end=\"1566\">Velocidade:<\/strong> alta<\/p>\n<\/li>\n<li data-start=\"1574\" data-end=\"1598\">\n<p data-start=\"1576\" data-end=\"1598\"><strong data-start=\"1576\" data-end=\"1585\">Spin:<\/strong> muito alto<\/p>\n<\/li>\n<li data-start=\"1599\" data-end=\"1637\">\n<p data-start=\"1601\" data-end=\"1637\"><strong data-start=\"1601\" data-end=\"1621\">Dist\u00e2ncia ideal:<\/strong> m\u00e9dia da mesa<\/p>\n<\/li>\n<\/ul>\n","protected":false},"excerpt":{"rendered":"<p><\/p>\n","protected":false},"featured_media":4678,"comment_status":"open","ping_status":"closed","template":"","meta":{"_joinchat":[]},"product_cat":[28,89],"product_tag":[],"class_list":{"0":"post-4675","1":"product","2":"type-product","3":"status-publish","4":"has-post-thumbnail","6":"product_cat-borrachas","7":"product_cat-xiom","9":"first","10":"onbackorder","11":"sale","12":"shipping-taxable","13":"purchasable","14":"product-type-variable"},"yoast_head":"<!-- This site is optimized with the Yoast SEO plugin v22.2 - https:\/\/yoast.com\/wordpress\/plugins\/seo\/ -->\n<title>Omega 5 Pro - XIOM - Haraltt<\/title>\n<meta name=\"robots\" content=\"index, follow, max-snippet:-1, max-image-preview:large, max-video-preview:-1\" \/>\n<link rel=\"canonical\" href=\"https:\/\/haraltt.com.br\/index.php\/product\/omega-5-pro-xiom\/\" \/>\n<meta property=\"og:locale\" content=\"pt_BR\" \/>\n<meta property=\"og:type\" content=\"article\" \/>\n<meta property=\"og:title\" content=\"Omega 5 Pro - XIOM - Haraltt\" \/>\n<meta property=\"og:url\" content=\"https:\/\/haraltt.com.br\/index.php\/product\/omega-5-pro-xiom\/\" \/>\n<meta property=\"og:site_name\" content=\"Haraltt\" \/>\n<meta property=\"article:modified_time\" content=\"2025-09-13T19:19:08+00:00\" \/>\n<meta property=\"og:image\" content=\"http:\/\/haraltt.com.br\/wp-content\/uploads\/2025\/08\/OIP-1.webp\" \/>\n\t<meta property=\"og:image:width\" content=\"474\" \/>\n\t<meta property=\"og:image:height\" content=\"474\" \/>\n\t<meta property=\"og:image:type\" content=\"image\/webp\" \/>\n<meta name=\"twitter:card\" content=\"summary_large_image\" \/>\n<meta name=\"twitter:label1\" content=\"Est. tempo de leitura\" \/>\n\t<meta name=\"twitter:data1\" content=\"2 minutos\" \/>\n<script type=\"application\/ld+json\" class=\"yoast-schema-graph\">{\"@context\":\"https:\/\/schema.org\",\"@graph\":[{\"@type\":\"WebPage\",\"@id\":\"https:\/\/haraltt.com.br\/index.php\/product\/omega-5-pro-xiom\/\",\"url\":\"https:\/\/haraltt.com.br\/index.php\/product\/omega-5-pro-xiom\/\",\"name\":\"Omega 5 Pro - XIOM - Haraltt\",\"isPartOf\":{\"@id\":\"https:\/\/haraltt.com.br\/#website\"},\"primaryImageOfPage\":{\"@id\":\"https:\/\/haraltt.com.br\/index.php\/product\/omega-5-pro-xiom\/#primaryimage\"},\"image\":{\"@id\":\"https:\/\/haraltt.com.br\/index.php\/product\/omega-5-pro-xiom\/#primaryimage\"},\"thumbnailUrl\":\"https:\/\/haraltt.com.br\/wp-content\/uploads\/2025\/08\/OIP-1.webp\",\"datePublished\":\"2025-08-05T17:22:01+00:00\",\"dateModified\":\"2025-09-13T19:19:08+00:00\",\"breadcrumb\":{\"@id\":\"https:\/\/haraltt.com.br\/index.php\/product\/omega-5-pro-xiom\/#breadcrumb\"},\"inLanguage\":\"pt-BR\",\"potentialAction\":[{\"@type\":\"ReadAction\",\"target\":[\"https:\/\/haraltt.com.br\/index.php\/product\/omega-5-pro-xiom\/\"]}]},{\"@type\":\"ImageObject\",\"inLanguage\":\"pt-BR\",\"@id\":\"https:\/\/haraltt.com.br\/index.php\/product\/omega-5-pro-xiom\/#primaryimage\",\"url\":\"https:\/\/haraltt.com.br\/wp-content\/uploads\/2025\/08\/OIP-1.webp\",\"contentUrl\":\"https:\/\/haraltt.com.br\/wp-content\/uploads\/2025\/08\/OIP-1.webp\",\"width\":474,\"height\":474},{\"@type\":\"BreadcrumbList\",\"@id\":\"https:\/\/haraltt.com.br\/index.php\/product\/omega-5-pro-xiom\/#breadcrumb\",\"itemListElement\":[{\"@type\":\"ListItem\",\"position\":1,\"name\":\"In\u00edcio\",\"item\":\"https:\/\/haraltt.com.br\/\"},{\"@type\":\"ListItem\",\"position\":2,\"name\":\"Loja\",\"item\":\"https:\/\/haraltt.com.br\/index.php\/loja\/\"},{\"@type\":\"ListItem\",\"position\":3,\"name\":\"Omega 5 Pro &#8211; XIOM\"}]},{\"@type\":\"WebSite\",\"@id\":\"https:\/\/haraltt.com.br\/#website\",\"url\":\"https:\/\/haraltt.com.br\/\",\"name\":\"Haraltt\",\"description\":\"T\u00eanis de mesa de forma acessivel\",\"publisher\":{\"@id\":\"https:\/\/haraltt.com.br\/#organization\"},\"potentialAction\":[{\"@type\":\"SearchAction\",\"target\":{\"@type\":\"EntryPoint\",\"urlTemplate\":\"https:\/\/haraltt.com.br\/?s={search_term_string}\"},\"query-input\":\"required name=search_term_string\"}],\"inLanguage\":\"pt-BR\"},{\"@type\":\"Organization\",\"@id\":\"https:\/\/haraltt.com.br\/#organization\",\"name\":\"Haraltt\",\"url\":\"https:\/\/haraltt.com.br\/\",\"logo\":{\"@type\":\"ImageObject\",\"inLanguage\":\"pt-BR\",\"@id\":\"https:\/\/haraltt.com.br\/#\/schema\/logo\/image\/\",\"url\":\"\/\/\/wp-content\/uploads\/2024\/02\/44811478-removebg-preview.png\",\"contentUrl\":\"\/\/\/wp-content\/uploads\/2024\/02\/44811478-removebg-preview.png\",\"width\":500,\"height\":500,\"caption\":\"Haraltt\"},\"image\":{\"@id\":\"https:\/\/haraltt.com.br\/#\/schema\/logo\/image\/\"}}]}<\/script>\n<!-- \/ Yoast SEO plugin. -->","yoast_head_json":{"title":"Omega 5 Pro - XIOM - Haraltt","robots":{"index":"index","follow":"follow","max-snippet":"max-snippet:-1","max-image-preview":"max-image-preview:large","max-video-preview":"max-video-preview:-1"},"canonical":"https:\/\/haraltt.com.br\/index.php\/product\/omega-5-pro-xiom\/","og_locale":"pt_BR","og_type":"article","og_title":"Omega 5 Pro - XIOM - Haraltt","og_url":"https:\/\/haraltt.com.br\/index.php\/product\/omega-5-pro-xiom\/","og_site_name":"Haraltt","article_modified_time":"2025-09-13T19:19:08+00:00","og_image":[{"width":474,"height":474,"url":"http:\/\/haraltt.com.br\/wp-content\/uploads\/2025\/08\/OIP-1.webp","type":"image\/webp"}],"twitter_card":"summary_large_image","twitter_misc":{"Est. tempo de leitura":"2 minutos"},"schema":{"@context":"https:\/\/schema.org","@graph":[{"@type":"WebPage","@id":"https:\/\/haraltt.com.br\/index.php\/product\/omega-5-pro-xiom\/","url":"https:\/\/haraltt.com.br\/index.php\/product\/omega-5-pro-xiom\/","name":"Omega 5 Pro - XIOM - Haraltt","isPartOf":{"@id":"https:\/\/haraltt.com.br\/#website"},"primaryImageOfPage":{"@id":"https:\/\/haraltt.com.br\/index.php\/product\/omega-5-pro-xiom\/#primaryimage"},"image":{"@id":"https:\/\/haraltt.com.br\/index.php\/product\/omega-5-pro-xiom\/#primaryimage"},"thumbnailUrl":"https:\/\/haraltt.com.br\/wp-content\/uploads\/2025\/08\/OIP-1.webp","datePublished":"2025-08-05T17:22:01+00:00","dateModified":"2025-09-13T19:19:08+00:00","breadcrumb":{"@id":"https:\/\/haraltt.com.br\/index.php\/product\/omega-5-pro-xiom\/#breadcrumb"},"inLanguage":"pt-BR","potentialAction":[{"@type":"ReadAction","target":["https:\/\/haraltt.com.br\/index.php\/product\/omega-5-pro-xiom\/"]}]},{"@type":"ImageObject","inLanguage":"pt-BR","@id":"https:\/\/haraltt.com.br\/index.php\/product\/omega-5-pro-xiom\/#primaryimage","url":"https:\/\/haraltt.com.br\/wp-content\/uploads\/2025\/08\/OIP-1.webp","contentUrl":"https:\/\/haraltt.com.br\/wp-content\/uploads\/2025\/08\/OIP-1.webp","width":474,"height":474},{"@type":"BreadcrumbList","@id":"https:\/\/haraltt.com.br\/index.php\/product\/omega-5-pro-xiom\/#breadcrumb","itemListElement":[{"@type":"ListItem","position":1,"name":"In\u00edcio","item":"https:\/\/haraltt.com.br\/"},{"@type":"ListItem","position":2,"name":"Loja","item":"https:\/\/haraltt.com.br\/index.php\/loja\/"},{"@type":"ListItem","position":3,"name":"Omega 5 Pro &#8211; XIOM"}]},{"@type":"WebSite","@id":"https:\/\/haraltt.com.br\/#website","url":"https:\/\/haraltt.com.br\/","name":"Haraltt","description":"T\u00eanis de mesa de forma acessivel","publisher":{"@id":"https:\/\/haraltt.com.br\/#organization"},"potentialAction":[{"@type":"SearchAction","target":{"@type":"EntryPoint","urlTemplate":"https:\/\/haraltt.com.br\/?s={search_term_string}"},"query-input":"required name=search_term_string"}],"inLanguage":"pt-BR"},{"@type":"Organization","@id":"https:\/\/haraltt.com.br\/#organization","name":"Haraltt","url":"https:\/\/haraltt.com.br\/","logo":{"@type":"ImageObject","inLanguage":"pt-BR","@id":"https:\/\/haraltt.com.br\/#\/schema\/logo\/image\/","url":"\/\/\/wp-content\/uploads\/2024\/02\/44811478-removebg-preview.png","contentUrl":"\/\/\/wp-content\/uploads\/2024\/02\/44811478-removebg-preview.png","width":500,"height":500,"caption":"Haraltt"},"image":{"@id":"https:\/\/haraltt.com.br\/#\/schema\/logo\/image\/"}}]}},"_links":{"self":[{"href":"https:\/\/haraltt.com.br\/index.php\/wp-json\/wp\/v2\/product\/4675","targetHints":{"allow":["GET"]}}],"collection":[{"href":"https:\/\/haraltt.com.br\/index.php\/wp-json\/wp\/v2\/product"}],"about":[{"href":"https:\/\/haraltt.com.br\/index.php\/wp-json\/wp\/v2\/types\/product"}],"replies":[{"embeddable":true,"href":"https:\/\/haraltt.com.br\/index.php\/wp-json\/wp\/v2\/comments?post=4675"}],"wp:featuredmedia":[{"embeddable":true,"href":"https:\/\/haraltt.com.br\/index.php\/wp-json\/wp\/v2\/media\/4678"}],"wp:attachment":[{"href":"https:\/\/haraltt.com.br\/index.php\/wp-json\/wp\/v2\/media?parent=4675"}],"wp:term":[{"taxonomy":"product_cat","embeddable":true,"href":"https:\/\/haraltt.com.br\/index.php\/wp-json\/wp\/v2\/product_cat?post=4675"},{"taxonomy":"product_tag","embeddable":true,"href":"https:\/\/haraltt.com.br\/index.php\/wp-json\/wp\/v2\/product_tag?post=4675"}],"curies":[{"name":"wp","href":"https:\/\/api.w.org\/{rel}","templated":true}]}}