{"id":4664,"date":"2025-08-04T16:09:34","date_gmt":"2025-08-04T19:09:34","guid":{"rendered":"https:\/\/haraltt.com.br\/?post_type=product&#038;p=4664"},"modified":"2025-10-30T12:09:03","modified_gmt":"2025-10-30T15:09:03","slug":"jekyll-hyde-c-57-5-xiom","status":"publish","type":"product","link":"https:\/\/haraltt.com.br\/index.php\/product\/jekyll-hyde-c-57-5-xiom\/","title":{"rendered":"Jekyll &#038; Hyde C 57.5 &#8211; XIOM"},"content":{"rendered":"<h3 data-start=\"33\" data-end=\"53\">Parte t\u00e9cnica<\/h3>\n<p data-start=\"54\" data-end=\"405\">A <strong data-start=\"56\" data-end=\"80\">Jekyll &amp; Hyde C 57.5<\/strong> \u00e9 uma das borrachas mais avan\u00e7adas e agressivas da XIOM, feita para jogadores de alto rendimento que buscam o <strong data-start=\"191\" data-end=\"236\">m\u00e1ximo de spin com alto n\u00edvel de precis\u00e3o<\/strong>. A letra <strong data-start=\"246\" data-end=\"253\">\u201cC\u201d<\/strong> refere-se \u00e0 palavra \u201cControl\u201d, mas n\u00e3o no sentido de facilitar o jogo \u2013 e sim no de <strong data-start=\"338\" data-end=\"404\">controlar com precis\u00e3o bolas extremamente carregadas de efeito<\/strong>.<\/p>\n<p data-start=\"407\" data-end=\"753\">Com <strong data-start=\"411\" data-end=\"430\">57.5\u00b0 de dureza<\/strong>, \u00e9 uma esponja <strong data-start=\"446\" data-end=\"460\">ultra dura<\/strong>, feita para atletas que conseguem gerar muita acelera\u00e7\u00e3o de bra\u00e7o, transferindo energia com efici\u00eancia. Seu <strong data-start=\"569\" data-end=\"608\">topsheet \u00e9 aderente e mais pegajoso<\/strong> do que outras linhas, permitindo <strong data-start=\"642\" data-end=\"678\">tops spins extremamente curvados<\/strong> e precisos, al\u00e9m de boa performance em bolas pesadas com abertura de loop.<\/p>\n<p data-start=\"755\" data-end=\"1064\">O comportamento geral dessa borracha \u00e9 de <strong data-start=\"797\" data-end=\"823\">arco m\u00e9dio-alto a alto<\/strong>, com <strong data-start=\"829\" data-end=\"872\">resposta muito agressiva, por\u00e9m precisa<\/strong>, exigindo <strong data-start=\"883\" data-end=\"902\">t\u00e9cnica apurada<\/strong> e movimento corporal eficiente. N\u00e3o \u00e9 uma borracha indulgente: ela <strong data-start=\"970\" data-end=\"1004\">pune movimentos mal executados<\/strong>, mas <strong data-start=\"1010\" data-end=\"1063\">recompensa com for\u00e7a total quem acerta a mec\u00e2nica<\/strong>.<\/p>\n<h3 data-start=\"1066\" data-end=\"1088\">Exemplo pr\u00e1tico<\/h3>\n<p data-start=\"1089\" data-end=\"1395\">Ideal para atletas ofensivos de alto n\u00edvel t\u00e9cnico, que jogam com swing amplo e acelera\u00e7\u00e3o total. \u00c9 especialmente boa no forehand, em jogadores que buscam <strong data-start=\"1244\" data-end=\"1287\">ataques com alt\u00edssimo spin e arco longo<\/strong>, controlando o jogo com varia\u00e7\u00e3o de efeito e abertura de topspins pesados mesmo contra backspins profundos.<\/p>\n<p data-start=\"1397\" data-end=\"1506\">N\u00e3o \u00e9 recomendada para jogadores intermedi\u00e1rios ou iniciantes, pois exige for\u00e7a, tempo e precis\u00e3o no impacto.<\/p>\n<h3 data-start=\"1508\" data-end=\"1521\">Resumo<\/h3>\n<ul data-start=\"1522\" data-end=\"1804\">\n<li data-start=\"1522\" data-end=\"1603\">\n<p data-start=\"1524\" data-end=\"1603\"><strong data-start=\"1524\" data-end=\"1543\">Estilo de jogo:<\/strong> ofensivo avan\u00e7ado, com foco em spin m\u00e1ximo e profundidade<\/p>\n<\/li>\n<li data-start=\"1604\" data-end=\"1635\">\n<p data-start=\"1606\" data-end=\"1635\"><strong data-start=\"1606\" data-end=\"1615\">Arco:<\/strong> m\u00e9dio-alto a alto<\/p>\n<\/li>\n<li data-start=\"1636\" data-end=\"1670\">\n<p data-start=\"1638\" data-end=\"1670\"><strong data-start=\"1638\" data-end=\"1649\">Dureza:<\/strong> muito alta (57.5\u00b0)<\/p>\n<\/li>\n<li data-start=\"1671\" data-end=\"1725\">\n<p data-start=\"1673\" data-end=\"1725\"><strong data-start=\"1673\" data-end=\"1688\">Velocidade:<\/strong> muito alta (desde que bem ativada)<\/p>\n<\/li>\n<li data-start=\"1726\" data-end=\"1747\">\n<p data-start=\"1728\" data-end=\"1747\"><strong data-start=\"1728\" data-end=\"1737\">Spin:<\/strong> extremo<\/p>\n<\/li>\n<li data-start=\"1748\" data-end=\"1804\">\n<p data-start=\"1750\" data-end=\"1804\"><strong data-start=\"1750\" data-end=\"1770\">Dist\u00e2ncia ideal:<\/strong> m\u00e9dia a longa dist\u00e2ncia da mesa<\/p>\n<\/li>\n<\/ul>\n","protected":false},"excerpt":{"rendered":"<p>Parte t\u00e9cnica A Jekyll &amp; Hyde C 57.5 \u00e9 uma das borrachas mais avan\u00e7adas e agressivas da XIOM, feita para jogadores de alto rendimento que buscam o m\u00e1ximo de spin com alto n\u00edvel de precis\u00e3o. A letra \u201cC\u201d refere-se \u00e0 palavra \u201cControl\u201d, mas n\u00e3o no sentido de facilitar o jogo \u2013 e sim no de [&hellip;]<\/p>\n","protected":false},"featured_media":4667,"comment_status":"open","ping_status":"closed","template":"","meta":{"_joinchat":[]},"product_cat":[28,89],"product_tag":[],"class_list":{"0":"post-4664","1":"product","2":"type-product","3":"status-publish","4":"has-post-thumbnail","6":"product_cat-borrachas","7":"product_cat-xiom","9":"first","10":"onbackorder","11":"shipping-taxable","12":"purchasable","13":"product-type-variable"},"yoast_head":"<!-- This site is optimized with the Yoast SEO plugin v22.2 - https:\/\/yoast.com\/wordpress\/plugins\/seo\/ -->\n<title>Jekyll &amp; Hyde C 57.5 - XIOM - Haraltt<\/title>\n<meta name=\"robots\" content=\"index, follow, max-snippet:-1, max-image-preview:large, max-video-preview:-1\" \/>\n<link rel=\"canonical\" href=\"https:\/\/haraltt.com.br\/index.php\/product\/jekyll-hyde-c-57-5-xiom\/\" \/>\n<meta property=\"og:locale\" content=\"pt_BR\" \/>\n<meta property=\"og:type\" content=\"article\" \/>\n<meta property=\"og:title\" content=\"Jekyll &amp; Hyde C 57.5 - XIOM - Haraltt\" \/>\n<meta property=\"og:description\" content=\"Parte t\u00e9cnica A Jekyll &amp; Hyde C 57.5 \u00e9 uma das borrachas mais avan\u00e7adas e agressivas da XIOM, feita para jogadores de alto rendimento que buscam o m\u00e1ximo de spin com alto n\u00edvel de precis\u00e3o. A letra \u201cC\u201d refere-se \u00e0 palavra \u201cControl\u201d, mas n\u00e3o no sentido de facilitar o jogo \u2013 e sim no de [&hellip;]\" \/>\n<meta property=\"og:url\" content=\"https:\/\/haraltt.com.br\/index.php\/product\/jekyll-hyde-c-57-5-xiom\/\" \/>\n<meta property=\"og:site_name\" content=\"Haraltt\" \/>\n<meta property=\"article:modified_time\" content=\"2025-10-30T15:09:03+00:00\" \/>\n<meta property=\"og:image\" content=\"http:\/\/haraltt.com.br\/wp-content\/uploads\/2025\/08\/th.webp\" \/>\n\t<meta property=\"og:image:width\" content=\"474\" \/>\n\t<meta property=\"og:image:height\" content=\"474\" \/>\n\t<meta property=\"og:image:type\" content=\"image\/webp\" \/>\n<meta name=\"twitter:card\" content=\"summary_large_image\" \/>\n<meta name=\"twitter:label1\" content=\"Est. tempo de leitura\" \/>\n\t<meta name=\"twitter:data1\" content=\"2 minutos\" \/>\n<script type=\"application\/ld+json\" class=\"yoast-schema-graph\">{\"@context\":\"https:\/\/schema.org\",\"@graph\":[{\"@type\":\"WebPage\",\"@id\":\"https:\/\/haraltt.com.br\/index.php\/product\/jekyll-hyde-c-57-5-xiom\/\",\"url\":\"https:\/\/haraltt.com.br\/index.php\/product\/jekyll-hyde-c-57-5-xiom\/\",\"name\":\"Jekyll & Hyde C 57.5 - XIOM - Haraltt\",\"isPartOf\":{\"@id\":\"https:\/\/haraltt.com.br\/#website\"},\"primaryImageOfPage\":{\"@id\":\"https:\/\/haraltt.com.br\/index.php\/product\/jekyll-hyde-c-57-5-xiom\/#primaryimage\"},\"image\":{\"@id\":\"https:\/\/haraltt.com.br\/index.php\/product\/jekyll-hyde-c-57-5-xiom\/#primaryimage\"},\"thumbnailUrl\":\"https:\/\/haraltt.com.br\/wp-content\/uploads\/2025\/08\/th.webp\",\"datePublished\":\"2025-08-04T19:09:34+00:00\",\"dateModified\":\"2025-10-30T15:09:03+00:00\",\"breadcrumb\":{\"@id\":\"https:\/\/haraltt.com.br\/index.php\/product\/jekyll-hyde-c-57-5-xiom\/#breadcrumb\"},\"inLanguage\":\"pt-BR\",\"potentialAction\":[{\"@type\":\"ReadAction\",\"target\":[\"https:\/\/haraltt.com.br\/index.php\/product\/jekyll-hyde-c-57-5-xiom\/\"]}]},{\"@type\":\"ImageObject\",\"inLanguage\":\"pt-BR\",\"@id\":\"https:\/\/haraltt.com.br\/index.php\/product\/jekyll-hyde-c-57-5-xiom\/#primaryimage\",\"url\":\"https:\/\/haraltt.com.br\/wp-content\/uploads\/2025\/08\/th.webp\",\"contentUrl\":\"https:\/\/haraltt.com.br\/wp-content\/uploads\/2025\/08\/th.webp\",\"width\":474,\"height\":474},{\"@type\":\"BreadcrumbList\",\"@id\":\"https:\/\/haraltt.com.br\/index.php\/product\/jekyll-hyde-c-57-5-xiom\/#breadcrumb\",\"itemListElement\":[{\"@type\":\"ListItem\",\"position\":1,\"name\":\"In\u00edcio\",\"item\":\"https:\/\/haraltt.com.br\/\"},{\"@type\":\"ListItem\",\"position\":2,\"name\":\"Loja\",\"item\":\"https:\/\/haraltt.com.br\/index.php\/loja\/\"},{\"@type\":\"ListItem\",\"position\":3,\"name\":\"Jekyll &#038; Hyde C 57.5 &#8211; XIOM\"}]},{\"@type\":\"WebSite\",\"@id\":\"https:\/\/haraltt.com.br\/#website\",\"url\":\"https:\/\/haraltt.com.br\/\",\"name\":\"Haraltt\",\"description\":\"T\u00eanis de mesa de forma acessivel\",\"publisher\":{\"@id\":\"https:\/\/haraltt.com.br\/#organization\"},\"potentialAction\":[{\"@type\":\"SearchAction\",\"target\":{\"@type\":\"EntryPoint\",\"urlTemplate\":\"https:\/\/haraltt.com.br\/?s={search_term_string}\"},\"query-input\":\"required name=search_term_string\"}],\"inLanguage\":\"pt-BR\"},{\"@type\":\"Organization\",\"@id\":\"https:\/\/haraltt.com.br\/#organization\",\"name\":\"Haraltt\",\"url\":\"https:\/\/haraltt.com.br\/\",\"logo\":{\"@type\":\"ImageObject\",\"inLanguage\":\"pt-BR\",\"@id\":\"https:\/\/haraltt.com.br\/#\/schema\/logo\/image\/\",\"url\":\"\/\/\/wp-content\/uploads\/2024\/02\/44811478-removebg-preview.png\",\"contentUrl\":\"\/\/\/wp-content\/uploads\/2024\/02\/44811478-removebg-preview.png\",\"width\":500,\"height\":500,\"caption\":\"Haraltt\"},\"image\":{\"@id\":\"https:\/\/haraltt.com.br\/#\/schema\/logo\/image\/\"}}]}<\/script>\n<!-- \/ Yoast SEO plugin. -->","yoast_head_json":{"title":"Jekyll & Hyde C 57.5 - XIOM - Haraltt","robots":{"index":"index","follow":"follow","max-snippet":"max-snippet:-1","max-image-preview":"max-image-preview:large","max-video-preview":"max-video-preview:-1"},"canonical":"https:\/\/haraltt.com.br\/index.php\/product\/jekyll-hyde-c-57-5-xiom\/","og_locale":"pt_BR","og_type":"article","og_title":"Jekyll & Hyde C 57.5 - XIOM - Haraltt","og_description":"Parte t\u00e9cnica A Jekyll &amp; Hyde C 57.5 \u00e9 uma das borrachas mais avan\u00e7adas e agressivas da XIOM, feita para jogadores de alto rendimento que buscam o m\u00e1ximo de spin com alto n\u00edvel de precis\u00e3o. A letra \u201cC\u201d refere-se \u00e0 palavra \u201cControl\u201d, mas n\u00e3o no sentido de facilitar o jogo \u2013 e sim no de [&hellip;]","og_url":"https:\/\/haraltt.com.br\/index.php\/product\/jekyll-hyde-c-57-5-xiom\/","og_site_name":"Haraltt","article_modified_time":"2025-10-30T15:09:03+00:00","og_image":[{"width":474,"height":474,"url":"http:\/\/haraltt.com.br\/wp-content\/uploads\/2025\/08\/th.webp","type":"image\/webp"}],"twitter_card":"summary_large_image","twitter_misc":{"Est. tempo de leitura":"2 minutos"},"schema":{"@context":"https:\/\/schema.org","@graph":[{"@type":"WebPage","@id":"https:\/\/haraltt.com.br\/index.php\/product\/jekyll-hyde-c-57-5-xiom\/","url":"https:\/\/haraltt.com.br\/index.php\/product\/jekyll-hyde-c-57-5-xiom\/","name":"Jekyll & Hyde C 57.5 - XIOM - Haraltt","isPartOf":{"@id":"https:\/\/haraltt.com.br\/#website"},"primaryImageOfPage":{"@id":"https:\/\/haraltt.com.br\/index.php\/product\/jekyll-hyde-c-57-5-xiom\/#primaryimage"},"image":{"@id":"https:\/\/haraltt.com.br\/index.php\/product\/jekyll-hyde-c-57-5-xiom\/#primaryimage"},"thumbnailUrl":"https:\/\/haraltt.com.br\/wp-content\/uploads\/2025\/08\/th.webp","datePublished":"2025-08-04T19:09:34+00:00","dateModified":"2025-10-30T15:09:03+00:00","breadcrumb":{"@id":"https:\/\/haraltt.com.br\/index.php\/product\/jekyll-hyde-c-57-5-xiom\/#breadcrumb"},"inLanguage":"pt-BR","potentialAction":[{"@type":"ReadAction","target":["https:\/\/haraltt.com.br\/index.php\/product\/jekyll-hyde-c-57-5-xiom\/"]}]},{"@type":"ImageObject","inLanguage":"pt-BR","@id":"https:\/\/haraltt.com.br\/index.php\/product\/jekyll-hyde-c-57-5-xiom\/#primaryimage","url":"https:\/\/haraltt.com.br\/wp-content\/uploads\/2025\/08\/th.webp","contentUrl":"https:\/\/haraltt.com.br\/wp-content\/uploads\/2025\/08\/th.webp","width":474,"height":474},{"@type":"BreadcrumbList","@id":"https:\/\/haraltt.com.br\/index.php\/product\/jekyll-hyde-c-57-5-xiom\/#breadcrumb","itemListElement":[{"@type":"ListItem","position":1,"name":"In\u00edcio","item":"https:\/\/haraltt.com.br\/"},{"@type":"ListItem","position":2,"name":"Loja","item":"https:\/\/haraltt.com.br\/index.php\/loja\/"},{"@type":"ListItem","position":3,"name":"Jekyll &#038; Hyde C 57.5 &#8211; XIOM"}]},{"@type":"WebSite","@id":"https:\/\/haraltt.com.br\/#website","url":"https:\/\/haraltt.com.br\/","name":"Haraltt","description":"T\u00eanis de mesa de forma acessivel","publisher":{"@id":"https:\/\/haraltt.com.br\/#organization"},"potentialAction":[{"@type":"SearchAction","target":{"@type":"EntryPoint","urlTemplate":"https:\/\/haraltt.com.br\/?s={search_term_string}"},"query-input":"required name=search_term_string"}],"inLanguage":"pt-BR"},{"@type":"Organization","@id":"https:\/\/haraltt.com.br\/#organization","name":"Haraltt","url":"https:\/\/haraltt.com.br\/","logo":{"@type":"ImageObject","inLanguage":"pt-BR","@id":"https:\/\/haraltt.com.br\/#\/schema\/logo\/image\/","url":"\/\/\/wp-content\/uploads\/2024\/02\/44811478-removebg-preview.png","contentUrl":"\/\/\/wp-content\/uploads\/2024\/02\/44811478-removebg-preview.png","width":500,"height":500,"caption":"Haraltt"},"image":{"@id":"https:\/\/haraltt.com.br\/#\/schema\/logo\/image\/"}}]}},"_links":{"self":[{"href":"https:\/\/haraltt.com.br\/index.php\/wp-json\/wp\/v2\/product\/4664","targetHints":{"allow":["GET"]}}],"collection":[{"href":"https:\/\/haraltt.com.br\/index.php\/wp-json\/wp\/v2\/product"}],"about":[{"href":"https:\/\/haraltt.com.br\/index.php\/wp-json\/wp\/v2\/types\/product"}],"replies":[{"embeddable":true,"href":"https:\/\/haraltt.com.br\/index.php\/wp-json\/wp\/v2\/comments?post=4664"}],"wp:featuredmedia":[{"embeddable":true,"href":"https:\/\/haraltt.com.br\/index.php\/wp-json\/wp\/v2\/media\/4667"}],"wp:attachment":[{"href":"https:\/\/haraltt.com.br\/index.php\/wp-json\/wp\/v2\/media?parent=4664"}],"wp:term":[{"taxonomy":"product_cat","embeddable":true,"href":"https:\/\/haraltt.com.br\/index.php\/wp-json\/wp\/v2\/product_cat?post=4664"},{"taxonomy":"product_tag","embeddable":true,"href":"https:\/\/haraltt.com.br\/index.php\/wp-json\/wp\/v2\/product_tag?post=4664"}],"curies":[{"name":"wp","href":"https:\/\/api.w.org\/{rel}","templated":true}]}}