{"id":4661,"date":"2025-08-04T16:04:50","date_gmt":"2025-08-04T19:04:50","guid":{"rendered":"https:\/\/haraltt.com.br\/?post_type=product&#038;p=4661"},"modified":"2025-09-09T17:32:43","modified_gmt":"2025-09-09T20:32:43","slug":"jekyll-hyde-v-47-5-xiom","status":"publish","type":"product","link":"https:\/\/haraltt.com.br\/index.php\/product\/jekyll-hyde-v-47-5-xiom\/","title":{"rendered":"Jekyll &#038; Hyde V 47.5 &#8211; XIOM"},"content":{"rendered":"<h3 data-start=\"33\" data-end=\"53\">Parte t\u00e9cnica<\/h3>\n<p data-start=\"54\" data-end=\"355\">A <strong data-start=\"56\" data-end=\"80\">Jekyll &amp; Hyde V 47.5<\/strong> \u00e9 uma borracha voltada para <strong data-start=\"109\" data-end=\"170\">atacantes que jogam pr\u00f3ximos ou a m\u00e9dia dist\u00e2ncia da mesa<\/strong>, com foco em <strong data-start=\"184\" data-end=\"228\">acelera\u00e7\u00e3o r\u00e1pida e resposta mais direta<\/strong>. A letra <strong data-start=\"238\" data-end=\"245\">\u201cV\u201d<\/strong> na linha Jekyll &amp; Hyde refere-se ao conceito de \u201cVelocity\u201d, ou seja, <strong data-start=\"315\" data-end=\"354\">velocidade e linearidade no disparo<\/strong>.<\/p>\n<p data-start=\"357\" data-end=\"650\">Com <strong data-start=\"361\" data-end=\"391\">47.5\u00b0 de dureza na esponja<\/strong>, \u00e9 uma borracha de dureza m\u00e9dia-alta, permitindo pot\u00eancia sem perder tanto em controle. A esponja tem uma estrutura interna otimizada para <strong data-start=\"531\" data-end=\"563\">boa transfer\u00eancia de energia<\/strong>, e o topsheet \u00e9 moderno, mas menos pegajoso do que as vers\u00f5es \u201cC\u201d (que focam em spin).<\/p>\n<p data-start=\"652\" data-end=\"900\">Essa configura\u00e7\u00e3o resulta em um comportamento <strong data-start=\"698\" data-end=\"713\">mais direto<\/strong>, com sa\u00edda de bola r\u00e1pida, bom poder de finaliza\u00e7\u00e3o, e <strong data-start=\"769\" data-end=\"792\">menos curva no arco<\/strong>, ou seja, a bola viaja mais reto ao ser batida \u2014 ideal para golpes de contra-ataque e finaliza\u00e7\u00f5es r\u00e1pidas.<\/p>\n<h3 data-start=\"902\" data-end=\"924\">Exemplo pr\u00e1tico<\/h3>\n<p data-start=\"925\" data-end=\"1287\">Indicada para atletas ofensivos que querem uma borracha <strong data-start=\"981\" data-end=\"1013\">r\u00e1pida, potente e responsiva<\/strong>, mas que <strong data-start=\"1023\" data-end=\"1079\">n\u00e3o exija o mesmo esfor\u00e7o f\u00edsico ou t\u00e9cnica refinada<\/strong> de vers\u00f5es mais duras. Pode ser usada em ambos os lados da raquete, mas \u00e9 especialmente eficiente no forehand de jogadores que gostam de pressionar com drives firmes, ou em backhands potentes com menos spin.<\/p>\n<p data-start=\"1289\" data-end=\"1392\">Combina bem com madeiras ofensivas equilibradas ou levemente mais controladas para manter estabilidade.<\/p>\n<h3 data-start=\"1394\" data-end=\"1407\">Resumo<\/h3>\n<ul data-start=\"1408\" data-end=\"1669\">\n<li data-start=\"1408\" data-end=\"1471\">\n<p data-start=\"1410\" data-end=\"1471\"><strong data-start=\"1410\" data-end=\"1429\">Estilo de jogo:<\/strong> ofensivo direto, com foco em velocidade<\/p>\n<\/li>\n<li data-start=\"1472\" data-end=\"1516\">\n<p data-start=\"1474\" data-end=\"1516\"><strong data-start=\"1474\" data-end=\"1483\">Arco:<\/strong> baixo a m\u00e9dio (bola mais reta)<\/p>\n<\/li>\n<li data-start=\"1517\" data-end=\"1551\">\n<p data-start=\"1519\" data-end=\"1551\"><strong data-start=\"1519\" data-end=\"1530\">Dureza:<\/strong> m\u00e9dia-alta (47.5\u00b0)<\/p>\n<\/li>\n<li data-start=\"1552\" data-end=\"1576\">\n<p data-start=\"1554\" data-end=\"1576\"><strong data-start=\"1554\" data-end=\"1569\">Velocidade:<\/strong> alta<\/p>\n<\/li>\n<li data-start=\"1577\" data-end=\"1622\">\n<p data-start=\"1579\" data-end=\"1622\"><strong data-start=\"1579\" data-end=\"1588\">Spin:<\/strong> bom, mas abaixo das vers\u00f5es \u201cC\u201d<\/p>\n<\/li>\n<li data-start=\"1623\" data-end=\"1669\">\n<p data-start=\"1625\" data-end=\"1669\"><strong data-start=\"1625\" data-end=\"1645\">Dist\u00e2ncia ideal:<\/strong> curta a m\u00e9dia da mesa<\/p>\n<\/li>\n<\/ul>\n","protected":false},"excerpt":{"rendered":"<p>Parte t\u00e9cnica A Jekyll &amp; Hyde V 47.5 \u00e9 uma borracha voltada para atacantes que jogam pr\u00f3ximos ou a m\u00e9dia dist\u00e2ncia da mesa, com foco em acelera\u00e7\u00e3o r\u00e1pida e resposta mais direta. A letra \u201cV\u201d na linha Jekyll &amp; Hyde refere-se ao conceito de \u201cVelocity\u201d, ou seja, velocidade e linearidade no disparo. Com 47.5\u00b0 de [&hellip;]<\/p>\n","protected":false},"featured_media":4656,"comment_status":"open","ping_status":"closed","template":"","meta":{"_joinchat":[]},"product_cat":[28,89],"product_tag":[],"class_list":{"0":"post-4661","1":"product","2":"type-product","3":"status-publish","4":"has-post-thumbnail","6":"product_cat-borrachas","7":"product_cat-xiom","9":"first","10":"onbackorder","11":"shipping-taxable","12":"purchasable","13":"product-type-variable"},"yoast_head":"<!-- This site is optimized with the Yoast SEO plugin v22.2 - https:\/\/yoast.com\/wordpress\/plugins\/seo\/ -->\n<title>Jekyll &amp; Hyde V 47.5 - XIOM - Haraltt<\/title>\n<meta name=\"robots\" content=\"index, follow, max-snippet:-1, max-image-preview:large, max-video-preview:-1\" \/>\n<link rel=\"canonical\" href=\"https:\/\/haraltt.com.br\/index.php\/product\/jekyll-hyde-v-47-5-xiom\/\" \/>\n<meta property=\"og:locale\" content=\"pt_BR\" \/>\n<meta property=\"og:type\" content=\"article\" \/>\n<meta property=\"og:title\" content=\"Jekyll &amp; Hyde V 47.5 - XIOM - Haraltt\" \/>\n<meta property=\"og:description\" content=\"Parte t\u00e9cnica A Jekyll &amp; Hyde V 47.5 \u00e9 uma borracha voltada para atacantes que jogam pr\u00f3ximos ou a m\u00e9dia dist\u00e2ncia da mesa, com foco em acelera\u00e7\u00e3o r\u00e1pida e resposta mais direta. A letra \u201cV\u201d na linha Jekyll &amp; Hyde refere-se ao conceito de \u201cVelocity\u201d, ou seja, velocidade e linearidade no disparo. Com 47.5\u00b0 de [&hellip;]\" \/>\n<meta property=\"og:url\" content=\"https:\/\/haraltt.com.br\/index.php\/product\/jekyll-hyde-v-47-5-xiom\/\" \/>\n<meta property=\"og:site_name\" content=\"Haraltt\" \/>\n<meta property=\"article:modified_time\" content=\"2025-09-09T20:32:43+00:00\" \/>\n<meta property=\"og:image\" content=\"http:\/\/haraltt.com.br\/wp-content\/uploads\/2025\/08\/732cc16837322fef7b08bf0f43460318-vj6iaob9d1.webp\" \/>\n\t<meta property=\"og:image:width\" content=\"960\" \/>\n\t<meta property=\"og:image:height\" content=\"960\" \/>\n\t<meta property=\"og:image:type\" content=\"image\/webp\" \/>\n<meta name=\"twitter:card\" content=\"summary_large_image\" \/>\n<meta name=\"twitter:label1\" content=\"Est. tempo de leitura\" \/>\n\t<meta name=\"twitter:data1\" content=\"2 minutos\" \/>\n<script type=\"application\/ld+json\" class=\"yoast-schema-graph\">{\"@context\":\"https:\/\/schema.org\",\"@graph\":[{\"@type\":\"WebPage\",\"@id\":\"https:\/\/haraltt.com.br\/index.php\/product\/jekyll-hyde-v-47-5-xiom\/\",\"url\":\"https:\/\/haraltt.com.br\/index.php\/product\/jekyll-hyde-v-47-5-xiom\/\",\"name\":\"Jekyll & Hyde V 47.5 - XIOM - Haraltt\",\"isPartOf\":{\"@id\":\"https:\/\/haraltt.com.br\/#website\"},\"primaryImageOfPage\":{\"@id\":\"https:\/\/haraltt.com.br\/index.php\/product\/jekyll-hyde-v-47-5-xiom\/#primaryimage\"},\"image\":{\"@id\":\"https:\/\/haraltt.com.br\/index.php\/product\/jekyll-hyde-v-47-5-xiom\/#primaryimage\"},\"thumbnailUrl\":\"https:\/\/haraltt.com.br\/wp-content\/uploads\/2025\/08\/732cc16837322fef7b08bf0f43460318-vj6iaob9d1.webp\",\"datePublished\":\"2025-08-04T19:04:50+00:00\",\"dateModified\":\"2025-09-09T20:32:43+00:00\",\"breadcrumb\":{\"@id\":\"https:\/\/haraltt.com.br\/index.php\/product\/jekyll-hyde-v-47-5-xiom\/#breadcrumb\"},\"inLanguage\":\"pt-BR\",\"potentialAction\":[{\"@type\":\"ReadAction\",\"target\":[\"https:\/\/haraltt.com.br\/index.php\/product\/jekyll-hyde-v-47-5-xiom\/\"]}]},{\"@type\":\"ImageObject\",\"inLanguage\":\"pt-BR\",\"@id\":\"https:\/\/haraltt.com.br\/index.php\/product\/jekyll-hyde-v-47-5-xiom\/#primaryimage\",\"url\":\"https:\/\/haraltt.com.br\/wp-content\/uploads\/2025\/08\/732cc16837322fef7b08bf0f43460318-vj6iaob9d1.webp\",\"contentUrl\":\"https:\/\/haraltt.com.br\/wp-content\/uploads\/2025\/08\/732cc16837322fef7b08bf0f43460318-vj6iaob9d1.webp\",\"width\":960,\"height\":960},{\"@type\":\"BreadcrumbList\",\"@id\":\"https:\/\/haraltt.com.br\/index.php\/product\/jekyll-hyde-v-47-5-xiom\/#breadcrumb\",\"itemListElement\":[{\"@type\":\"ListItem\",\"position\":1,\"name\":\"In\u00edcio\",\"item\":\"https:\/\/haraltt.com.br\/\"},{\"@type\":\"ListItem\",\"position\":2,\"name\":\"Loja\",\"item\":\"https:\/\/haraltt.com.br\/index.php\/loja\/\"},{\"@type\":\"ListItem\",\"position\":3,\"name\":\"Jekyll &#038; Hyde V 47.5 &#8211; XIOM\"}]},{\"@type\":\"WebSite\",\"@id\":\"https:\/\/haraltt.com.br\/#website\",\"url\":\"https:\/\/haraltt.com.br\/\",\"name\":\"Haraltt\",\"description\":\"T\u00eanis de mesa de forma acessivel\",\"publisher\":{\"@id\":\"https:\/\/haraltt.com.br\/#organization\"},\"potentialAction\":[{\"@type\":\"SearchAction\",\"target\":{\"@type\":\"EntryPoint\",\"urlTemplate\":\"https:\/\/haraltt.com.br\/?s={search_term_string}\"},\"query-input\":\"required name=search_term_string\"}],\"inLanguage\":\"pt-BR\"},{\"@type\":\"Organization\",\"@id\":\"https:\/\/haraltt.com.br\/#organization\",\"name\":\"Haraltt\",\"url\":\"https:\/\/haraltt.com.br\/\",\"logo\":{\"@type\":\"ImageObject\",\"inLanguage\":\"pt-BR\",\"@id\":\"https:\/\/haraltt.com.br\/#\/schema\/logo\/image\/\",\"url\":\"\/\/\/wp-content\/uploads\/2024\/02\/44811478-removebg-preview.png\",\"contentUrl\":\"\/\/\/wp-content\/uploads\/2024\/02\/44811478-removebg-preview.png\",\"width\":500,\"height\":500,\"caption\":\"Haraltt\"},\"image\":{\"@id\":\"https:\/\/haraltt.com.br\/#\/schema\/logo\/image\/\"}}]}<\/script>\n<!-- \/ Yoast SEO plugin. -->","yoast_head_json":{"title":"Jekyll & Hyde V 47.5 - XIOM - Haraltt","robots":{"index":"index","follow":"follow","max-snippet":"max-snippet:-1","max-image-preview":"max-image-preview:large","max-video-preview":"max-video-preview:-1"},"canonical":"https:\/\/haraltt.com.br\/index.php\/product\/jekyll-hyde-v-47-5-xiom\/","og_locale":"pt_BR","og_type":"article","og_title":"Jekyll & Hyde V 47.5 - XIOM - Haraltt","og_description":"Parte t\u00e9cnica A Jekyll &amp; Hyde V 47.5 \u00e9 uma borracha voltada para atacantes que jogam pr\u00f3ximos ou a m\u00e9dia dist\u00e2ncia da mesa, com foco em acelera\u00e7\u00e3o r\u00e1pida e resposta mais direta. A letra \u201cV\u201d na linha Jekyll &amp; Hyde refere-se ao conceito de \u201cVelocity\u201d, ou seja, velocidade e linearidade no disparo. Com 47.5\u00b0 de [&hellip;]","og_url":"https:\/\/haraltt.com.br\/index.php\/product\/jekyll-hyde-v-47-5-xiom\/","og_site_name":"Haraltt","article_modified_time":"2025-09-09T20:32:43+00:00","og_image":[{"width":960,"height":960,"url":"http:\/\/haraltt.com.br\/wp-content\/uploads\/2025\/08\/732cc16837322fef7b08bf0f43460318-vj6iaob9d1.webp","type":"image\/webp"}],"twitter_card":"summary_large_image","twitter_misc":{"Est. tempo de leitura":"2 minutos"},"schema":{"@context":"https:\/\/schema.org","@graph":[{"@type":"WebPage","@id":"https:\/\/haraltt.com.br\/index.php\/product\/jekyll-hyde-v-47-5-xiom\/","url":"https:\/\/haraltt.com.br\/index.php\/product\/jekyll-hyde-v-47-5-xiom\/","name":"Jekyll & Hyde V 47.5 - XIOM - Haraltt","isPartOf":{"@id":"https:\/\/haraltt.com.br\/#website"},"primaryImageOfPage":{"@id":"https:\/\/haraltt.com.br\/index.php\/product\/jekyll-hyde-v-47-5-xiom\/#primaryimage"},"image":{"@id":"https:\/\/haraltt.com.br\/index.php\/product\/jekyll-hyde-v-47-5-xiom\/#primaryimage"},"thumbnailUrl":"https:\/\/haraltt.com.br\/wp-content\/uploads\/2025\/08\/732cc16837322fef7b08bf0f43460318-vj6iaob9d1.webp","datePublished":"2025-08-04T19:04:50+00:00","dateModified":"2025-09-09T20:32:43+00:00","breadcrumb":{"@id":"https:\/\/haraltt.com.br\/index.php\/product\/jekyll-hyde-v-47-5-xiom\/#breadcrumb"},"inLanguage":"pt-BR","potentialAction":[{"@type":"ReadAction","target":["https:\/\/haraltt.com.br\/index.php\/product\/jekyll-hyde-v-47-5-xiom\/"]}]},{"@type":"ImageObject","inLanguage":"pt-BR","@id":"https:\/\/haraltt.com.br\/index.php\/product\/jekyll-hyde-v-47-5-xiom\/#primaryimage","url":"https:\/\/haraltt.com.br\/wp-content\/uploads\/2025\/08\/732cc16837322fef7b08bf0f43460318-vj6iaob9d1.webp","contentUrl":"https:\/\/haraltt.com.br\/wp-content\/uploads\/2025\/08\/732cc16837322fef7b08bf0f43460318-vj6iaob9d1.webp","width":960,"height":960},{"@type":"BreadcrumbList","@id":"https:\/\/haraltt.com.br\/index.php\/product\/jekyll-hyde-v-47-5-xiom\/#breadcrumb","itemListElement":[{"@type":"ListItem","position":1,"name":"In\u00edcio","item":"https:\/\/haraltt.com.br\/"},{"@type":"ListItem","position":2,"name":"Loja","item":"https:\/\/haraltt.com.br\/index.php\/loja\/"},{"@type":"ListItem","position":3,"name":"Jekyll &#038; Hyde V 47.5 &#8211; XIOM"}]},{"@type":"WebSite","@id":"https:\/\/haraltt.com.br\/#website","url":"https:\/\/haraltt.com.br\/","name":"Haraltt","description":"T\u00eanis de mesa de forma acessivel","publisher":{"@id":"https:\/\/haraltt.com.br\/#organization"},"potentialAction":[{"@type":"SearchAction","target":{"@type":"EntryPoint","urlTemplate":"https:\/\/haraltt.com.br\/?s={search_term_string}"},"query-input":"required name=search_term_string"}],"inLanguage":"pt-BR"},{"@type":"Organization","@id":"https:\/\/haraltt.com.br\/#organization","name":"Haraltt","url":"https:\/\/haraltt.com.br\/","logo":{"@type":"ImageObject","inLanguage":"pt-BR","@id":"https:\/\/haraltt.com.br\/#\/schema\/logo\/image\/","url":"\/\/\/wp-content\/uploads\/2024\/02\/44811478-removebg-preview.png","contentUrl":"\/\/\/wp-content\/uploads\/2024\/02\/44811478-removebg-preview.png","width":500,"height":500,"caption":"Haraltt"},"image":{"@id":"https:\/\/haraltt.com.br\/#\/schema\/logo\/image\/"}}]}},"_links":{"self":[{"href":"https:\/\/haraltt.com.br\/index.php\/wp-json\/wp\/v2\/product\/4661","targetHints":{"allow":["GET"]}}],"collection":[{"href":"https:\/\/haraltt.com.br\/index.php\/wp-json\/wp\/v2\/product"}],"about":[{"href":"https:\/\/haraltt.com.br\/index.php\/wp-json\/wp\/v2\/types\/product"}],"replies":[{"embeddable":true,"href":"https:\/\/haraltt.com.br\/index.php\/wp-json\/wp\/v2\/comments?post=4661"}],"wp:featuredmedia":[{"embeddable":true,"href":"https:\/\/haraltt.com.br\/index.php\/wp-json\/wp\/v2\/media\/4656"}],"wp:attachment":[{"href":"https:\/\/haraltt.com.br\/index.php\/wp-json\/wp\/v2\/media?parent=4661"}],"wp:term":[{"taxonomy":"product_cat","embeddable":true,"href":"https:\/\/haraltt.com.br\/index.php\/wp-json\/wp\/v2\/product_cat?post=4661"},{"taxonomy":"product_tag","embeddable":true,"href":"https:\/\/haraltt.com.br\/index.php\/wp-json\/wp\/v2\/product_tag?post=4661"}],"curies":[{"name":"wp","href":"https:\/\/api.w.org\/{rel}","templated":true}]}}