{"id":4646,"date":"2025-08-04T15:51:01","date_gmt":"2025-08-04T18:51:01","guid":{"rendered":"https:\/\/haraltt.com.br\/?post_type=product&#038;p=4646"},"modified":"2025-09-09T17:36:35","modified_gmt":"2025-09-09T20:36:35","slug":"jekyll-hyde-x-47-5-xiom","status":"publish","type":"product","link":"https:\/\/haraltt.com.br\/index.php\/product\/jekyll-hyde-x-47-5-xiom\/","title":{"rendered":"Jekyll &#038; Hyde X 47.5 &#8211; XIOM"},"content":{"rendered":"<h3 data-start=\"33\" data-end=\"53\">Parte t\u00e9cnica<\/h3>\n<p data-start=\"54\" data-end=\"376\">A <strong data-start=\"56\" data-end=\"80\">Jekyll &amp; Hyde X 47.5<\/strong> \u00e9 uma borracha ofensiva avan\u00e7ada da XIOM, projetada para jogadores que desejam <strong data-start=\"160\" data-end=\"199\">alta pot\u00eancia com controle refinado<\/strong>, especialmente nos rallies de m\u00e9dia e longa dist\u00e2ncia. Seu nome faz alus\u00e3o ao \u201cduplo car\u00e1ter\u201d da borracha \u2014 <strong data-start=\"308\" data-end=\"375\">explosiva no ataque, mas est\u00e1vel e control\u00e1vel no toque de bola<\/strong>.<\/p>\n<p data-start=\"378\" data-end=\"616\">Ela possui uma <strong data-start=\"393\" data-end=\"417\">esponja dura (47.5\u00b0)<\/strong> com estrutura porosa e utiliza a tecnologia &#8220;Energy Boost&#8221; da XIOM, que entrega mais energia nas batidas fortes. J\u00e1 o <strong data-start=\"536\" data-end=\"575\">topsheet \u00e9 el\u00e1stico, de alta tens\u00e3o<\/strong>, oferecendo \u00f3timo grip sem ser pegajoso.<\/p>\n<p data-start=\"618\" data-end=\"892\">Seu comportamento \u00e9 din\u00e2mico: em batidas leves, ela entrega <strong data-start=\"678\" data-end=\"710\">boa sensibilidade e controle<\/strong>, enquanto em ataques plenos libera <strong data-start=\"746\" data-end=\"776\">velocidade e spin elevados<\/strong>. O <strong data-start=\"780\" data-end=\"803\">arco \u00e9 m\u00e9dio a alto<\/strong>, o que favorece loopings potentes e com seguran\u00e7a, principalmente em trocas mais longas.<\/p>\n<h3 data-start=\"894\" data-end=\"916\">Exemplo pr\u00e1tico<\/h3>\n<p data-start=\"917\" data-end=\"1181\">Ideal para <strong data-start=\"928\" data-end=\"961\">atletas de alto n\u00edvel t\u00e9cnico<\/strong>, com estilo ofensivo moderno. Funciona especialmente bem para jogadores que gostam de trabalhar o ponto com spin e pot\u00eancia em m\u00e9dia dist\u00e2ncia, mas que tamb\u00e9m exigem <strong data-start=\"1128\" data-end=\"1180\">resposta firme no toque curto e bloqueios ativos<\/strong>.<\/p>\n<p data-start=\"1183\" data-end=\"1338\">Combina melhor com <strong data-start=\"1202\" data-end=\"1243\">madeiras mais est\u00e1veis ou balanceadas<\/strong>, principalmente carbonadas, j\u00e1 que a borracha por si s\u00f3 j\u00e1 entrega bastante kick e velocidade.<\/p>\n<h3 data-start=\"1340\" data-end=\"1353\">Resumo<\/h3>\n<ul data-start=\"1354\" data-end=\"1586\">\n<li data-start=\"1354\" data-end=\"1427\">\n<p data-start=\"1356\" data-end=\"1427\"><strong data-start=\"1356\" data-end=\"1375\">Estilo de jogo:<\/strong> ofensivo com equil\u00edbrio entre pot\u00eancia e controle<\/p>\n<\/li>\n<li data-start=\"1428\" data-end=\"1454\">\n<p data-start=\"1430\" data-end=\"1454\"><strong data-start=\"1430\" data-end=\"1439\">Arco:<\/strong> m\u00e9dio a alto<\/p>\n<\/li>\n<li data-start=\"1455\" data-end=\"1483\">\n<p data-start=\"1457\" data-end=\"1483\"><strong data-start=\"1457\" data-end=\"1468\">Dureza:<\/strong> dura (47.5\u00b0)<\/p>\n<\/li>\n<li data-start=\"1484\" data-end=\"1514\">\n<p data-start=\"1486\" data-end=\"1514\"><strong data-start=\"1486\" data-end=\"1501\">Velocidade:<\/strong> muito alta<\/p>\n<\/li>\n<li data-start=\"1515\" data-end=\"1539\">\n<p data-start=\"1517\" data-end=\"1539\"><strong data-start=\"1517\" data-end=\"1526\">Spin:<\/strong> muito alto<\/p>\n<\/li>\n<li data-start=\"1540\" data-end=\"1586\">\n<p data-start=\"1542\" data-end=\"1586\"><strong data-start=\"1542\" data-end=\"1562\">Dist\u00e2ncia ideal:<\/strong> m\u00e9dia e longa da mesa<\/p>\n<\/li>\n<\/ul>\n","protected":false},"excerpt":{"rendered":"<p>Parte t\u00e9cnica A Jekyll &amp; Hyde X 47.5 \u00e9 uma borracha ofensiva avan\u00e7ada da XIOM, projetada para jogadores que desejam alta pot\u00eancia com controle refinado, especialmente nos rallies de m\u00e9dia e longa dist\u00e2ncia. Seu nome faz alus\u00e3o ao \u201cduplo car\u00e1ter\u201d da borracha \u2014 explosiva no ataque, mas est\u00e1vel e control\u00e1vel no toque de bola. Ela [&hellip;]<\/p>\n","protected":false},"featured_media":4657,"comment_status":"open","ping_status":"closed","template":"","meta":{"_joinchat":[]},"product_cat":[28,89],"product_tag":[],"class_list":{"0":"post-4646","1":"product","2":"type-product","3":"status-publish","4":"has-post-thumbnail","6":"product_cat-borrachas","7":"product_cat-xiom","9":"first","10":"onbackorder","11":"sale","12":"shipping-taxable","13":"purchasable","14":"product-type-variable"},"yoast_head":"<!-- This site is optimized with the Yoast SEO plugin v22.2 - https:\/\/yoast.com\/wordpress\/plugins\/seo\/ -->\n<title>Jekyll &amp; Hyde X 47.5 - XIOM - Haraltt<\/title>\n<meta name=\"robots\" content=\"index, follow, max-snippet:-1, max-image-preview:large, max-video-preview:-1\" \/>\n<link rel=\"canonical\" href=\"https:\/\/haraltt.com.br\/index.php\/product\/jekyll-hyde-x-47-5-xiom\/\" \/>\n<meta property=\"og:locale\" content=\"pt_BR\" \/>\n<meta property=\"og:type\" content=\"article\" \/>\n<meta property=\"og:title\" content=\"Jekyll &amp; Hyde X 47.5 - XIOM - Haraltt\" \/>\n<meta property=\"og:description\" content=\"Parte t\u00e9cnica A Jekyll &amp; Hyde X 47.5 \u00e9 uma borracha ofensiva avan\u00e7ada da XIOM, projetada para jogadores que desejam alta pot\u00eancia com controle refinado, especialmente nos rallies de m\u00e9dia e longa dist\u00e2ncia. Seu nome faz alus\u00e3o ao \u201cduplo car\u00e1ter\u201d da borracha \u2014 explosiva no ataque, mas est\u00e1vel e control\u00e1vel no toque de bola. Ela [&hellip;]\" \/>\n<meta property=\"og:url\" content=\"https:\/\/haraltt.com.br\/index.php\/product\/jekyll-hyde-x-47-5-xiom\/\" \/>\n<meta property=\"og:site_name\" content=\"Haraltt\" \/>\n<meta property=\"article:modified_time\" content=\"2025-09-09T20:36:35+00:00\" \/>\n<meta property=\"og:image\" content=\"http:\/\/haraltt.com.br\/wp-content\/uploads\/2025\/08\/6d8fef0d3dc8655c3b9a765458da4945-pkntu881hj.webp\" \/>\n\t<meta property=\"og:image:width\" content=\"800\" \/>\n\t<meta property=\"og:image:height\" content=\"800\" \/>\n\t<meta property=\"og:image:type\" content=\"image\/webp\" \/>\n<meta name=\"twitter:card\" content=\"summary_large_image\" \/>\n<meta name=\"twitter:label1\" content=\"Est. tempo de leitura\" \/>\n\t<meta name=\"twitter:data1\" content=\"2 minutos\" \/>\n<script type=\"application\/ld+json\" class=\"yoast-schema-graph\">{\"@context\":\"https:\/\/schema.org\",\"@graph\":[{\"@type\":\"WebPage\",\"@id\":\"https:\/\/haraltt.com.br\/index.php\/product\/jekyll-hyde-x-47-5-xiom\/\",\"url\":\"https:\/\/haraltt.com.br\/index.php\/product\/jekyll-hyde-x-47-5-xiom\/\",\"name\":\"Jekyll & Hyde X 47.5 - XIOM - Haraltt\",\"isPartOf\":{\"@id\":\"https:\/\/haraltt.com.br\/#website\"},\"primaryImageOfPage\":{\"@id\":\"https:\/\/haraltt.com.br\/index.php\/product\/jekyll-hyde-x-47-5-xiom\/#primaryimage\"},\"image\":{\"@id\":\"https:\/\/haraltt.com.br\/index.php\/product\/jekyll-hyde-x-47-5-xiom\/#primaryimage\"},\"thumbnailUrl\":\"https:\/\/haraltt.com.br\/wp-content\/uploads\/2025\/08\/6d8fef0d3dc8655c3b9a765458da4945-pkntu881hj.webp\",\"datePublished\":\"2025-08-04T18:51:01+00:00\",\"dateModified\":\"2025-09-09T20:36:35+00:00\",\"breadcrumb\":{\"@id\":\"https:\/\/haraltt.com.br\/index.php\/product\/jekyll-hyde-x-47-5-xiom\/#breadcrumb\"},\"inLanguage\":\"pt-BR\",\"potentialAction\":[{\"@type\":\"ReadAction\",\"target\":[\"https:\/\/haraltt.com.br\/index.php\/product\/jekyll-hyde-x-47-5-xiom\/\"]}]},{\"@type\":\"ImageObject\",\"inLanguage\":\"pt-BR\",\"@id\":\"https:\/\/haraltt.com.br\/index.php\/product\/jekyll-hyde-x-47-5-xiom\/#primaryimage\",\"url\":\"https:\/\/haraltt.com.br\/wp-content\/uploads\/2025\/08\/6d8fef0d3dc8655c3b9a765458da4945-pkntu881hj.webp\",\"contentUrl\":\"https:\/\/haraltt.com.br\/wp-content\/uploads\/2025\/08\/6d8fef0d3dc8655c3b9a765458da4945-pkntu881hj.webp\",\"width\":800,\"height\":800},{\"@type\":\"BreadcrumbList\",\"@id\":\"https:\/\/haraltt.com.br\/index.php\/product\/jekyll-hyde-x-47-5-xiom\/#breadcrumb\",\"itemListElement\":[{\"@type\":\"ListItem\",\"position\":1,\"name\":\"In\u00edcio\",\"item\":\"https:\/\/haraltt.com.br\/\"},{\"@type\":\"ListItem\",\"position\":2,\"name\":\"Loja\",\"item\":\"https:\/\/haraltt.com.br\/index.php\/loja\/\"},{\"@type\":\"ListItem\",\"position\":3,\"name\":\"Jekyll &#038; Hyde X 47.5 &#8211; XIOM\"}]},{\"@type\":\"WebSite\",\"@id\":\"https:\/\/haraltt.com.br\/#website\",\"url\":\"https:\/\/haraltt.com.br\/\",\"name\":\"Haraltt\",\"description\":\"T\u00eanis de mesa de forma acessivel\",\"publisher\":{\"@id\":\"https:\/\/haraltt.com.br\/#organization\"},\"potentialAction\":[{\"@type\":\"SearchAction\",\"target\":{\"@type\":\"EntryPoint\",\"urlTemplate\":\"https:\/\/haraltt.com.br\/?s={search_term_string}\"},\"query-input\":\"required name=search_term_string\"}],\"inLanguage\":\"pt-BR\"},{\"@type\":\"Organization\",\"@id\":\"https:\/\/haraltt.com.br\/#organization\",\"name\":\"Haraltt\",\"url\":\"https:\/\/haraltt.com.br\/\",\"logo\":{\"@type\":\"ImageObject\",\"inLanguage\":\"pt-BR\",\"@id\":\"https:\/\/haraltt.com.br\/#\/schema\/logo\/image\/\",\"url\":\"\/\/\/wp-content\/uploads\/2024\/02\/44811478-removebg-preview.png\",\"contentUrl\":\"\/\/\/wp-content\/uploads\/2024\/02\/44811478-removebg-preview.png\",\"width\":500,\"height\":500,\"caption\":\"Haraltt\"},\"image\":{\"@id\":\"https:\/\/haraltt.com.br\/#\/schema\/logo\/image\/\"}}]}<\/script>\n<!-- \/ Yoast SEO plugin. -->","yoast_head_json":{"title":"Jekyll & Hyde X 47.5 - XIOM - Haraltt","robots":{"index":"index","follow":"follow","max-snippet":"max-snippet:-1","max-image-preview":"max-image-preview:large","max-video-preview":"max-video-preview:-1"},"canonical":"https:\/\/haraltt.com.br\/index.php\/product\/jekyll-hyde-x-47-5-xiom\/","og_locale":"pt_BR","og_type":"article","og_title":"Jekyll & Hyde X 47.5 - XIOM - Haraltt","og_description":"Parte t\u00e9cnica A Jekyll &amp; Hyde X 47.5 \u00e9 uma borracha ofensiva avan\u00e7ada da XIOM, projetada para jogadores que desejam alta pot\u00eancia com controle refinado, especialmente nos rallies de m\u00e9dia e longa dist\u00e2ncia. Seu nome faz alus\u00e3o ao \u201cduplo car\u00e1ter\u201d da borracha \u2014 explosiva no ataque, mas est\u00e1vel e control\u00e1vel no toque de bola. Ela [&hellip;]","og_url":"https:\/\/haraltt.com.br\/index.php\/product\/jekyll-hyde-x-47-5-xiom\/","og_site_name":"Haraltt","article_modified_time":"2025-09-09T20:36:35+00:00","og_image":[{"width":800,"height":800,"url":"http:\/\/haraltt.com.br\/wp-content\/uploads\/2025\/08\/6d8fef0d3dc8655c3b9a765458da4945-pkntu881hj.webp","type":"image\/webp"}],"twitter_card":"summary_large_image","twitter_misc":{"Est. tempo de leitura":"2 minutos"},"schema":{"@context":"https:\/\/schema.org","@graph":[{"@type":"WebPage","@id":"https:\/\/haraltt.com.br\/index.php\/product\/jekyll-hyde-x-47-5-xiom\/","url":"https:\/\/haraltt.com.br\/index.php\/product\/jekyll-hyde-x-47-5-xiom\/","name":"Jekyll & Hyde X 47.5 - XIOM - Haraltt","isPartOf":{"@id":"https:\/\/haraltt.com.br\/#website"},"primaryImageOfPage":{"@id":"https:\/\/haraltt.com.br\/index.php\/product\/jekyll-hyde-x-47-5-xiom\/#primaryimage"},"image":{"@id":"https:\/\/haraltt.com.br\/index.php\/product\/jekyll-hyde-x-47-5-xiom\/#primaryimage"},"thumbnailUrl":"https:\/\/haraltt.com.br\/wp-content\/uploads\/2025\/08\/6d8fef0d3dc8655c3b9a765458da4945-pkntu881hj.webp","datePublished":"2025-08-04T18:51:01+00:00","dateModified":"2025-09-09T20:36:35+00:00","breadcrumb":{"@id":"https:\/\/haraltt.com.br\/index.php\/product\/jekyll-hyde-x-47-5-xiom\/#breadcrumb"},"inLanguage":"pt-BR","potentialAction":[{"@type":"ReadAction","target":["https:\/\/haraltt.com.br\/index.php\/product\/jekyll-hyde-x-47-5-xiom\/"]}]},{"@type":"ImageObject","inLanguage":"pt-BR","@id":"https:\/\/haraltt.com.br\/index.php\/product\/jekyll-hyde-x-47-5-xiom\/#primaryimage","url":"https:\/\/haraltt.com.br\/wp-content\/uploads\/2025\/08\/6d8fef0d3dc8655c3b9a765458da4945-pkntu881hj.webp","contentUrl":"https:\/\/haraltt.com.br\/wp-content\/uploads\/2025\/08\/6d8fef0d3dc8655c3b9a765458da4945-pkntu881hj.webp","width":800,"height":800},{"@type":"BreadcrumbList","@id":"https:\/\/haraltt.com.br\/index.php\/product\/jekyll-hyde-x-47-5-xiom\/#breadcrumb","itemListElement":[{"@type":"ListItem","position":1,"name":"In\u00edcio","item":"https:\/\/haraltt.com.br\/"},{"@type":"ListItem","position":2,"name":"Loja","item":"https:\/\/haraltt.com.br\/index.php\/loja\/"},{"@type":"ListItem","position":3,"name":"Jekyll &#038; Hyde X 47.5 &#8211; XIOM"}]},{"@type":"WebSite","@id":"https:\/\/haraltt.com.br\/#website","url":"https:\/\/haraltt.com.br\/","name":"Haraltt","description":"T\u00eanis de mesa de forma acessivel","publisher":{"@id":"https:\/\/haraltt.com.br\/#organization"},"potentialAction":[{"@type":"SearchAction","target":{"@type":"EntryPoint","urlTemplate":"https:\/\/haraltt.com.br\/?s={search_term_string}"},"query-input":"required name=search_term_string"}],"inLanguage":"pt-BR"},{"@type":"Organization","@id":"https:\/\/haraltt.com.br\/#organization","name":"Haraltt","url":"https:\/\/haraltt.com.br\/","logo":{"@type":"ImageObject","inLanguage":"pt-BR","@id":"https:\/\/haraltt.com.br\/#\/schema\/logo\/image\/","url":"\/\/\/wp-content\/uploads\/2024\/02\/44811478-removebg-preview.png","contentUrl":"\/\/\/wp-content\/uploads\/2024\/02\/44811478-removebg-preview.png","width":500,"height":500,"caption":"Haraltt"},"image":{"@id":"https:\/\/haraltt.com.br\/#\/schema\/logo\/image\/"}}]}},"_links":{"self":[{"href":"https:\/\/haraltt.com.br\/index.php\/wp-json\/wp\/v2\/product\/4646","targetHints":{"allow":["GET"]}}],"collection":[{"href":"https:\/\/haraltt.com.br\/index.php\/wp-json\/wp\/v2\/product"}],"about":[{"href":"https:\/\/haraltt.com.br\/index.php\/wp-json\/wp\/v2\/types\/product"}],"replies":[{"embeddable":true,"href":"https:\/\/haraltt.com.br\/index.php\/wp-json\/wp\/v2\/comments?post=4646"}],"wp:featuredmedia":[{"embeddable":true,"href":"https:\/\/haraltt.com.br\/index.php\/wp-json\/wp\/v2\/media\/4657"}],"wp:attachment":[{"href":"https:\/\/haraltt.com.br\/index.php\/wp-json\/wp\/v2\/media?parent=4646"}],"wp:term":[{"taxonomy":"product_cat","embeddable":true,"href":"https:\/\/haraltt.com.br\/index.php\/wp-json\/wp\/v2\/product_cat?post=4646"},{"taxonomy":"product_tag","embeddable":true,"href":"https:\/\/haraltt.com.br\/index.php\/wp-json\/wp\/v2\/product_tag?post=4646"}],"curies":[{"name":"wp","href":"https:\/\/api.w.org\/{rel}","templated":true}]}}