{"id":4642,"date":"2025-08-04T15:48:50","date_gmt":"2025-08-04T18:48:50","guid":{"rendered":"https:\/\/haraltt.com.br\/?post_type=product&#038;p=4642"},"modified":"2025-11-05T09:54:26","modified_gmt":"2025-11-05T12:54:26","slug":"vega-asia-xiom","status":"publish","type":"product","link":"https:\/\/haraltt.com.br\/index.php\/product\/vega-asia-xiom\/","title":{"rendered":"Vega Asia &#8211; XIOM"},"content":{"rendered":"<h3 data-start=\"22\" data-end=\"42\">Parte t\u00e9cnica<\/h3>\n<p data-start=\"43\" data-end=\"349\">A <strong data-start=\"45\" data-end=\"58\">Vega Asia<\/strong> \u00e9 uma borracha <strong data-start=\"74\" data-end=\"114\">r\u00e1pida, com toque direto e explosivo<\/strong>, feita para jogadores ofensivos que priorizam <strong data-start=\"161\" data-end=\"200\">precis\u00e3o e agressividade nos golpes<\/strong>. Ela usa uma <strong data-start=\"214\" data-end=\"248\">esponja de dureza m\u00e9dia (~45\u00b0)<\/strong>, combinada com um <strong data-start=\"267\" data-end=\"314\">topsheet el\u00e1stico, tensionado, n\u00e3o pegajoso<\/strong>, t\u00edpico do estilo europeu\/japon\u00eas.<\/p>\n<p data-start=\"351\" data-end=\"644\">Essa configura\u00e7\u00e3o proporciona <strong data-start=\"381\" data-end=\"418\">menor tempo de contato com a bola<\/strong>, resultando em golpes mais diretos e com arco mais <strong data-start=\"470\" data-end=\"487\">baixo a m\u00e9dio<\/strong>. \u00c9 excelente para ataques r\u00e1pidos e bloqueios ativos, sendo menos voltada para loopings com muito giro e mais para contra-ataques e jogo de ritmo acelerado.<\/p>\n<p data-start=\"646\" data-end=\"826\">Ela se destaca no jogo pr\u00f3ximo \u00e0 mesa, com <strong data-start=\"689\" data-end=\"732\">excelente controle em situa\u00e7\u00f5es r\u00e1pidas<\/strong>, sendo ideal para jogadores que preferem <strong data-start=\"774\" data-end=\"825\">press\u00e3o constante e decis\u00f5es r\u00e1pidas nos pontos<\/strong>.<\/p>\n<h3 data-start=\"828\" data-end=\"850\">Exemplo pr\u00e1tico<\/h3>\n<p data-start=\"851\" data-end=\"1147\">Indicada para <strong data-start=\"865\" data-end=\"925\">jogadores ofensivos que atuam a curta ou m\u00e9dia dist\u00e2ncia<\/strong>, com foco em <strong data-start=\"939\" data-end=\"985\">drives diretos, bloqueios e contra-ataques<\/strong>. Tamb\u00e9m \u00e9 uma \u00f3tima escolha para atletas que v\u00eam de borrachas mais macias e desejam dar um passo em dire\u00e7\u00e3o a algo mais r\u00e1pido, sem perder totalmente o controle.<\/p>\n<p data-start=\"1149\" data-end=\"1288\">Combina bem com <strong data-start=\"1165\" data-end=\"1202\">madeiras com bom toque e controle<\/strong>, especialmente as ofensivas de 5 folhas ou composi\u00e7\u00f5es mais equilibradas com carbono.<\/p>\n<h3 data-start=\"1290\" data-end=\"1303\">Resumo<\/h3>\n<ul data-start=\"1304\" data-end=\"1501\">\n<li data-start=\"1304\" data-end=\"1352\">\n<p data-start=\"1306\" data-end=\"1352\"><strong data-start=\"1306\" data-end=\"1325\">Estilo de jogo:<\/strong> ofensivo direto e r\u00e1pido<\/p>\n<\/li>\n<li data-start=\"1353\" data-end=\"1380\">\n<p data-start=\"1355\" data-end=\"1380\"><strong data-start=\"1355\" data-end=\"1364\">Arco:<\/strong> baixo a m\u00e9dio<\/p>\n<\/li>\n<li data-start=\"1381\" data-end=\"1409\">\n<p data-start=\"1383\" data-end=\"1409\"><strong data-start=\"1383\" data-end=\"1394\">Dureza:<\/strong> m\u00e9dia (~45\u00b0)<\/p>\n<\/li>\n<li data-start=\"1410\" data-end=\"1434\">\n<p data-start=\"1412\" data-end=\"1434\"><strong data-start=\"1412\" data-end=\"1427\">Velocidade:<\/strong> alta<\/p>\n<\/li>\n<li data-start=\"1435\" data-end=\"1454\">\n<p data-start=\"1437\" data-end=\"1454\"><strong data-start=\"1437\" data-end=\"1446\">Spin:<\/strong> m\u00e9dio<\/p>\n<\/li>\n<li data-start=\"1455\" data-end=\"1501\">\n<p data-start=\"1457\" data-end=\"1501\"><strong data-start=\"1457\" data-end=\"1477\">Dist\u00e2ncia ideal:<\/strong> curta e m\u00e9dia da mesa<\/p>\n<\/li>\n<\/ul>\n","protected":false},"excerpt":{"rendered":"<p>Parte t\u00e9cnica A Vega Asia \u00e9 uma borracha r\u00e1pida, com toque direto e explosivo, feita para jogadores ofensivos que priorizam precis\u00e3o e agressividade nos golpes. Ela usa uma esponja de dureza m\u00e9dia (~45\u00b0), combinada com um topsheet el\u00e1stico, tensionado, n\u00e3o pegajoso, t\u00edpico do estilo europeu\/japon\u00eas. Essa configura\u00e7\u00e3o proporciona menor tempo de contato com a bola, [&hellip;]<\/p>\n","protected":false},"featured_media":4645,"comment_status":"open","ping_status":"closed","template":"","meta":{"_joinchat":[]},"product_cat":[28,89],"product_tag":[],"class_list":{"0":"post-4642","1":"product","2":"type-product","3":"status-publish","4":"has-post-thumbnail","6":"product_cat-borrachas","7":"product_cat-xiom","9":"first","10":"onbackorder","11":"shipping-taxable","12":"purchasable","13":"product-type-variable"},"yoast_head":"<!-- This site is optimized with the Yoast SEO plugin v22.2 - https:\/\/yoast.com\/wordpress\/plugins\/seo\/ -->\n<title>Vega Asia - XIOM - Haraltt<\/title>\n<meta name=\"robots\" content=\"index, follow, max-snippet:-1, max-image-preview:large, max-video-preview:-1\" \/>\n<link rel=\"canonical\" href=\"https:\/\/haraltt.com.br\/index.php\/product\/vega-asia-xiom\/\" \/>\n<meta property=\"og:locale\" content=\"pt_BR\" \/>\n<meta property=\"og:type\" content=\"article\" \/>\n<meta property=\"og:title\" content=\"Vega Asia - XIOM - Haraltt\" \/>\n<meta property=\"og:description\" content=\"Parte t\u00e9cnica A Vega Asia \u00e9 uma borracha r\u00e1pida, com toque direto e explosivo, feita para jogadores ofensivos que priorizam precis\u00e3o e agressividade nos golpes. Ela usa uma esponja de dureza m\u00e9dia (~45\u00b0), combinada com um topsheet el\u00e1stico, tensionado, n\u00e3o pegajoso, t\u00edpico do estilo europeu\/japon\u00eas. Essa configura\u00e7\u00e3o proporciona menor tempo de contato com a bola, [&hellip;]\" \/>\n<meta property=\"og:url\" content=\"https:\/\/haraltt.com.br\/index.php\/product\/vega-asia-xiom\/\" \/>\n<meta property=\"og:site_name\" content=\"Haraltt\" \/>\n<meta property=\"article:modified_time\" content=\"2025-11-05T12:54:26+00:00\" \/>\n<meta property=\"og:image\" content=\"http:\/\/haraltt.com.br\/wp-content\/uploads\/2025\/08\/620bf36f893b39f7a86fd3ddd7484be8-i6vvca5t4h-1.webp\" \/>\n\t<meta property=\"og:image:width\" content=\"800\" \/>\n\t<meta property=\"og:image:height\" content=\"800\" \/>\n\t<meta property=\"og:image:type\" content=\"image\/webp\" \/>\n<meta name=\"twitter:card\" content=\"summary_large_image\" \/>\n<meta name=\"twitter:label1\" content=\"Est. tempo de leitura\" \/>\n\t<meta name=\"twitter:data1\" content=\"2 minutos\" \/>\n<script type=\"application\/ld+json\" class=\"yoast-schema-graph\">{\"@context\":\"https:\/\/schema.org\",\"@graph\":[{\"@type\":\"WebPage\",\"@id\":\"https:\/\/haraltt.com.br\/index.php\/product\/vega-asia-xiom\/\",\"url\":\"https:\/\/haraltt.com.br\/index.php\/product\/vega-asia-xiom\/\",\"name\":\"Vega Asia - XIOM - Haraltt\",\"isPartOf\":{\"@id\":\"https:\/\/haraltt.com.br\/#website\"},\"primaryImageOfPage\":{\"@id\":\"https:\/\/haraltt.com.br\/index.php\/product\/vega-asia-xiom\/#primaryimage\"},\"image\":{\"@id\":\"https:\/\/haraltt.com.br\/index.php\/product\/vega-asia-xiom\/#primaryimage\"},\"thumbnailUrl\":\"https:\/\/haraltt.com.br\/wp-content\/uploads\/2025\/08\/620bf36f893b39f7a86fd3ddd7484be8-i6vvca5t4h-1.webp\",\"datePublished\":\"2025-08-04T18:48:50+00:00\",\"dateModified\":\"2025-11-05T12:54:26+00:00\",\"breadcrumb\":{\"@id\":\"https:\/\/haraltt.com.br\/index.php\/product\/vega-asia-xiom\/#breadcrumb\"},\"inLanguage\":\"pt-BR\",\"potentialAction\":[{\"@type\":\"ReadAction\",\"target\":[\"https:\/\/haraltt.com.br\/index.php\/product\/vega-asia-xiom\/\"]}]},{\"@type\":\"ImageObject\",\"inLanguage\":\"pt-BR\",\"@id\":\"https:\/\/haraltt.com.br\/index.php\/product\/vega-asia-xiom\/#primaryimage\",\"url\":\"https:\/\/haraltt.com.br\/wp-content\/uploads\/2025\/08\/620bf36f893b39f7a86fd3ddd7484be8-i6vvca5t4h-1.webp\",\"contentUrl\":\"https:\/\/haraltt.com.br\/wp-content\/uploads\/2025\/08\/620bf36f893b39f7a86fd3ddd7484be8-i6vvca5t4h-1.webp\",\"width\":800,\"height\":800},{\"@type\":\"BreadcrumbList\",\"@id\":\"https:\/\/haraltt.com.br\/index.php\/product\/vega-asia-xiom\/#breadcrumb\",\"itemListElement\":[{\"@type\":\"ListItem\",\"position\":1,\"name\":\"In\u00edcio\",\"item\":\"https:\/\/haraltt.com.br\/\"},{\"@type\":\"ListItem\",\"position\":2,\"name\":\"Loja\",\"item\":\"https:\/\/haraltt.com.br\/index.php\/loja\/\"},{\"@type\":\"ListItem\",\"position\":3,\"name\":\"Vega Asia &#8211; XIOM\"}]},{\"@type\":\"WebSite\",\"@id\":\"https:\/\/haraltt.com.br\/#website\",\"url\":\"https:\/\/haraltt.com.br\/\",\"name\":\"Haraltt\",\"description\":\"T\u00eanis de mesa de forma acessivel\",\"publisher\":{\"@id\":\"https:\/\/haraltt.com.br\/#organization\"},\"potentialAction\":[{\"@type\":\"SearchAction\",\"target\":{\"@type\":\"EntryPoint\",\"urlTemplate\":\"https:\/\/haraltt.com.br\/?s={search_term_string}\"},\"query-input\":\"required name=search_term_string\"}],\"inLanguage\":\"pt-BR\"},{\"@type\":\"Organization\",\"@id\":\"https:\/\/haraltt.com.br\/#organization\",\"name\":\"Haraltt\",\"url\":\"https:\/\/haraltt.com.br\/\",\"logo\":{\"@type\":\"ImageObject\",\"inLanguage\":\"pt-BR\",\"@id\":\"https:\/\/haraltt.com.br\/#\/schema\/logo\/image\/\",\"url\":\"\/\/\/wp-content\/uploads\/2024\/02\/44811478-removebg-preview.png\",\"contentUrl\":\"\/\/\/wp-content\/uploads\/2024\/02\/44811478-removebg-preview.png\",\"width\":500,\"height\":500,\"caption\":\"Haraltt\"},\"image\":{\"@id\":\"https:\/\/haraltt.com.br\/#\/schema\/logo\/image\/\"}}]}<\/script>\n<!-- \/ Yoast SEO plugin. -->","yoast_head_json":{"title":"Vega Asia - XIOM - Haraltt","robots":{"index":"index","follow":"follow","max-snippet":"max-snippet:-1","max-image-preview":"max-image-preview:large","max-video-preview":"max-video-preview:-1"},"canonical":"https:\/\/haraltt.com.br\/index.php\/product\/vega-asia-xiom\/","og_locale":"pt_BR","og_type":"article","og_title":"Vega Asia - XIOM - Haraltt","og_description":"Parte t\u00e9cnica A Vega Asia \u00e9 uma borracha r\u00e1pida, com toque direto e explosivo, feita para jogadores ofensivos que priorizam precis\u00e3o e agressividade nos golpes. Ela usa uma esponja de dureza m\u00e9dia (~45\u00b0), combinada com um topsheet el\u00e1stico, tensionado, n\u00e3o pegajoso, t\u00edpico do estilo europeu\/japon\u00eas. Essa configura\u00e7\u00e3o proporciona menor tempo de contato com a bola, [&hellip;]","og_url":"https:\/\/haraltt.com.br\/index.php\/product\/vega-asia-xiom\/","og_site_name":"Haraltt","article_modified_time":"2025-11-05T12:54:26+00:00","og_image":[{"width":800,"height":800,"url":"http:\/\/haraltt.com.br\/wp-content\/uploads\/2025\/08\/620bf36f893b39f7a86fd3ddd7484be8-i6vvca5t4h-1.webp","type":"image\/webp"}],"twitter_card":"summary_large_image","twitter_misc":{"Est. tempo de leitura":"2 minutos"},"schema":{"@context":"https:\/\/schema.org","@graph":[{"@type":"WebPage","@id":"https:\/\/haraltt.com.br\/index.php\/product\/vega-asia-xiom\/","url":"https:\/\/haraltt.com.br\/index.php\/product\/vega-asia-xiom\/","name":"Vega Asia - XIOM - Haraltt","isPartOf":{"@id":"https:\/\/haraltt.com.br\/#website"},"primaryImageOfPage":{"@id":"https:\/\/haraltt.com.br\/index.php\/product\/vega-asia-xiom\/#primaryimage"},"image":{"@id":"https:\/\/haraltt.com.br\/index.php\/product\/vega-asia-xiom\/#primaryimage"},"thumbnailUrl":"https:\/\/haraltt.com.br\/wp-content\/uploads\/2025\/08\/620bf36f893b39f7a86fd3ddd7484be8-i6vvca5t4h-1.webp","datePublished":"2025-08-04T18:48:50+00:00","dateModified":"2025-11-05T12:54:26+00:00","breadcrumb":{"@id":"https:\/\/haraltt.com.br\/index.php\/product\/vega-asia-xiom\/#breadcrumb"},"inLanguage":"pt-BR","potentialAction":[{"@type":"ReadAction","target":["https:\/\/haraltt.com.br\/index.php\/product\/vega-asia-xiom\/"]}]},{"@type":"ImageObject","inLanguage":"pt-BR","@id":"https:\/\/haraltt.com.br\/index.php\/product\/vega-asia-xiom\/#primaryimage","url":"https:\/\/haraltt.com.br\/wp-content\/uploads\/2025\/08\/620bf36f893b39f7a86fd3ddd7484be8-i6vvca5t4h-1.webp","contentUrl":"https:\/\/haraltt.com.br\/wp-content\/uploads\/2025\/08\/620bf36f893b39f7a86fd3ddd7484be8-i6vvca5t4h-1.webp","width":800,"height":800},{"@type":"BreadcrumbList","@id":"https:\/\/haraltt.com.br\/index.php\/product\/vega-asia-xiom\/#breadcrumb","itemListElement":[{"@type":"ListItem","position":1,"name":"In\u00edcio","item":"https:\/\/haraltt.com.br\/"},{"@type":"ListItem","position":2,"name":"Loja","item":"https:\/\/haraltt.com.br\/index.php\/loja\/"},{"@type":"ListItem","position":3,"name":"Vega Asia &#8211; XIOM"}]},{"@type":"WebSite","@id":"https:\/\/haraltt.com.br\/#website","url":"https:\/\/haraltt.com.br\/","name":"Haraltt","description":"T\u00eanis de mesa de forma acessivel","publisher":{"@id":"https:\/\/haraltt.com.br\/#organization"},"potentialAction":[{"@type":"SearchAction","target":{"@type":"EntryPoint","urlTemplate":"https:\/\/haraltt.com.br\/?s={search_term_string}"},"query-input":"required name=search_term_string"}],"inLanguage":"pt-BR"},{"@type":"Organization","@id":"https:\/\/haraltt.com.br\/#organization","name":"Haraltt","url":"https:\/\/haraltt.com.br\/","logo":{"@type":"ImageObject","inLanguage":"pt-BR","@id":"https:\/\/haraltt.com.br\/#\/schema\/logo\/image\/","url":"\/\/\/wp-content\/uploads\/2024\/02\/44811478-removebg-preview.png","contentUrl":"\/\/\/wp-content\/uploads\/2024\/02\/44811478-removebg-preview.png","width":500,"height":500,"caption":"Haraltt"},"image":{"@id":"https:\/\/haraltt.com.br\/#\/schema\/logo\/image\/"}}]}},"_links":{"self":[{"href":"https:\/\/haraltt.com.br\/index.php\/wp-json\/wp\/v2\/product\/4642","targetHints":{"allow":["GET"]}}],"collection":[{"href":"https:\/\/haraltt.com.br\/index.php\/wp-json\/wp\/v2\/product"}],"about":[{"href":"https:\/\/haraltt.com.br\/index.php\/wp-json\/wp\/v2\/types\/product"}],"replies":[{"embeddable":true,"href":"https:\/\/haraltt.com.br\/index.php\/wp-json\/wp\/v2\/comments?post=4642"}],"wp:featuredmedia":[{"embeddable":true,"href":"https:\/\/haraltt.com.br\/index.php\/wp-json\/wp\/v2\/media\/4645"}],"wp:attachment":[{"href":"https:\/\/haraltt.com.br\/index.php\/wp-json\/wp\/v2\/media?parent=4642"}],"wp:term":[{"taxonomy":"product_cat","embeddable":true,"href":"https:\/\/haraltt.com.br\/index.php\/wp-json\/wp\/v2\/product_cat?post=4642"},{"taxonomy":"product_tag","embeddable":true,"href":"https:\/\/haraltt.com.br\/index.php\/wp-json\/wp\/v2\/product_tag?post=4642"}],"curies":[{"name":"wp","href":"https:\/\/api.w.org\/{rel}","templated":true}]}}