{"id":4638,"date":"2025-08-04T15:46:44","date_gmt":"2025-08-04T18:46:44","guid":{"rendered":"https:\/\/haraltt.com.br\/?post_type=product&#038;p=4638"},"modified":"2025-09-09T17:36:36","modified_gmt":"2025-09-09T20:36:36","slug":"vega-asia-hybrid-xiom","status":"publish","type":"product","link":"https:\/\/haraltt.com.br\/index.php\/product\/vega-asia-hybrid-xiom\/","title":{"rendered":"Vega Asia Hybrid &#8211; XIOM"},"content":{"rendered":"<h3 data-start=\"29\" data-end=\"49\">Parte t\u00e9cnica<\/h3>\n<p data-start=\"50\" data-end=\"382\">A <strong data-start=\"52\" data-end=\"72\">Vega Asia Hybrid<\/strong> \u00e9 uma borracha moderna voltada para jogadores ofensivos que querem <strong data-start=\"140\" data-end=\"228\">velocidade com precis\u00e3o e uma pegada no topsheet que permita gerar spin com controle<\/strong>. Ela utiliza uma <strong data-start=\"246\" data-end=\"289\">esponja m\u00e9dia (em torno de 45\u00b0 a 47,5\u00b0)<\/strong> combinada com um <strong data-start=\"307\" data-end=\"381\">topsheet grippy com leve ader\u00eancia (pegajoso no estilo chin\u00eas moderno)<\/strong>.<\/p>\n<p data-start=\"384\" data-end=\"690\">Essa borracha gera <strong data-start=\"403\" data-end=\"417\">arco m\u00e9dio<\/strong>, sendo mais direta do que a Vega Europe Hybrid, mas mantendo o tempo de contato com a bola mais longo do que borrachas puramente tensionadas. A proposta \u00e9 oferecer <strong data-start=\"582\" data-end=\"689\">transi\u00e7\u00f5es r\u00e1pidas, agressividade no jogo em cima da mesa, e estabilidade em bloqueios e contra-ataques<\/strong>.<\/p>\n<p data-start=\"692\" data-end=\"894\">A Vega Asia Hybrid tem bom desempenho no jogo de flick, drives r\u00e1pidos, contra topspin e bloqueios ativos, sendo um pouco menos voltada \u00e0 gera\u00e7\u00e3o de spin puro do que a Europe Hybrid, mas mais explosiva.<\/p>\n<h3 data-start=\"896\" data-end=\"918\">Exemplo pr\u00e1tico<\/h3>\n<p data-start=\"919\" data-end=\"1286\">\u00c9 uma borracha ideal para <strong data-start=\"945\" data-end=\"1012\">jogadores ofensivos que jogam perto e a m\u00e9dia dist\u00e2ncia da mesa<\/strong>, com foco em <strong data-start=\"1026\" data-end=\"1077\">velocidade, bloqueio preciso, e ataques r\u00e1pidos<\/strong>. Excelente escolha para atletas que gostam de assumir a iniciativa com golpes diretos, ou para quem precisa de uma borracha que responda bem sob press\u00e3o, sem ser exageradamente r\u00e1pida ou dif\u00edcil de controlar.<\/p>\n<p data-start=\"1288\" data-end=\"1394\">Funciona muito bem em madeiras ofensivas equilibradas e com fibras, como Arylate Carbon ou limba exterior.<\/p>\n<h3 data-start=\"1396\" data-end=\"1409\">Resumo<\/h3>\n<ul data-start=\"1410\" data-end=\"1643\">\n<li data-start=\"1410\" data-end=\"1458\">\n<p data-start=\"1412\" data-end=\"1458\"><strong data-start=\"1412\" data-end=\"1431\">Estilo de jogo:<\/strong> ofensivo r\u00e1pido e direto<\/p>\n<\/li>\n<li data-start=\"1459\" data-end=\"1478\">\n<p data-start=\"1461\" data-end=\"1478\"><strong data-start=\"1461\" data-end=\"1470\">Arco:<\/strong> m\u00e9dio<\/p>\n<\/li>\n<li data-start=\"1479\" data-end=\"1513\">\n<p data-start=\"1481\" data-end=\"1513\"><strong data-start=\"1481\" data-end=\"1492\">Dureza:<\/strong> m\u00e9dia (~45\u00b0\u201347,5\u00b0)<\/p>\n<\/li>\n<li data-start=\"1514\" data-end=\"1538\">\n<p data-start=\"1516\" data-end=\"1538\"><strong data-start=\"1516\" data-end=\"1531\">Velocidade:<\/strong> alta<\/p>\n<\/li>\n<li data-start=\"1539\" data-end=\"1596\">\n<p data-start=\"1541\" data-end=\"1596\"><strong data-start=\"1541\" data-end=\"1550\">Spin:<\/strong> bom, mas mais direcionado ao jogo agressivo<\/p>\n<\/li>\n<li data-start=\"1597\" data-end=\"1643\">\n<p data-start=\"1599\" data-end=\"1643\"><strong data-start=\"1599\" data-end=\"1619\">Dist\u00e2ncia ideal:<\/strong> perto e m\u00e9dia da mesa<\/p>\n<\/li>\n<\/ul>\n","protected":false},"excerpt":{"rendered":"<p>Parte t\u00e9cnica A Vega Asia Hybrid \u00e9 uma borracha moderna voltada para jogadores ofensivos que querem velocidade com precis\u00e3o e uma pegada no topsheet que permita gerar spin com controle. Ela utiliza uma esponja m\u00e9dia (em torno de 45\u00b0 a 47,5\u00b0) combinada com um topsheet grippy com leve ader\u00eancia (pegajoso no estilo chin\u00eas moderno). Essa [&hellip;]<\/p>\n","protected":false},"featured_media":4640,"comment_status":"open","ping_status":"closed","template":"","meta":{"_joinchat":[]},"product_cat":[28,89],"product_tag":[],"class_list":{"0":"post-4638","1":"product","2":"type-product","3":"status-publish","4":"has-post-thumbnail","6":"product_cat-borrachas","7":"product_cat-xiom","9":"first","10":"onbackorder","11":"shipping-taxable","12":"purchasable","13":"product-type-variable"},"yoast_head":"<!-- This site is optimized with the Yoast SEO plugin v22.2 - https:\/\/yoast.com\/wordpress\/plugins\/seo\/ -->\n<title>Vega Asia Hybrid - XIOM - Haraltt<\/title>\n<meta name=\"robots\" content=\"index, follow, max-snippet:-1, max-image-preview:large, max-video-preview:-1\" \/>\n<link rel=\"canonical\" href=\"https:\/\/haraltt.com.br\/index.php\/product\/vega-asia-hybrid-xiom\/\" \/>\n<meta property=\"og:locale\" content=\"pt_BR\" \/>\n<meta property=\"og:type\" content=\"article\" \/>\n<meta property=\"og:title\" content=\"Vega Asia Hybrid - XIOM - Haraltt\" \/>\n<meta property=\"og:description\" content=\"Parte t\u00e9cnica A Vega Asia Hybrid \u00e9 uma borracha moderna voltada para jogadores ofensivos que querem velocidade com precis\u00e3o e uma pegada no topsheet que permita gerar spin com controle. Ela utiliza uma esponja m\u00e9dia (em torno de 45\u00b0 a 47,5\u00b0) combinada com um topsheet grippy com leve ader\u00eancia (pegajoso no estilo chin\u00eas moderno). Essa [&hellip;]\" \/>\n<meta property=\"og:url\" content=\"https:\/\/haraltt.com.br\/index.php\/product\/vega-asia-hybrid-xiom\/\" \/>\n<meta property=\"og:site_name\" content=\"Haraltt\" \/>\n<meta property=\"article:modified_time\" content=\"2025-09-09T20:36:36+00:00\" \/>\n<meta property=\"og:image\" content=\"http:\/\/haraltt.com.br\/wp-content\/uploads\/2025\/08\/336beb3028f8d69d0f9f69254708d5b6-re0cekl0o5-1.webp\" \/>\n\t<meta property=\"og:image:width\" content=\"960\" \/>\n\t<meta property=\"og:image:height\" content=\"960\" \/>\n\t<meta property=\"og:image:type\" content=\"image\/webp\" \/>\n<meta name=\"twitter:card\" content=\"summary_large_image\" \/>\n<meta name=\"twitter:label1\" content=\"Est. tempo de leitura\" \/>\n\t<meta name=\"twitter:data1\" content=\"2 minutos\" \/>\n<script type=\"application\/ld+json\" class=\"yoast-schema-graph\">{\"@context\":\"https:\/\/schema.org\",\"@graph\":[{\"@type\":\"WebPage\",\"@id\":\"https:\/\/haraltt.com.br\/index.php\/product\/vega-asia-hybrid-xiom\/\",\"url\":\"https:\/\/haraltt.com.br\/index.php\/product\/vega-asia-hybrid-xiom\/\",\"name\":\"Vega Asia Hybrid - XIOM - Haraltt\",\"isPartOf\":{\"@id\":\"https:\/\/haraltt.com.br\/#website\"},\"primaryImageOfPage\":{\"@id\":\"https:\/\/haraltt.com.br\/index.php\/product\/vega-asia-hybrid-xiom\/#primaryimage\"},\"image\":{\"@id\":\"https:\/\/haraltt.com.br\/index.php\/product\/vega-asia-hybrid-xiom\/#primaryimage\"},\"thumbnailUrl\":\"https:\/\/haraltt.com.br\/wp-content\/uploads\/2025\/08\/336beb3028f8d69d0f9f69254708d5b6-re0cekl0o5-1.webp\",\"datePublished\":\"2025-08-04T18:46:44+00:00\",\"dateModified\":\"2025-09-09T20:36:36+00:00\",\"breadcrumb\":{\"@id\":\"https:\/\/haraltt.com.br\/index.php\/product\/vega-asia-hybrid-xiom\/#breadcrumb\"},\"inLanguage\":\"pt-BR\",\"potentialAction\":[{\"@type\":\"ReadAction\",\"target\":[\"https:\/\/haraltt.com.br\/index.php\/product\/vega-asia-hybrid-xiom\/\"]}]},{\"@type\":\"ImageObject\",\"inLanguage\":\"pt-BR\",\"@id\":\"https:\/\/haraltt.com.br\/index.php\/product\/vega-asia-hybrid-xiom\/#primaryimage\",\"url\":\"https:\/\/haraltt.com.br\/wp-content\/uploads\/2025\/08\/336beb3028f8d69d0f9f69254708d5b6-re0cekl0o5-1.webp\",\"contentUrl\":\"https:\/\/haraltt.com.br\/wp-content\/uploads\/2025\/08\/336beb3028f8d69d0f9f69254708d5b6-re0cekl0o5-1.webp\",\"width\":960,\"height\":960},{\"@type\":\"BreadcrumbList\",\"@id\":\"https:\/\/haraltt.com.br\/index.php\/product\/vega-asia-hybrid-xiom\/#breadcrumb\",\"itemListElement\":[{\"@type\":\"ListItem\",\"position\":1,\"name\":\"In\u00edcio\",\"item\":\"https:\/\/haraltt.com.br\/\"},{\"@type\":\"ListItem\",\"position\":2,\"name\":\"Loja\",\"item\":\"https:\/\/haraltt.com.br\/index.php\/loja\/\"},{\"@type\":\"ListItem\",\"position\":3,\"name\":\"Vega Asia Hybrid &#8211; XIOM\"}]},{\"@type\":\"WebSite\",\"@id\":\"https:\/\/haraltt.com.br\/#website\",\"url\":\"https:\/\/haraltt.com.br\/\",\"name\":\"Haraltt\",\"description\":\"T\u00eanis de mesa de forma acessivel\",\"publisher\":{\"@id\":\"https:\/\/haraltt.com.br\/#organization\"},\"potentialAction\":[{\"@type\":\"SearchAction\",\"target\":{\"@type\":\"EntryPoint\",\"urlTemplate\":\"https:\/\/haraltt.com.br\/?s={search_term_string}\"},\"query-input\":\"required name=search_term_string\"}],\"inLanguage\":\"pt-BR\"},{\"@type\":\"Organization\",\"@id\":\"https:\/\/haraltt.com.br\/#organization\",\"name\":\"Haraltt\",\"url\":\"https:\/\/haraltt.com.br\/\",\"logo\":{\"@type\":\"ImageObject\",\"inLanguage\":\"pt-BR\",\"@id\":\"https:\/\/haraltt.com.br\/#\/schema\/logo\/image\/\",\"url\":\"\/\/\/wp-content\/uploads\/2024\/02\/44811478-removebg-preview.png\",\"contentUrl\":\"\/\/\/wp-content\/uploads\/2024\/02\/44811478-removebg-preview.png\",\"width\":500,\"height\":500,\"caption\":\"Haraltt\"},\"image\":{\"@id\":\"https:\/\/haraltt.com.br\/#\/schema\/logo\/image\/\"}}]}<\/script>\n<!-- \/ Yoast SEO plugin. -->","yoast_head_json":{"title":"Vega Asia Hybrid - XIOM - Haraltt","robots":{"index":"index","follow":"follow","max-snippet":"max-snippet:-1","max-image-preview":"max-image-preview:large","max-video-preview":"max-video-preview:-1"},"canonical":"https:\/\/haraltt.com.br\/index.php\/product\/vega-asia-hybrid-xiom\/","og_locale":"pt_BR","og_type":"article","og_title":"Vega Asia Hybrid - XIOM - Haraltt","og_description":"Parte t\u00e9cnica A Vega Asia Hybrid \u00e9 uma borracha moderna voltada para jogadores ofensivos que querem velocidade com precis\u00e3o e uma pegada no topsheet que permita gerar spin com controle. Ela utiliza uma esponja m\u00e9dia (em torno de 45\u00b0 a 47,5\u00b0) combinada com um topsheet grippy com leve ader\u00eancia (pegajoso no estilo chin\u00eas moderno). Essa [&hellip;]","og_url":"https:\/\/haraltt.com.br\/index.php\/product\/vega-asia-hybrid-xiom\/","og_site_name":"Haraltt","article_modified_time":"2025-09-09T20:36:36+00:00","og_image":[{"width":960,"height":960,"url":"http:\/\/haraltt.com.br\/wp-content\/uploads\/2025\/08\/336beb3028f8d69d0f9f69254708d5b6-re0cekl0o5-1.webp","type":"image\/webp"}],"twitter_card":"summary_large_image","twitter_misc":{"Est. tempo de leitura":"2 minutos"},"schema":{"@context":"https:\/\/schema.org","@graph":[{"@type":"WebPage","@id":"https:\/\/haraltt.com.br\/index.php\/product\/vega-asia-hybrid-xiom\/","url":"https:\/\/haraltt.com.br\/index.php\/product\/vega-asia-hybrid-xiom\/","name":"Vega Asia Hybrid - XIOM - Haraltt","isPartOf":{"@id":"https:\/\/haraltt.com.br\/#website"},"primaryImageOfPage":{"@id":"https:\/\/haraltt.com.br\/index.php\/product\/vega-asia-hybrid-xiom\/#primaryimage"},"image":{"@id":"https:\/\/haraltt.com.br\/index.php\/product\/vega-asia-hybrid-xiom\/#primaryimage"},"thumbnailUrl":"https:\/\/haraltt.com.br\/wp-content\/uploads\/2025\/08\/336beb3028f8d69d0f9f69254708d5b6-re0cekl0o5-1.webp","datePublished":"2025-08-04T18:46:44+00:00","dateModified":"2025-09-09T20:36:36+00:00","breadcrumb":{"@id":"https:\/\/haraltt.com.br\/index.php\/product\/vega-asia-hybrid-xiom\/#breadcrumb"},"inLanguage":"pt-BR","potentialAction":[{"@type":"ReadAction","target":["https:\/\/haraltt.com.br\/index.php\/product\/vega-asia-hybrid-xiom\/"]}]},{"@type":"ImageObject","inLanguage":"pt-BR","@id":"https:\/\/haraltt.com.br\/index.php\/product\/vega-asia-hybrid-xiom\/#primaryimage","url":"https:\/\/haraltt.com.br\/wp-content\/uploads\/2025\/08\/336beb3028f8d69d0f9f69254708d5b6-re0cekl0o5-1.webp","contentUrl":"https:\/\/haraltt.com.br\/wp-content\/uploads\/2025\/08\/336beb3028f8d69d0f9f69254708d5b6-re0cekl0o5-1.webp","width":960,"height":960},{"@type":"BreadcrumbList","@id":"https:\/\/haraltt.com.br\/index.php\/product\/vega-asia-hybrid-xiom\/#breadcrumb","itemListElement":[{"@type":"ListItem","position":1,"name":"In\u00edcio","item":"https:\/\/haraltt.com.br\/"},{"@type":"ListItem","position":2,"name":"Loja","item":"https:\/\/haraltt.com.br\/index.php\/loja\/"},{"@type":"ListItem","position":3,"name":"Vega Asia Hybrid &#8211; XIOM"}]},{"@type":"WebSite","@id":"https:\/\/haraltt.com.br\/#website","url":"https:\/\/haraltt.com.br\/","name":"Haraltt","description":"T\u00eanis de mesa de forma acessivel","publisher":{"@id":"https:\/\/haraltt.com.br\/#organization"},"potentialAction":[{"@type":"SearchAction","target":{"@type":"EntryPoint","urlTemplate":"https:\/\/haraltt.com.br\/?s={search_term_string}"},"query-input":"required name=search_term_string"}],"inLanguage":"pt-BR"},{"@type":"Organization","@id":"https:\/\/haraltt.com.br\/#organization","name":"Haraltt","url":"https:\/\/haraltt.com.br\/","logo":{"@type":"ImageObject","inLanguage":"pt-BR","@id":"https:\/\/haraltt.com.br\/#\/schema\/logo\/image\/","url":"\/\/\/wp-content\/uploads\/2024\/02\/44811478-removebg-preview.png","contentUrl":"\/\/\/wp-content\/uploads\/2024\/02\/44811478-removebg-preview.png","width":500,"height":500,"caption":"Haraltt"},"image":{"@id":"https:\/\/haraltt.com.br\/#\/schema\/logo\/image\/"}}]}},"_links":{"self":[{"href":"https:\/\/haraltt.com.br\/index.php\/wp-json\/wp\/v2\/product\/4638","targetHints":{"allow":["GET"]}}],"collection":[{"href":"https:\/\/haraltt.com.br\/index.php\/wp-json\/wp\/v2\/product"}],"about":[{"href":"https:\/\/haraltt.com.br\/index.php\/wp-json\/wp\/v2\/types\/product"}],"replies":[{"embeddable":true,"href":"https:\/\/haraltt.com.br\/index.php\/wp-json\/wp\/v2\/comments?post=4638"}],"wp:featuredmedia":[{"embeddable":true,"href":"https:\/\/haraltt.com.br\/index.php\/wp-json\/wp\/v2\/media\/4640"}],"wp:attachment":[{"href":"https:\/\/haraltt.com.br\/index.php\/wp-json\/wp\/v2\/media?parent=4638"}],"wp:term":[{"taxonomy":"product_cat","embeddable":true,"href":"https:\/\/haraltt.com.br\/index.php\/wp-json\/wp\/v2\/product_cat?post=4638"},{"taxonomy":"product_tag","embeddable":true,"href":"https:\/\/haraltt.com.br\/index.php\/wp-json\/wp\/v2\/product_tag?post=4638"}],"curies":[{"name":"wp","href":"https:\/\/api.w.org\/{rel}","templated":true}]}}