{"id":4609,"date":"2025-08-04T13:57:13","date_gmt":"2025-08-04T16:57:13","guid":{"rendered":"https:\/\/haraltt.com.br\/?post_type=product&#038;p=4609"},"modified":"2025-08-04T13:59:52","modified_gmt":"2025-08-04T16:59:52","slug":"challenger-attack-butterfly","status":"publish","type":"product","link":"https:\/\/haraltt.com.br\/index.php\/product\/challenger-attack-butterfly\/","title":{"rendered":"Challenger Attack &#8211; BUTTERFLY"},"content":{"rendered":"<h3 data-start=\"130\" data-end=\"165\"><strong data-start=\"136\" data-end=\"165\">1. Parte T\u00e9cnica \u2014 Teoria<\/strong><\/h3>\n<ul data-start=\"167\" data-end=\"827\">\n<li data-start=\"167\" data-end=\"220\">\n<p data-start=\"169\" data-end=\"220\"><strong data-start=\"169\" data-end=\"177\">Tipo<\/strong>: <strong data-start=\"179\" data-end=\"193\">Pino curto<\/strong> (Short Pips) com esponja<\/p>\n<\/li>\n<li data-start=\"221\" data-end=\"310\">\n<p data-start=\"223\" data-end=\"310\"><strong data-start=\"223\" data-end=\"234\">Esponja<\/strong>: dispon\u00edvel em diferentes espessuras, normalmente 1.7 mm, 1.9 mm e 2.1 mm<\/p>\n<\/li>\n<li data-start=\"311\" data-end=\"377\">\n<p data-start=\"313\" data-end=\"377\"><strong data-start=\"313\" data-end=\"327\">Velocidade<\/strong>: Alta para pino curto, com sa\u00edda de bola r\u00e1pida<\/p>\n<\/li>\n<li data-start=\"378\" data-end=\"455\">\n<p data-start=\"380\" data-end=\"455\"><strong data-start=\"380\" data-end=\"392\">Controle<\/strong>: M\u00e9dio-alto \u2014 boa estabilidade em bloqueios e contra-ataques<\/p>\n<\/li>\n<li data-start=\"456\" data-end=\"538\">\n<p data-start=\"458\" data-end=\"538\"><strong data-start=\"458\" data-end=\"466\">Giro<\/strong>: M\u00e9dio-baixo comparado a borrachas lisas, mas alto para um pino curto<\/p>\n<\/li>\n<li data-start=\"539\" data-end=\"630\">\n<p data-start=\"541\" data-end=\"630\"><strong data-start=\"541\" data-end=\"553\">Sensa\u00e7\u00e3o<\/strong>: Toque firme, resposta direta e r\u00e1pida, ideal para ataques de tempo r\u00e1pido<\/p>\n<\/li>\n<li data-start=\"631\" data-end=\"827\">\n<p data-start=\"633\" data-end=\"656\"><strong data-start=\"633\" data-end=\"653\">Fun\u00e7\u00e3o principal<\/strong>:<\/p>\n<ul data-start=\"659\" data-end=\"827\">\n<li data-start=\"659\" data-end=\"701\">\n<p data-start=\"661\" data-end=\"701\">Acelera\u00e7\u00e3o e ataque chapado (flat hit)<\/p>\n<\/li>\n<li data-start=\"704\" data-end=\"758\">\n<p data-start=\"706\" data-end=\"758\">Bloqueios ativos com pouca sensibilidade a efeitos<\/p>\n<\/li>\n<li data-start=\"761\" data-end=\"827\">\n<p data-start=\"763\" data-end=\"827\">Possibilidade de gerar topspin moderado em bolas de prepara\u00e7\u00e3o<\/p>\n<\/li>\n<\/ul>\n<\/li>\n<\/ul>\n<hr data-start=\"829\" data-end=\"832\" \/>\n<h3 data-start=\"834\" data-end=\"882\">\ud83c\udfd3 <strong data-start=\"840\" data-end=\"882\">2. Exemplo Pr\u00e1tico \u2014 Perfil de Jogador<\/strong><\/h3>\n<p data-start=\"884\" data-end=\"934\">A <strong data-start=\"886\" data-end=\"917\">Butterfly Challenger Attack<\/strong> \u00e9 indicada para:<\/p>\n<ul data-start=\"935\" data-end=\"1295\">\n<li data-start=\"935\" data-end=\"1006\">\n<p data-start=\"937\" data-end=\"1006\">Jogadores ofensivos que usam <strong data-start=\"966\" data-end=\"1004\">pino curto para finaliza\u00e7\u00e3o r\u00e1pida<\/strong><\/p>\n<\/li>\n<li data-start=\"1007\" data-end=\"1102\">\n<p data-start=\"1009\" data-end=\"1102\">Atletas que preferem jogar <strong data-start=\"1036\" data-end=\"1055\">pr\u00f3ximos \u00e0 mesa<\/strong>, explorando velocidade e tempo de bola curto<\/p>\n<\/li>\n<li data-start=\"1103\" data-end=\"1197\">\n<p data-start=\"1105\" data-end=\"1197\">Quem busca <strong data-start=\"1116\" data-end=\"1153\">bloqueios ativos e contra-ataques<\/strong> com pouco efeito advers\u00e1rio influenciando<\/p>\n<\/li>\n<li data-start=\"1198\" data-end=\"1295\">\n<p data-start=\"1200\" data-end=\"1295\">Jogadores que gostam de variar entre <strong data-start=\"1237\" data-end=\"1293\">batida chapada, empurr\u00f5es com dist\u00farbio e loop baixo<\/strong><\/p>\n<\/li>\n<\/ul>\n<p data-start=\"1297\" data-end=\"1312\"><strong data-start=\"1297\" data-end=\"1311\">Na pr\u00e1tica<\/strong>:<\/p>\n<ul data-start=\"1313\" data-end=\"1565\">\n<li data-start=\"1313\" data-end=\"1382\">\n<p data-start=\"1315\" data-end=\"1382\"><strong data-start=\"1315\" data-end=\"1327\">Forehand<\/strong>: excelente para ataques r\u00e1pidos e smash de bola alta<\/p>\n<\/li>\n<li data-start=\"1383\" data-end=\"1468\">\n<p data-start=\"1385\" data-end=\"1468\"><strong data-start=\"1385\" data-end=\"1397\">Backhand<\/strong>: muito est\u00e1vel para bloqueio ativo, devolvendo bolas rasas e r\u00e1pidas<\/p>\n<\/li>\n<li data-start=\"1469\" data-end=\"1565\">\n<p data-start=\"1471\" data-end=\"1565\"><strong data-start=\"1471\" data-end=\"1492\">Recep\u00e7\u00e3o de saque<\/strong>: boa para neutralizar efeitos, especialmente em bolas curtas e r\u00e1pidas<\/p>\n<\/li>\n<\/ul>\n<div class=\"_tableContainer_80l1q_1\">\n<div class=\"_tableWrapper_80l1q_14 group flex w-fit flex-col-reverse\" tabindex=\"-1\"><\/div>\n<\/div>\n<hr data-start=\"2467\" data-end=\"2470\" \/>\n<h3 data-start=\"2472\" data-end=\"2488\">\ud83d\udccc <strong data-start=\"2478\" data-end=\"2488\">Resumo<\/strong><\/h3>\n<p data-start=\"2489\" data-end=\"2882\">A <strong data-start=\"2491\" data-end=\"2522\">Butterfly Challenger Attack<\/strong> \u00e9 um pino curto focado em <strong data-start=\"2549\" data-end=\"2590\">velocidade e simplicidade de execu\u00e7\u00e3o<\/strong>, ideal para quem quer <strong data-start=\"2613\" data-end=\"2638\">finalizar pontos cedo<\/strong> e <strong data-start=\"2641\" data-end=\"2676\">neutralizar o efeito advers\u00e1rio<\/strong>. Seu controle \u00e9 bom, mas a for\u00e7a est\u00e1 na rapidez e na facilidade de jogar chapado pr\u00f3ximo \u00e0 mesa. \u00c9 uma \u00f3tima escolha para jogadores que atuam de forma ofensiva com pinos curtos, especialmente no backhand.<\/p>\n","protected":false},"excerpt":{"rendered":"<p>1. Parte T\u00e9cnica \u2014 Teoria Tipo: Pino curto (Short Pips) com esponja Esponja: dispon\u00edvel em diferentes espessuras, normalmente 1.7 mm, 1.9 mm e 2.1 mm Velocidade: Alta para pino curto, com sa\u00edda de bola r\u00e1pida Controle: M\u00e9dio-alto \u2014 boa estabilidade em bloqueios e contra-ataques Giro: M\u00e9dio-baixo comparado a borrachas lisas, mas alto para um pino [&hellip;]<\/p>\n","protected":false},"featured_media":4529,"comment_status":"open","ping_status":"closed","template":"","meta":{"_joinchat":[]},"product_cat":[28,87],"product_tag":[],"class_list":{"0":"post-4609","1":"product","2":"type-product","3":"status-publish","4":"has-post-thumbnail","6":"product_cat-borrachas","7":"product_cat-butterfly","9":"first","10":"onbackorder","11":"shipping-taxable","12":"purchasable","13":"product-type-variable"},"yoast_head":"<!-- This site is optimized with the Yoast SEO plugin v22.2 - https:\/\/yoast.com\/wordpress\/plugins\/seo\/ -->\n<title>Challenger Attack - BUTTERFLY - Haraltt<\/title>\n<meta name=\"robots\" content=\"index, follow, max-snippet:-1, max-image-preview:large, max-video-preview:-1\" \/>\n<link rel=\"canonical\" href=\"https:\/\/haraltt.com.br\/index.php\/product\/challenger-attack-butterfly\/\" \/>\n<meta property=\"og:locale\" content=\"pt_BR\" \/>\n<meta property=\"og:type\" content=\"article\" \/>\n<meta property=\"og:title\" content=\"Challenger Attack - BUTTERFLY - Haraltt\" \/>\n<meta property=\"og:description\" content=\"1. Parte T\u00e9cnica \u2014 Teoria Tipo: Pino curto (Short Pips) com esponja Esponja: dispon\u00edvel em diferentes espessuras, normalmente 1.7 mm, 1.9 mm e 2.1 mm Velocidade: Alta para pino curto, com sa\u00edda de bola r\u00e1pida Controle: M\u00e9dio-alto \u2014 boa estabilidade em bloqueios e contra-ataques Giro: M\u00e9dio-baixo comparado a borrachas lisas, mas alto para um pino [&hellip;]\" \/>\n<meta property=\"og:url\" content=\"https:\/\/haraltt.com.br\/index.php\/product\/challenger-attack-butterfly\/\" \/>\n<meta property=\"og:site_name\" content=\"Haraltt\" \/>\n<meta property=\"article:modified_time\" content=\"2025-08-04T16:59:52+00:00\" \/>\n<meta property=\"og:image\" content=\"http:\/\/haraltt.com.br\/wp-content\/uploads\/2025\/08\/IMG-20250725-WA0011-1.jpg\" \/>\n\t<meta property=\"og:image:width\" content=\"960\" \/>\n\t<meta property=\"og:image:height\" content=\"960\" \/>\n\t<meta property=\"og:image:type\" content=\"image\/jpeg\" \/>\n<meta name=\"twitter:card\" content=\"summary_large_image\" \/>\n<meta name=\"twitter:label1\" content=\"Est. tempo de leitura\" \/>\n\t<meta name=\"twitter:data1\" content=\"2 minutos\" \/>\n<script type=\"application\/ld+json\" class=\"yoast-schema-graph\">{\"@context\":\"https:\/\/schema.org\",\"@graph\":[{\"@type\":\"WebPage\",\"@id\":\"https:\/\/haraltt.com.br\/index.php\/product\/challenger-attack-butterfly\/\",\"url\":\"https:\/\/haraltt.com.br\/index.php\/product\/challenger-attack-butterfly\/\",\"name\":\"Challenger Attack - BUTTERFLY - Haraltt\",\"isPartOf\":{\"@id\":\"https:\/\/haraltt.com.br\/#website\"},\"primaryImageOfPage\":{\"@id\":\"https:\/\/haraltt.com.br\/index.php\/product\/challenger-attack-butterfly\/#primaryimage\"},\"image\":{\"@id\":\"https:\/\/haraltt.com.br\/index.php\/product\/challenger-attack-butterfly\/#primaryimage\"},\"thumbnailUrl\":\"https:\/\/haraltt.com.br\/wp-content\/uploads\/2025\/08\/IMG-20250725-WA0011-1.jpg\",\"datePublished\":\"2025-08-04T16:57:13+00:00\",\"dateModified\":\"2025-08-04T16:59:52+00:00\",\"breadcrumb\":{\"@id\":\"https:\/\/haraltt.com.br\/index.php\/product\/challenger-attack-butterfly\/#breadcrumb\"},\"inLanguage\":\"pt-BR\",\"potentialAction\":[{\"@type\":\"ReadAction\",\"target\":[\"https:\/\/haraltt.com.br\/index.php\/product\/challenger-attack-butterfly\/\"]}]},{\"@type\":\"ImageObject\",\"inLanguage\":\"pt-BR\",\"@id\":\"https:\/\/haraltt.com.br\/index.php\/product\/challenger-attack-butterfly\/#primaryimage\",\"url\":\"https:\/\/haraltt.com.br\/wp-content\/uploads\/2025\/08\/IMG-20250725-WA0011-1.jpg\",\"contentUrl\":\"https:\/\/haraltt.com.br\/wp-content\/uploads\/2025\/08\/IMG-20250725-WA0011-1.jpg\",\"width\":960,\"height\":960},{\"@type\":\"BreadcrumbList\",\"@id\":\"https:\/\/haraltt.com.br\/index.php\/product\/challenger-attack-butterfly\/#breadcrumb\",\"itemListElement\":[{\"@type\":\"ListItem\",\"position\":1,\"name\":\"In\u00edcio\",\"item\":\"https:\/\/haraltt.com.br\/\"},{\"@type\":\"ListItem\",\"position\":2,\"name\":\"Loja\",\"item\":\"https:\/\/haraltt.com.br\/index.php\/loja\/\"},{\"@type\":\"ListItem\",\"position\":3,\"name\":\"Challenger Attack &#8211; BUTTERFLY\"}]},{\"@type\":\"WebSite\",\"@id\":\"https:\/\/haraltt.com.br\/#website\",\"url\":\"https:\/\/haraltt.com.br\/\",\"name\":\"Haraltt\",\"description\":\"T\u00eanis de mesa de forma acessivel\",\"publisher\":{\"@id\":\"https:\/\/haraltt.com.br\/#organization\"},\"potentialAction\":[{\"@type\":\"SearchAction\",\"target\":{\"@type\":\"EntryPoint\",\"urlTemplate\":\"https:\/\/haraltt.com.br\/?s={search_term_string}\"},\"query-input\":\"required name=search_term_string\"}],\"inLanguage\":\"pt-BR\"},{\"@type\":\"Organization\",\"@id\":\"https:\/\/haraltt.com.br\/#organization\",\"name\":\"Haraltt\",\"url\":\"https:\/\/haraltt.com.br\/\",\"logo\":{\"@type\":\"ImageObject\",\"inLanguage\":\"pt-BR\",\"@id\":\"https:\/\/haraltt.com.br\/#\/schema\/logo\/image\/\",\"url\":\"\/\/\/wp-content\/uploads\/2024\/02\/44811478-removebg-preview.png\",\"contentUrl\":\"\/\/\/wp-content\/uploads\/2024\/02\/44811478-removebg-preview.png\",\"width\":500,\"height\":500,\"caption\":\"Haraltt\"},\"image\":{\"@id\":\"https:\/\/haraltt.com.br\/#\/schema\/logo\/image\/\"}}]}<\/script>\n<!-- \/ Yoast SEO plugin. -->","yoast_head_json":{"title":"Challenger Attack - BUTTERFLY - Haraltt","robots":{"index":"index","follow":"follow","max-snippet":"max-snippet:-1","max-image-preview":"max-image-preview:large","max-video-preview":"max-video-preview:-1"},"canonical":"https:\/\/haraltt.com.br\/index.php\/product\/challenger-attack-butterfly\/","og_locale":"pt_BR","og_type":"article","og_title":"Challenger Attack - BUTTERFLY - Haraltt","og_description":"1. Parte T\u00e9cnica \u2014 Teoria Tipo: Pino curto (Short Pips) com esponja Esponja: dispon\u00edvel em diferentes espessuras, normalmente 1.7 mm, 1.9 mm e 2.1 mm Velocidade: Alta para pino curto, com sa\u00edda de bola r\u00e1pida Controle: M\u00e9dio-alto \u2014 boa estabilidade em bloqueios e contra-ataques Giro: M\u00e9dio-baixo comparado a borrachas lisas, mas alto para um pino [&hellip;]","og_url":"https:\/\/haraltt.com.br\/index.php\/product\/challenger-attack-butterfly\/","og_site_name":"Haraltt","article_modified_time":"2025-08-04T16:59:52+00:00","og_image":[{"width":960,"height":960,"url":"http:\/\/haraltt.com.br\/wp-content\/uploads\/2025\/08\/IMG-20250725-WA0011-1.jpg","type":"image\/jpeg"}],"twitter_card":"summary_large_image","twitter_misc":{"Est. tempo de leitura":"2 minutos"},"schema":{"@context":"https:\/\/schema.org","@graph":[{"@type":"WebPage","@id":"https:\/\/haraltt.com.br\/index.php\/product\/challenger-attack-butterfly\/","url":"https:\/\/haraltt.com.br\/index.php\/product\/challenger-attack-butterfly\/","name":"Challenger Attack - BUTTERFLY - Haraltt","isPartOf":{"@id":"https:\/\/haraltt.com.br\/#website"},"primaryImageOfPage":{"@id":"https:\/\/haraltt.com.br\/index.php\/product\/challenger-attack-butterfly\/#primaryimage"},"image":{"@id":"https:\/\/haraltt.com.br\/index.php\/product\/challenger-attack-butterfly\/#primaryimage"},"thumbnailUrl":"https:\/\/haraltt.com.br\/wp-content\/uploads\/2025\/08\/IMG-20250725-WA0011-1.jpg","datePublished":"2025-08-04T16:57:13+00:00","dateModified":"2025-08-04T16:59:52+00:00","breadcrumb":{"@id":"https:\/\/haraltt.com.br\/index.php\/product\/challenger-attack-butterfly\/#breadcrumb"},"inLanguage":"pt-BR","potentialAction":[{"@type":"ReadAction","target":["https:\/\/haraltt.com.br\/index.php\/product\/challenger-attack-butterfly\/"]}]},{"@type":"ImageObject","inLanguage":"pt-BR","@id":"https:\/\/haraltt.com.br\/index.php\/product\/challenger-attack-butterfly\/#primaryimage","url":"https:\/\/haraltt.com.br\/wp-content\/uploads\/2025\/08\/IMG-20250725-WA0011-1.jpg","contentUrl":"https:\/\/haraltt.com.br\/wp-content\/uploads\/2025\/08\/IMG-20250725-WA0011-1.jpg","width":960,"height":960},{"@type":"BreadcrumbList","@id":"https:\/\/haraltt.com.br\/index.php\/product\/challenger-attack-butterfly\/#breadcrumb","itemListElement":[{"@type":"ListItem","position":1,"name":"In\u00edcio","item":"https:\/\/haraltt.com.br\/"},{"@type":"ListItem","position":2,"name":"Loja","item":"https:\/\/haraltt.com.br\/index.php\/loja\/"},{"@type":"ListItem","position":3,"name":"Challenger Attack &#8211; BUTTERFLY"}]},{"@type":"WebSite","@id":"https:\/\/haraltt.com.br\/#website","url":"https:\/\/haraltt.com.br\/","name":"Haraltt","description":"T\u00eanis de mesa de forma acessivel","publisher":{"@id":"https:\/\/haraltt.com.br\/#organization"},"potentialAction":[{"@type":"SearchAction","target":{"@type":"EntryPoint","urlTemplate":"https:\/\/haraltt.com.br\/?s={search_term_string}"},"query-input":"required name=search_term_string"}],"inLanguage":"pt-BR"},{"@type":"Organization","@id":"https:\/\/haraltt.com.br\/#organization","name":"Haraltt","url":"https:\/\/haraltt.com.br\/","logo":{"@type":"ImageObject","inLanguage":"pt-BR","@id":"https:\/\/haraltt.com.br\/#\/schema\/logo\/image\/","url":"\/\/\/wp-content\/uploads\/2024\/02\/44811478-removebg-preview.png","contentUrl":"\/\/\/wp-content\/uploads\/2024\/02\/44811478-removebg-preview.png","width":500,"height":500,"caption":"Haraltt"},"image":{"@id":"https:\/\/haraltt.com.br\/#\/schema\/logo\/image\/"}}]}},"_links":{"self":[{"href":"https:\/\/haraltt.com.br\/index.php\/wp-json\/wp\/v2\/product\/4609","targetHints":{"allow":["GET"]}}],"collection":[{"href":"https:\/\/haraltt.com.br\/index.php\/wp-json\/wp\/v2\/product"}],"about":[{"href":"https:\/\/haraltt.com.br\/index.php\/wp-json\/wp\/v2\/types\/product"}],"replies":[{"embeddable":true,"href":"https:\/\/haraltt.com.br\/index.php\/wp-json\/wp\/v2\/comments?post=4609"}],"wp:featuredmedia":[{"embeddable":true,"href":"https:\/\/haraltt.com.br\/index.php\/wp-json\/wp\/v2\/media\/4529"}],"wp:attachment":[{"href":"https:\/\/haraltt.com.br\/index.php\/wp-json\/wp\/v2\/media?parent=4609"}],"wp:term":[{"taxonomy":"product_cat","embeddable":true,"href":"https:\/\/haraltt.com.br\/index.php\/wp-json\/wp\/v2\/product_cat?post=4609"},{"taxonomy":"product_tag","embeddable":true,"href":"https:\/\/haraltt.com.br\/index.php\/wp-json\/wp\/v2\/product_tag?post=4609"}],"curies":[{"name":"wp","href":"https:\/\/api.w.org\/{rel}","templated":true}]}}