{"id":4600,"date":"2025-08-04T13:37:33","date_gmt":"2025-08-04T16:37:33","guid":{"rendered":"https:\/\/haraltt.com.br\/?post_type=product&#038;p=4600"},"modified":"2026-02-09T12:23:30","modified_gmt":"2026-02-09T15:23:30","slug":"power-hinoki-seung-caneta-xiom","status":"publish","type":"product","link":"https:\/\/haraltt.com.br\/index.php\/product\/power-hinoki-seung-caneta-xiom\/","title":{"rendered":"Power Hinoki Seung Caneta &#8211; XIOM"},"content":{"rendered":"<h3 data-start=\"44\" data-end=\"75\">1. Parte T\u00e9cnica \u2014 Teoria<\/h3>\n<ul data-start=\"77\" data-end=\"481\">\n<li data-start=\"77\" data-end=\"157\">\n<p data-start=\"79\" data-end=\"157\"><span class=\"relative -mx-px my-[-0.2rem] rounded px-px py-[0.2rem] transition-colors duration-100 ease-in-out\"><strong data-start=\"0\" data-end=\"19\" data-is-only-node=\"\">Tipo de madeira<\/strong>: <strong data-start=\"21\" data-end=\"49\">Monoblade de Hinoki puro<\/strong>, com apenas <strong data-start=\"62\" data-end=\"87\">1 camada (single\u2011ply)<\/strong> feita de <strong data-start=\"97\" data-end=\"112\">Kiso Hinoki<\/strong> \u2014 reconhecido como topo de linha em madeira japonesa<\/span><\/p>\n<\/li>\n<li data-start=\"158\" data-end=\"238\">\n<p data-start=\"160\" data-end=\"238\"><span class=\"relative -mx-px my-[-0.2rem] rounded px-px py-[0.2rem] transition-colors duration-100 ease-in-out\"><strong data-start=\"0\" data-end=\"13\" data-is-only-node=\"\">Espessura<\/strong>: aproximadamente <strong data-start=\"31\" data-end=\"50\">10\u202fmm a 10,5\u202fmm<\/strong>, t\u00edpica de blades de caneta oriental, que visa m\u00e1xima transfer\u00eancia de energia<\/span><\/p>\n<\/li>\n<li data-start=\"239\" data-end=\"319\">\n<p data-start=\"241\" data-end=\"319\"><span class=\"relative -mx-px my-[-0.2rem] rounded px-px py-[0.2rem] transition-colors duration-100 ease-in-out\"><strong data-start=\"0\" data-end=\"8\" data-is-only-node=\"\">Peso<\/strong>: cerca de <strong data-start=\"19\" data-end=\"27\">95\u202fg<\/strong>, oferecendo excelente equil\u00edbrio entre controle e pot\u00eancia<\/span><\/p>\n<\/li>\n<li data-start=\"320\" data-end=\"400\">\n<p data-start=\"322\" data-end=\"400\"><span class=\"relative -mx-px my-[-0.2rem] rounded px-px py-[0.2rem] transition-colors duration-100 ease-in-out\"><strong data-start=\"0\" data-end=\"14\" data-is-only-node=\"\">Velocidade<\/strong>: entre OFF e OFF+, com <strong data-start=\"38\" data-end=\"60\">resposta explosiva<\/strong> em golpes r\u00e1pidos, especialmente a m\u00e9dia e longa dist\u00e2ncia<\/span><\/p>\n<\/li>\n<li data-start=\"401\" data-end=\"481\">\n<p data-start=\"403\" data-end=\"481\"><span class=\"relative -mx-px my-[-0.2rem] rounded px-px py-[0.2rem] transition-colors duration-100 ease-in-out\"><strong data-start=\"0\" data-end=\"21\" data-is-only-node=\"\">Sensa\u00e7\u00e3o de toque<\/strong>: vibrante e preciso, com sensa\u00e7\u00e3o suave de madeira Hinoki em golpes lentos e acelera\u00e7\u00e3o surpreendente em batidas r\u00e1pidas<\/span><\/p>\n<\/li>\n<\/ul>\n<hr data-start=\"483\" data-end=\"486\">\n<h3 data-start=\"488\" data-end=\"539\">\ud83c\udfd3 2. Perfil de Jogador \/ Aplicabilidade Pr\u00e1tica<\/h3>\n<p data-start=\"541\" data-end=\"580\"><span class=\"relative -mx-px my-[-0.2rem] rounded px-px py-[0.2rem] transition-colors duration-100 ease-in-out\">Essa raquete \u00e9 ideal para:<\/span><\/p>\n<ul data-start=\"582\" data-end=\"753\">\n<li data-start=\"582\" data-end=\"623\">\n<p data-start=\"584\" data-end=\"623\"><span class=\"relative -mx-px my-[-0.2rem] rounded px-px py-[0.2rem] transition-colors duration-100 ease-in-out\"><strong data-start=\"0\" data-end=\"34\" data-is-only-node=\"\">Estilo caneta japonesa (J-Pen)<\/strong>, especialmente para jogadores que usam <strong data-start=\"74\" data-end=\"117\">flicks r\u00e1pidos (com a ponta da raquete)<\/strong> ou transi\u00e7\u00f5es velozes entre <strong data-start=\"146\" data-end=\"171\">BH curto e FH potente<\/strong>.<\/span><\/p>\n<\/li>\n<li data-start=\"624\" data-end=\"667\">\n<p data-start=\"626\" data-end=\"667\"><span class=\"relative -mx-px my-[-0.2rem] rounded px-px py-[0.2rem] transition-colors duration-100 ease-in-out\">Quem busca <strong data-start=\"11\" data-end=\"29\">toque refinado<\/strong> no jogo curto, mas tamb\u00e9m quer performance ofensiva com acelera\u00e7\u00e3o.<\/span><\/p>\n<\/li>\n<li data-start=\"668\" data-end=\"711\">\n<p data-start=\"670\" data-end=\"711\"><span class=\"relative -mx-px my-[-0.2rem] rounded px-px py-[0.2rem] transition-colors duration-100 ease-in-out\">Jogadores com t\u00e9cnica madura que conseguem extrair potencial m\u00e1ximo de madeira Hinoki \u2014 \u00f3timo desempenho em drives, loop e batidas decisivas.<\/span><\/p>\n<\/li>\n<li data-start=\"712\" data-end=\"753\">\n<p data-start=\"714\" data-end=\"753\"><span class=\"relative -mx-px my-[-0.2rem] rounded px-px py-[0.2rem] transition-colors duration-100 ease-in-out\">Excelente <strong data-start=\"10\" data-end=\"61\">fase de constru\u00e7\u00e3o de pontos de m\u00e9dia dist\u00e2ncia<\/strong>, com transi\u00e7\u00f5es entre controle e ataque.<\/span><\/p>\n<\/li>\n<\/ul>\n<hr data-start=\"2056\" data-end=\"2059\">\n<h3 data-start=\"2061\" data-end=\"2078\">\u2705 Resumo Final<\/h3>\n<p data-start=\"2080\" data-end=\"2379\">A <strong data-start=\"2082\" data-end=\"2109\">Xiom Power Hinoki Seung<\/strong> \u00e9 uma escolha premium para jogadores de caneta japonesa que buscam <strong data-start=\"2177\" data-end=\"2260\">toque refinado, pot\u00eancia consistente e transi\u00e7\u00e3o flu\u00edda entre controle e ataque<\/strong>. Sua madeira Hinoki oferece vibra\u00e7\u00e3o suave e precis\u00e3o, enquanto a espessura gera acelera\u00e7\u00e3o envolvente e estabilidade.<\/p>\n","protected":false},"excerpt":{"rendered":"<p><\/p>\n","protected":false},"featured_media":4601,"comment_status":"open","ping_status":"closed","template":"","meta":{"_joinchat":[]},"product_cat":[27,89],"product_tag":[],"class_list":{"0":"post-4600","1":"product","2":"type-product","3":"status-publish","4":"has-post-thumbnail","6":"product_cat-madeiras","7":"product_cat-xiom","9":"first","10":"onbackorder","11":"sale","12":"shipping-taxable","13":"purchasable","14":"product-type-simple"},"yoast_head":"<!-- This site is optimized with the Yoast SEO plugin v22.2 - https:\/\/yoast.com\/wordpress\/plugins\/seo\/ -->\n<title>Power Hinoki Seung Caneta - XIOM - Haraltt<\/title>\n<meta name=\"robots\" content=\"index, follow, max-snippet:-1, max-image-preview:large, max-video-preview:-1\" \/>\n<link rel=\"canonical\" href=\"https:\/\/haraltt.com.br\/index.php\/product\/power-hinoki-seung-caneta-xiom\/\" \/>\n<meta property=\"og:locale\" content=\"pt_BR\" \/>\n<meta property=\"og:type\" content=\"article\" \/>\n<meta property=\"og:title\" content=\"Power Hinoki Seung Caneta - XIOM - Haraltt\" \/>\n<meta property=\"og:url\" content=\"https:\/\/haraltt.com.br\/index.php\/product\/power-hinoki-seung-caneta-xiom\/\" \/>\n<meta property=\"og:site_name\" content=\"Haraltt\" \/>\n<meta property=\"article:modified_time\" content=\"2026-02-09T15:23:30+00:00\" \/>\n<meta property=\"og:image\" content=\"http:\/\/haraltt.com.br\/wp-content\/uploads\/2025\/08\/236015744e9f0cee5b1.webp\" \/>\n\t<meta property=\"og:image:width\" content=\"600\" \/>\n\t<meta property=\"og:image:height\" content=\"600\" \/>\n\t<meta property=\"og:image:type\" content=\"image\/webp\" \/>\n<meta name=\"twitter:card\" content=\"summary_large_image\" \/>\n<meta name=\"twitter:label1\" content=\"Est. tempo de leitura\" \/>\n\t<meta name=\"twitter:data1\" content=\"2 minutos\" \/>\n<script type=\"application\/ld+json\" class=\"yoast-schema-graph\">{\"@context\":\"https:\/\/schema.org\",\"@graph\":[{\"@type\":\"WebPage\",\"@id\":\"https:\/\/haraltt.com.br\/index.php\/product\/power-hinoki-seung-caneta-xiom\/\",\"url\":\"https:\/\/haraltt.com.br\/index.php\/product\/power-hinoki-seung-caneta-xiom\/\",\"name\":\"Power Hinoki Seung Caneta - XIOM - Haraltt\",\"isPartOf\":{\"@id\":\"https:\/\/haraltt.com.br\/#website\"},\"primaryImageOfPage\":{\"@id\":\"https:\/\/haraltt.com.br\/index.php\/product\/power-hinoki-seung-caneta-xiom\/#primaryimage\"},\"image\":{\"@id\":\"https:\/\/haraltt.com.br\/index.php\/product\/power-hinoki-seung-caneta-xiom\/#primaryimage\"},\"thumbnailUrl\":\"https:\/\/haraltt.com.br\/wp-content\/uploads\/2025\/08\/236015744e9f0cee5b1.webp\",\"datePublished\":\"2025-08-04T16:37:33+00:00\",\"dateModified\":\"2026-02-09T15:23:30+00:00\",\"breadcrumb\":{\"@id\":\"https:\/\/haraltt.com.br\/index.php\/product\/power-hinoki-seung-caneta-xiom\/#breadcrumb\"},\"inLanguage\":\"pt-BR\",\"potentialAction\":[{\"@type\":\"ReadAction\",\"target\":[\"https:\/\/haraltt.com.br\/index.php\/product\/power-hinoki-seung-caneta-xiom\/\"]}]},{\"@type\":\"ImageObject\",\"inLanguage\":\"pt-BR\",\"@id\":\"https:\/\/haraltt.com.br\/index.php\/product\/power-hinoki-seung-caneta-xiom\/#primaryimage\",\"url\":\"https:\/\/haraltt.com.br\/wp-content\/uploads\/2025\/08\/236015744e9f0cee5b1.webp\",\"contentUrl\":\"https:\/\/haraltt.com.br\/wp-content\/uploads\/2025\/08\/236015744e9f0cee5b1.webp\",\"width\":600,\"height\":600},{\"@type\":\"BreadcrumbList\",\"@id\":\"https:\/\/haraltt.com.br\/index.php\/product\/power-hinoki-seung-caneta-xiom\/#breadcrumb\",\"itemListElement\":[{\"@type\":\"ListItem\",\"position\":1,\"name\":\"In\u00edcio\",\"item\":\"https:\/\/haraltt.com.br\/\"},{\"@type\":\"ListItem\",\"position\":2,\"name\":\"Loja\",\"item\":\"https:\/\/haraltt.com.br\/index.php\/loja\/\"},{\"@type\":\"ListItem\",\"position\":3,\"name\":\"Power Hinoki Seung Caneta &#8211; XIOM\"}]},{\"@type\":\"WebSite\",\"@id\":\"https:\/\/haraltt.com.br\/#website\",\"url\":\"https:\/\/haraltt.com.br\/\",\"name\":\"Haraltt\",\"description\":\"T\u00eanis de mesa de forma acessivel\",\"publisher\":{\"@id\":\"https:\/\/haraltt.com.br\/#organization\"},\"potentialAction\":[{\"@type\":\"SearchAction\",\"target\":{\"@type\":\"EntryPoint\",\"urlTemplate\":\"https:\/\/haraltt.com.br\/?s={search_term_string}\"},\"query-input\":\"required name=search_term_string\"}],\"inLanguage\":\"pt-BR\"},{\"@type\":\"Organization\",\"@id\":\"https:\/\/haraltt.com.br\/#organization\",\"name\":\"Haraltt\",\"url\":\"https:\/\/haraltt.com.br\/\",\"logo\":{\"@type\":\"ImageObject\",\"inLanguage\":\"pt-BR\",\"@id\":\"https:\/\/haraltt.com.br\/#\/schema\/logo\/image\/\",\"url\":\"\/\/\/wp-content\/uploads\/2024\/02\/44811478-removebg-preview.png\",\"contentUrl\":\"\/\/\/wp-content\/uploads\/2024\/02\/44811478-removebg-preview.png\",\"width\":500,\"height\":500,\"caption\":\"Haraltt\"},\"image\":{\"@id\":\"https:\/\/haraltt.com.br\/#\/schema\/logo\/image\/\"}}]}<\/script>\n<!-- \/ Yoast SEO plugin. -->","yoast_head_json":{"title":"Power Hinoki Seung Caneta - XIOM - Haraltt","robots":{"index":"index","follow":"follow","max-snippet":"max-snippet:-1","max-image-preview":"max-image-preview:large","max-video-preview":"max-video-preview:-1"},"canonical":"https:\/\/haraltt.com.br\/index.php\/product\/power-hinoki-seung-caneta-xiom\/","og_locale":"pt_BR","og_type":"article","og_title":"Power Hinoki Seung Caneta - XIOM - Haraltt","og_url":"https:\/\/haraltt.com.br\/index.php\/product\/power-hinoki-seung-caneta-xiom\/","og_site_name":"Haraltt","article_modified_time":"2026-02-09T15:23:30+00:00","og_image":[{"width":600,"height":600,"url":"http:\/\/haraltt.com.br\/wp-content\/uploads\/2025\/08\/236015744e9f0cee5b1.webp","type":"image\/webp"}],"twitter_card":"summary_large_image","twitter_misc":{"Est. tempo de leitura":"2 minutos"},"schema":{"@context":"https:\/\/schema.org","@graph":[{"@type":"WebPage","@id":"https:\/\/haraltt.com.br\/index.php\/product\/power-hinoki-seung-caneta-xiom\/","url":"https:\/\/haraltt.com.br\/index.php\/product\/power-hinoki-seung-caneta-xiom\/","name":"Power Hinoki Seung Caneta - XIOM - Haraltt","isPartOf":{"@id":"https:\/\/haraltt.com.br\/#website"},"primaryImageOfPage":{"@id":"https:\/\/haraltt.com.br\/index.php\/product\/power-hinoki-seung-caneta-xiom\/#primaryimage"},"image":{"@id":"https:\/\/haraltt.com.br\/index.php\/product\/power-hinoki-seung-caneta-xiom\/#primaryimage"},"thumbnailUrl":"https:\/\/haraltt.com.br\/wp-content\/uploads\/2025\/08\/236015744e9f0cee5b1.webp","datePublished":"2025-08-04T16:37:33+00:00","dateModified":"2026-02-09T15:23:30+00:00","breadcrumb":{"@id":"https:\/\/haraltt.com.br\/index.php\/product\/power-hinoki-seung-caneta-xiom\/#breadcrumb"},"inLanguage":"pt-BR","potentialAction":[{"@type":"ReadAction","target":["https:\/\/haraltt.com.br\/index.php\/product\/power-hinoki-seung-caneta-xiom\/"]}]},{"@type":"ImageObject","inLanguage":"pt-BR","@id":"https:\/\/haraltt.com.br\/index.php\/product\/power-hinoki-seung-caneta-xiom\/#primaryimage","url":"https:\/\/haraltt.com.br\/wp-content\/uploads\/2025\/08\/236015744e9f0cee5b1.webp","contentUrl":"https:\/\/haraltt.com.br\/wp-content\/uploads\/2025\/08\/236015744e9f0cee5b1.webp","width":600,"height":600},{"@type":"BreadcrumbList","@id":"https:\/\/haraltt.com.br\/index.php\/product\/power-hinoki-seung-caneta-xiom\/#breadcrumb","itemListElement":[{"@type":"ListItem","position":1,"name":"In\u00edcio","item":"https:\/\/haraltt.com.br\/"},{"@type":"ListItem","position":2,"name":"Loja","item":"https:\/\/haraltt.com.br\/index.php\/loja\/"},{"@type":"ListItem","position":3,"name":"Power Hinoki Seung Caneta &#8211; XIOM"}]},{"@type":"WebSite","@id":"https:\/\/haraltt.com.br\/#website","url":"https:\/\/haraltt.com.br\/","name":"Haraltt","description":"T\u00eanis de mesa de forma acessivel","publisher":{"@id":"https:\/\/haraltt.com.br\/#organization"},"potentialAction":[{"@type":"SearchAction","target":{"@type":"EntryPoint","urlTemplate":"https:\/\/haraltt.com.br\/?s={search_term_string}"},"query-input":"required name=search_term_string"}],"inLanguage":"pt-BR"},{"@type":"Organization","@id":"https:\/\/haraltt.com.br\/#organization","name":"Haraltt","url":"https:\/\/haraltt.com.br\/","logo":{"@type":"ImageObject","inLanguage":"pt-BR","@id":"https:\/\/haraltt.com.br\/#\/schema\/logo\/image\/","url":"\/\/\/wp-content\/uploads\/2024\/02\/44811478-removebg-preview.png","contentUrl":"\/\/\/wp-content\/uploads\/2024\/02\/44811478-removebg-preview.png","width":500,"height":500,"caption":"Haraltt"},"image":{"@id":"https:\/\/haraltt.com.br\/#\/schema\/logo\/image\/"}}]}},"_links":{"self":[{"href":"https:\/\/haraltt.com.br\/index.php\/wp-json\/wp\/v2\/product\/4600","targetHints":{"allow":["GET"]}}],"collection":[{"href":"https:\/\/haraltt.com.br\/index.php\/wp-json\/wp\/v2\/product"}],"about":[{"href":"https:\/\/haraltt.com.br\/index.php\/wp-json\/wp\/v2\/types\/product"}],"replies":[{"embeddable":true,"href":"https:\/\/haraltt.com.br\/index.php\/wp-json\/wp\/v2\/comments?post=4600"}],"wp:featuredmedia":[{"embeddable":true,"href":"https:\/\/haraltt.com.br\/index.php\/wp-json\/wp\/v2\/media\/4601"}],"wp:attachment":[{"href":"https:\/\/haraltt.com.br\/index.php\/wp-json\/wp\/v2\/media?parent=4600"}],"wp:term":[{"taxonomy":"product_cat","embeddable":true,"href":"https:\/\/haraltt.com.br\/index.php\/wp-json\/wp\/v2\/product_cat?post=4600"},{"taxonomy":"product_tag","embeddable":true,"href":"https:\/\/haraltt.com.br\/index.php\/wp-json\/wp\/v2\/product_tag?post=4600"}],"curies":[{"name":"wp","href":"https:\/\/api.w.org\/{rel}","templated":true}]}}