{"id":4596,"date":"2025-08-04T13:27:07","date_gmt":"2025-08-04T16:27:07","guid":{"rendered":"https:\/\/haraltt.com.br\/?post_type=product&#038;p=4596"},"modified":"2025-09-13T15:32:27","modified_gmt":"2025-09-13T18:32:27","slug":"pro-speed-m-power-caneta-xiom","status":"publish","type":"product","link":"https:\/\/haraltt.com.br\/index.php\/product\/pro-speed-m-power-caneta-xiom\/","title":{"rendered":"Pro Speed M Power Caneta &#8211; XIOM"},"content":{"rendered":"<h3 data-start=\"44\" data-end=\"79\"><strong data-start=\"50\" data-end=\"79\">1. Parte T\u00e9cnica \u2014 Teoria<\/strong><\/h3>\n<ul data-start=\"81\" data-end=\"474\">\n<li data-start=\"81\" data-end=\"120\">\n<p data-start=\"83\" data-end=\"120\"><span class=\"relative -mx-px my-[-0.2rem] rounded px-px py-[0.2rem] transition-colors duration-100 ease-in-out\"><strong data-start=\"0\" data-end=\"8\" data-is-only-node=\"\">Tipo<\/strong>: madeira de <strong data-start=\"21\" data-end=\"59\">caneta japonesa (Japanese Penhold)<\/strong>, modelo <strong data-start=\"68\" data-end=\"97\">monoblade de camada \u00fanica<\/strong> (single-ply)<\/span><\/p>\n<\/li>\n<li data-start=\"121\" data-end=\"198\">\n<p data-start=\"123\" data-end=\"198\"><span class=\"relative -mx-px my-[-0.2rem] rounded px-px py-[0.2rem] transition-colors duration-100 ease-in-out\"><strong data-start=\"0\" data-end=\"12\" data-is-only-node=\"\">Material<\/strong>: madeira leve de <strong data-start=\"30\" data-end=\"49\">Sapphire spruce<\/strong> (ou similar), com pegada em corti\u00e7a para conforto<\/span><\/p>\n<\/li>\n<li data-start=\"199\" data-end=\"238\">\n<p data-start=\"201\" data-end=\"238\"><span class=\"relative -mx-px my-[-0.2rem] rounded px-px py-[0.2rem] transition-colors duration-100 ease-in-out\"><strong data-start=\"0\" data-end=\"18\" data-is-only-node=\"\">Classe de jogo<\/strong>: <strong data-start=\"20\" data-end=\"38\">Ofensiva (OFF)<\/strong>, com bom desempenho em golpes potentes<\/span><\/p>\n<\/li>\n<li data-start=\"239\" data-end=\"316\">\n<p data-start=\"241\" data-end=\"316\"><span class=\"relative -mx-px my-[-0.2rem] rounded px-px py-[0.2rem] transition-colors duration-100 ease-in-out\"><strong data-start=\"0\" data-end=\"13\" data-is-only-node=\"\">Espessura<\/strong>: aproximadamente <strong data-start=\"31\" data-end=\"40\">10\u202fmm<\/strong> (bem mais espessa que l\u00e2minas comuns)<\/span><\/p>\n<\/li>\n<li data-start=\"317\" data-end=\"394\">\n<p data-start=\"319\" data-end=\"394\"><span class=\"relative -mx-px my-[-0.2rem] rounded px-px py-[0.2rem] transition-colors duration-100 ease-in-out\"><strong data-start=\"0\" data-end=\"8\" data-is-only-node=\"\">Peso<\/strong>: cerca de <strong data-start=\"19\" data-end=\"27\">96\u202fg<\/strong>, equilibrado para controle e acelera\u00e7\u00e3o<\/span><\/p>\n<\/li>\n<li data-start=\"395\" data-end=\"474\">\n<p data-start=\"397\" data-end=\"474\"><span class=\"relative -mx-px my-[-0.2rem] rounded px-px py-[0.2rem] transition-colors duration-100 ease-in-out\"><strong data-start=\"0\" data-end=\"14\" data-is-only-node=\"\">Constru\u00e7\u00e3o<\/strong>: design leve e bem equilibrado, center of gravity deslocado para frente, focado em pot\u00eancia direta<\/span><\/p>\n<\/li>\n<\/ul>\n<hr data-start=\"476\" data-end=\"479\">\n<h3 data-start=\"481\" data-end=\"529\">\ud83c\udfd3 <strong data-start=\"487\" data-end=\"529\">2. Exemplo Pr\u00e1tico \u2014 Perfil de Jogador<\/strong><\/h3>\n<p data-start=\"531\" data-end=\"557\">Essa madeira \u00e9 ideal para:<\/p>\n<ul data-start=\"558\" data-end=\"896\">\n<li data-start=\"558\" data-end=\"689\">\n<p data-start=\"560\" data-end=\"689\"><strong data-start=\"560\" data-end=\"600\">Jogadores com estilo caneta japonesa<\/strong>, especialmente quem utiliza <strong data-start=\"629\" data-end=\"657\">RPB (backhand invertido)<\/strong> ou transi\u00e7\u00e3o entre BH e FH \u00e1gil<\/p>\n<\/li>\n<li data-start=\"690\" data-end=\"788\">\n<p data-start=\"692\" data-end=\"788\"><strong data-start=\"692\" data-end=\"714\">Ofensivos modernos<\/strong> que usam drives curtos, flicks velozes e ataques r\u00e1pidos na pena (caneta)<\/p>\n<\/li>\n<li data-start=\"789\" data-end=\"896\">\n<p data-start=\"791\" data-end=\"896\">Jogadores que procuram <strong data-start=\"814\" data-end=\"840\">raquete de caneta leve<\/strong>, mas com boa rigidez e acelera\u00e7\u00e3o para golpes decisivos<\/p>\n<\/li>\n<\/ul>\n<h3 data-start=\"898\" data-end=\"920\">Situa\u00e7\u00f5es t\u00edpicas:<\/h3>\n<ul data-start=\"921\" data-end=\"1147\">\n<li data-start=\"921\" data-end=\"994\">\n<p data-start=\"923\" data-end=\"994\"><strong data-start=\"923\" data-end=\"956\">Flicks curtos e flicks banana<\/strong>: excelente para iniciar ataque r\u00e1pido<\/p>\n<\/li>\n<li data-start=\"995\" data-end=\"1076\">\n<p data-start=\"997\" data-end=\"1076\"><strong data-start=\"997\" data-end=\"1031\">Forehand drive e tapas diretos<\/strong>, com boa resposta nos pontos pr\u00f3ximos \u00e0 mesa<\/p>\n<\/li>\n<li data-start=\"1077\" data-end=\"1147\">\n<p data-start=\"1079\" data-end=\"1147\">Transi\u00e7\u00f5es entre <strong data-start=\"1096\" data-end=\"1122\">BH curto e FH ofensivo<\/strong>, sem perda de equil\u00edbrio<\/p>\n<\/li>\n<\/ul>\n<p><\/p>\n<p data-start=\"2109\" data-end=\"2384\">A <strong data-start=\"2111\" data-end=\"2137\">Xiom Pro Speed M Power<\/strong> \u00e9 uma excelente escolha para jogadores com <strong data-start=\"2181\" data-end=\"2207\">estilo caneta japonesa<\/strong> que querem resultado ofensivo direto, leveza e resposta r\u00e1pida. Com constru\u00e7\u00e3o monoblade e madeira especializada, entrega pot\u00eancia sem sacrificar equil\u00edbrio ou manobrabilidade.<\/p>\n","protected":false},"excerpt":{"rendered":"<p><br data-mce-bogus=\"1\"><\/p>\n","protected":false},"featured_media":4598,"comment_status":"open","ping_status":"closed","template":"","meta":{"_joinchat":[]},"product_cat":[27,89],"product_tag":[],"class_list":{"0":"post-4596","1":"product","2":"type-product","3":"status-publish","4":"has-post-thumbnail","6":"product_cat-madeiras","7":"product_cat-xiom","9":"first","10":"onbackorder","11":"sale","12":"shipping-taxable","13":"purchasable","14":"product-type-simple"},"yoast_head":"<!-- This site is optimized with the Yoast SEO plugin v22.2 - https:\/\/yoast.com\/wordpress\/plugins\/seo\/ -->\n<title>Pro Speed M Power Caneta - XIOM - Haraltt<\/title>\n<meta name=\"robots\" content=\"index, follow, max-snippet:-1, max-image-preview:large, max-video-preview:-1\" \/>\n<link rel=\"canonical\" href=\"https:\/\/haraltt.com.br\/index.php\/product\/pro-speed-m-power-caneta-xiom\/\" \/>\n<meta property=\"og:locale\" content=\"pt_BR\" \/>\n<meta property=\"og:type\" content=\"article\" \/>\n<meta property=\"og:title\" content=\"Pro Speed M Power Caneta - XIOM - Haraltt\" \/>\n<meta property=\"og:url\" content=\"https:\/\/haraltt.com.br\/index.php\/product\/pro-speed-m-power-caneta-xiom\/\" \/>\n<meta property=\"og:site_name\" content=\"Haraltt\" \/>\n<meta property=\"article:modified_time\" content=\"2025-09-13T18:32:27+00:00\" \/>\n<meta property=\"og:image\" content=\"http:\/\/haraltt.com.br\/wp-content\/uploads\/2025\/08\/e0796b7b871af409bd5b995902fc0442-7bq4v7k6al.webp\" \/>\n\t<meta property=\"og:image:width\" content=\"600\" \/>\n\t<meta property=\"og:image:height\" content=\"600\" \/>\n\t<meta property=\"og:image:type\" content=\"image\/webp\" \/>\n<meta name=\"twitter:card\" content=\"summary_large_image\" \/>\n<meta name=\"twitter:label1\" content=\"Est. tempo de leitura\" \/>\n\t<meta name=\"twitter:data1\" content=\"2 minutos\" \/>\n<script type=\"application\/ld+json\" class=\"yoast-schema-graph\">{\"@context\":\"https:\/\/schema.org\",\"@graph\":[{\"@type\":\"WebPage\",\"@id\":\"https:\/\/haraltt.com.br\/index.php\/product\/pro-speed-m-power-caneta-xiom\/\",\"url\":\"https:\/\/haraltt.com.br\/index.php\/product\/pro-speed-m-power-caneta-xiom\/\",\"name\":\"Pro Speed M Power Caneta - XIOM - Haraltt\",\"isPartOf\":{\"@id\":\"https:\/\/haraltt.com.br\/#website\"},\"primaryImageOfPage\":{\"@id\":\"https:\/\/haraltt.com.br\/index.php\/product\/pro-speed-m-power-caneta-xiom\/#primaryimage\"},\"image\":{\"@id\":\"https:\/\/haraltt.com.br\/index.php\/product\/pro-speed-m-power-caneta-xiom\/#primaryimage\"},\"thumbnailUrl\":\"https:\/\/haraltt.com.br\/wp-content\/uploads\/2025\/08\/e0796b7b871af409bd5b995902fc0442-7bq4v7k6al.webp\",\"datePublished\":\"2025-08-04T16:27:07+00:00\",\"dateModified\":\"2025-09-13T18:32:27+00:00\",\"breadcrumb\":{\"@id\":\"https:\/\/haraltt.com.br\/index.php\/product\/pro-speed-m-power-caneta-xiom\/#breadcrumb\"},\"inLanguage\":\"pt-BR\",\"potentialAction\":[{\"@type\":\"ReadAction\",\"target\":[\"https:\/\/haraltt.com.br\/index.php\/product\/pro-speed-m-power-caneta-xiom\/\"]}]},{\"@type\":\"ImageObject\",\"inLanguage\":\"pt-BR\",\"@id\":\"https:\/\/haraltt.com.br\/index.php\/product\/pro-speed-m-power-caneta-xiom\/#primaryimage\",\"url\":\"https:\/\/haraltt.com.br\/wp-content\/uploads\/2025\/08\/e0796b7b871af409bd5b995902fc0442-7bq4v7k6al.webp\",\"contentUrl\":\"https:\/\/haraltt.com.br\/wp-content\/uploads\/2025\/08\/e0796b7b871af409bd5b995902fc0442-7bq4v7k6al.webp\",\"width\":600,\"height\":600},{\"@type\":\"BreadcrumbList\",\"@id\":\"https:\/\/haraltt.com.br\/index.php\/product\/pro-speed-m-power-caneta-xiom\/#breadcrumb\",\"itemListElement\":[{\"@type\":\"ListItem\",\"position\":1,\"name\":\"In\u00edcio\",\"item\":\"https:\/\/haraltt.com.br\/\"},{\"@type\":\"ListItem\",\"position\":2,\"name\":\"Loja\",\"item\":\"https:\/\/haraltt.com.br\/index.php\/loja\/\"},{\"@type\":\"ListItem\",\"position\":3,\"name\":\"Pro Speed M Power Caneta &#8211; XIOM\"}]},{\"@type\":\"WebSite\",\"@id\":\"https:\/\/haraltt.com.br\/#website\",\"url\":\"https:\/\/haraltt.com.br\/\",\"name\":\"Haraltt\",\"description\":\"T\u00eanis de mesa de forma acessivel\",\"publisher\":{\"@id\":\"https:\/\/haraltt.com.br\/#organization\"},\"potentialAction\":[{\"@type\":\"SearchAction\",\"target\":{\"@type\":\"EntryPoint\",\"urlTemplate\":\"https:\/\/haraltt.com.br\/?s={search_term_string}\"},\"query-input\":\"required name=search_term_string\"}],\"inLanguage\":\"pt-BR\"},{\"@type\":\"Organization\",\"@id\":\"https:\/\/haraltt.com.br\/#organization\",\"name\":\"Haraltt\",\"url\":\"https:\/\/haraltt.com.br\/\",\"logo\":{\"@type\":\"ImageObject\",\"inLanguage\":\"pt-BR\",\"@id\":\"https:\/\/haraltt.com.br\/#\/schema\/logo\/image\/\",\"url\":\"\/\/\/wp-content\/uploads\/2024\/02\/44811478-removebg-preview.png\",\"contentUrl\":\"\/\/\/wp-content\/uploads\/2024\/02\/44811478-removebg-preview.png\",\"width\":500,\"height\":500,\"caption\":\"Haraltt\"},\"image\":{\"@id\":\"https:\/\/haraltt.com.br\/#\/schema\/logo\/image\/\"}}]}<\/script>\n<!-- \/ Yoast SEO plugin. -->","yoast_head_json":{"title":"Pro Speed M Power Caneta - XIOM - Haraltt","robots":{"index":"index","follow":"follow","max-snippet":"max-snippet:-1","max-image-preview":"max-image-preview:large","max-video-preview":"max-video-preview:-1"},"canonical":"https:\/\/haraltt.com.br\/index.php\/product\/pro-speed-m-power-caneta-xiom\/","og_locale":"pt_BR","og_type":"article","og_title":"Pro Speed M Power Caneta - XIOM - Haraltt","og_url":"https:\/\/haraltt.com.br\/index.php\/product\/pro-speed-m-power-caneta-xiom\/","og_site_name":"Haraltt","article_modified_time":"2025-09-13T18:32:27+00:00","og_image":[{"width":600,"height":600,"url":"http:\/\/haraltt.com.br\/wp-content\/uploads\/2025\/08\/e0796b7b871af409bd5b995902fc0442-7bq4v7k6al.webp","type":"image\/webp"}],"twitter_card":"summary_large_image","twitter_misc":{"Est. tempo de leitura":"2 minutos"},"schema":{"@context":"https:\/\/schema.org","@graph":[{"@type":"WebPage","@id":"https:\/\/haraltt.com.br\/index.php\/product\/pro-speed-m-power-caneta-xiom\/","url":"https:\/\/haraltt.com.br\/index.php\/product\/pro-speed-m-power-caneta-xiom\/","name":"Pro Speed M Power Caneta - XIOM - Haraltt","isPartOf":{"@id":"https:\/\/haraltt.com.br\/#website"},"primaryImageOfPage":{"@id":"https:\/\/haraltt.com.br\/index.php\/product\/pro-speed-m-power-caneta-xiom\/#primaryimage"},"image":{"@id":"https:\/\/haraltt.com.br\/index.php\/product\/pro-speed-m-power-caneta-xiom\/#primaryimage"},"thumbnailUrl":"https:\/\/haraltt.com.br\/wp-content\/uploads\/2025\/08\/e0796b7b871af409bd5b995902fc0442-7bq4v7k6al.webp","datePublished":"2025-08-04T16:27:07+00:00","dateModified":"2025-09-13T18:32:27+00:00","breadcrumb":{"@id":"https:\/\/haraltt.com.br\/index.php\/product\/pro-speed-m-power-caneta-xiom\/#breadcrumb"},"inLanguage":"pt-BR","potentialAction":[{"@type":"ReadAction","target":["https:\/\/haraltt.com.br\/index.php\/product\/pro-speed-m-power-caneta-xiom\/"]}]},{"@type":"ImageObject","inLanguage":"pt-BR","@id":"https:\/\/haraltt.com.br\/index.php\/product\/pro-speed-m-power-caneta-xiom\/#primaryimage","url":"https:\/\/haraltt.com.br\/wp-content\/uploads\/2025\/08\/e0796b7b871af409bd5b995902fc0442-7bq4v7k6al.webp","contentUrl":"https:\/\/haraltt.com.br\/wp-content\/uploads\/2025\/08\/e0796b7b871af409bd5b995902fc0442-7bq4v7k6al.webp","width":600,"height":600},{"@type":"BreadcrumbList","@id":"https:\/\/haraltt.com.br\/index.php\/product\/pro-speed-m-power-caneta-xiom\/#breadcrumb","itemListElement":[{"@type":"ListItem","position":1,"name":"In\u00edcio","item":"https:\/\/haraltt.com.br\/"},{"@type":"ListItem","position":2,"name":"Loja","item":"https:\/\/haraltt.com.br\/index.php\/loja\/"},{"@type":"ListItem","position":3,"name":"Pro Speed M Power Caneta &#8211; XIOM"}]},{"@type":"WebSite","@id":"https:\/\/haraltt.com.br\/#website","url":"https:\/\/haraltt.com.br\/","name":"Haraltt","description":"T\u00eanis de mesa de forma acessivel","publisher":{"@id":"https:\/\/haraltt.com.br\/#organization"},"potentialAction":[{"@type":"SearchAction","target":{"@type":"EntryPoint","urlTemplate":"https:\/\/haraltt.com.br\/?s={search_term_string}"},"query-input":"required name=search_term_string"}],"inLanguage":"pt-BR"},{"@type":"Organization","@id":"https:\/\/haraltt.com.br\/#organization","name":"Haraltt","url":"https:\/\/haraltt.com.br\/","logo":{"@type":"ImageObject","inLanguage":"pt-BR","@id":"https:\/\/haraltt.com.br\/#\/schema\/logo\/image\/","url":"\/\/\/wp-content\/uploads\/2024\/02\/44811478-removebg-preview.png","contentUrl":"\/\/\/wp-content\/uploads\/2024\/02\/44811478-removebg-preview.png","width":500,"height":500,"caption":"Haraltt"},"image":{"@id":"https:\/\/haraltt.com.br\/#\/schema\/logo\/image\/"}}]}},"_links":{"self":[{"href":"https:\/\/haraltt.com.br\/index.php\/wp-json\/wp\/v2\/product\/4596","targetHints":{"allow":["GET"]}}],"collection":[{"href":"https:\/\/haraltt.com.br\/index.php\/wp-json\/wp\/v2\/product"}],"about":[{"href":"https:\/\/haraltt.com.br\/index.php\/wp-json\/wp\/v2\/types\/product"}],"replies":[{"embeddable":true,"href":"https:\/\/haraltt.com.br\/index.php\/wp-json\/wp\/v2\/comments?post=4596"}],"wp:featuredmedia":[{"embeddable":true,"href":"https:\/\/haraltt.com.br\/index.php\/wp-json\/wp\/v2\/media\/4598"}],"wp:attachment":[{"href":"https:\/\/haraltt.com.br\/index.php\/wp-json\/wp\/v2\/media?parent=4596"}],"wp:term":[{"taxonomy":"product_cat","embeddable":true,"href":"https:\/\/haraltt.com.br\/index.php\/wp-json\/wp\/v2\/product_cat?post=4596"},{"taxonomy":"product_tag","embeddable":true,"href":"https:\/\/haraltt.com.br\/index.php\/wp-json\/wp\/v2\/product_tag?post=4596"}],"curies":[{"name":"wp","href":"https:\/\/api.w.org\/{rel}","templated":true}]}}