{"id":4522,"date":"2025-08-02T16:45:14","date_gmt":"2025-08-02T19:45:14","guid":{"rendered":"https:\/\/haraltt.com.br\/?post_type=product&#038;p=4522"},"modified":"2026-02-09T12:32:43","modified_gmt":"2026-02-09T15:32:43","slug":"ofensive-classic-carbon-stiga","status":"publish","type":"product","link":"https:\/\/haraltt.com.br\/index.php\/product\/ofensive-classic-carbon-stiga\/","title":{"rendered":"Ofensive Classic Carbon &#8211; STIGA"},"content":{"rendered":"<h3 data-start=\"143\" data-end=\"178\"><strong data-start=\"149\" data-end=\"178\">1. Parte T\u00e9cnica \u2014 Teoria<\/strong><\/h3>\n<ul data-start=\"180\" data-end=\"947\">\n<li data-start=\"180\" data-end=\"224\">\n<p data-start=\"182\" data-end=\"224\"><strong data-start=\"182\" data-end=\"190\">Tipo<\/strong>: <strong data-start=\"192\" data-end=\"199\">OFF<\/strong> (ofensiva) com carbono<\/p>\n<\/li>\n<li data-start=\"225\" data-end=\"448\">\n<p data-start=\"227\" data-end=\"244\"><strong data-start=\"227\" data-end=\"241\">Constru\u00e7\u00e3o<\/strong>:<\/p>\n<ul data-start=\"247\" data-end=\"448\">\n<li data-start=\"247\" data-end=\"304\">\n<p data-start=\"249\" data-end=\"304\">5 camadas de madeira + 2 camadas finas de <strong data-start=\"291\" data-end=\"302\">carbono<\/strong><\/p>\n<\/li>\n<li data-start=\"307\" data-end=\"448\">\n<p data-start=\"309\" data-end=\"448\">Baseada no desenho da cl\u00e1ssica <strong data-start=\"340\" data-end=\"367\">Stiga Offensive Classic<\/strong> (allwood), mas com refor\u00e7o de carbono para mais pot\u00eancia e sweet spot ampliado<\/p>\n<\/li>\n<\/ul>\n<\/li>\n<li data-start=\"449\" data-end=\"475\">\n<p data-start=\"451\" data-end=\"475\"><strong data-start=\"451\" data-end=\"464\">Espessura<\/strong>: ~5.8 mm<\/p>\n<\/li>\n<li data-start=\"476\" data-end=\"498\">\n<p data-start=\"478\" data-end=\"498\"><strong data-start=\"478\" data-end=\"486\">Peso<\/strong>: ~85\u201388 g<\/p>\n<\/li>\n<li data-start=\"499\" data-end=\"529\">\n<p data-start=\"501\" data-end=\"529\"><strong data-start=\"501\" data-end=\"515\">Velocidade<\/strong>: Alta (OFF)<\/p>\n<\/li>\n<li data-start=\"530\" data-end=\"612\">\n<p data-start=\"532\" data-end=\"612\"><strong data-start=\"532\" data-end=\"544\">Controle<\/strong>: Alto para uma raquete de carbono, mantendo bom feedback de toque<\/p>\n<\/li>\n<li data-start=\"613\" data-end=\"662\">\n<p data-start=\"615\" data-end=\"662\"><strong data-start=\"615\" data-end=\"629\">Sweet spot<\/strong>: Grande, com resposta uniforme<\/p>\n<\/li>\n<li data-start=\"663\" data-end=\"734\">\n<p data-start=\"665\" data-end=\"734\"><strong data-start=\"665\" data-end=\"677\">Vibra\u00e7\u00e3o<\/strong>: Baixa (mais s\u00f3lida e est\u00e1vel que a Offensive Classic)<\/p>\n<\/li>\n<li data-start=\"735\" data-end=\"836\">\n<p data-start=\"737\" data-end=\"836\"><strong data-start=\"737\" data-end=\"749\">Sensa\u00e7\u00e3o<\/strong>: Firme, mas n\u00e3o excessivamente r\u00edgida; mant\u00e9m parte do \u201cfeeling\u201d da madeira original<\/p>\n<\/li>\n<li data-start=\"837\" data-end=\"947\">\n<p data-start=\"839\" data-end=\"947\"><strong data-start=\"839\" data-end=\"853\">Tecnologia<\/strong>: Carbono tradicional, inserido pr\u00f3ximo ao n\u00facleo para manter flexibilidade e sensa\u00e7\u00e3o natural<\/p>\n<\/li>\n<\/ul>\n<hr data-start=\"949\" data-end=\"952\">\n<h3 data-start=\"954\" data-end=\"1002\">\ud83c\udfd3 <strong data-start=\"960\" data-end=\"1002\">2. Exemplo Pr\u00e1tico \u2014 Perfil de Jogador<\/strong><\/h3>\n<p data-start=\"1004\" data-end=\"1054\">A <strong data-start=\"1006\" data-end=\"1040\">Stiga Offensive Classic Carbon<\/strong> \u00e9 ideal para:<\/p>\n<ul data-start=\"1055\" data-end=\"1344\">\n<li data-start=\"1055\" data-end=\"1139\">\n<p data-start=\"1057\" data-end=\"1139\">Jogadores <strong data-start=\"1067\" data-end=\"1092\">ofensivos controlados<\/strong> que usam muito <strong data-start=\"1108\" data-end=\"1116\">loop<\/strong> e <strong data-start=\"1119\" data-end=\"1137\">drives r\u00e1pidos<\/strong><\/p>\n<\/li>\n<li data-start=\"1140\" data-end=\"1225\">\n<p data-start=\"1142\" data-end=\"1225\">Atletas que querem <strong data-start=\"1161\" data-end=\"1181\">velocidade extra<\/strong> sem abrir m\u00e3o da sensa\u00e7\u00e3o de madeira pura<\/p>\n<\/li>\n<li data-start=\"1226\" data-end=\"1344\">\n<p data-start=\"1228\" data-end=\"1344\">Quem joga <strong data-start=\"1238\" data-end=\"1276\">de perto e m\u00e9dia dist\u00e2ncia da mesa<\/strong>, usando spin para construir pontos e velocidade para finaliz\u00e1-los<\/p>\n<\/li>\n<\/ul>\n<p data-start=\"1346\" data-end=\"1361\"><strong data-start=\"1346\" data-end=\"1360\">Na pr\u00e1tica<\/strong>:<\/p>\n<ul data-start=\"1362\" data-end=\"1614\">\n<li data-start=\"1362\" data-end=\"1430\">\n<p data-start=\"1364\" data-end=\"1430\"><strong data-start=\"1364\" data-end=\"1376\">Forehand<\/strong>: bom para loops consistentes e finaliza\u00e7\u00f5es diretas<\/p>\n<\/li>\n<li data-start=\"1431\" data-end=\"1507\">\n<p data-start=\"1433\" data-end=\"1507\"><strong data-start=\"1433\" data-end=\"1445\">Backhand<\/strong>: muito est\u00e1vel em bloqueios ativos, contra-ataques e flicks<\/p>\n<\/li>\n<li data-start=\"1508\" data-end=\"1614\">\n<p data-start=\"1510\" data-end=\"1614\">Compat\u00edvel com borrachas de dureza m\u00e9dia a m\u00e9dia-dura para tirar proveito do carbono sem perder controle<\/p>\n<\/li>\n<\/ul>\n<div class=\"_tableContainer_80l1q_1\">\n<div class=\"_tableWrapper_80l1q_14 group flex w-fit flex-col-reverse\" data-mce-tabindex=\"-1\">\n<div class=\"sticky end-(--thread-content-margin) h-0 self-end select-none\">\n<div class=\"absolute end-0 flex items-end\"><\/div>\n<\/div>\n<\/div>\n<\/div>\n<hr data-start=\"2501\" data-end=\"2504\">\n<h3 data-start=\"2506\" data-end=\"2522\">\ud83d\udccc <strong data-start=\"2512\" data-end=\"2522\">Resumo<\/strong><\/h3>\n<p data-start=\"2523\" data-end=\"2867\">A <strong data-start=\"2525\" data-end=\"2559\">Stiga Offensive Classic Carbon<\/strong> \u00e9 uma excelente op\u00e7\u00e3o para quem gosta da sensa\u00e7\u00e3o cl\u00e1ssica da madeira mas quer <strong data-start=\"2639\" data-end=\"2684\">um ganho claro de pot\u00eancia e estabilidade<\/strong>. \u00c9 perfeita para jogadores que querem transitar de um estilo mais t\u00e9cnico e controlado para um ofensivo mais r\u00e1pido, mantendo a versatilidade para loops, bloqueios e batidas diretas.<\/p>\n","protected":false},"excerpt":{"rendered":"<p><br data-mce-bogus=\"1\"><\/p>\n","protected":false},"featured_media":4628,"comment_status":"open","ping_status":"closed","template":"","meta":{"_joinchat":[]},"product_cat":[82],"product_tag":[],"class_list":{"0":"post-4522","1":"product","2":"type-product","3":"status-publish","4":"has-post-thumbnail","6":"product_cat-sem-categoria","8":"first","9":"outofstock","10":"shipping-taxable","11":"purchasable","12":"product-type-simple"},"yoast_head":"<!-- This site is optimized with the Yoast SEO plugin v22.2 - https:\/\/yoast.com\/wordpress\/plugins\/seo\/ -->\n<title>Ofensive Classic Carbon - STIGA - Haraltt<\/title>\n<meta name=\"robots\" content=\"index, follow, max-snippet:-1, max-image-preview:large, max-video-preview:-1\" \/>\n<link rel=\"canonical\" href=\"https:\/\/haraltt.com.br\/index.php\/product\/ofensive-classic-carbon-stiga\/\" \/>\n<meta property=\"og:locale\" content=\"pt_BR\" \/>\n<meta property=\"og:type\" content=\"article\" \/>\n<meta property=\"og:title\" content=\"Ofensive Classic Carbon - STIGA - Haraltt\" \/>\n<meta property=\"og:url\" content=\"https:\/\/haraltt.com.br\/index.php\/product\/ofensive-classic-carbon-stiga\/\" \/>\n<meta property=\"og:site_name\" content=\"Haraltt\" \/>\n<meta property=\"article:modified_time\" content=\"2026-02-09T15:32:43+00:00\" \/>\n<meta property=\"og:image\" content=\"http:\/\/haraltt.com.br\/wp-content\/uploads\/2025\/08\/Escolha-seu-SideTape_20250804_142105_0000.png\" \/>\n\t<meta property=\"og:image:width\" content=\"1080\" \/>\n\t<meta property=\"og:image:height\" content=\"1080\" \/>\n\t<meta property=\"og:image:type\" content=\"image\/png\" \/>\n<meta name=\"twitter:card\" content=\"summary_large_image\" \/>\n<meta name=\"twitter:label1\" content=\"Est. tempo de leitura\" \/>\n\t<meta name=\"twitter:data1\" content=\"2 minutos\" \/>\n<script type=\"application\/ld+json\" class=\"yoast-schema-graph\">{\"@context\":\"https:\/\/schema.org\",\"@graph\":[{\"@type\":\"WebPage\",\"@id\":\"https:\/\/haraltt.com.br\/index.php\/product\/ofensive-classic-carbon-stiga\/\",\"url\":\"https:\/\/haraltt.com.br\/index.php\/product\/ofensive-classic-carbon-stiga\/\",\"name\":\"Ofensive Classic Carbon - STIGA - Haraltt\",\"isPartOf\":{\"@id\":\"https:\/\/haraltt.com.br\/#website\"},\"primaryImageOfPage\":{\"@id\":\"https:\/\/haraltt.com.br\/index.php\/product\/ofensive-classic-carbon-stiga\/#primaryimage\"},\"image\":{\"@id\":\"https:\/\/haraltt.com.br\/index.php\/product\/ofensive-classic-carbon-stiga\/#primaryimage\"},\"thumbnailUrl\":\"https:\/\/haraltt.com.br\/wp-content\/uploads\/2025\/08\/Escolha-seu-SideTape_20250804_142105_0000.png\",\"datePublished\":\"2025-08-02T19:45:14+00:00\",\"dateModified\":\"2026-02-09T15:32:43+00:00\",\"breadcrumb\":{\"@id\":\"https:\/\/haraltt.com.br\/index.php\/product\/ofensive-classic-carbon-stiga\/#breadcrumb\"},\"inLanguage\":\"pt-BR\",\"potentialAction\":[{\"@type\":\"ReadAction\",\"target\":[\"https:\/\/haraltt.com.br\/index.php\/product\/ofensive-classic-carbon-stiga\/\"]}]},{\"@type\":\"ImageObject\",\"inLanguage\":\"pt-BR\",\"@id\":\"https:\/\/haraltt.com.br\/index.php\/product\/ofensive-classic-carbon-stiga\/#primaryimage\",\"url\":\"https:\/\/haraltt.com.br\/wp-content\/uploads\/2025\/08\/Escolha-seu-SideTape_20250804_142105_0000.png\",\"contentUrl\":\"https:\/\/haraltt.com.br\/wp-content\/uploads\/2025\/08\/Escolha-seu-SideTape_20250804_142105_0000.png\",\"width\":1080,\"height\":1080},{\"@type\":\"BreadcrumbList\",\"@id\":\"https:\/\/haraltt.com.br\/index.php\/product\/ofensive-classic-carbon-stiga\/#breadcrumb\",\"itemListElement\":[{\"@type\":\"ListItem\",\"position\":1,\"name\":\"In\u00edcio\",\"item\":\"https:\/\/haraltt.com.br\/\"},{\"@type\":\"ListItem\",\"position\":2,\"name\":\"Loja\",\"item\":\"https:\/\/haraltt.com.br\/index.php\/loja\/\"},{\"@type\":\"ListItem\",\"position\":3,\"name\":\"Ofensive Classic Carbon &#8211; STIGA\"}]},{\"@type\":\"WebSite\",\"@id\":\"https:\/\/haraltt.com.br\/#website\",\"url\":\"https:\/\/haraltt.com.br\/\",\"name\":\"Haraltt\",\"description\":\"T\u00eanis de mesa de forma acessivel\",\"publisher\":{\"@id\":\"https:\/\/haraltt.com.br\/#organization\"},\"potentialAction\":[{\"@type\":\"SearchAction\",\"target\":{\"@type\":\"EntryPoint\",\"urlTemplate\":\"https:\/\/haraltt.com.br\/?s={search_term_string}\"},\"query-input\":\"required name=search_term_string\"}],\"inLanguage\":\"pt-BR\"},{\"@type\":\"Organization\",\"@id\":\"https:\/\/haraltt.com.br\/#organization\",\"name\":\"Haraltt\",\"url\":\"https:\/\/haraltt.com.br\/\",\"logo\":{\"@type\":\"ImageObject\",\"inLanguage\":\"pt-BR\",\"@id\":\"https:\/\/haraltt.com.br\/#\/schema\/logo\/image\/\",\"url\":\"\/\/\/wp-content\/uploads\/2024\/02\/44811478-removebg-preview.png\",\"contentUrl\":\"\/\/\/wp-content\/uploads\/2024\/02\/44811478-removebg-preview.png\",\"width\":500,\"height\":500,\"caption\":\"Haraltt\"},\"image\":{\"@id\":\"https:\/\/haraltt.com.br\/#\/schema\/logo\/image\/\"}}]}<\/script>\n<!-- \/ Yoast SEO plugin. -->","yoast_head_json":{"title":"Ofensive Classic Carbon - STIGA - Haraltt","robots":{"index":"index","follow":"follow","max-snippet":"max-snippet:-1","max-image-preview":"max-image-preview:large","max-video-preview":"max-video-preview:-1"},"canonical":"https:\/\/haraltt.com.br\/index.php\/product\/ofensive-classic-carbon-stiga\/","og_locale":"pt_BR","og_type":"article","og_title":"Ofensive Classic Carbon - STIGA - Haraltt","og_url":"https:\/\/haraltt.com.br\/index.php\/product\/ofensive-classic-carbon-stiga\/","og_site_name":"Haraltt","article_modified_time":"2026-02-09T15:32:43+00:00","og_image":[{"width":1080,"height":1080,"url":"http:\/\/haraltt.com.br\/wp-content\/uploads\/2025\/08\/Escolha-seu-SideTape_20250804_142105_0000.png","type":"image\/png"}],"twitter_card":"summary_large_image","twitter_misc":{"Est. tempo de leitura":"2 minutos"},"schema":{"@context":"https:\/\/schema.org","@graph":[{"@type":"WebPage","@id":"https:\/\/haraltt.com.br\/index.php\/product\/ofensive-classic-carbon-stiga\/","url":"https:\/\/haraltt.com.br\/index.php\/product\/ofensive-classic-carbon-stiga\/","name":"Ofensive Classic Carbon - STIGA - Haraltt","isPartOf":{"@id":"https:\/\/haraltt.com.br\/#website"},"primaryImageOfPage":{"@id":"https:\/\/haraltt.com.br\/index.php\/product\/ofensive-classic-carbon-stiga\/#primaryimage"},"image":{"@id":"https:\/\/haraltt.com.br\/index.php\/product\/ofensive-classic-carbon-stiga\/#primaryimage"},"thumbnailUrl":"https:\/\/haraltt.com.br\/wp-content\/uploads\/2025\/08\/Escolha-seu-SideTape_20250804_142105_0000.png","datePublished":"2025-08-02T19:45:14+00:00","dateModified":"2026-02-09T15:32:43+00:00","breadcrumb":{"@id":"https:\/\/haraltt.com.br\/index.php\/product\/ofensive-classic-carbon-stiga\/#breadcrumb"},"inLanguage":"pt-BR","potentialAction":[{"@type":"ReadAction","target":["https:\/\/haraltt.com.br\/index.php\/product\/ofensive-classic-carbon-stiga\/"]}]},{"@type":"ImageObject","inLanguage":"pt-BR","@id":"https:\/\/haraltt.com.br\/index.php\/product\/ofensive-classic-carbon-stiga\/#primaryimage","url":"https:\/\/haraltt.com.br\/wp-content\/uploads\/2025\/08\/Escolha-seu-SideTape_20250804_142105_0000.png","contentUrl":"https:\/\/haraltt.com.br\/wp-content\/uploads\/2025\/08\/Escolha-seu-SideTape_20250804_142105_0000.png","width":1080,"height":1080},{"@type":"BreadcrumbList","@id":"https:\/\/haraltt.com.br\/index.php\/product\/ofensive-classic-carbon-stiga\/#breadcrumb","itemListElement":[{"@type":"ListItem","position":1,"name":"In\u00edcio","item":"https:\/\/haraltt.com.br\/"},{"@type":"ListItem","position":2,"name":"Loja","item":"https:\/\/haraltt.com.br\/index.php\/loja\/"},{"@type":"ListItem","position":3,"name":"Ofensive Classic Carbon &#8211; STIGA"}]},{"@type":"WebSite","@id":"https:\/\/haraltt.com.br\/#website","url":"https:\/\/haraltt.com.br\/","name":"Haraltt","description":"T\u00eanis de mesa de forma acessivel","publisher":{"@id":"https:\/\/haraltt.com.br\/#organization"},"potentialAction":[{"@type":"SearchAction","target":{"@type":"EntryPoint","urlTemplate":"https:\/\/haraltt.com.br\/?s={search_term_string}"},"query-input":"required name=search_term_string"}],"inLanguage":"pt-BR"},{"@type":"Organization","@id":"https:\/\/haraltt.com.br\/#organization","name":"Haraltt","url":"https:\/\/haraltt.com.br\/","logo":{"@type":"ImageObject","inLanguage":"pt-BR","@id":"https:\/\/haraltt.com.br\/#\/schema\/logo\/image\/","url":"\/\/\/wp-content\/uploads\/2024\/02\/44811478-removebg-preview.png","contentUrl":"\/\/\/wp-content\/uploads\/2024\/02\/44811478-removebg-preview.png","width":500,"height":500,"caption":"Haraltt"},"image":{"@id":"https:\/\/haraltt.com.br\/#\/schema\/logo\/image\/"}}]}},"_links":{"self":[{"href":"https:\/\/haraltt.com.br\/index.php\/wp-json\/wp\/v2\/product\/4522","targetHints":{"allow":["GET"]}}],"collection":[{"href":"https:\/\/haraltt.com.br\/index.php\/wp-json\/wp\/v2\/product"}],"about":[{"href":"https:\/\/haraltt.com.br\/index.php\/wp-json\/wp\/v2\/types\/product"}],"replies":[{"embeddable":true,"href":"https:\/\/haraltt.com.br\/index.php\/wp-json\/wp\/v2\/comments?post=4522"}],"wp:featuredmedia":[{"embeddable":true,"href":"https:\/\/haraltt.com.br\/index.php\/wp-json\/wp\/v2\/media\/4628"}],"wp:attachment":[{"href":"https:\/\/haraltt.com.br\/index.php\/wp-json\/wp\/v2\/media?parent=4522"}],"wp:term":[{"taxonomy":"product_cat","embeddable":true,"href":"https:\/\/haraltt.com.br\/index.php\/wp-json\/wp\/v2\/product_cat?post=4522"},{"taxonomy":"product_tag","embeddable":true,"href":"https:\/\/haraltt.com.br\/index.php\/wp-json\/wp\/v2\/product_tag?post=4522"}],"curies":[{"name":"wp","href":"https:\/\/api.w.org\/{rel}","templated":true}]}}