{"id":4520,"date":"2025-08-02T16:40:00","date_gmt":"2025-08-02T19:40:00","guid":{"rendered":"https:\/\/haraltt.com.br\/?post_type=product&#038;p=4520"},"modified":"2026-02-09T12:32:59","modified_gmt":"2026-02-09T15:32:59","slug":"centric-carbon-stiga","status":"publish","type":"product","link":"https:\/\/haraltt.com.br\/index.php\/product\/centric-carbon-stiga\/","title":{"rendered":"Centric Carbon &#8211; STIGA"},"content":{"rendered":"<h3 data-start=\"118\" data-end=\"153\"><strong data-start=\"124\" data-end=\"153\">1. Parte T\u00e9cnica \u2014 Teoria<\/strong><\/h3>\n<ul data-start=\"155\" data-end=\"827\">\n<li data-start=\"155\" data-end=\"195\">\n<p data-start=\"157\" data-end=\"195\"><strong data-start=\"157\" data-end=\"165\">Tipo<\/strong>: OFF (ofensiva) com carbono<\/p>\n<\/li>\n<li data-start=\"196\" data-end=\"323\">\n<p data-start=\"198\" data-end=\"215\"><strong data-start=\"198\" data-end=\"212\">Constru\u00e7\u00e3o<\/strong>:<\/p>\n<ul data-start=\"218\" data-end=\"323\">\n<li data-start=\"218\" data-end=\"269\">\n<p data-start=\"220\" data-end=\"269\">5 camadas de madeira + 2 camadas de <strong data-start=\"256\" data-end=\"267\">carbono<\/strong><\/p>\n<\/li>\n<li data-start=\"272\" data-end=\"323\">\n<p data-start=\"274\" data-end=\"323\">Estrutura cl\u00e1ssica ofensiva de carbono da Stiga<\/p>\n<\/li>\n<\/ul>\n<\/li>\n<li data-start=\"324\" data-end=\"350\">\n<p data-start=\"326\" data-end=\"350\"><strong data-start=\"326\" data-end=\"339\">Espessura<\/strong>: ~5.9 mm<\/p>\n<\/li>\n<li data-start=\"351\" data-end=\"396\">\n<p data-start=\"353\" data-end=\"396\"><strong data-start=\"353\" data-end=\"361\">Peso<\/strong>: ~85\u201388 g (leve para um carbono)<\/p>\n<\/li>\n<li data-start=\"397\" data-end=\"467\">\n<p data-start=\"399\" data-end=\"467\"><strong data-start=\"399\" data-end=\"413\">Velocidade<\/strong>: Alta (mais que uma allwood ofensiva de mesmo peso)<\/p>\n<\/li>\n<li data-start=\"468\" data-end=\"552\">\n<p data-start=\"470\" data-end=\"552\"><strong data-start=\"470\" data-end=\"482\">Controle<\/strong>: Alto para uma madeira de carbono, gra\u00e7as ao design fino e flex\u00edvel<\/p>\n<\/li>\n<li data-start=\"553\" data-end=\"623\">\n<p data-start=\"555\" data-end=\"623\"><strong data-start=\"555\" data-end=\"569\">Sweet spot<\/strong>: Grande, com resposta uniforme em toda a superf\u00edcie<\/p>\n<\/li>\n<li data-start=\"624\" data-end=\"703\">\n<p data-start=\"626\" data-end=\"703\"><strong data-start=\"626\" data-end=\"638\">Sensa\u00e7\u00e3o<\/strong>: Mais firme e s\u00f3lida que as madeiras puras, com pouca vibra\u00e7\u00e3o<\/p>\n<\/li>\n<li data-start=\"704\" data-end=\"827\">\n<p data-start=\"706\" data-end=\"827\"><strong data-start=\"706\" data-end=\"730\">Tecnologia destacada<\/strong>: uso de carbono tradicional, que amplia estabilidade e acelera\u00e7\u00e3o sem aumentar tanto a rigidez<\/p>\n<\/li>\n<\/ul>\n<hr data-start=\"829\" data-end=\"832\">\n<h3 data-start=\"834\" data-end=\"882\">\ud83c\udfd3 <strong data-start=\"840\" data-end=\"882\">2. Exemplo Pr\u00e1tico \u2014 Perfil de Jogador<\/strong><\/h3>\n<p data-start=\"884\" data-end=\"927\">A <strong data-start=\"886\" data-end=\"910\">Stiga Centric Carbon<\/strong> \u00e9 indicada para:<\/p>\n<ul data-start=\"928\" data-end=\"1219\">\n<li data-start=\"928\" data-end=\"1015\">\n<p data-start=\"930\" data-end=\"1015\">Jogadores <strong data-start=\"940\" data-end=\"965\">ofensivos controlados<\/strong>, que querem velocidade extra sem perder feeling<\/p>\n<\/li>\n<li data-start=\"1016\" data-end=\"1098\">\n<p data-start=\"1018\" data-end=\"1098\">Atletas que jogam de <strong data-start=\"1039\" data-end=\"1058\">m\u00e9dia dist\u00e2ncia<\/strong>, misturando loops com batidas diretas<\/p>\n<\/li>\n<li data-start=\"1099\" data-end=\"1219\">\n<p data-start=\"1101\" data-end=\"1219\">Quem j\u00e1 domina fundamentos e quer evoluir para carbono, mas sem pular para raquetes muito r\u00edgidas como as OFF+ puras<\/p>\n<\/li>\n<\/ul>\n<p data-start=\"1221\" data-end=\"1236\"><strong data-start=\"1221\" data-end=\"1235\">Na pr\u00e1tica<\/strong>:<\/p>\n<ul data-start=\"1237\" data-end=\"1479\">\n<li data-start=\"1237\" data-end=\"1323\">\n<p data-start=\"1239\" data-end=\"1323\"><strong data-start=\"1239\" data-end=\"1251\">Forehand<\/strong>: favorece loops r\u00e1pidos e drives diretos, com estabilidade no contato<\/p>\n<\/li>\n<li data-start=\"1324\" data-end=\"1394\">\n<p data-start=\"1326\" data-end=\"1394\"><strong data-start=\"1326\" data-end=\"1338\">Backhand<\/strong>: \u00f3timo para bloqueios ativos, contra-ataques e flicks<\/p>\n<\/li>\n<li data-start=\"1395\" data-end=\"1479\">\n<p data-start=\"1397\" data-end=\"1479\">Permite jogar com borrachas mais macias ou m\u00e9dias, compensando a firmeza da l\u00e2mina<\/p>\n<\/li>\n<\/ul>\n<hr data-start=\"2361\" data-end=\"2364\">\n<h3 data-start=\"2366\" data-end=\"2382\">\ud83d\udccc <strong data-start=\"2372\" data-end=\"2382\">Resumo<\/strong><\/h3>\n<p data-start=\"2383\" data-end=\"2718\">A <strong data-start=\"2385\" data-end=\"2409\">Stiga Centric Carbon<\/strong> \u00e9 uma \u00f3tima porta de entrada para quem quer migrar de uma madeira allwood para carbono. Ela oferece <strong data-start=\"2510\" data-end=\"2548\">mais velocidade e sweet spot maior<\/strong>, mas mant\u00e9m <strong data-start=\"2561\" data-end=\"2595\">controle e sensa\u00e7\u00e3o suficiente<\/strong> para quem valoriza consist\u00eancia. \u00c9 excelente para ofensivos moderados que atacam com t\u00e9cnica e n\u00e3o apenas com for\u00e7a bruta.<\/p>\n","protected":false},"excerpt":{"rendered":"<p><\/p>\n","protected":false},"featured_media":4521,"comment_status":"open","ping_status":"closed","template":"","meta":{"_joinchat":[]},"product_cat":[82],"product_tag":[],"class_list":{"0":"post-4520","1":"product","2":"type-product","3":"status-publish","4":"has-post-thumbnail","6":"product_cat-sem-categoria","8":"first","9":"outofstock","10":"shipping-taxable","11":"purchasable","12":"product-type-simple"},"yoast_head":"<!-- This site is optimized with the Yoast SEO plugin v22.2 - https:\/\/yoast.com\/wordpress\/plugins\/seo\/ -->\n<title>Centric Carbon - STIGA - Haraltt<\/title>\n<meta name=\"robots\" content=\"index, follow, max-snippet:-1, max-image-preview:large, max-video-preview:-1\" \/>\n<link rel=\"canonical\" href=\"https:\/\/haraltt.com.br\/index.php\/product\/centric-carbon-stiga\/\" \/>\n<meta property=\"og:locale\" content=\"pt_BR\" \/>\n<meta property=\"og:type\" content=\"article\" \/>\n<meta property=\"og:title\" content=\"Centric Carbon - STIGA - Haraltt\" \/>\n<meta property=\"og:url\" content=\"https:\/\/haraltt.com.br\/index.php\/product\/centric-carbon-stiga\/\" \/>\n<meta property=\"og:site_name\" content=\"Haraltt\" \/>\n<meta property=\"article:modified_time\" content=\"2026-02-09T15:32:59+00:00\" \/>\n<meta property=\"og:image\" content=\"http:\/\/haraltt.com.br\/wp-content\/uploads\/2025\/08\/1082XX.jpg\" \/>\n\t<meta property=\"og:image:width\" content=\"1024\" \/>\n\t<meta property=\"og:image:height\" content=\"1024\" \/>\n\t<meta property=\"og:image:type\" content=\"image\/jpeg\" \/>\n<meta name=\"twitter:card\" content=\"summary_large_image\" \/>\n<meta name=\"twitter:label1\" content=\"Est. tempo de leitura\" \/>\n\t<meta name=\"twitter:data1\" content=\"2 minutos\" \/>\n<script type=\"application\/ld+json\" class=\"yoast-schema-graph\">{\"@context\":\"https:\/\/schema.org\",\"@graph\":[{\"@type\":\"WebPage\",\"@id\":\"https:\/\/haraltt.com.br\/index.php\/product\/centric-carbon-stiga\/\",\"url\":\"https:\/\/haraltt.com.br\/index.php\/product\/centric-carbon-stiga\/\",\"name\":\"Centric Carbon - STIGA - Haraltt\",\"isPartOf\":{\"@id\":\"https:\/\/haraltt.com.br\/#website\"},\"primaryImageOfPage\":{\"@id\":\"https:\/\/haraltt.com.br\/index.php\/product\/centric-carbon-stiga\/#primaryimage\"},\"image\":{\"@id\":\"https:\/\/haraltt.com.br\/index.php\/product\/centric-carbon-stiga\/#primaryimage\"},\"thumbnailUrl\":\"https:\/\/haraltt.com.br\/wp-content\/uploads\/2025\/08\/1082XX.jpg\",\"datePublished\":\"2025-08-02T19:40:00+00:00\",\"dateModified\":\"2026-02-09T15:32:59+00:00\",\"breadcrumb\":{\"@id\":\"https:\/\/haraltt.com.br\/index.php\/product\/centric-carbon-stiga\/#breadcrumb\"},\"inLanguage\":\"pt-BR\",\"potentialAction\":[{\"@type\":\"ReadAction\",\"target\":[\"https:\/\/haraltt.com.br\/index.php\/product\/centric-carbon-stiga\/\"]}]},{\"@type\":\"ImageObject\",\"inLanguage\":\"pt-BR\",\"@id\":\"https:\/\/haraltt.com.br\/index.php\/product\/centric-carbon-stiga\/#primaryimage\",\"url\":\"https:\/\/haraltt.com.br\/wp-content\/uploads\/2025\/08\/1082XX.jpg\",\"contentUrl\":\"https:\/\/haraltt.com.br\/wp-content\/uploads\/2025\/08\/1082XX.jpg\",\"width\":1024,\"height\":1024},{\"@type\":\"BreadcrumbList\",\"@id\":\"https:\/\/haraltt.com.br\/index.php\/product\/centric-carbon-stiga\/#breadcrumb\",\"itemListElement\":[{\"@type\":\"ListItem\",\"position\":1,\"name\":\"In\u00edcio\",\"item\":\"https:\/\/haraltt.com.br\/\"},{\"@type\":\"ListItem\",\"position\":2,\"name\":\"Loja\",\"item\":\"https:\/\/haraltt.com.br\/index.php\/loja\/\"},{\"@type\":\"ListItem\",\"position\":3,\"name\":\"Centric Carbon &#8211; STIGA\"}]},{\"@type\":\"WebSite\",\"@id\":\"https:\/\/haraltt.com.br\/#website\",\"url\":\"https:\/\/haraltt.com.br\/\",\"name\":\"Haraltt\",\"description\":\"T\u00eanis de mesa de forma acessivel\",\"publisher\":{\"@id\":\"https:\/\/haraltt.com.br\/#organization\"},\"potentialAction\":[{\"@type\":\"SearchAction\",\"target\":{\"@type\":\"EntryPoint\",\"urlTemplate\":\"https:\/\/haraltt.com.br\/?s={search_term_string}\"},\"query-input\":\"required name=search_term_string\"}],\"inLanguage\":\"pt-BR\"},{\"@type\":\"Organization\",\"@id\":\"https:\/\/haraltt.com.br\/#organization\",\"name\":\"Haraltt\",\"url\":\"https:\/\/haraltt.com.br\/\",\"logo\":{\"@type\":\"ImageObject\",\"inLanguage\":\"pt-BR\",\"@id\":\"https:\/\/haraltt.com.br\/#\/schema\/logo\/image\/\",\"url\":\"\/\/\/wp-content\/uploads\/2024\/02\/44811478-removebg-preview.png\",\"contentUrl\":\"\/\/\/wp-content\/uploads\/2024\/02\/44811478-removebg-preview.png\",\"width\":500,\"height\":500,\"caption\":\"Haraltt\"},\"image\":{\"@id\":\"https:\/\/haraltt.com.br\/#\/schema\/logo\/image\/\"}}]}<\/script>\n<!-- \/ Yoast SEO plugin. -->","yoast_head_json":{"title":"Centric Carbon - STIGA - Haraltt","robots":{"index":"index","follow":"follow","max-snippet":"max-snippet:-1","max-image-preview":"max-image-preview:large","max-video-preview":"max-video-preview:-1"},"canonical":"https:\/\/haraltt.com.br\/index.php\/product\/centric-carbon-stiga\/","og_locale":"pt_BR","og_type":"article","og_title":"Centric Carbon - STIGA - Haraltt","og_url":"https:\/\/haraltt.com.br\/index.php\/product\/centric-carbon-stiga\/","og_site_name":"Haraltt","article_modified_time":"2026-02-09T15:32:59+00:00","og_image":[{"width":1024,"height":1024,"url":"http:\/\/haraltt.com.br\/wp-content\/uploads\/2025\/08\/1082XX.jpg","type":"image\/jpeg"}],"twitter_card":"summary_large_image","twitter_misc":{"Est. tempo de leitura":"2 minutos"},"schema":{"@context":"https:\/\/schema.org","@graph":[{"@type":"WebPage","@id":"https:\/\/haraltt.com.br\/index.php\/product\/centric-carbon-stiga\/","url":"https:\/\/haraltt.com.br\/index.php\/product\/centric-carbon-stiga\/","name":"Centric Carbon - STIGA - Haraltt","isPartOf":{"@id":"https:\/\/haraltt.com.br\/#website"},"primaryImageOfPage":{"@id":"https:\/\/haraltt.com.br\/index.php\/product\/centric-carbon-stiga\/#primaryimage"},"image":{"@id":"https:\/\/haraltt.com.br\/index.php\/product\/centric-carbon-stiga\/#primaryimage"},"thumbnailUrl":"https:\/\/haraltt.com.br\/wp-content\/uploads\/2025\/08\/1082XX.jpg","datePublished":"2025-08-02T19:40:00+00:00","dateModified":"2026-02-09T15:32:59+00:00","breadcrumb":{"@id":"https:\/\/haraltt.com.br\/index.php\/product\/centric-carbon-stiga\/#breadcrumb"},"inLanguage":"pt-BR","potentialAction":[{"@type":"ReadAction","target":["https:\/\/haraltt.com.br\/index.php\/product\/centric-carbon-stiga\/"]}]},{"@type":"ImageObject","inLanguage":"pt-BR","@id":"https:\/\/haraltt.com.br\/index.php\/product\/centric-carbon-stiga\/#primaryimage","url":"https:\/\/haraltt.com.br\/wp-content\/uploads\/2025\/08\/1082XX.jpg","contentUrl":"https:\/\/haraltt.com.br\/wp-content\/uploads\/2025\/08\/1082XX.jpg","width":1024,"height":1024},{"@type":"BreadcrumbList","@id":"https:\/\/haraltt.com.br\/index.php\/product\/centric-carbon-stiga\/#breadcrumb","itemListElement":[{"@type":"ListItem","position":1,"name":"In\u00edcio","item":"https:\/\/haraltt.com.br\/"},{"@type":"ListItem","position":2,"name":"Loja","item":"https:\/\/haraltt.com.br\/index.php\/loja\/"},{"@type":"ListItem","position":3,"name":"Centric Carbon &#8211; STIGA"}]},{"@type":"WebSite","@id":"https:\/\/haraltt.com.br\/#website","url":"https:\/\/haraltt.com.br\/","name":"Haraltt","description":"T\u00eanis de mesa de forma acessivel","publisher":{"@id":"https:\/\/haraltt.com.br\/#organization"},"potentialAction":[{"@type":"SearchAction","target":{"@type":"EntryPoint","urlTemplate":"https:\/\/haraltt.com.br\/?s={search_term_string}"},"query-input":"required name=search_term_string"}],"inLanguage":"pt-BR"},{"@type":"Organization","@id":"https:\/\/haraltt.com.br\/#organization","name":"Haraltt","url":"https:\/\/haraltt.com.br\/","logo":{"@type":"ImageObject","inLanguage":"pt-BR","@id":"https:\/\/haraltt.com.br\/#\/schema\/logo\/image\/","url":"\/\/\/wp-content\/uploads\/2024\/02\/44811478-removebg-preview.png","contentUrl":"\/\/\/wp-content\/uploads\/2024\/02\/44811478-removebg-preview.png","width":500,"height":500,"caption":"Haraltt"},"image":{"@id":"https:\/\/haraltt.com.br\/#\/schema\/logo\/image\/"}}]}},"_links":{"self":[{"href":"https:\/\/haraltt.com.br\/index.php\/wp-json\/wp\/v2\/product\/4520","targetHints":{"allow":["GET"]}}],"collection":[{"href":"https:\/\/haraltt.com.br\/index.php\/wp-json\/wp\/v2\/product"}],"about":[{"href":"https:\/\/haraltt.com.br\/index.php\/wp-json\/wp\/v2\/types\/product"}],"replies":[{"embeddable":true,"href":"https:\/\/haraltt.com.br\/index.php\/wp-json\/wp\/v2\/comments?post=4520"}],"wp:featuredmedia":[{"embeddable":true,"href":"https:\/\/haraltt.com.br\/index.php\/wp-json\/wp\/v2\/media\/4521"}],"wp:attachment":[{"href":"https:\/\/haraltt.com.br\/index.php\/wp-json\/wp\/v2\/media?parent=4520"}],"wp:term":[{"taxonomy":"product_cat","embeddable":true,"href":"https:\/\/haraltt.com.br\/index.php\/wp-json\/wp\/v2\/product_cat?post=4520"},{"taxonomy":"product_tag","embeddable":true,"href":"https:\/\/haraltt.com.br\/index.php\/wp-json\/wp\/v2\/product_tag?post=4520"}],"curies":[{"name":"wp","href":"https:\/\/api.w.org\/{rel}","templated":true}]}}