{"id":4517,"date":"2025-08-02T16:31:07","date_gmt":"2025-08-02T19:31:07","guid":{"rendered":"https:\/\/haraltt.com.br\/?post_type=product&#038;p=4517"},"modified":"2026-02-09T12:32:22","modified_gmt":"2026-02-09T15:32:22","slug":"allround-evo-stiga","status":"publish","type":"product","link":"https:\/\/haraltt.com.br\/index.php\/product\/allround-evo-stiga\/","title":{"rendered":"Allround Evo &#8211; STIGA"},"content":{"rendered":"<h3 data-start=\"130\" data-end=\"165\"><strong data-start=\"136\" data-end=\"165\">1. Parte T\u00e9cnica \u2014 Teoria<\/strong><\/h3>\n<ul data-start=\"167\" data-end=\"724\">\n<li data-start=\"167\" data-end=\"212\">\n<p data-start=\"169\" data-end=\"212\"><strong data-start=\"169\" data-end=\"177\">Tipo<\/strong>: Allwood de controle (OFF-\/ALL+)<\/p>\n<\/li>\n<li data-start=\"213\" data-end=\"371\">\n<p data-start=\"215\" data-end=\"232\"><strong data-start=\"215\" data-end=\"229\">Constru\u00e7\u00e3o<\/strong>:<\/p>\n<ul data-start=\"235\" data-end=\"371\">\n<li data-start=\"235\" data-end=\"275\">\n<p data-start=\"237\" data-end=\"275\">5 camadas de madeira (limba e ayous)<\/p>\n<\/li>\n<li data-start=\"278\" data-end=\"371\">\n<p data-start=\"280\" data-end=\"371\">Estrutura cl\u00e1ssica da linha Allround, mas com prensagem mais firme que a Allround Classic<\/p>\n<\/li>\n<\/ul>\n<\/li>\n<li data-start=\"372\" data-end=\"398\">\n<p data-start=\"374\" data-end=\"398\"><strong data-start=\"374\" data-end=\"387\">Espessura<\/strong>: ~5.8 mm<\/p>\n<\/li>\n<li data-start=\"399\" data-end=\"418\">\n<p data-start=\"401\" data-end=\"418\"><strong data-start=\"401\" data-end=\"409\">Peso<\/strong>: ~85 g<\/p>\n<\/li>\n<li data-start=\"419\" data-end=\"490\">\n<p data-start=\"421\" data-end=\"490\"><strong data-start=\"421\" data-end=\"435\">Velocidade<\/strong>: M\u00e9dia (um pouco mais r\u00e1pida que a Allround Classic)<\/p>\n<\/li>\n<li data-start=\"491\" data-end=\"519\">\n<p data-start=\"493\" data-end=\"519\"><strong data-start=\"493\" data-end=\"505\">Controle<\/strong>: Muito alto<\/p>\n<\/li>\n<li data-start=\"520\" data-end=\"579\">\n<p data-start=\"522\" data-end=\"579\"><strong data-start=\"522\" data-end=\"534\">Vibra\u00e7\u00e3o<\/strong>: M\u00e9dia, toque confort\u00e1vel com bom feedback<\/p>\n<\/li>\n<li data-start=\"580\" data-end=\"638\">\n<p data-start=\"582\" data-end=\"638\"><strong data-start=\"582\" data-end=\"596\">Sweet spot<\/strong>: M\u00e9dio, suficiente para jogo controlado<\/p>\n<\/li>\n<li data-start=\"639\" data-end=\"724\">\n<p data-start=\"641\" data-end=\"724\"><strong data-start=\"641\" data-end=\"653\">Sensa\u00e7\u00e3o<\/strong>: Toque macio, mas com mais firmeza e pot\u00eancia que a Allround Classic<\/p>\n<\/li>\n<\/ul>\n<hr data-start=\"726\" data-end=\"729\">\n<h3 data-start=\"731\" data-end=\"779\">\ud83c\udfd3 <strong data-start=\"737\" data-end=\"779\">2. Exemplo Pr\u00e1tico \u2014 Perfil de Jogador<\/strong><\/h3>\n<p data-start=\"781\" data-end=\"828\">A <strong data-start=\"783\" data-end=\"811\">Stiga Allround Evolution<\/strong> \u00e9 indicada para:<\/p>\n<ul data-start=\"829\" data-end=\"1188\">\n<li data-start=\"829\" data-end=\"965\">\n<p data-start=\"831\" data-end=\"965\">Jogadores <strong data-start=\"841\" data-end=\"863\">allround ofensivos<\/strong> que querem um pouco mais de velocidade do que a Allround Classic oferece, mas sem perder o controle<\/p>\n<\/li>\n<li data-start=\"966\" data-end=\"1097\">\n<p data-start=\"968\" data-end=\"1097\">Atletas em <strong data-start=\"979\" data-end=\"1002\">n\u00edvel intermedi\u00e1rio<\/strong> que querem desenvolver t\u00e9cnica de topspin, bloqueio, push e varia\u00e7\u00e3o de efeito com seguran\u00e7a<\/p>\n<\/li>\n<li data-start=\"1098\" data-end=\"1188\">\n<p data-start=\"1100\" data-end=\"1188\">Estilo <strong data-start=\"1107\" data-end=\"1119\">vers\u00e1til<\/strong>, adaptando-se bem a loops, drives, bloqueios e at\u00e9 defesa moderada<\/p>\n<\/li>\n<\/ul>\n<p data-start=\"1190\" data-end=\"1205\"><strong data-start=\"1190\" data-end=\"1204\">Na pr\u00e1tica<\/strong>:<\/p>\n<ul data-start=\"1206\" data-end=\"1495\">\n<li data-start=\"1206\" data-end=\"1301\">\n<p data-start=\"1208\" data-end=\"1301\"><strong data-start=\"1208\" data-end=\"1220\">Forehand<\/strong>: boa para loops controlados, abertura contra backspin e finaliza\u00e7\u00f5es moderadas<\/p>\n<\/li>\n<li data-start=\"1302\" data-end=\"1376\">\n<p data-start=\"1304\" data-end=\"1376\"><strong data-start=\"1304\" data-end=\"1316\">Backhand<\/strong>: excelente para bloqueios ativos e contra-ataques r\u00e1pidos<\/p>\n<\/li>\n<li data-start=\"1377\" data-end=\"1495\">\n<p data-start=\"1379\" data-end=\"1495\">F\u00e1cil de combinar com borrachas de diferentes durezas, desde macias para mais controle at\u00e9 m\u00e9dias para mais pot\u00eancia<\/p>\n<\/li>\n<\/ul>\n<div class=\"_tableContainer_80l1q_1\">\n<div class=\"_tableWrapper_80l1q_14 group flex w-fit flex-col-reverse\" data-mce-tabindex=\"-1\">\n<div class=\"sticky end-(--thread-content-margin) h-0 self-end select-none\">\n<div class=\"absolute end-0 flex items-end\"><\/div>\n<\/div>\n<\/div>\n<\/div>\n<hr data-start=\"2370\" data-end=\"2373\">\n<h3 data-start=\"2375\" data-end=\"2391\">\ud83d\udccc <strong data-start=\"2381\" data-end=\"2391\">Resumo<\/strong><\/h3>\n<p data-start=\"2392\" data-end=\"2688\">A <strong data-start=\"2394\" data-end=\"2422\">Stiga Allround Evolution<\/strong> \u00e9 perfeita para quem quer <strong data-start=\"2449\" data-end=\"2533\">uma madeira equilibrada, com controle de allround e um toque extra de velocidade<\/strong> para permitir um jogo ofensivo moderado. \u00c9 um passo natural para quem vem de madeiras puramente de controle e quer come\u00e7ar a acelerar sem perder precis\u00e3o.<\/p>\n","protected":false},"excerpt":{"rendered":"<p><br data-mce-bogus=\"1\"><\/p>\n","protected":false},"featured_media":4518,"comment_status":"open","ping_status":"closed","template":"","meta":{"_joinchat":[]},"product_cat":[82],"product_tag":[],"class_list":{"0":"post-4517","1":"product","2":"type-product","3":"status-publish","4":"has-post-thumbnail","6":"product_cat-sem-categoria","8":"first","9":"outofstock","10":"shipping-taxable","11":"purchasable","12":"product-type-simple"},"yoast_head":"<!-- This site is optimized with the Yoast SEO plugin v22.2 - https:\/\/yoast.com\/wordpress\/plugins\/seo\/ -->\n<title>Allround Evo - STIGA - Haraltt<\/title>\n<meta name=\"robots\" content=\"index, follow, max-snippet:-1, max-image-preview:large, max-video-preview:-1\" \/>\n<link rel=\"canonical\" href=\"https:\/\/haraltt.com.br\/index.php\/product\/allround-evo-stiga\/\" \/>\n<meta property=\"og:locale\" content=\"pt_BR\" \/>\n<meta property=\"og:type\" content=\"article\" \/>\n<meta property=\"og:title\" content=\"Allround Evo - STIGA - Haraltt\" \/>\n<meta property=\"og:url\" content=\"https:\/\/haraltt.com.br\/index.php\/product\/allround-evo-stiga\/\" \/>\n<meta property=\"og:site_name\" content=\"Haraltt\" \/>\n<meta property=\"article:modified_time\" content=\"2026-02-09T15:32:22+00:00\" \/>\n<meta property=\"og:image\" content=\"http:\/\/haraltt.com.br\/wp-content\/uploads\/2025\/08\/1632__0__stiga_allround_evolution_14787.jpg\" \/>\n\t<meta property=\"og:image:width\" content=\"1100\" \/>\n\t<meta property=\"og:image:height\" content=\"1100\" \/>\n\t<meta property=\"og:image:type\" content=\"image\/jpeg\" \/>\n<meta name=\"twitter:card\" content=\"summary_large_image\" \/>\n<meta name=\"twitter:label1\" content=\"Est. tempo de leitura\" \/>\n\t<meta name=\"twitter:data1\" content=\"2 minutos\" \/>\n<script type=\"application\/ld+json\" class=\"yoast-schema-graph\">{\"@context\":\"https:\/\/schema.org\",\"@graph\":[{\"@type\":\"WebPage\",\"@id\":\"https:\/\/haraltt.com.br\/index.php\/product\/allround-evo-stiga\/\",\"url\":\"https:\/\/haraltt.com.br\/index.php\/product\/allround-evo-stiga\/\",\"name\":\"Allround Evo - STIGA - Haraltt\",\"isPartOf\":{\"@id\":\"https:\/\/haraltt.com.br\/#website\"},\"primaryImageOfPage\":{\"@id\":\"https:\/\/haraltt.com.br\/index.php\/product\/allround-evo-stiga\/#primaryimage\"},\"image\":{\"@id\":\"https:\/\/haraltt.com.br\/index.php\/product\/allround-evo-stiga\/#primaryimage\"},\"thumbnailUrl\":\"https:\/\/haraltt.com.br\/wp-content\/uploads\/2025\/08\/1632__0__stiga_allround_evolution_14787.jpg\",\"datePublished\":\"2025-08-02T19:31:07+00:00\",\"dateModified\":\"2026-02-09T15:32:22+00:00\",\"breadcrumb\":{\"@id\":\"https:\/\/haraltt.com.br\/index.php\/product\/allround-evo-stiga\/#breadcrumb\"},\"inLanguage\":\"pt-BR\",\"potentialAction\":[{\"@type\":\"ReadAction\",\"target\":[\"https:\/\/haraltt.com.br\/index.php\/product\/allround-evo-stiga\/\"]}]},{\"@type\":\"ImageObject\",\"inLanguage\":\"pt-BR\",\"@id\":\"https:\/\/haraltt.com.br\/index.php\/product\/allround-evo-stiga\/#primaryimage\",\"url\":\"https:\/\/haraltt.com.br\/wp-content\/uploads\/2025\/08\/1632__0__stiga_allround_evolution_14787.jpg\",\"contentUrl\":\"https:\/\/haraltt.com.br\/wp-content\/uploads\/2025\/08\/1632__0__stiga_allround_evolution_14787.jpg\",\"width\":1100,\"height\":1100},{\"@type\":\"BreadcrumbList\",\"@id\":\"https:\/\/haraltt.com.br\/index.php\/product\/allround-evo-stiga\/#breadcrumb\",\"itemListElement\":[{\"@type\":\"ListItem\",\"position\":1,\"name\":\"In\u00edcio\",\"item\":\"https:\/\/haraltt.com.br\/\"},{\"@type\":\"ListItem\",\"position\":2,\"name\":\"Loja\",\"item\":\"https:\/\/haraltt.com.br\/index.php\/loja\/\"},{\"@type\":\"ListItem\",\"position\":3,\"name\":\"Allround Evo &#8211; STIGA\"}]},{\"@type\":\"WebSite\",\"@id\":\"https:\/\/haraltt.com.br\/#website\",\"url\":\"https:\/\/haraltt.com.br\/\",\"name\":\"Haraltt\",\"description\":\"T\u00eanis de mesa de forma acessivel\",\"publisher\":{\"@id\":\"https:\/\/haraltt.com.br\/#organization\"},\"potentialAction\":[{\"@type\":\"SearchAction\",\"target\":{\"@type\":\"EntryPoint\",\"urlTemplate\":\"https:\/\/haraltt.com.br\/?s={search_term_string}\"},\"query-input\":\"required name=search_term_string\"}],\"inLanguage\":\"pt-BR\"},{\"@type\":\"Organization\",\"@id\":\"https:\/\/haraltt.com.br\/#organization\",\"name\":\"Haraltt\",\"url\":\"https:\/\/haraltt.com.br\/\",\"logo\":{\"@type\":\"ImageObject\",\"inLanguage\":\"pt-BR\",\"@id\":\"https:\/\/haraltt.com.br\/#\/schema\/logo\/image\/\",\"url\":\"\/\/\/wp-content\/uploads\/2024\/02\/44811478-removebg-preview.png\",\"contentUrl\":\"\/\/\/wp-content\/uploads\/2024\/02\/44811478-removebg-preview.png\",\"width\":500,\"height\":500,\"caption\":\"Haraltt\"},\"image\":{\"@id\":\"https:\/\/haraltt.com.br\/#\/schema\/logo\/image\/\"}}]}<\/script>\n<!-- \/ Yoast SEO plugin. -->","yoast_head_json":{"title":"Allround Evo - STIGA - Haraltt","robots":{"index":"index","follow":"follow","max-snippet":"max-snippet:-1","max-image-preview":"max-image-preview:large","max-video-preview":"max-video-preview:-1"},"canonical":"https:\/\/haraltt.com.br\/index.php\/product\/allround-evo-stiga\/","og_locale":"pt_BR","og_type":"article","og_title":"Allround Evo - STIGA - Haraltt","og_url":"https:\/\/haraltt.com.br\/index.php\/product\/allround-evo-stiga\/","og_site_name":"Haraltt","article_modified_time":"2026-02-09T15:32:22+00:00","og_image":[{"width":1100,"height":1100,"url":"http:\/\/haraltt.com.br\/wp-content\/uploads\/2025\/08\/1632__0__stiga_allround_evolution_14787.jpg","type":"image\/jpeg"}],"twitter_card":"summary_large_image","twitter_misc":{"Est. tempo de leitura":"2 minutos"},"schema":{"@context":"https:\/\/schema.org","@graph":[{"@type":"WebPage","@id":"https:\/\/haraltt.com.br\/index.php\/product\/allround-evo-stiga\/","url":"https:\/\/haraltt.com.br\/index.php\/product\/allround-evo-stiga\/","name":"Allround Evo - STIGA - Haraltt","isPartOf":{"@id":"https:\/\/haraltt.com.br\/#website"},"primaryImageOfPage":{"@id":"https:\/\/haraltt.com.br\/index.php\/product\/allround-evo-stiga\/#primaryimage"},"image":{"@id":"https:\/\/haraltt.com.br\/index.php\/product\/allround-evo-stiga\/#primaryimage"},"thumbnailUrl":"https:\/\/haraltt.com.br\/wp-content\/uploads\/2025\/08\/1632__0__stiga_allround_evolution_14787.jpg","datePublished":"2025-08-02T19:31:07+00:00","dateModified":"2026-02-09T15:32:22+00:00","breadcrumb":{"@id":"https:\/\/haraltt.com.br\/index.php\/product\/allround-evo-stiga\/#breadcrumb"},"inLanguage":"pt-BR","potentialAction":[{"@type":"ReadAction","target":["https:\/\/haraltt.com.br\/index.php\/product\/allround-evo-stiga\/"]}]},{"@type":"ImageObject","inLanguage":"pt-BR","@id":"https:\/\/haraltt.com.br\/index.php\/product\/allround-evo-stiga\/#primaryimage","url":"https:\/\/haraltt.com.br\/wp-content\/uploads\/2025\/08\/1632__0__stiga_allround_evolution_14787.jpg","contentUrl":"https:\/\/haraltt.com.br\/wp-content\/uploads\/2025\/08\/1632__0__stiga_allround_evolution_14787.jpg","width":1100,"height":1100},{"@type":"BreadcrumbList","@id":"https:\/\/haraltt.com.br\/index.php\/product\/allround-evo-stiga\/#breadcrumb","itemListElement":[{"@type":"ListItem","position":1,"name":"In\u00edcio","item":"https:\/\/haraltt.com.br\/"},{"@type":"ListItem","position":2,"name":"Loja","item":"https:\/\/haraltt.com.br\/index.php\/loja\/"},{"@type":"ListItem","position":3,"name":"Allround Evo &#8211; STIGA"}]},{"@type":"WebSite","@id":"https:\/\/haraltt.com.br\/#website","url":"https:\/\/haraltt.com.br\/","name":"Haraltt","description":"T\u00eanis de mesa de forma acessivel","publisher":{"@id":"https:\/\/haraltt.com.br\/#organization"},"potentialAction":[{"@type":"SearchAction","target":{"@type":"EntryPoint","urlTemplate":"https:\/\/haraltt.com.br\/?s={search_term_string}"},"query-input":"required name=search_term_string"}],"inLanguage":"pt-BR"},{"@type":"Organization","@id":"https:\/\/haraltt.com.br\/#organization","name":"Haraltt","url":"https:\/\/haraltt.com.br\/","logo":{"@type":"ImageObject","inLanguage":"pt-BR","@id":"https:\/\/haraltt.com.br\/#\/schema\/logo\/image\/","url":"\/\/\/wp-content\/uploads\/2024\/02\/44811478-removebg-preview.png","contentUrl":"\/\/\/wp-content\/uploads\/2024\/02\/44811478-removebg-preview.png","width":500,"height":500,"caption":"Haraltt"},"image":{"@id":"https:\/\/haraltt.com.br\/#\/schema\/logo\/image\/"}}]}},"_links":{"self":[{"href":"https:\/\/haraltt.com.br\/index.php\/wp-json\/wp\/v2\/product\/4517","targetHints":{"allow":["GET"]}}],"collection":[{"href":"https:\/\/haraltt.com.br\/index.php\/wp-json\/wp\/v2\/product"}],"about":[{"href":"https:\/\/haraltt.com.br\/index.php\/wp-json\/wp\/v2\/types\/product"}],"replies":[{"embeddable":true,"href":"https:\/\/haraltt.com.br\/index.php\/wp-json\/wp\/v2\/comments?post=4517"}],"wp:featuredmedia":[{"embeddable":true,"href":"https:\/\/haraltt.com.br\/index.php\/wp-json\/wp\/v2\/media\/4518"}],"wp:attachment":[{"href":"https:\/\/haraltt.com.br\/index.php\/wp-json\/wp\/v2\/media?parent=4517"}],"wp:term":[{"taxonomy":"product_cat","embeddable":true,"href":"https:\/\/haraltt.com.br\/index.php\/wp-json\/wp\/v2\/product_cat?post=4517"},{"taxonomy":"product_tag","embeddable":true,"href":"https:\/\/haraltt.com.br\/index.php\/wp-json\/wp\/v2\/product_tag?post=4517"}],"curies":[{"name":"wp","href":"https:\/\/api.w.org\/{rel}","templated":true}]}}