{"id":4514,"date":"2025-08-02T16:09:28","date_gmt":"2025-08-02T19:09:28","guid":{"rendered":"https:\/\/haraltt.com.br\/?post_type=product&#038;p=4514"},"modified":"2026-02-09T12:33:20","modified_gmt":"2026-02-09T15:33:20","slug":"carbonado-90-stiga","status":"publish","type":"product","link":"https:\/\/haraltt.com.br\/index.php\/product\/carbonado-90-stiga\/","title":{"rendered":"Carbonado 90 &#8211; STIGA"},"content":{"rendered":"<h3 data-start=\"134\" data-end=\"169\"><strong data-start=\"140\" data-end=\"169\">1. Parte T\u00e9cnica \u2014 Teoria<\/strong><\/h3>\n<ul data-start=\"171\" data-end=\"918\">\n<li data-start=\"171\" data-end=\"214\">\n<p data-start=\"173\" data-end=\"214\"><strong data-start=\"173\" data-end=\"181\">Tipo<\/strong>: Ofensiva com fibra de carbono<\/p>\n<\/li>\n<li data-start=\"215\" data-end=\"366\">\n<p data-start=\"217\" data-end=\"234\"><strong data-start=\"217\" data-end=\"231\">Constru\u00e7\u00e3o<\/strong>:<\/p>\n<ul data-start=\"237\" data-end=\"366\">\n<li data-start=\"237\" data-end=\"335\">\n<p data-start=\"239\" data-end=\"335\">5 camadas de madeira + 2 camadas de <strong data-start=\"275\" data-end=\"295\">TeXtreme\u00ae Carbon<\/strong> (tecido de carbono de alta densidade)<\/p>\n<\/li>\n<li data-start=\"338\" data-end=\"366\">\n<p data-start=\"340\" data-end=\"366\">Espessura total: ~5.8 mm<\/p>\n<\/li>\n<\/ul>\n<\/li>\n<li data-start=\"367\" data-end=\"450\">\n<p data-start=\"369\" data-end=\"450\"><strong data-start=\"369\" data-end=\"396\">Configura\u00e7\u00e3o do carbono<\/strong>: 90\u00b0 (fibras alinhadas perpendicularmente \u00e0 l\u00e2mina)<\/p>\n<\/li>\n<li data-start=\"451\" data-end=\"488\">\n<p data-start=\"453\" data-end=\"488\"><strong data-start=\"453\" data-end=\"467\">Velocidade<\/strong>: Muito alta (OFF+)<\/p>\n<\/li>\n<li data-start=\"489\" data-end=\"548\">\n<p data-start=\"491\" data-end=\"548\"><strong data-start=\"491\" data-end=\"503\">Controle<\/strong>: Alto para o n\u00edvel de pot\u00eancia que oferece<\/p>\n<\/li>\n<li data-start=\"549\" data-end=\"621\">\n<p data-start=\"551\" data-end=\"621\"><strong data-start=\"551\" data-end=\"565\">Sweet spot<\/strong>: Muito grande, resposta uniforme em toda a superf\u00edcie<\/p>\n<\/li>\n<li data-start=\"622\" data-end=\"668\">\n<p data-start=\"624\" data-end=\"668\"><strong data-start=\"624\" data-end=\"636\">Vibra\u00e7\u00e3o<\/strong>: M\u00ednima, toque firme e direto<\/p>\n<\/li>\n<li data-start=\"669\" data-end=\"918\">\n<p data-start=\"671\" data-end=\"698\"><strong data-start=\"671\" data-end=\"695\">Tecnologia destacada<\/strong>:<\/p>\n<ul data-start=\"701\" data-end=\"918\">\n<li data-start=\"701\" data-end=\"798\">\n<p data-start=\"703\" data-end=\"798\"><strong data-start=\"703\" data-end=\"716\">TeXtreme\u00ae<\/strong>: carbono mais fino e resistente, que proporciona estabilidade sem aumentar peso<\/p>\n<\/li>\n<li data-start=\"801\" data-end=\"918\">\n<p data-start=\"803\" data-end=\"918\"><strong data-start=\"803\" data-end=\"824\">90\u00b0 de orienta\u00e7\u00e3o<\/strong>: maximiza estabilidade e controle na dire\u00e7\u00e3o vertical, melhorando precis\u00e3o nos golpes retos<\/p>\n<\/li>\n<\/ul>\n<\/li>\n<\/ul>\n<hr data-start=\"920\" data-end=\"923\">\n<h3 data-start=\"925\" data-end=\"973\">\ud83c\udfd3 <strong data-start=\"931\" data-end=\"973\">2. Exemplo Pr\u00e1tico \u2014 Perfil de Jogador<\/strong><\/h3>\n<p data-start=\"975\" data-end=\"1016\">A <strong data-start=\"977\" data-end=\"999\">Stiga Carbonado 90<\/strong> \u00e9 indicada para:<\/p>\n<ul data-start=\"1017\" data-end=\"1403\">\n<li data-start=\"1017\" data-end=\"1127\">\n<p data-start=\"1019\" data-end=\"1127\">Jogadores <strong data-start=\"1029\" data-end=\"1056\">ofensivos de alto n\u00edvel<\/strong> que precisam de <strong data-start=\"1073\" data-end=\"1092\">pot\u00eancia m\u00e1xima<\/strong> e <strong data-start=\"1095\" data-end=\"1125\">precis\u00e3o em golpes r\u00e1pidos<\/strong><\/p>\n<\/li>\n<li data-start=\"1128\" data-end=\"1228\">\n<p data-start=\"1130\" data-end=\"1228\">Atletas que atacam de m\u00e9dia e longa dist\u00e2ncia, usando loops potentes e contra-ataques agressivos<\/p>\n<\/li>\n<li data-start=\"1229\" data-end=\"1321\">\n<p data-start=\"1231\" data-end=\"1321\">Quem j\u00e1 domina t\u00e9cnica e quer um material <strong data-start=\"1273\" data-end=\"1319\">est\u00e1vel, r\u00e1pido e com resposta consistente<\/strong><\/p>\n<\/li>\n<li data-start=\"1322\" data-end=\"1403\">\n<p data-start=\"1324\" data-end=\"1403\">Estilo <strong data-start=\"1331\" data-end=\"1352\">moderno agressivo<\/strong>, combinando topspin pesado com finaliza\u00e7\u00f5es fortes<\/p>\n<\/li>\n<\/ul>\n<p data-start=\"1405\" data-end=\"1420\"><strong data-start=\"1405\" data-end=\"1419\">Na pr\u00e1tica<\/strong>:<\/p>\n<ul data-start=\"1421\" data-end=\"1651\">\n<li data-start=\"1421\" data-end=\"1482\">\n<p data-start=\"1423\" data-end=\"1482\"><strong data-start=\"1423\" data-end=\"1435\">Forehand<\/strong>: ideal para loops diretos e smashs decisivos<\/p>\n<\/li>\n<li data-start=\"1483\" data-end=\"1553\">\n<p data-start=\"1485\" data-end=\"1553\"><strong data-start=\"1485\" data-end=\"1497\">Backhand<\/strong>: r\u00e1pido e s\u00f3lido para bloqueios ativos e contra-loops<\/p>\n<\/li>\n<li data-start=\"1554\" data-end=\"1651\">\n<p data-start=\"1556\" data-end=\"1651\">D\u00e1 vantagem em trocas r\u00e1pidas e ofensivas prolongadas, sem perda de controle na pot\u00eancia m\u00e1xima<\/p>\n<\/li>\n<\/ul>\n<h3 data-start=\"2714\" data-end=\"2730\">\ud83d\udccc <strong data-start=\"2720\" data-end=\"2730\">Resumo<\/strong><\/h3>\n<p data-start=\"2731\" data-end=\"3093\">A <strong data-start=\"2733\" data-end=\"2755\">Stiga Carbonado 90<\/strong> \u00e9 uma raquete de carbono para quem quer <strong data-start=\"2796\" data-end=\"2843\">velocidade bruta com alto n\u00edvel de controle<\/strong>, perfeita para <strong data-start=\"2859\" data-end=\"2894\">atacantes t\u00e9cnicos e agressivos<\/strong>. O carbono em <strong data-start=\"2909\" data-end=\"2916\">90\u00b0<\/strong> traz mais precis\u00e3o nos golpes retos e estabilidade nas batidas potentes, sendo excelente para quem joga a m\u00e9dia\/longa dist\u00e2ncia e precisa de seguran\u00e7a mesmo em pot\u00eancia m\u00e1xima.<\/p>\n","protected":false},"excerpt":{"rendered":"<p><\/p>\n","protected":false},"featured_media":4515,"comment_status":"open","ping_status":"closed","template":"","meta":{"_joinchat":[]},"product_cat":[82],"product_tag":[],"class_list":{"0":"post-4514","1":"product","2":"type-product","3":"status-publish","4":"has-post-thumbnail","6":"product_cat-sem-categoria","8":"first","9":"outofstock","10":"sale","11":"shipping-taxable","12":"purchasable","13":"product-type-simple"},"yoast_head":"<!-- This site is optimized with the Yoast SEO plugin v22.2 - https:\/\/yoast.com\/wordpress\/plugins\/seo\/ -->\n<title>Carbonado 90 - STIGA - Haraltt<\/title>\n<meta name=\"robots\" content=\"index, follow, max-snippet:-1, max-image-preview:large, max-video-preview:-1\" \/>\n<link rel=\"canonical\" href=\"https:\/\/haraltt.com.br\/index.php\/product\/carbonado-90-stiga\/\" \/>\n<meta property=\"og:locale\" content=\"pt_BR\" \/>\n<meta property=\"og:type\" content=\"article\" \/>\n<meta property=\"og:title\" content=\"Carbonado 90 - STIGA - Haraltt\" \/>\n<meta property=\"og:url\" content=\"https:\/\/haraltt.com.br\/index.php\/product\/carbonado-90-stiga\/\" \/>\n<meta property=\"og:site_name\" content=\"Haraltt\" \/>\n<meta property=\"article:modified_time\" content=\"2026-02-09T15:33:20+00:00\" \/>\n<meta property=\"og:image\" content=\"http:\/\/haraltt.com.br\/wp-content\/uploads\/2025\/08\/893__0__stiga_carbonado_90_4877.jpg\" \/>\n\t<meta property=\"og:image:width\" content=\"1100\" \/>\n\t<meta property=\"og:image:height\" content=\"1100\" \/>\n\t<meta property=\"og:image:type\" content=\"image\/jpeg\" \/>\n<meta name=\"twitter:card\" content=\"summary_large_image\" \/>\n<meta name=\"twitter:label1\" content=\"Est. tempo de leitura\" \/>\n\t<meta name=\"twitter:data1\" content=\"2 minutos\" \/>\n<script type=\"application\/ld+json\" class=\"yoast-schema-graph\">{\"@context\":\"https:\/\/schema.org\",\"@graph\":[{\"@type\":\"WebPage\",\"@id\":\"https:\/\/haraltt.com.br\/index.php\/product\/carbonado-90-stiga\/\",\"url\":\"https:\/\/haraltt.com.br\/index.php\/product\/carbonado-90-stiga\/\",\"name\":\"Carbonado 90 - STIGA - Haraltt\",\"isPartOf\":{\"@id\":\"https:\/\/haraltt.com.br\/#website\"},\"primaryImageOfPage\":{\"@id\":\"https:\/\/haraltt.com.br\/index.php\/product\/carbonado-90-stiga\/#primaryimage\"},\"image\":{\"@id\":\"https:\/\/haraltt.com.br\/index.php\/product\/carbonado-90-stiga\/#primaryimage\"},\"thumbnailUrl\":\"https:\/\/haraltt.com.br\/wp-content\/uploads\/2025\/08\/893__0__stiga_carbonado_90_4877.jpg\",\"datePublished\":\"2025-08-02T19:09:28+00:00\",\"dateModified\":\"2026-02-09T15:33:20+00:00\",\"breadcrumb\":{\"@id\":\"https:\/\/haraltt.com.br\/index.php\/product\/carbonado-90-stiga\/#breadcrumb\"},\"inLanguage\":\"pt-BR\",\"potentialAction\":[{\"@type\":\"ReadAction\",\"target\":[\"https:\/\/haraltt.com.br\/index.php\/product\/carbonado-90-stiga\/\"]}]},{\"@type\":\"ImageObject\",\"inLanguage\":\"pt-BR\",\"@id\":\"https:\/\/haraltt.com.br\/index.php\/product\/carbonado-90-stiga\/#primaryimage\",\"url\":\"https:\/\/haraltt.com.br\/wp-content\/uploads\/2025\/08\/893__0__stiga_carbonado_90_4877.jpg\",\"contentUrl\":\"https:\/\/haraltt.com.br\/wp-content\/uploads\/2025\/08\/893__0__stiga_carbonado_90_4877.jpg\",\"width\":1100,\"height\":1100},{\"@type\":\"BreadcrumbList\",\"@id\":\"https:\/\/haraltt.com.br\/index.php\/product\/carbonado-90-stiga\/#breadcrumb\",\"itemListElement\":[{\"@type\":\"ListItem\",\"position\":1,\"name\":\"In\u00edcio\",\"item\":\"https:\/\/haraltt.com.br\/\"},{\"@type\":\"ListItem\",\"position\":2,\"name\":\"Loja\",\"item\":\"https:\/\/haraltt.com.br\/index.php\/loja\/\"},{\"@type\":\"ListItem\",\"position\":3,\"name\":\"Carbonado 90 &#8211; STIGA\"}]},{\"@type\":\"WebSite\",\"@id\":\"https:\/\/haraltt.com.br\/#website\",\"url\":\"https:\/\/haraltt.com.br\/\",\"name\":\"Haraltt\",\"description\":\"T\u00eanis de mesa de forma acessivel\",\"publisher\":{\"@id\":\"https:\/\/haraltt.com.br\/#organization\"},\"potentialAction\":[{\"@type\":\"SearchAction\",\"target\":{\"@type\":\"EntryPoint\",\"urlTemplate\":\"https:\/\/haraltt.com.br\/?s={search_term_string}\"},\"query-input\":\"required name=search_term_string\"}],\"inLanguage\":\"pt-BR\"},{\"@type\":\"Organization\",\"@id\":\"https:\/\/haraltt.com.br\/#organization\",\"name\":\"Haraltt\",\"url\":\"https:\/\/haraltt.com.br\/\",\"logo\":{\"@type\":\"ImageObject\",\"inLanguage\":\"pt-BR\",\"@id\":\"https:\/\/haraltt.com.br\/#\/schema\/logo\/image\/\",\"url\":\"\/\/\/wp-content\/uploads\/2024\/02\/44811478-removebg-preview.png\",\"contentUrl\":\"\/\/\/wp-content\/uploads\/2024\/02\/44811478-removebg-preview.png\",\"width\":500,\"height\":500,\"caption\":\"Haraltt\"},\"image\":{\"@id\":\"https:\/\/haraltt.com.br\/#\/schema\/logo\/image\/\"}}]}<\/script>\n<!-- \/ Yoast SEO plugin. -->","yoast_head_json":{"title":"Carbonado 90 - STIGA - Haraltt","robots":{"index":"index","follow":"follow","max-snippet":"max-snippet:-1","max-image-preview":"max-image-preview:large","max-video-preview":"max-video-preview:-1"},"canonical":"https:\/\/haraltt.com.br\/index.php\/product\/carbonado-90-stiga\/","og_locale":"pt_BR","og_type":"article","og_title":"Carbonado 90 - STIGA - Haraltt","og_url":"https:\/\/haraltt.com.br\/index.php\/product\/carbonado-90-stiga\/","og_site_name":"Haraltt","article_modified_time":"2026-02-09T15:33:20+00:00","og_image":[{"width":1100,"height":1100,"url":"http:\/\/haraltt.com.br\/wp-content\/uploads\/2025\/08\/893__0__stiga_carbonado_90_4877.jpg","type":"image\/jpeg"}],"twitter_card":"summary_large_image","twitter_misc":{"Est. tempo de leitura":"2 minutos"},"schema":{"@context":"https:\/\/schema.org","@graph":[{"@type":"WebPage","@id":"https:\/\/haraltt.com.br\/index.php\/product\/carbonado-90-stiga\/","url":"https:\/\/haraltt.com.br\/index.php\/product\/carbonado-90-stiga\/","name":"Carbonado 90 - STIGA - Haraltt","isPartOf":{"@id":"https:\/\/haraltt.com.br\/#website"},"primaryImageOfPage":{"@id":"https:\/\/haraltt.com.br\/index.php\/product\/carbonado-90-stiga\/#primaryimage"},"image":{"@id":"https:\/\/haraltt.com.br\/index.php\/product\/carbonado-90-stiga\/#primaryimage"},"thumbnailUrl":"https:\/\/haraltt.com.br\/wp-content\/uploads\/2025\/08\/893__0__stiga_carbonado_90_4877.jpg","datePublished":"2025-08-02T19:09:28+00:00","dateModified":"2026-02-09T15:33:20+00:00","breadcrumb":{"@id":"https:\/\/haraltt.com.br\/index.php\/product\/carbonado-90-stiga\/#breadcrumb"},"inLanguage":"pt-BR","potentialAction":[{"@type":"ReadAction","target":["https:\/\/haraltt.com.br\/index.php\/product\/carbonado-90-stiga\/"]}]},{"@type":"ImageObject","inLanguage":"pt-BR","@id":"https:\/\/haraltt.com.br\/index.php\/product\/carbonado-90-stiga\/#primaryimage","url":"https:\/\/haraltt.com.br\/wp-content\/uploads\/2025\/08\/893__0__stiga_carbonado_90_4877.jpg","contentUrl":"https:\/\/haraltt.com.br\/wp-content\/uploads\/2025\/08\/893__0__stiga_carbonado_90_4877.jpg","width":1100,"height":1100},{"@type":"BreadcrumbList","@id":"https:\/\/haraltt.com.br\/index.php\/product\/carbonado-90-stiga\/#breadcrumb","itemListElement":[{"@type":"ListItem","position":1,"name":"In\u00edcio","item":"https:\/\/haraltt.com.br\/"},{"@type":"ListItem","position":2,"name":"Loja","item":"https:\/\/haraltt.com.br\/index.php\/loja\/"},{"@type":"ListItem","position":3,"name":"Carbonado 90 &#8211; STIGA"}]},{"@type":"WebSite","@id":"https:\/\/haraltt.com.br\/#website","url":"https:\/\/haraltt.com.br\/","name":"Haraltt","description":"T\u00eanis de mesa de forma acessivel","publisher":{"@id":"https:\/\/haraltt.com.br\/#organization"},"potentialAction":[{"@type":"SearchAction","target":{"@type":"EntryPoint","urlTemplate":"https:\/\/haraltt.com.br\/?s={search_term_string}"},"query-input":"required name=search_term_string"}],"inLanguage":"pt-BR"},{"@type":"Organization","@id":"https:\/\/haraltt.com.br\/#organization","name":"Haraltt","url":"https:\/\/haraltt.com.br\/","logo":{"@type":"ImageObject","inLanguage":"pt-BR","@id":"https:\/\/haraltt.com.br\/#\/schema\/logo\/image\/","url":"\/\/\/wp-content\/uploads\/2024\/02\/44811478-removebg-preview.png","contentUrl":"\/\/\/wp-content\/uploads\/2024\/02\/44811478-removebg-preview.png","width":500,"height":500,"caption":"Haraltt"},"image":{"@id":"https:\/\/haraltt.com.br\/#\/schema\/logo\/image\/"}}]}},"_links":{"self":[{"href":"https:\/\/haraltt.com.br\/index.php\/wp-json\/wp\/v2\/product\/4514","targetHints":{"allow":["GET"]}}],"collection":[{"href":"https:\/\/haraltt.com.br\/index.php\/wp-json\/wp\/v2\/product"}],"about":[{"href":"https:\/\/haraltt.com.br\/index.php\/wp-json\/wp\/v2\/types\/product"}],"replies":[{"embeddable":true,"href":"https:\/\/haraltt.com.br\/index.php\/wp-json\/wp\/v2\/comments?post=4514"}],"wp:featuredmedia":[{"embeddable":true,"href":"https:\/\/haraltt.com.br\/index.php\/wp-json\/wp\/v2\/media\/4515"}],"wp:attachment":[{"href":"https:\/\/haraltt.com.br\/index.php\/wp-json\/wp\/v2\/media?parent=4514"}],"wp:term":[{"taxonomy":"product_cat","embeddable":true,"href":"https:\/\/haraltt.com.br\/index.php\/wp-json\/wp\/v2\/product_cat?post=4514"},{"taxonomy":"product_tag","embeddable":true,"href":"https:\/\/haraltt.com.br\/index.php\/wp-json\/wp\/v2\/product_tag?post=4514"}],"curies":[{"name":"wp","href":"https:\/\/api.w.org\/{rel}","templated":true}]}}