{"id":4513,"date":"2025-08-02T15:59:07","date_gmt":"2025-08-02T18:59:07","guid":{"rendered":"https:\/\/haraltt.com.br\/?post_type=product&#038;p=4513"},"modified":"2026-02-09T12:40:56","modified_gmt":"2026-02-09T15:40:56","slug":"korbel-sk7-fl-butterfly","status":"publish","type":"product","link":"https:\/\/haraltt.com.br\/index.php\/product\/korbel-sk7-fl-butterfly\/","title":{"rendered":"Korbel SK7 FL &#8211; BUTTERFLY"},"content":{"rendered":"<h3 data-start=\"126\" data-end=\"161\"><strong>1. Parte T\u00e9cnica \u2014 Teoria<\/strong><\/h3>\n<ul data-start=\"163\" data-end=\"690\">\n<li data-start=\"163\" data-end=\"208\">\n<p data-start=\"165\" data-end=\"208\"><strong data-start=\"165\" data-end=\"173\">Tipo<\/strong>: Allwood ofensiva (100% madeira)<\/p>\n<\/li>\n<li data-start=\"209\" data-end=\"257\">\n<p data-start=\"211\" data-end=\"257\"><strong data-start=\"211\" data-end=\"225\">Constru\u00e7\u00e3o<\/strong>: 7 camadas de madeira (7-ply)<\/p>\n<\/li>\n<li data-start=\"258\" data-end=\"284\">\n<p data-start=\"260\" data-end=\"284\"><strong data-start=\"260\" data-end=\"273\">Espessura<\/strong>: ~6.7 mm<\/p>\n<\/li>\n<li data-start=\"285\" data-end=\"315\">\n<p data-start=\"287\" data-end=\"315\"><strong data-start=\"287\" data-end=\"295\">Peso<\/strong>: 88\u201392 g em m\u00e9dia<\/p>\n<\/li>\n<li data-start=\"316\" data-end=\"346\">\n<p data-start=\"318\" data-end=\"346\"><strong data-start=\"318\" data-end=\"337\">Madeira externa<\/strong>: Limba<\/p>\n<\/li>\n<li data-start=\"347\" data-end=\"408\">\n<p data-start=\"349\" data-end=\"408\"><strong data-start=\"349\" data-end=\"363\">Velocidade<\/strong>: Alta para uma allwood (classifica\u00e7\u00e3o OFF)<\/p>\n<\/li>\n<li data-start=\"409\" data-end=\"431\">\n<p data-start=\"411\" data-end=\"431\"><strong data-start=\"411\" data-end=\"423\">Controle<\/strong>: Alto<\/p>\n<\/li>\n<li data-start=\"432\" data-end=\"530\">\n<p data-start=\"434\" data-end=\"530\"><strong data-start=\"434\" data-end=\"446\">Sensa\u00e7\u00e3o<\/strong>: Mais firme e s\u00f3lida que madeiras 5-ply, mas ainda com feeling natural de madeira<\/p>\n<\/li>\n<li data-start=\"531\" data-end=\"623\">\n<p data-start=\"533\" data-end=\"623\"><strong data-start=\"533\" data-end=\"545\">Vibra\u00e7\u00e3o<\/strong>: Reduzida (menos do que uma SK7 Classic), proporcionando toque mais est\u00e1vel<\/p>\n<\/li>\n<li data-start=\"624\" data-end=\"690\">\n<p data-start=\"626\" data-end=\"690\"><strong data-start=\"626\" data-end=\"642\">Estabilidade<\/strong>: Alta, com sweet spot grande para uma allwood<\/p>\n<\/li>\n<\/ul>\n<p data-start=\"692\" data-end=\"833\">O <strong data-start=\"694\" data-end=\"708\">Korbel SK7<\/strong> foi projetado para dar ao jogador <strong data-start=\"743\" data-end=\"781\">pot\u00eancia e estabilidade nos golpes<\/strong>, sem perder a sensa\u00e7\u00e3o cl\u00e1ssica das madeiras puras.<\/p>\n<hr data-start=\"835\" data-end=\"838\">\n<h3 data-start=\"840\" data-end=\"888\">\ud83c\udfd3 <strong data-start=\"846\" data-end=\"888\">2. Exemplo Pr\u00e1tico \u2014 Perfil de Jogador<\/strong><\/h3>\n<p data-start=\"890\" data-end=\"923\">A <strong data-start=\"892\" data-end=\"906\">Korbel SK7<\/strong> \u00e9 indicada para:<\/p>\n<ul data-start=\"924\" data-end=\"1244\">\n<li data-start=\"924\" data-end=\"1044\">\n<p data-start=\"926\" data-end=\"1044\"><strong data-start=\"926\" data-end=\"966\">Ofensivos que gostam de consist\u00eancia<\/strong>: quem valoriza troca de bola firme, controle no bloqueio e for\u00e7a nos drives<\/p>\n<\/li>\n<li data-start=\"1045\" data-end=\"1134\">\n<p data-start=\"1047\" data-end=\"1134\">Jogadores que <strong data-start=\"1061\" data-end=\"1085\">v\u00eam de madeira 5-ply<\/strong> e querem mais pot\u00eancia sem migrar para carbono<\/p>\n<\/li>\n<li data-start=\"1135\" data-end=\"1244\">\n<p data-start=\"1137\" data-end=\"1244\">Estilo <strong data-start=\"1144\" data-end=\"1187\">topspin drive e bloqueio pr\u00f3ximo \u00e0 mesa<\/strong>, com possibilidade de ataque potente a m\u00e9dia dist\u00e2ncia<\/p>\n<\/li>\n<\/ul>\n<p data-start=\"1246\" data-end=\"1261\"><strong data-start=\"1246\" data-end=\"1260\">Na pr\u00e1tica<\/strong>:<\/p>\n<ul data-start=\"1262\" data-end=\"1522\">\n<li data-start=\"1262\" data-end=\"1325\">\n<p data-start=\"1264\" data-end=\"1325\"><strong data-start=\"1264\" data-end=\"1276\">Forehand<\/strong>: \u00f3tima estabilidade para loops e drives firmes<\/p>\n<\/li>\n<li data-start=\"1326\" data-end=\"1396\">\n<p data-start=\"1328\" data-end=\"1396\"><strong data-start=\"1328\" data-end=\"1340\">Backhand<\/strong>: muito confi\u00e1vel para bloqueio ativo e contra-ataques<\/p>\n<\/li>\n<li data-start=\"1397\" data-end=\"1522\">\n<p data-start=\"1399\" data-end=\"1522\">Combina bem com borrachas m\u00e9dias a duras, pois a firmeza da madeira ajuda no aproveitamento da pot\u00eancia sem perder controle<\/p>\n<\/li>\n<\/ul>\n<div class=\"_tableContainer_80l1q_1\">\n<div class=\"_tableWrapper_80l1q_14 group flex w-fit flex-col-reverse\" data-mce-tabindex=\"-1\"><\/div>\n<\/div>\n<hr data-start=\"2306\" data-end=\"2309\">\n<h3 data-start=\"2311\" data-end=\"2327\">\ud83d\udccc <strong data-start=\"2317\" data-end=\"2327\">Resumo<\/strong><\/h3>\n<p data-start=\"2328\" data-end=\"2679\">A <strong data-start=\"2330\" data-end=\"2354\">Butterfly Korbel SK7<\/strong> \u00e9 para o jogador que quer <strong data-start=\"2381\" data-end=\"2407\">um upgrade de pot\u00eancia<\/strong> em rela\u00e7\u00e3o \u00e0s madeiras 5-ply sem perder o toque cl\u00e1ssico, sendo perfeita para quem busca estabilidade, controle e ataques s\u00f3lidos. \u00c9 muito utilizada por ofensivos que valorizam rally controlado e bloqueios firmes, mas ainda querem abrir espa\u00e7o para finaliza\u00e7\u00f5es potentes.<\/p>\n","protected":false},"excerpt":{"rendered":"<p><br data-mce-bogus=\"1\"><\/p>\n","protected":false},"featured_media":4503,"comment_status":"open","ping_status":"closed","template":"","meta":{"_joinchat":[]},"product_cat":[87,27],"product_tag":[],"class_list":{"0":"post-4513","1":"product","2":"type-product","3":"status-publish","4":"has-post-thumbnail","6":"product_cat-butterfly","7":"product_cat-madeiras","9":"first","10":"onbackorder","11":"sale","12":"shipping-taxable","13":"purchasable","14":"product-type-simple"},"yoast_head":"<!-- This site is optimized with the Yoast SEO plugin v22.2 - https:\/\/yoast.com\/wordpress\/plugins\/seo\/ -->\n<title>Korbel SK7 FL - BUTTERFLY - Haraltt<\/title>\n<meta name=\"robots\" content=\"index, follow, max-snippet:-1, max-image-preview:large, max-video-preview:-1\" \/>\n<link rel=\"canonical\" href=\"https:\/\/haraltt.com.br\/index.php\/product\/korbel-sk7-fl-butterfly\/\" \/>\n<meta property=\"og:locale\" content=\"pt_BR\" \/>\n<meta property=\"og:type\" content=\"article\" \/>\n<meta property=\"og:title\" content=\"Korbel SK7 FL - BUTTERFLY - Haraltt\" \/>\n<meta property=\"og:url\" content=\"https:\/\/haraltt.com.br\/index.php\/product\/korbel-sk7-fl-butterfly\/\" \/>\n<meta property=\"og:site_name\" content=\"Haraltt\" \/>\n<meta property=\"article:modified_time\" content=\"2026-02-09T15:40:56+00:00\" \/>\n<meta property=\"og:image\" content=\"http:\/\/haraltt.com.br\/wp-content\/uploads\/2025\/08\/IMG-20250707-WA0009.jpg\" \/>\n\t<meta property=\"og:image:width\" content=\"700\" \/>\n\t<meta property=\"og:image:height\" content=\"700\" \/>\n\t<meta property=\"og:image:type\" content=\"image\/jpeg\" \/>\n<meta name=\"twitter:card\" content=\"summary_large_image\" \/>\n<meta name=\"twitter:label1\" content=\"Est. tempo de leitura\" \/>\n\t<meta name=\"twitter:data1\" content=\"2 minutos\" \/>\n<script type=\"application\/ld+json\" class=\"yoast-schema-graph\">{\"@context\":\"https:\/\/schema.org\",\"@graph\":[{\"@type\":\"WebPage\",\"@id\":\"https:\/\/haraltt.com.br\/index.php\/product\/korbel-sk7-fl-butterfly\/\",\"url\":\"https:\/\/haraltt.com.br\/index.php\/product\/korbel-sk7-fl-butterfly\/\",\"name\":\"Korbel SK7 FL - BUTTERFLY - Haraltt\",\"isPartOf\":{\"@id\":\"https:\/\/haraltt.com.br\/#website\"},\"primaryImageOfPage\":{\"@id\":\"https:\/\/haraltt.com.br\/index.php\/product\/korbel-sk7-fl-butterfly\/#primaryimage\"},\"image\":{\"@id\":\"https:\/\/haraltt.com.br\/index.php\/product\/korbel-sk7-fl-butterfly\/#primaryimage\"},\"thumbnailUrl\":\"https:\/\/haraltt.com.br\/wp-content\/uploads\/2025\/08\/IMG-20250707-WA0009.jpg\",\"datePublished\":\"2025-08-02T18:59:07+00:00\",\"dateModified\":\"2026-02-09T15:40:56+00:00\",\"breadcrumb\":{\"@id\":\"https:\/\/haraltt.com.br\/index.php\/product\/korbel-sk7-fl-butterfly\/#breadcrumb\"},\"inLanguage\":\"pt-BR\",\"potentialAction\":[{\"@type\":\"ReadAction\",\"target\":[\"https:\/\/haraltt.com.br\/index.php\/product\/korbel-sk7-fl-butterfly\/\"]}]},{\"@type\":\"ImageObject\",\"inLanguage\":\"pt-BR\",\"@id\":\"https:\/\/haraltt.com.br\/index.php\/product\/korbel-sk7-fl-butterfly\/#primaryimage\",\"url\":\"https:\/\/haraltt.com.br\/wp-content\/uploads\/2025\/08\/IMG-20250707-WA0009.jpg\",\"contentUrl\":\"https:\/\/haraltt.com.br\/wp-content\/uploads\/2025\/08\/IMG-20250707-WA0009.jpg\",\"width\":700,\"height\":700},{\"@type\":\"BreadcrumbList\",\"@id\":\"https:\/\/haraltt.com.br\/index.php\/product\/korbel-sk7-fl-butterfly\/#breadcrumb\",\"itemListElement\":[{\"@type\":\"ListItem\",\"position\":1,\"name\":\"In\u00edcio\",\"item\":\"https:\/\/haraltt.com.br\/\"},{\"@type\":\"ListItem\",\"position\":2,\"name\":\"Loja\",\"item\":\"https:\/\/haraltt.com.br\/index.php\/loja\/\"},{\"@type\":\"ListItem\",\"position\":3,\"name\":\"Korbel SK7 FL &#8211; BUTTERFLY\"}]},{\"@type\":\"WebSite\",\"@id\":\"https:\/\/haraltt.com.br\/#website\",\"url\":\"https:\/\/haraltt.com.br\/\",\"name\":\"Haraltt\",\"description\":\"T\u00eanis de mesa de forma acessivel\",\"publisher\":{\"@id\":\"https:\/\/haraltt.com.br\/#organization\"},\"potentialAction\":[{\"@type\":\"SearchAction\",\"target\":{\"@type\":\"EntryPoint\",\"urlTemplate\":\"https:\/\/haraltt.com.br\/?s={search_term_string}\"},\"query-input\":\"required name=search_term_string\"}],\"inLanguage\":\"pt-BR\"},{\"@type\":\"Organization\",\"@id\":\"https:\/\/haraltt.com.br\/#organization\",\"name\":\"Haraltt\",\"url\":\"https:\/\/haraltt.com.br\/\",\"logo\":{\"@type\":\"ImageObject\",\"inLanguage\":\"pt-BR\",\"@id\":\"https:\/\/haraltt.com.br\/#\/schema\/logo\/image\/\",\"url\":\"\/\/\/wp-content\/uploads\/2024\/02\/44811478-removebg-preview.png\",\"contentUrl\":\"\/\/\/wp-content\/uploads\/2024\/02\/44811478-removebg-preview.png\",\"width\":500,\"height\":500,\"caption\":\"Haraltt\"},\"image\":{\"@id\":\"https:\/\/haraltt.com.br\/#\/schema\/logo\/image\/\"}}]}<\/script>\n<!-- \/ Yoast SEO plugin. -->","yoast_head_json":{"title":"Korbel SK7 FL - BUTTERFLY - Haraltt","robots":{"index":"index","follow":"follow","max-snippet":"max-snippet:-1","max-image-preview":"max-image-preview:large","max-video-preview":"max-video-preview:-1"},"canonical":"https:\/\/haraltt.com.br\/index.php\/product\/korbel-sk7-fl-butterfly\/","og_locale":"pt_BR","og_type":"article","og_title":"Korbel SK7 FL - BUTTERFLY - Haraltt","og_url":"https:\/\/haraltt.com.br\/index.php\/product\/korbel-sk7-fl-butterfly\/","og_site_name":"Haraltt","article_modified_time":"2026-02-09T15:40:56+00:00","og_image":[{"width":700,"height":700,"url":"http:\/\/haraltt.com.br\/wp-content\/uploads\/2025\/08\/IMG-20250707-WA0009.jpg","type":"image\/jpeg"}],"twitter_card":"summary_large_image","twitter_misc":{"Est. tempo de leitura":"2 minutos"},"schema":{"@context":"https:\/\/schema.org","@graph":[{"@type":"WebPage","@id":"https:\/\/haraltt.com.br\/index.php\/product\/korbel-sk7-fl-butterfly\/","url":"https:\/\/haraltt.com.br\/index.php\/product\/korbel-sk7-fl-butterfly\/","name":"Korbel SK7 FL - BUTTERFLY - Haraltt","isPartOf":{"@id":"https:\/\/haraltt.com.br\/#website"},"primaryImageOfPage":{"@id":"https:\/\/haraltt.com.br\/index.php\/product\/korbel-sk7-fl-butterfly\/#primaryimage"},"image":{"@id":"https:\/\/haraltt.com.br\/index.php\/product\/korbel-sk7-fl-butterfly\/#primaryimage"},"thumbnailUrl":"https:\/\/haraltt.com.br\/wp-content\/uploads\/2025\/08\/IMG-20250707-WA0009.jpg","datePublished":"2025-08-02T18:59:07+00:00","dateModified":"2026-02-09T15:40:56+00:00","breadcrumb":{"@id":"https:\/\/haraltt.com.br\/index.php\/product\/korbel-sk7-fl-butterfly\/#breadcrumb"},"inLanguage":"pt-BR","potentialAction":[{"@type":"ReadAction","target":["https:\/\/haraltt.com.br\/index.php\/product\/korbel-sk7-fl-butterfly\/"]}]},{"@type":"ImageObject","inLanguage":"pt-BR","@id":"https:\/\/haraltt.com.br\/index.php\/product\/korbel-sk7-fl-butterfly\/#primaryimage","url":"https:\/\/haraltt.com.br\/wp-content\/uploads\/2025\/08\/IMG-20250707-WA0009.jpg","contentUrl":"https:\/\/haraltt.com.br\/wp-content\/uploads\/2025\/08\/IMG-20250707-WA0009.jpg","width":700,"height":700},{"@type":"BreadcrumbList","@id":"https:\/\/haraltt.com.br\/index.php\/product\/korbel-sk7-fl-butterfly\/#breadcrumb","itemListElement":[{"@type":"ListItem","position":1,"name":"In\u00edcio","item":"https:\/\/haraltt.com.br\/"},{"@type":"ListItem","position":2,"name":"Loja","item":"https:\/\/haraltt.com.br\/index.php\/loja\/"},{"@type":"ListItem","position":3,"name":"Korbel SK7 FL &#8211; BUTTERFLY"}]},{"@type":"WebSite","@id":"https:\/\/haraltt.com.br\/#website","url":"https:\/\/haraltt.com.br\/","name":"Haraltt","description":"T\u00eanis de mesa de forma acessivel","publisher":{"@id":"https:\/\/haraltt.com.br\/#organization"},"potentialAction":[{"@type":"SearchAction","target":{"@type":"EntryPoint","urlTemplate":"https:\/\/haraltt.com.br\/?s={search_term_string}"},"query-input":"required name=search_term_string"}],"inLanguage":"pt-BR"},{"@type":"Organization","@id":"https:\/\/haraltt.com.br\/#organization","name":"Haraltt","url":"https:\/\/haraltt.com.br\/","logo":{"@type":"ImageObject","inLanguage":"pt-BR","@id":"https:\/\/haraltt.com.br\/#\/schema\/logo\/image\/","url":"\/\/\/wp-content\/uploads\/2024\/02\/44811478-removebg-preview.png","contentUrl":"\/\/\/wp-content\/uploads\/2024\/02\/44811478-removebg-preview.png","width":500,"height":500,"caption":"Haraltt"},"image":{"@id":"https:\/\/haraltt.com.br\/#\/schema\/logo\/image\/"}}]}},"_links":{"self":[{"href":"https:\/\/haraltt.com.br\/index.php\/wp-json\/wp\/v2\/product\/4513","targetHints":{"allow":["GET"]}}],"collection":[{"href":"https:\/\/haraltt.com.br\/index.php\/wp-json\/wp\/v2\/product"}],"about":[{"href":"https:\/\/haraltt.com.br\/index.php\/wp-json\/wp\/v2\/types\/product"}],"replies":[{"embeddable":true,"href":"https:\/\/haraltt.com.br\/index.php\/wp-json\/wp\/v2\/comments?post=4513"}],"wp:featuredmedia":[{"embeddable":true,"href":"https:\/\/haraltt.com.br\/index.php\/wp-json\/wp\/v2\/media\/4503"}],"wp:attachment":[{"href":"https:\/\/haraltt.com.br\/index.php\/wp-json\/wp\/v2\/media?parent=4513"}],"wp:term":[{"taxonomy":"product_cat","embeddable":true,"href":"https:\/\/haraltt.com.br\/index.php\/wp-json\/wp\/v2\/product_cat?post=4513"},{"taxonomy":"product_tag","embeddable":true,"href":"https:\/\/haraltt.com.br\/index.php\/wp-json\/wp\/v2\/product_tag?post=4513"}],"curies":[{"name":"wp","href":"https:\/\/api.w.org\/{rel}","templated":true}]}}