{"id":4398,"date":"2025-04-24T17:18:14","date_gmt":"2025-04-24T20:18:14","guid":{"rendered":"https:\/\/haraltt.com.br\/?post_type=product&#038;p=4398"},"modified":"2026-01-05T14:46:23","modified_gmt":"2026-01-05T17:46:23","slug":"mercury-2-yinhe","status":"publish","type":"product","link":"https:\/\/haraltt.com.br\/index.php\/product\/mercury-2-yinhe\/","title":{"rendered":"Mercury 2 &#8211; YINHE"},"content":{"rendered":"<h3 class=\"\" data-start=\"133\" data-end=\"162\">\ud83c\udfd3 Caracter\u00edsticas Gerais<\/h3>\n<ul data-start=\"164\" data-end=\"522\">\n<li class=\"\" data-start=\"164\" data-end=\"213\">\n<p class=\"\" data-start=\"166\" data-end=\"213\"><strong data-start=\"166\" data-end=\"174\">Tipo<\/strong>: <span class=\"relative -mx-px my-[-0.2rem] rounded px-px py-[0.2rem] transition-colors duration-100 ease-in-out\">Pino interno (pips-in), com superf\u00edcie pegajosa.<\/span><\/p>\n<\/li>\n<li class=\"\" data-start=\"214\" data-end=\"265\">\n<p class=\"\" data-start=\"216\" data-end=\"265\"><strong data-start=\"216\" data-end=\"226\">Dureza<\/strong>: <span class=\"relative -mx-px my-[-0.2rem] rounded px-px py-[0.2rem] transition-colors duration-100 ease-in-out\">Dispon\u00edvel em vers\u00f5es soft, medium e hard. A vers\u00e3o medium \u00e9 frequentemente recomendada para o forehand.<\/span><\/p>\n<\/li>\n<li class=\"\" data-start=\"266\" data-end=\"315\">\n<p class=\"\" data-start=\"268\" data-end=\"315\"><strong data-start=\"268\" data-end=\"276\">Peso<\/strong>: <span class=\"relative -mx-px my-[-0.2rem] rounded px-px py-[0.2rem] transition-colors duration-100 ease-in-out\">Relativamente pesada, o que contribui para uma sensa\u00e7\u00e3o de estabilidade.<\/span><\/p>\n<\/li>\n<li class=\"\" data-start=\"316\" data-end=\"371\">\n<p class=\"\" data-start=\"318\" data-end=\"371\"><strong data-start=\"318\" data-end=\"332\">Velocidade<\/strong>: <span class=\"relative -mx-px my-[-0.2rem] rounded px-px py-[0.2rem] transition-colors duration-100 ease-in-out\">M\u00e9dia. N\u00e3o \u00e9 uma borracha extremamente r\u00e1pida, mas oferece controle excepcional.<\/span><\/p>\n<\/li>\n<li class=\"\" data-start=\"372\" data-end=\"424\">\n<p class=\"\" data-start=\"374\" data-end=\"424\"><strong data-start=\"374\" data-end=\"385\">Rota\u00e7\u00e3o<\/strong>: <span class=\"relative -mx-px my-[-0.2rem] rounded px-px py-[0.2rem] transition-colors duration-100 ease-in-out\">Alta, gra\u00e7as \u00e0 sua superf\u00edcie pegajosa.<\/span><\/p>\n<\/li>\n<li class=\"\" data-start=\"425\" data-end=\"522\">\n<p class=\"\" data-start=\"427\" data-end=\"522\"><strong data-start=\"427\" data-end=\"439\">Controle<\/strong>: <span class=\"relative -mx-px my-[-0.2rem] rounded px-px py-[0.2rem] transition-colors duration-100 ease-in-out\">Muito alto, permitindo precis\u00e3o nos golpes.<\/span>\u200b<\/p>\n<\/li>\n<\/ul>\n<hr class=\"\" data-start=\"524\" data-end=\"527\">\n<h3 class=\"\" data-start=\"529\" data-end=\"551\">\u2705 Pontos Positivos<\/h3>\n<ul data-start=\"553\" data-end=\"917\">\n<li class=\"\" data-start=\"553\" data-end=\"625\">\n<p class=\"\" data-start=\"555\" data-end=\"625\"><strong data-start=\"555\" data-end=\"584\">Excelente Custo-Benef\u00edcio<\/strong>: <span class=\"relative -mx-px my-[-0.2rem] rounded px-px py-[0.2rem] transition-colors duration-100 ease-in-out\">Com um pre\u00e7o acess\u00edvel, oferece desempenho compar\u00e1vel a borrachas mais caras.<\/span><\/p>\n<\/li>\n<li class=\"\" data-start=\"626\" data-end=\"685\">\n<p class=\"\" data-start=\"628\" data-end=\"685\"><strong data-start=\"628\" data-end=\"644\">Alta Rota\u00e7\u00e3o<\/strong>: <span class=\"relative -mx-px my-[-0.2rem] rounded px-px py-[0.2rem] transition-colors duration-100 ease-in-out\">Ideal para saques curtos e golpes com muito spin.<\/span><\/p>\n<\/li>\n<li class=\"\" data-start=\"686\" data-end=\"750\">\n<p class=\"\" data-start=\"688\" data-end=\"750\"><strong data-start=\"688\" data-end=\"709\">Controle Superior<\/strong>: <span class=\"relative -mx-px my-[-0.2rem] rounded px-px py-[0.2rem] transition-colors duration-100 ease-in-out\">Permite colocar a bola onde se deseja, facilitando o desenvolvimento t\u00e9cnico.<\/span><\/p>\n<\/li>\n<li class=\"\" data-start=\"751\" data-end=\"811\">\n<p class=\"\" data-start=\"753\" data-end=\"811\"><strong data-start=\"753\" data-end=\"770\">Versatilidade<\/strong>: <span class=\"relative -mx-px my-[-0.2rem] rounded px-px py-[0.2rem] transition-colors duration-100 ease-in-out\">Adequada para diferentes estilos de jogo, desde defensores at\u00e9 atacantes.<\/span><\/p>\n<\/li>\n<li class=\"\" data-start=\"812\" data-end=\"917\">\n<p class=\"\" data-start=\"814\" data-end=\"917\"><strong data-start=\"814\" data-end=\"830\">Durabilidade<\/strong>: <span class=\"relative -mx-px my-[-0.2rem] rounded px-px py-[0.2rem] transition-colors duration-100 ease-in-out\">Apesar de seu pre\u00e7o, apresenta uma boa durabilidade quando bem cuidada.<\/span>\u200b<\/p>\n<\/li>\n<\/ul>\n<hr class=\"\" data-start=\"919\" data-end=\"922\">\n<h3 class=\"\" data-start=\"924\" data-end=\"947\">\ud83c\udfaf Indica\u00e7\u00e3o de Uso<\/h3>\n<p class=\"\" data-start=\"949\" data-end=\"1034\"><span class=\"relative -mx-px my-[-0.2rem] rounded px-px py-[0.2rem] transition-colors duration-100 ease-in-out\">A Mercury 2 \u00e9 recomendada para:<\/span>\u200b<\/p>\n<ul data-start=\"1036\" data-end=\"1356\">\n<li class=\"\" data-start=\"1036\" data-end=\"1110\">\n<p class=\"\" data-start=\"1038\" data-end=\"1110\"><strong data-start=\"1038\" data-end=\"1069\">Iniciantes e Intermedi\u00e1rios<\/strong>: <span class=\"relative -mx-px my-[-0.2rem] rounded px-px py-[0.2rem] transition-colors duration-100 ease-in-out\">Que buscam desenvolver t\u00e9cnica com uma borracha que oferece controle e rota\u00e7\u00e3o.<\/span><\/p>\n<\/li>\n<li class=\"\" data-start=\"1111\" data-end=\"1177\">\n<p class=\"\" data-start=\"1113\" data-end=\"1177\"><strong data-start=\"1113\" data-end=\"1136\">Jogadores All-Round<\/strong>: <span class=\"relative -mx-px my-[-0.2rem] rounded px-px py-[0.2rem] transition-colors duration-100 ease-in-out\">Que alternam entre ataque e defesa.<\/span><\/p>\n<\/li>\n<li class=\"\" data-start=\"1178\" data-end=\"1244\">\n<p class=\"\" data-start=\"1180\" data-end=\"1244\"><strong data-start=\"1180\" data-end=\"1203\">Defensores Modernos<\/strong>: <span class=\"relative -mx-px my-[-0.2rem] rounded px-px py-[0.2rem] transition-colors duration-100 ease-in-out\">Que utilizam chops e precisam de uma borracha com boa resposta.<\/span><\/p>\n<\/li>\n<li class=\"\" data-start=\"1245\" data-end=\"1356\">\n<p class=\"\" data-start=\"1247\" data-end=\"1356\"><strong data-start=\"1247\" data-end=\"1269\">Atacantes T\u00e9cnicos<\/strong>: <span class=\"relative -mx-px my-[-0.2rem] rounded px-px py-[0.2rem] transition-colors duration-100 ease-in-out\">Que priorizam precis\u00e3o e efeito nos golpes.<\/span><\/p>\n<\/li>\n<\/ul>\n","protected":false},"excerpt":{"rendered":"<p><br data-mce-bogus=\"1\"><\/p>\n","protected":false},"featured_media":5203,"comment_status":"open","ping_status":"closed","template":"","meta":{"_joinchat":[]},"product_cat":[],"product_tag":[],"class_list":{"0":"post-4398","1":"product","2":"type-product","3":"status-publish","4":"has-post-thumbnail","7":"first","8":"onbackorder","9":"shipping-taxable","10":"product-type-variable"},"yoast_head":"<!-- This site is optimized with the Yoast SEO plugin v22.2 - https:\/\/yoast.com\/wordpress\/plugins\/seo\/ -->\n<title>Mercury 2 - YINHE - Haraltt<\/title>\n<meta name=\"robots\" content=\"index, follow, max-snippet:-1, max-image-preview:large, max-video-preview:-1\" \/>\n<link rel=\"canonical\" href=\"https:\/\/haraltt.com.br\/index.php\/product\/mercury-2-yinhe\/\" \/>\n<meta property=\"og:locale\" content=\"pt_BR\" \/>\n<meta property=\"og:type\" content=\"article\" \/>\n<meta property=\"og:title\" content=\"Mercury 2 - YINHE - Haraltt\" \/>\n<meta property=\"og:url\" content=\"https:\/\/haraltt.com.br\/index.php\/product\/mercury-2-yinhe\/\" \/>\n<meta property=\"og:site_name\" content=\"Haraltt\" \/>\n<meta property=\"article:modified_time\" content=\"2026-01-05T17:46:23+00:00\" \/>\n<meta property=\"og:image\" content=\"http:\/\/haraltt.com.br\/wp-content\/uploads\/2025\/12\/19_20251209_210800_0010.png\" \/>\n\t<meta property=\"og:image:width\" content=\"1080\" \/>\n\t<meta property=\"og:image:height\" content=\"1080\" \/>\n\t<meta property=\"og:image:type\" content=\"image\/png\" \/>\n<meta name=\"twitter:card\" content=\"summary_large_image\" \/>\n<meta name=\"twitter:label1\" content=\"Est. tempo de leitura\" \/>\n\t<meta name=\"twitter:data1\" content=\"2 minutos\" \/>\n<script type=\"application\/ld+json\" class=\"yoast-schema-graph\">{\"@context\":\"https:\/\/schema.org\",\"@graph\":[{\"@type\":\"WebPage\",\"@id\":\"https:\/\/haraltt.com.br\/index.php\/product\/mercury-2-yinhe\/\",\"url\":\"https:\/\/haraltt.com.br\/index.php\/product\/mercury-2-yinhe\/\",\"name\":\"Mercury 2 - YINHE - Haraltt\",\"isPartOf\":{\"@id\":\"https:\/\/haraltt.com.br\/#website\"},\"primaryImageOfPage\":{\"@id\":\"https:\/\/haraltt.com.br\/index.php\/product\/mercury-2-yinhe\/#primaryimage\"},\"image\":{\"@id\":\"https:\/\/haraltt.com.br\/index.php\/product\/mercury-2-yinhe\/#primaryimage\"},\"thumbnailUrl\":\"https:\/\/haraltt.com.br\/wp-content\/uploads\/2025\/12\/19_20251209_210800_0010.png\",\"datePublished\":\"2025-04-24T20:18:14+00:00\",\"dateModified\":\"2026-01-05T17:46:23+00:00\",\"breadcrumb\":{\"@id\":\"https:\/\/haraltt.com.br\/index.php\/product\/mercury-2-yinhe\/#breadcrumb\"},\"inLanguage\":\"pt-BR\",\"potentialAction\":[{\"@type\":\"ReadAction\",\"target\":[\"https:\/\/haraltt.com.br\/index.php\/product\/mercury-2-yinhe\/\"]}]},{\"@type\":\"ImageObject\",\"inLanguage\":\"pt-BR\",\"@id\":\"https:\/\/haraltt.com.br\/index.php\/product\/mercury-2-yinhe\/#primaryimage\",\"url\":\"https:\/\/haraltt.com.br\/wp-content\/uploads\/2025\/12\/19_20251209_210800_0010.png\",\"contentUrl\":\"https:\/\/haraltt.com.br\/wp-content\/uploads\/2025\/12\/19_20251209_210800_0010.png\",\"width\":1080,\"height\":1080},{\"@type\":\"BreadcrumbList\",\"@id\":\"https:\/\/haraltt.com.br\/index.php\/product\/mercury-2-yinhe\/#breadcrumb\",\"itemListElement\":[{\"@type\":\"ListItem\",\"position\":1,\"name\":\"In\u00edcio\",\"item\":\"https:\/\/haraltt.com.br\/\"},{\"@type\":\"ListItem\",\"position\":2,\"name\":\"Loja\",\"item\":\"https:\/\/haraltt.com.br\/index.php\/loja\/\"},{\"@type\":\"ListItem\",\"position\":3,\"name\":\"Mercury 2 &#8211; YINHE\"}]},{\"@type\":\"WebSite\",\"@id\":\"https:\/\/haraltt.com.br\/#website\",\"url\":\"https:\/\/haraltt.com.br\/\",\"name\":\"Haraltt\",\"description\":\"T\u00eanis de mesa de forma acessivel\",\"publisher\":{\"@id\":\"https:\/\/haraltt.com.br\/#organization\"},\"potentialAction\":[{\"@type\":\"SearchAction\",\"target\":{\"@type\":\"EntryPoint\",\"urlTemplate\":\"https:\/\/haraltt.com.br\/?s={search_term_string}\"},\"query-input\":\"required name=search_term_string\"}],\"inLanguage\":\"pt-BR\"},{\"@type\":\"Organization\",\"@id\":\"https:\/\/haraltt.com.br\/#organization\",\"name\":\"Haraltt\",\"url\":\"https:\/\/haraltt.com.br\/\",\"logo\":{\"@type\":\"ImageObject\",\"inLanguage\":\"pt-BR\",\"@id\":\"https:\/\/haraltt.com.br\/#\/schema\/logo\/image\/\",\"url\":\"\/\/\/wp-content\/uploads\/2024\/02\/44811478-removebg-preview.png\",\"contentUrl\":\"\/\/\/wp-content\/uploads\/2024\/02\/44811478-removebg-preview.png\",\"width\":500,\"height\":500,\"caption\":\"Haraltt\"},\"image\":{\"@id\":\"https:\/\/haraltt.com.br\/#\/schema\/logo\/image\/\"}}]}<\/script>\n<!-- \/ Yoast SEO plugin. -->","yoast_head_json":{"title":"Mercury 2 - YINHE - Haraltt","robots":{"index":"index","follow":"follow","max-snippet":"max-snippet:-1","max-image-preview":"max-image-preview:large","max-video-preview":"max-video-preview:-1"},"canonical":"https:\/\/haraltt.com.br\/index.php\/product\/mercury-2-yinhe\/","og_locale":"pt_BR","og_type":"article","og_title":"Mercury 2 - YINHE - Haraltt","og_url":"https:\/\/haraltt.com.br\/index.php\/product\/mercury-2-yinhe\/","og_site_name":"Haraltt","article_modified_time":"2026-01-05T17:46:23+00:00","og_image":[{"width":1080,"height":1080,"url":"http:\/\/haraltt.com.br\/wp-content\/uploads\/2025\/12\/19_20251209_210800_0010.png","type":"image\/png"}],"twitter_card":"summary_large_image","twitter_misc":{"Est. tempo de leitura":"2 minutos"},"schema":{"@context":"https:\/\/schema.org","@graph":[{"@type":"WebPage","@id":"https:\/\/haraltt.com.br\/index.php\/product\/mercury-2-yinhe\/","url":"https:\/\/haraltt.com.br\/index.php\/product\/mercury-2-yinhe\/","name":"Mercury 2 - YINHE - Haraltt","isPartOf":{"@id":"https:\/\/haraltt.com.br\/#website"},"primaryImageOfPage":{"@id":"https:\/\/haraltt.com.br\/index.php\/product\/mercury-2-yinhe\/#primaryimage"},"image":{"@id":"https:\/\/haraltt.com.br\/index.php\/product\/mercury-2-yinhe\/#primaryimage"},"thumbnailUrl":"https:\/\/haraltt.com.br\/wp-content\/uploads\/2025\/12\/19_20251209_210800_0010.png","datePublished":"2025-04-24T20:18:14+00:00","dateModified":"2026-01-05T17:46:23+00:00","breadcrumb":{"@id":"https:\/\/haraltt.com.br\/index.php\/product\/mercury-2-yinhe\/#breadcrumb"},"inLanguage":"pt-BR","potentialAction":[{"@type":"ReadAction","target":["https:\/\/haraltt.com.br\/index.php\/product\/mercury-2-yinhe\/"]}]},{"@type":"ImageObject","inLanguage":"pt-BR","@id":"https:\/\/haraltt.com.br\/index.php\/product\/mercury-2-yinhe\/#primaryimage","url":"https:\/\/haraltt.com.br\/wp-content\/uploads\/2025\/12\/19_20251209_210800_0010.png","contentUrl":"https:\/\/haraltt.com.br\/wp-content\/uploads\/2025\/12\/19_20251209_210800_0010.png","width":1080,"height":1080},{"@type":"BreadcrumbList","@id":"https:\/\/haraltt.com.br\/index.php\/product\/mercury-2-yinhe\/#breadcrumb","itemListElement":[{"@type":"ListItem","position":1,"name":"In\u00edcio","item":"https:\/\/haraltt.com.br\/"},{"@type":"ListItem","position":2,"name":"Loja","item":"https:\/\/haraltt.com.br\/index.php\/loja\/"},{"@type":"ListItem","position":3,"name":"Mercury 2 &#8211; YINHE"}]},{"@type":"WebSite","@id":"https:\/\/haraltt.com.br\/#website","url":"https:\/\/haraltt.com.br\/","name":"Haraltt","description":"T\u00eanis de mesa de forma acessivel","publisher":{"@id":"https:\/\/haraltt.com.br\/#organization"},"potentialAction":[{"@type":"SearchAction","target":{"@type":"EntryPoint","urlTemplate":"https:\/\/haraltt.com.br\/?s={search_term_string}"},"query-input":"required name=search_term_string"}],"inLanguage":"pt-BR"},{"@type":"Organization","@id":"https:\/\/haraltt.com.br\/#organization","name":"Haraltt","url":"https:\/\/haraltt.com.br\/","logo":{"@type":"ImageObject","inLanguage":"pt-BR","@id":"https:\/\/haraltt.com.br\/#\/schema\/logo\/image\/","url":"\/\/\/wp-content\/uploads\/2024\/02\/44811478-removebg-preview.png","contentUrl":"\/\/\/wp-content\/uploads\/2024\/02\/44811478-removebg-preview.png","width":500,"height":500,"caption":"Haraltt"},"image":{"@id":"https:\/\/haraltt.com.br\/#\/schema\/logo\/image\/"}}]}},"_links":{"self":[{"href":"https:\/\/haraltt.com.br\/index.php\/wp-json\/wp\/v2\/product\/4398","targetHints":{"allow":["GET"]}}],"collection":[{"href":"https:\/\/haraltt.com.br\/index.php\/wp-json\/wp\/v2\/product"}],"about":[{"href":"https:\/\/haraltt.com.br\/index.php\/wp-json\/wp\/v2\/types\/product"}],"replies":[{"embeddable":true,"href":"https:\/\/haraltt.com.br\/index.php\/wp-json\/wp\/v2\/comments?post=4398"}],"wp:featuredmedia":[{"embeddable":true,"href":"https:\/\/haraltt.com.br\/index.php\/wp-json\/wp\/v2\/media\/5203"}],"wp:attachment":[{"href":"https:\/\/haraltt.com.br\/index.php\/wp-json\/wp\/v2\/media?parent=4398"}],"wp:term":[{"taxonomy":"product_cat","embeddable":true,"href":"https:\/\/haraltt.com.br\/index.php\/wp-json\/wp\/v2\/product_cat?post=4398"},{"taxonomy":"product_tag","embeddable":true,"href":"https:\/\/haraltt.com.br\/index.php\/wp-json\/wp\/v2\/product_tag?post=4398"}],"curies":[{"name":"wp","href":"https:\/\/api.w.org\/{rel}","templated":true}]}}