{"id":4001,"date":"2025-03-13T16:25:04","date_gmt":"2025-03-13T19:25:04","guid":{"rendered":"https:\/\/haraltt.com.br\/?post_type=product&#038;p=4001"},"modified":"2026-03-09T11:02:37","modified_gmt":"2026-03-09T14:02:37","slug":"petr-korbel-fl-butterfly","status":"publish","type":"product","link":"https:\/\/haraltt.com.br\/index.php\/product\/petr-korbel-fl-butterfly\/","title":{"rendered":"Petr Korbel FL &#8211; BUTTERFLY"},"content":{"rendered":"<p data-start=\"0\" data-end=\"403\" style=\"text-align: left\" data-mce-style=\"text-align: left;\">A madeira <strong data-start=\"10\" data-end=\"25\">Petr Korbel<\/strong> da Butterfly \u00e9 uma das mais populares entre jogadores que buscam uma l\u00e2mina <strong data-start=\"102\" data-end=\"121\">100% de madeira<\/strong> com \u00f3timo equil\u00edbrio entre controle e pot\u00eancia. Ela possui uma constru\u00e7\u00e3o <strong data-start=\"196\" data-end=\"227\">5 folhas (plies) de madeira<\/strong>, sendo quatro camadas externas de <strong data-start=\"262\" data-end=\"271\">limba<\/strong> e um n\u00facleo de <strong data-start=\"287\" data-end=\"296\">ayous<\/strong>, o que proporciona um toque m\u00e9dio-duro e um tempo de contato (dwell time) adequado para gerar muito spin.<\/p>\n<h3 data-start=\"405\" data-end=\"438\"><strong data-start=\"409\" data-end=\"437\">Caracter\u00edsticas T\u00e9cnicas<\/strong>:<\/h3>\n<ul data-start=\"439\" data-end=\"793\">\n<li data-start=\"439\" data-end=\"479\"><strong data-start=\"441\" data-end=\"449\">Tipo<\/strong>: Offensive Shakehand (OFF-)<\/li>\n<li data-start=\"480\" data-end=\"519\"><strong data-start=\"482\" data-end=\"496\">Constru\u00e7\u00e3o<\/strong>: 5 folhas de madeira<\/li>\n<li data-start=\"520\" data-end=\"546\"><strong data-start=\"522\" data-end=\"535\">Espessura<\/strong>: ~5.9 mm<\/li>\n<li data-start=\"547\" data-end=\"626\"><strong data-start=\"549\" data-end=\"557\">Peso<\/strong>: Aproximadamente 89g (pode variar conforme a umidade e a produ\u00e7\u00e3o)<\/li>\n<li data-start=\"627\" data-end=\"667\"><strong data-start=\"629\" data-end=\"651\">Dimens\u00e3o da cabe\u00e7a<\/strong>: 158 \u00d7 152 mm<\/li>\n<li data-start=\"668\" data-end=\"697\"><strong data-start=\"670\" data-end=\"689\">N\u00edvel de rea\u00e7\u00e3o<\/strong>: 10.6<\/li>\n<li data-start=\"698\" data-end=\"728\"><strong data-start=\"700\" data-end=\"721\">N\u00edvel de vibra\u00e7\u00e3o<\/strong>: 8.2<\/li>\n<li data-start=\"729\" data-end=\"793\"><strong data-start=\"731\" data-end=\"739\">Cabo<\/strong>: Dispon\u00edvel nas vers\u00f5es Flared (FL) e Straight (ST)<\/li>\n<\/ul>\n<p data-start=\"795\" data-end=\"1167\">Essa madeira \u00e9 frequentemente escolhida por jogadores <strong data-start=\"849\" data-end=\"872\">ofensivos all-round<\/strong>, que gostam de um jogo baseado em <strong data-start=\"907\" data-end=\"940\">topspins e loops com controle<\/strong>, mas que ainda desejam ter pot\u00eancia suficiente para ataques diretos. Seu toque n\u00e3o \u00e9 t\u00e3o r\u00edgido quanto madeiras com fibras artificiais, proporcionando <strong data-start=\"1092\" data-end=\"1134\">melhor sensa\u00e7\u00e3o de bola e estabilidade<\/strong> em golpes de efeito e bloqueios.<\/p>\n<h3 data-start=\"1169\" data-end=\"1201\"><strong data-start=\"1173\" data-end=\"1200\">Compara\u00e7\u00e3o e Indica\u00e7\u00f5es<\/strong>:<\/h3>\n<ul data-start=\"1202\" data-end=\"1668\" data-is-only-node=\"\" data-is-last-node=\"\">\n<li data-start=\"1202\" data-end=\"1321\">Indicada para <strong data-start=\"1218\" data-end=\"1258\">jogadores intermedi\u00e1rios e avan\u00e7ados<\/strong> que desejam aprimorar seu jogo ofensivo sem perder controle.<\/li>\n<li data-start=\"1322\" data-end=\"1422\">Comparada a outras madeiras da Butterfly, tem menos vibra\u00e7\u00e3o e mais controle que a <strong data-start=\"1407\" data-end=\"1419\">Primorac<\/strong>.<\/li>\n<li data-start=\"1423\" data-end=\"1668\" data-is-last-node=\"\">Excelente op\u00e7\u00e3o para jogadores que querem transicionar de uma madeira mais macia para uma mais ofensiva, sem pular diretamente para uma l\u00e2mina com carbono\u200b<\/li>\n<\/ul>\n","protected":false},"excerpt":{"rendered":"<p style=\"text-align: left\" data-mce-style=\"text-align: left;\"><\/p>\n","protected":false},"featured_media":3892,"comment_status":"open","ping_status":"closed","template":"","meta":{"_joinchat":[]},"product_cat":[87,27],"product_tag":[],"class_list":{"0":"post-4001","1":"product","2":"type-product","3":"status-publish","4":"has-post-thumbnail","6":"product_cat-butterfly","7":"product_cat-madeiras","9":"first","10":"onbackorder","11":"shipping-taxable","12":"purchasable","13":"product-type-simple"},"yoast_head":"<!-- This site is optimized with the Yoast SEO plugin v22.2 - https:\/\/yoast.com\/wordpress\/plugins\/seo\/ -->\n<title>Petr Korbel FL - BUTTERFLY - Haraltt<\/title>\n<meta name=\"robots\" content=\"index, follow, max-snippet:-1, max-image-preview:large, max-video-preview:-1\" \/>\n<link rel=\"canonical\" href=\"https:\/\/haraltt.com.br\/index.php\/product\/petr-korbel-fl-butterfly\/\" \/>\n<meta property=\"og:locale\" content=\"pt_BR\" \/>\n<meta property=\"og:type\" content=\"article\" \/>\n<meta property=\"og:title\" content=\"Petr Korbel FL - BUTTERFLY - Haraltt\" \/>\n<meta property=\"og:url\" content=\"https:\/\/haraltt.com.br\/index.php\/product\/petr-korbel-fl-butterfly\/\" \/>\n<meta property=\"og:site_name\" content=\"Haraltt\" \/>\n<meta property=\"article:modified_time\" content=\"2026-03-09T14:02:37+00:00\" \/>\n<meta property=\"og:image\" content=\"http:\/\/haraltt.com.br\/wp-content\/uploads\/2025\/03\/IMG-20250313-WA0018.jpg\" \/>\n\t<meta property=\"og:image:width\" content=\"1200\" \/>\n\t<meta property=\"og:image:height\" content=\"1200\" \/>\n\t<meta property=\"og:image:type\" content=\"image\/jpeg\" \/>\n<meta name=\"twitter:card\" content=\"summary_large_image\" \/>\n<meta name=\"twitter:label1\" content=\"Est. tempo de leitura\" \/>\n\t<meta name=\"twitter:data1\" content=\"1 minuto\" \/>\n<script type=\"application\/ld+json\" class=\"yoast-schema-graph\">{\"@context\":\"https:\/\/schema.org\",\"@graph\":[{\"@type\":\"WebPage\",\"@id\":\"https:\/\/haraltt.com.br\/index.php\/product\/petr-korbel-fl-butterfly\/\",\"url\":\"https:\/\/haraltt.com.br\/index.php\/product\/petr-korbel-fl-butterfly\/\",\"name\":\"Petr Korbel FL - BUTTERFLY - Haraltt\",\"isPartOf\":{\"@id\":\"https:\/\/haraltt.com.br\/#website\"},\"primaryImageOfPage\":{\"@id\":\"https:\/\/haraltt.com.br\/index.php\/product\/petr-korbel-fl-butterfly\/#primaryimage\"},\"image\":{\"@id\":\"https:\/\/haraltt.com.br\/index.php\/product\/petr-korbel-fl-butterfly\/#primaryimage\"},\"thumbnailUrl\":\"https:\/\/haraltt.com.br\/wp-content\/uploads\/2025\/03\/IMG-20250313-WA0018.jpg\",\"datePublished\":\"2025-03-13T19:25:04+00:00\",\"dateModified\":\"2026-03-09T14:02:37+00:00\",\"breadcrumb\":{\"@id\":\"https:\/\/haraltt.com.br\/index.php\/product\/petr-korbel-fl-butterfly\/#breadcrumb\"},\"inLanguage\":\"pt-BR\",\"potentialAction\":[{\"@type\":\"ReadAction\",\"target\":[\"https:\/\/haraltt.com.br\/index.php\/product\/petr-korbel-fl-butterfly\/\"]}]},{\"@type\":\"ImageObject\",\"inLanguage\":\"pt-BR\",\"@id\":\"https:\/\/haraltt.com.br\/index.php\/product\/petr-korbel-fl-butterfly\/#primaryimage\",\"url\":\"https:\/\/haraltt.com.br\/wp-content\/uploads\/2025\/03\/IMG-20250313-WA0018.jpg\",\"contentUrl\":\"https:\/\/haraltt.com.br\/wp-content\/uploads\/2025\/03\/IMG-20250313-WA0018.jpg\",\"width\":1200,\"height\":1200},{\"@type\":\"BreadcrumbList\",\"@id\":\"https:\/\/haraltt.com.br\/index.php\/product\/petr-korbel-fl-butterfly\/#breadcrumb\",\"itemListElement\":[{\"@type\":\"ListItem\",\"position\":1,\"name\":\"In\u00edcio\",\"item\":\"https:\/\/haraltt.com.br\/\"},{\"@type\":\"ListItem\",\"position\":2,\"name\":\"Loja\",\"item\":\"https:\/\/haraltt.com.br\/index.php\/loja\/\"},{\"@type\":\"ListItem\",\"position\":3,\"name\":\"Petr Korbel FL &#8211; BUTTERFLY\"}]},{\"@type\":\"WebSite\",\"@id\":\"https:\/\/haraltt.com.br\/#website\",\"url\":\"https:\/\/haraltt.com.br\/\",\"name\":\"Haraltt\",\"description\":\"T\u00eanis de mesa de forma acessivel\",\"publisher\":{\"@id\":\"https:\/\/haraltt.com.br\/#organization\"},\"potentialAction\":[{\"@type\":\"SearchAction\",\"target\":{\"@type\":\"EntryPoint\",\"urlTemplate\":\"https:\/\/haraltt.com.br\/?s={search_term_string}\"},\"query-input\":\"required name=search_term_string\"}],\"inLanguage\":\"pt-BR\"},{\"@type\":\"Organization\",\"@id\":\"https:\/\/haraltt.com.br\/#organization\",\"name\":\"Haraltt\",\"url\":\"https:\/\/haraltt.com.br\/\",\"logo\":{\"@type\":\"ImageObject\",\"inLanguage\":\"pt-BR\",\"@id\":\"https:\/\/haraltt.com.br\/#\/schema\/logo\/image\/\",\"url\":\"\/\/\/wp-content\/uploads\/2024\/02\/44811478-removebg-preview.png\",\"contentUrl\":\"\/\/\/wp-content\/uploads\/2024\/02\/44811478-removebg-preview.png\",\"width\":500,\"height\":500,\"caption\":\"Haraltt\"},\"image\":{\"@id\":\"https:\/\/haraltt.com.br\/#\/schema\/logo\/image\/\"}}]}<\/script>\n<!-- \/ Yoast SEO plugin. -->","yoast_head_json":{"title":"Petr Korbel FL - BUTTERFLY - Haraltt","robots":{"index":"index","follow":"follow","max-snippet":"max-snippet:-1","max-image-preview":"max-image-preview:large","max-video-preview":"max-video-preview:-1"},"canonical":"https:\/\/haraltt.com.br\/index.php\/product\/petr-korbel-fl-butterfly\/","og_locale":"pt_BR","og_type":"article","og_title":"Petr Korbel FL - BUTTERFLY - Haraltt","og_url":"https:\/\/haraltt.com.br\/index.php\/product\/petr-korbel-fl-butterfly\/","og_site_name":"Haraltt","article_modified_time":"2026-03-09T14:02:37+00:00","og_image":[{"width":1200,"height":1200,"url":"http:\/\/haraltt.com.br\/wp-content\/uploads\/2025\/03\/IMG-20250313-WA0018.jpg","type":"image\/jpeg"}],"twitter_card":"summary_large_image","twitter_misc":{"Est. tempo de leitura":"1 minuto"},"schema":{"@context":"https:\/\/schema.org","@graph":[{"@type":"WebPage","@id":"https:\/\/haraltt.com.br\/index.php\/product\/petr-korbel-fl-butterfly\/","url":"https:\/\/haraltt.com.br\/index.php\/product\/petr-korbel-fl-butterfly\/","name":"Petr Korbel FL - BUTTERFLY - Haraltt","isPartOf":{"@id":"https:\/\/haraltt.com.br\/#website"},"primaryImageOfPage":{"@id":"https:\/\/haraltt.com.br\/index.php\/product\/petr-korbel-fl-butterfly\/#primaryimage"},"image":{"@id":"https:\/\/haraltt.com.br\/index.php\/product\/petr-korbel-fl-butterfly\/#primaryimage"},"thumbnailUrl":"https:\/\/haraltt.com.br\/wp-content\/uploads\/2025\/03\/IMG-20250313-WA0018.jpg","datePublished":"2025-03-13T19:25:04+00:00","dateModified":"2026-03-09T14:02:37+00:00","breadcrumb":{"@id":"https:\/\/haraltt.com.br\/index.php\/product\/petr-korbel-fl-butterfly\/#breadcrumb"},"inLanguage":"pt-BR","potentialAction":[{"@type":"ReadAction","target":["https:\/\/haraltt.com.br\/index.php\/product\/petr-korbel-fl-butterfly\/"]}]},{"@type":"ImageObject","inLanguage":"pt-BR","@id":"https:\/\/haraltt.com.br\/index.php\/product\/petr-korbel-fl-butterfly\/#primaryimage","url":"https:\/\/haraltt.com.br\/wp-content\/uploads\/2025\/03\/IMG-20250313-WA0018.jpg","contentUrl":"https:\/\/haraltt.com.br\/wp-content\/uploads\/2025\/03\/IMG-20250313-WA0018.jpg","width":1200,"height":1200},{"@type":"BreadcrumbList","@id":"https:\/\/haraltt.com.br\/index.php\/product\/petr-korbel-fl-butterfly\/#breadcrumb","itemListElement":[{"@type":"ListItem","position":1,"name":"In\u00edcio","item":"https:\/\/haraltt.com.br\/"},{"@type":"ListItem","position":2,"name":"Loja","item":"https:\/\/haraltt.com.br\/index.php\/loja\/"},{"@type":"ListItem","position":3,"name":"Petr Korbel FL &#8211; BUTTERFLY"}]},{"@type":"WebSite","@id":"https:\/\/haraltt.com.br\/#website","url":"https:\/\/haraltt.com.br\/","name":"Haraltt","description":"T\u00eanis de mesa de forma acessivel","publisher":{"@id":"https:\/\/haraltt.com.br\/#organization"},"potentialAction":[{"@type":"SearchAction","target":{"@type":"EntryPoint","urlTemplate":"https:\/\/haraltt.com.br\/?s={search_term_string}"},"query-input":"required name=search_term_string"}],"inLanguage":"pt-BR"},{"@type":"Organization","@id":"https:\/\/haraltt.com.br\/#organization","name":"Haraltt","url":"https:\/\/haraltt.com.br\/","logo":{"@type":"ImageObject","inLanguage":"pt-BR","@id":"https:\/\/haraltt.com.br\/#\/schema\/logo\/image\/","url":"\/\/\/wp-content\/uploads\/2024\/02\/44811478-removebg-preview.png","contentUrl":"\/\/\/wp-content\/uploads\/2024\/02\/44811478-removebg-preview.png","width":500,"height":500,"caption":"Haraltt"},"image":{"@id":"https:\/\/haraltt.com.br\/#\/schema\/logo\/image\/"}}]}},"_links":{"self":[{"href":"https:\/\/haraltt.com.br\/index.php\/wp-json\/wp\/v2\/product\/4001","targetHints":{"allow":["GET"]}}],"collection":[{"href":"https:\/\/haraltt.com.br\/index.php\/wp-json\/wp\/v2\/product"}],"about":[{"href":"https:\/\/haraltt.com.br\/index.php\/wp-json\/wp\/v2\/types\/product"}],"replies":[{"embeddable":true,"href":"https:\/\/haraltt.com.br\/index.php\/wp-json\/wp\/v2\/comments?post=4001"}],"wp:featuredmedia":[{"embeddable":true,"href":"https:\/\/haraltt.com.br\/index.php\/wp-json\/wp\/v2\/media\/3892"}],"wp:attachment":[{"href":"https:\/\/haraltt.com.br\/index.php\/wp-json\/wp\/v2\/media?parent=4001"}],"wp:term":[{"taxonomy":"product_cat","embeddable":true,"href":"https:\/\/haraltt.com.br\/index.php\/wp-json\/wp\/v2\/product_cat?post=4001"},{"taxonomy":"product_tag","embeddable":true,"href":"https:\/\/haraltt.com.br\/index.php\/wp-json\/wp\/v2\/product_tag?post=4001"}],"curies":[{"name":"wp","href":"https:\/\/api.w.org\/{rel}","templated":true}]}}