{"id":3978,"date":"2025-03-13T16:05:37","date_gmt":"2025-03-13T19:05:37","guid":{"rendered":"https:\/\/haraltt.com.br\/?post_type=product&#038;p=3978"},"modified":"2025-03-14T09:54:33","modified_gmt":"2025-03-14T12:54:33","slug":"speedy-p-o-butterfly","status":"publish","type":"product","link":"https:\/\/haraltt.com.br\/index.php\/product\/speedy-p-o-butterfly\/","title":{"rendered":"Speedy P.O. &#8211; BUTTERFLY"},"content":{"rendered":"<p data-start=\"0\" data-end=\"277\">A borracha <strong data-start=\"11\" data-end=\"36\">Butterfly Speedy P.O.<\/strong> \u00e9 um pino curto que se destaca pela velocidade e controle equilibrados. Sua principal caracter\u00edstica \u00e9 a capacidade de proporcionar golpes r\u00e1pidos e diretos, ideais para jogadores que preferem um estilo de ataque agressivo pr\u00f3ximo \u00e0 mesa.<\/p>\n<p data-start=\"279\" data-end=\"589\">Ela possui uma dureza moderada, garantindo uma boa combina\u00e7\u00e3o entre velocidade e controle. Embora seu efeito de rota\u00e7\u00e3o n\u00e3o seja t\u00e3o alto quanto borrachas lisas, ainda permite algum n\u00edvel de spin nos golpes. Os usu\u00e1rios relatam que ela \u00e9 eficiente tanto para bloqueios quanto para ataques r\u00e1pidos e chapados.<\/p>\n<p data-start=\"591\" data-end=\"971\" data-is-last-node=\"\" data-is-only-node=\"\">Al\u00e9m disso, a Speedy P.O. \u00e9 uma borracha vers\u00e1til, podendo ser usada tanto para um jogo ofensivo quanto para estrat\u00e9gias defensivas com bloqueios ativos. Ela \u00e9 recomendada para jogadores que buscam uma transi\u00e7\u00e3o eficiente entre velocidade e precis\u00e3o, sem perder o controle nas trocas de bola\u200b<\/p>\n","protected":false},"excerpt":{"rendered":"<p>A borracha Butterfly Speedy P.O. \u00e9 um pino curto que se destaca pela velocidade e controle equilibrados. Sua principal caracter\u00edstica \u00e9 a capacidade de proporcionar golpes r\u00e1pidos e diretos, ideais para jogadores que preferem um estilo de ataque agressivo pr\u00f3ximo \u00e0 mesa. Ela possui uma dureza moderada, garantindo uma boa combina\u00e7\u00e3o entre velocidade e controle. [&hellip;]<\/p>\n","protected":false},"featured_media":3888,"comment_status":"open","ping_status":"closed","template":"","meta":{"_joinchat":[]},"product_cat":[28,87],"product_tag":[],"class_list":{"0":"post-3978","1":"product","2":"type-product","3":"status-publish","4":"has-post-thumbnail","6":"product_cat-borrachas","7":"product_cat-butterfly","9":"first","10":"onbackorder","11":"shipping-taxable","12":"purchasable","13":"product-type-variable"},"yoast_head":"<!-- This site is optimized with the Yoast SEO plugin v22.2 - https:\/\/yoast.com\/wordpress\/plugins\/seo\/ -->\n<title>Speedy P.O. - BUTTERFLY - Haraltt<\/title>\n<meta name=\"robots\" content=\"index, follow, max-snippet:-1, max-image-preview:large, max-video-preview:-1\" \/>\n<link rel=\"canonical\" href=\"https:\/\/haraltt.com.br\/index.php\/product\/speedy-p-o-butterfly\/\" \/>\n<meta property=\"og:locale\" content=\"pt_BR\" \/>\n<meta property=\"og:type\" content=\"article\" \/>\n<meta property=\"og:title\" content=\"Speedy P.O. - BUTTERFLY - Haraltt\" \/>\n<meta property=\"og:description\" content=\"A borracha Butterfly Speedy P.O. \u00e9 um pino curto que se destaca pela velocidade e controle equilibrados. Sua principal caracter\u00edstica \u00e9 a capacidade de proporcionar golpes r\u00e1pidos e diretos, ideais para jogadores que preferem um estilo de ataque agressivo pr\u00f3ximo \u00e0 mesa. Ela possui uma dureza moderada, garantindo uma boa combina\u00e7\u00e3o entre velocidade e controle. [&hellip;]\" \/>\n<meta property=\"og:url\" content=\"https:\/\/haraltt.com.br\/index.php\/product\/speedy-p-o-butterfly\/\" \/>\n<meta property=\"og:site_name\" content=\"Haraltt\" \/>\n<meta property=\"article:modified_time\" content=\"2025-03-14T12:54:33+00:00\" \/>\n<meta property=\"og:image\" content=\"http:\/\/haraltt.com.br\/wp-content\/uploads\/2025\/03\/IMG-20250313-WA0022.jpg\" \/>\n\t<meta property=\"og:image:width\" content=\"960\" \/>\n\t<meta property=\"og:image:height\" content=\"960\" \/>\n\t<meta property=\"og:image:type\" content=\"image\/jpeg\" \/>\n<meta name=\"twitter:card\" content=\"summary_large_image\" \/>\n<meta name=\"twitter:label1\" content=\"Est. tempo de leitura\" \/>\n\t<meta name=\"twitter:data1\" content=\"1 minuto\" \/>\n<script type=\"application\/ld+json\" class=\"yoast-schema-graph\">{\"@context\":\"https:\/\/schema.org\",\"@graph\":[{\"@type\":\"WebPage\",\"@id\":\"https:\/\/haraltt.com.br\/index.php\/product\/speedy-p-o-butterfly\/\",\"url\":\"https:\/\/haraltt.com.br\/index.php\/product\/speedy-p-o-butterfly\/\",\"name\":\"Speedy P.O. - BUTTERFLY - Haraltt\",\"isPartOf\":{\"@id\":\"https:\/\/haraltt.com.br\/#website\"},\"primaryImageOfPage\":{\"@id\":\"https:\/\/haraltt.com.br\/index.php\/product\/speedy-p-o-butterfly\/#primaryimage\"},\"image\":{\"@id\":\"https:\/\/haraltt.com.br\/index.php\/product\/speedy-p-o-butterfly\/#primaryimage\"},\"thumbnailUrl\":\"https:\/\/haraltt.com.br\/wp-content\/uploads\/2025\/03\/IMG-20250313-WA0022.jpg\",\"datePublished\":\"2025-03-13T19:05:37+00:00\",\"dateModified\":\"2025-03-14T12:54:33+00:00\",\"breadcrumb\":{\"@id\":\"https:\/\/haraltt.com.br\/index.php\/product\/speedy-p-o-butterfly\/#breadcrumb\"},\"inLanguage\":\"pt-BR\",\"potentialAction\":[{\"@type\":\"ReadAction\",\"target\":[\"https:\/\/haraltt.com.br\/index.php\/product\/speedy-p-o-butterfly\/\"]}]},{\"@type\":\"ImageObject\",\"inLanguage\":\"pt-BR\",\"@id\":\"https:\/\/haraltt.com.br\/index.php\/product\/speedy-p-o-butterfly\/#primaryimage\",\"url\":\"https:\/\/haraltt.com.br\/wp-content\/uploads\/2025\/03\/IMG-20250313-WA0022.jpg\",\"contentUrl\":\"https:\/\/haraltt.com.br\/wp-content\/uploads\/2025\/03\/IMG-20250313-WA0022.jpg\",\"width\":960,\"height\":960},{\"@type\":\"BreadcrumbList\",\"@id\":\"https:\/\/haraltt.com.br\/index.php\/product\/speedy-p-o-butterfly\/#breadcrumb\",\"itemListElement\":[{\"@type\":\"ListItem\",\"position\":1,\"name\":\"In\u00edcio\",\"item\":\"https:\/\/haraltt.com.br\/\"},{\"@type\":\"ListItem\",\"position\":2,\"name\":\"Loja\",\"item\":\"https:\/\/haraltt.com.br\/index.php\/loja\/\"},{\"@type\":\"ListItem\",\"position\":3,\"name\":\"Speedy P.O. &#8211; BUTTERFLY\"}]},{\"@type\":\"WebSite\",\"@id\":\"https:\/\/haraltt.com.br\/#website\",\"url\":\"https:\/\/haraltt.com.br\/\",\"name\":\"Haraltt\",\"description\":\"T\u00eanis de mesa de forma acessivel\",\"publisher\":{\"@id\":\"https:\/\/haraltt.com.br\/#organization\"},\"potentialAction\":[{\"@type\":\"SearchAction\",\"target\":{\"@type\":\"EntryPoint\",\"urlTemplate\":\"https:\/\/haraltt.com.br\/?s={search_term_string}\"},\"query-input\":\"required name=search_term_string\"}],\"inLanguage\":\"pt-BR\"},{\"@type\":\"Organization\",\"@id\":\"https:\/\/haraltt.com.br\/#organization\",\"name\":\"Haraltt\",\"url\":\"https:\/\/haraltt.com.br\/\",\"logo\":{\"@type\":\"ImageObject\",\"inLanguage\":\"pt-BR\",\"@id\":\"https:\/\/haraltt.com.br\/#\/schema\/logo\/image\/\",\"url\":\"\/\/\/wp-content\/uploads\/2024\/02\/44811478-removebg-preview.png\",\"contentUrl\":\"\/\/\/wp-content\/uploads\/2024\/02\/44811478-removebg-preview.png\",\"width\":500,\"height\":500,\"caption\":\"Haraltt\"},\"image\":{\"@id\":\"https:\/\/haraltt.com.br\/#\/schema\/logo\/image\/\"}}]}<\/script>\n<!-- \/ Yoast SEO plugin. -->","yoast_head_json":{"title":"Speedy P.O. - BUTTERFLY - Haraltt","robots":{"index":"index","follow":"follow","max-snippet":"max-snippet:-1","max-image-preview":"max-image-preview:large","max-video-preview":"max-video-preview:-1"},"canonical":"https:\/\/haraltt.com.br\/index.php\/product\/speedy-p-o-butterfly\/","og_locale":"pt_BR","og_type":"article","og_title":"Speedy P.O. - BUTTERFLY - Haraltt","og_description":"A borracha Butterfly Speedy P.O. \u00e9 um pino curto que se destaca pela velocidade e controle equilibrados. Sua principal caracter\u00edstica \u00e9 a capacidade de proporcionar golpes r\u00e1pidos e diretos, ideais para jogadores que preferem um estilo de ataque agressivo pr\u00f3ximo \u00e0 mesa. Ela possui uma dureza moderada, garantindo uma boa combina\u00e7\u00e3o entre velocidade e controle. [&hellip;]","og_url":"https:\/\/haraltt.com.br\/index.php\/product\/speedy-p-o-butterfly\/","og_site_name":"Haraltt","article_modified_time":"2025-03-14T12:54:33+00:00","og_image":[{"width":960,"height":960,"url":"http:\/\/haraltt.com.br\/wp-content\/uploads\/2025\/03\/IMG-20250313-WA0022.jpg","type":"image\/jpeg"}],"twitter_card":"summary_large_image","twitter_misc":{"Est. tempo de leitura":"1 minuto"},"schema":{"@context":"https:\/\/schema.org","@graph":[{"@type":"WebPage","@id":"https:\/\/haraltt.com.br\/index.php\/product\/speedy-p-o-butterfly\/","url":"https:\/\/haraltt.com.br\/index.php\/product\/speedy-p-o-butterfly\/","name":"Speedy P.O. - BUTTERFLY - Haraltt","isPartOf":{"@id":"https:\/\/haraltt.com.br\/#website"},"primaryImageOfPage":{"@id":"https:\/\/haraltt.com.br\/index.php\/product\/speedy-p-o-butterfly\/#primaryimage"},"image":{"@id":"https:\/\/haraltt.com.br\/index.php\/product\/speedy-p-o-butterfly\/#primaryimage"},"thumbnailUrl":"https:\/\/haraltt.com.br\/wp-content\/uploads\/2025\/03\/IMG-20250313-WA0022.jpg","datePublished":"2025-03-13T19:05:37+00:00","dateModified":"2025-03-14T12:54:33+00:00","breadcrumb":{"@id":"https:\/\/haraltt.com.br\/index.php\/product\/speedy-p-o-butterfly\/#breadcrumb"},"inLanguage":"pt-BR","potentialAction":[{"@type":"ReadAction","target":["https:\/\/haraltt.com.br\/index.php\/product\/speedy-p-o-butterfly\/"]}]},{"@type":"ImageObject","inLanguage":"pt-BR","@id":"https:\/\/haraltt.com.br\/index.php\/product\/speedy-p-o-butterfly\/#primaryimage","url":"https:\/\/haraltt.com.br\/wp-content\/uploads\/2025\/03\/IMG-20250313-WA0022.jpg","contentUrl":"https:\/\/haraltt.com.br\/wp-content\/uploads\/2025\/03\/IMG-20250313-WA0022.jpg","width":960,"height":960},{"@type":"BreadcrumbList","@id":"https:\/\/haraltt.com.br\/index.php\/product\/speedy-p-o-butterfly\/#breadcrumb","itemListElement":[{"@type":"ListItem","position":1,"name":"In\u00edcio","item":"https:\/\/haraltt.com.br\/"},{"@type":"ListItem","position":2,"name":"Loja","item":"https:\/\/haraltt.com.br\/index.php\/loja\/"},{"@type":"ListItem","position":3,"name":"Speedy P.O. &#8211; BUTTERFLY"}]},{"@type":"WebSite","@id":"https:\/\/haraltt.com.br\/#website","url":"https:\/\/haraltt.com.br\/","name":"Haraltt","description":"T\u00eanis de mesa de forma acessivel","publisher":{"@id":"https:\/\/haraltt.com.br\/#organization"},"potentialAction":[{"@type":"SearchAction","target":{"@type":"EntryPoint","urlTemplate":"https:\/\/haraltt.com.br\/?s={search_term_string}"},"query-input":"required name=search_term_string"}],"inLanguage":"pt-BR"},{"@type":"Organization","@id":"https:\/\/haraltt.com.br\/#organization","name":"Haraltt","url":"https:\/\/haraltt.com.br\/","logo":{"@type":"ImageObject","inLanguage":"pt-BR","@id":"https:\/\/haraltt.com.br\/#\/schema\/logo\/image\/","url":"\/\/\/wp-content\/uploads\/2024\/02\/44811478-removebg-preview.png","contentUrl":"\/\/\/wp-content\/uploads\/2024\/02\/44811478-removebg-preview.png","width":500,"height":500,"caption":"Haraltt"},"image":{"@id":"https:\/\/haraltt.com.br\/#\/schema\/logo\/image\/"}}]}},"_links":{"self":[{"href":"https:\/\/haraltt.com.br\/index.php\/wp-json\/wp\/v2\/product\/3978","targetHints":{"allow":["GET"]}}],"collection":[{"href":"https:\/\/haraltt.com.br\/index.php\/wp-json\/wp\/v2\/product"}],"about":[{"href":"https:\/\/haraltt.com.br\/index.php\/wp-json\/wp\/v2\/types\/product"}],"replies":[{"embeddable":true,"href":"https:\/\/haraltt.com.br\/index.php\/wp-json\/wp\/v2\/comments?post=3978"}],"wp:featuredmedia":[{"embeddable":true,"href":"https:\/\/haraltt.com.br\/index.php\/wp-json\/wp\/v2\/media\/3888"}],"wp:attachment":[{"href":"https:\/\/haraltt.com.br\/index.php\/wp-json\/wp\/v2\/media?parent=3978"}],"wp:term":[{"taxonomy":"product_cat","embeddable":true,"href":"https:\/\/haraltt.com.br\/index.php\/wp-json\/wp\/v2\/product_cat?post=3978"},{"taxonomy":"product_tag","embeddable":true,"href":"https:\/\/haraltt.com.br\/index.php\/wp-json\/wp\/v2\/product_tag?post=3978"}],"curies":[{"name":"wp","href":"https:\/\/api.w.org\/{rel}","templated":true}]}}