{"id":3969,"date":"2025-03-13T14:32:24","date_gmt":"2025-03-13T17:32:24","guid":{"rendered":"https:\/\/haraltt.com.br\/?post_type=product&#038;p=3969"},"modified":"2025-04-12T19:54:16","modified_gmt":"2025-04-12T22:54:16","slug":"feint-long-ii-ox-butterfly","status":"publish","type":"product","link":"https:\/\/haraltt.com.br\/index.php\/product\/feint-long-ii-ox-butterfly\/","title":{"rendered":"Feint Long II OX &#8211; BUTTERFLY"},"content":{"rendered":"<p data-start=\"0\" data-end=\"416\">A Butterfly Feint Long II \u00e9 uma borracha de pino longo desenvolvida para jogadores defensivos. Ela possui pinos finos e longos, proporcionando grande controle sobre os golpes e a capacidade de variar a quantidade de efeito gerado nos chops. Embora n\u00e3o tenha o maior n\u00edvel de revers\u00e3o de efeito entre as borrachas de pino longo, ela oferece um equil\u00edbrio interessante entre controle e perturba\u00e7\u00e3o para o advers\u00e1rio.<\/p>\n<h3 data-start=\"418\" data-end=\"465\">Diferen\u00e7a entre OX e vers\u00f5es com esponja:<\/h3>\n<ul data-start=\"466\" data-end=\"935\" data-is-last-node=\"\" data-is-only-node=\"\">\n<li data-start=\"466\" data-end=\"644\"><strong data-start=\"468\" data-end=\"488\">OX (sem esponja)<\/strong>: Possui maior efeito de perturba\u00e7\u00e3o e melhor revers\u00e3o de efeito, ideal para bloqueios pr\u00f3ximos \u00e0 mesa. No entanto, oferece menos amortecimento nos chops.<\/li>\n<li data-start=\"645\" data-end=\"935\" data-is-last-node=\"\"><strong data-start=\"647\" data-end=\"684\">Com esponja (0.5mm, 1.1mm, 1.3mm)<\/strong>: Melhora o controle e a capacidade de defesa a m\u00e9dia e longa dist\u00e2ncia, tornando os chops mais consistentes e pesados, mas reduzindo um pouco o efeito disruptivo<\/li>\n<\/ul>\n","protected":false},"excerpt":{"rendered":"<p>A Butterfly Feint Long II \u00e9 uma borracha de pino longo desenvolvida para jogadores defensivos. Ela possui pinos finos e longos, proporcionando grande controle sobre os golpes e a capacidade de variar a quantidade de efeito gerado nos chops. Embora n\u00e3o tenha o maior n\u00edvel de revers\u00e3o de efeito entre as borrachas de pino longo, [&hellip;]<\/p>\n","protected":false},"featured_media":3886,"comment_status":"open","ping_status":"closed","template":"","meta":{"_joinchat":[]},"product_cat":[28,87],"product_tag":[],"class_list":{"0":"post-3969","1":"product","2":"type-product","3":"status-publish","4":"has-post-thumbnail","6":"product_cat-borrachas","7":"product_cat-butterfly","9":"first","10":"onbackorder","11":"shipping-taxable","12":"purchasable","13":"product-type-variable"},"yoast_head":"<!-- This site is optimized with the Yoast SEO plugin v22.2 - https:\/\/yoast.com\/wordpress\/plugins\/seo\/ -->\n<title>Feint Long II OX - BUTTERFLY - Haraltt<\/title>\n<meta name=\"robots\" content=\"index, follow, max-snippet:-1, max-image-preview:large, max-video-preview:-1\" \/>\n<link rel=\"canonical\" href=\"https:\/\/haraltt.com.br\/index.php\/product\/feint-long-ii-ox-butterfly\/\" \/>\n<meta property=\"og:locale\" content=\"pt_BR\" \/>\n<meta property=\"og:type\" content=\"article\" \/>\n<meta property=\"og:title\" content=\"Feint Long II OX - BUTTERFLY - Haraltt\" \/>\n<meta property=\"og:description\" content=\"A Butterfly Feint Long II \u00e9 uma borracha de pino longo desenvolvida para jogadores defensivos. Ela possui pinos finos e longos, proporcionando grande controle sobre os golpes e a capacidade de variar a quantidade de efeito gerado nos chops. Embora n\u00e3o tenha o maior n\u00edvel de revers\u00e3o de efeito entre as borrachas de pino longo, [&hellip;]\" \/>\n<meta property=\"og:url\" content=\"https:\/\/haraltt.com.br\/index.php\/product\/feint-long-ii-ox-butterfly\/\" \/>\n<meta property=\"og:site_name\" content=\"Haraltt\" \/>\n<meta property=\"article:modified_time\" content=\"2025-04-12T22:54:16+00:00\" \/>\n<meta property=\"og:image\" content=\"http:\/\/haraltt.com.br\/wp-content\/uploads\/2025\/03\/IMG-20250313-WA0023.jpg\" \/>\n\t<meta property=\"og:image:width\" content=\"960\" \/>\n\t<meta property=\"og:image:height\" content=\"960\" \/>\n\t<meta property=\"og:image:type\" content=\"image\/jpeg\" \/>\n<meta name=\"twitter:card\" content=\"summary_large_image\" \/>\n<meta name=\"twitter:label1\" content=\"Est. tempo de leitura\" \/>\n\t<meta name=\"twitter:data1\" content=\"1 minuto\" \/>\n<script type=\"application\/ld+json\" class=\"yoast-schema-graph\">{\"@context\":\"https:\/\/schema.org\",\"@graph\":[{\"@type\":\"WebPage\",\"@id\":\"https:\/\/haraltt.com.br\/index.php\/product\/feint-long-ii-ox-butterfly\/\",\"url\":\"https:\/\/haraltt.com.br\/index.php\/product\/feint-long-ii-ox-butterfly\/\",\"name\":\"Feint Long II OX - BUTTERFLY - Haraltt\",\"isPartOf\":{\"@id\":\"https:\/\/haraltt.com.br\/#website\"},\"primaryImageOfPage\":{\"@id\":\"https:\/\/haraltt.com.br\/index.php\/product\/feint-long-ii-ox-butterfly\/#primaryimage\"},\"image\":{\"@id\":\"https:\/\/haraltt.com.br\/index.php\/product\/feint-long-ii-ox-butterfly\/#primaryimage\"},\"thumbnailUrl\":\"https:\/\/haraltt.com.br\/wp-content\/uploads\/2025\/03\/IMG-20250313-WA0023.jpg\",\"datePublished\":\"2025-03-13T17:32:24+00:00\",\"dateModified\":\"2025-04-12T22:54:16+00:00\",\"breadcrumb\":{\"@id\":\"https:\/\/haraltt.com.br\/index.php\/product\/feint-long-ii-ox-butterfly\/#breadcrumb\"},\"inLanguage\":\"pt-BR\",\"potentialAction\":[{\"@type\":\"ReadAction\",\"target\":[\"https:\/\/haraltt.com.br\/index.php\/product\/feint-long-ii-ox-butterfly\/\"]}]},{\"@type\":\"ImageObject\",\"inLanguage\":\"pt-BR\",\"@id\":\"https:\/\/haraltt.com.br\/index.php\/product\/feint-long-ii-ox-butterfly\/#primaryimage\",\"url\":\"https:\/\/haraltt.com.br\/wp-content\/uploads\/2025\/03\/IMG-20250313-WA0023.jpg\",\"contentUrl\":\"https:\/\/haraltt.com.br\/wp-content\/uploads\/2025\/03\/IMG-20250313-WA0023.jpg\",\"width\":960,\"height\":960},{\"@type\":\"BreadcrumbList\",\"@id\":\"https:\/\/haraltt.com.br\/index.php\/product\/feint-long-ii-ox-butterfly\/#breadcrumb\",\"itemListElement\":[{\"@type\":\"ListItem\",\"position\":1,\"name\":\"In\u00edcio\",\"item\":\"https:\/\/haraltt.com.br\/\"},{\"@type\":\"ListItem\",\"position\":2,\"name\":\"Loja\",\"item\":\"https:\/\/haraltt.com.br\/index.php\/loja\/\"},{\"@type\":\"ListItem\",\"position\":3,\"name\":\"Feint Long II OX &#8211; BUTTERFLY\"}]},{\"@type\":\"WebSite\",\"@id\":\"https:\/\/haraltt.com.br\/#website\",\"url\":\"https:\/\/haraltt.com.br\/\",\"name\":\"Haraltt\",\"description\":\"T\u00eanis de mesa de forma acessivel\",\"publisher\":{\"@id\":\"https:\/\/haraltt.com.br\/#organization\"},\"potentialAction\":[{\"@type\":\"SearchAction\",\"target\":{\"@type\":\"EntryPoint\",\"urlTemplate\":\"https:\/\/haraltt.com.br\/?s={search_term_string}\"},\"query-input\":\"required name=search_term_string\"}],\"inLanguage\":\"pt-BR\"},{\"@type\":\"Organization\",\"@id\":\"https:\/\/haraltt.com.br\/#organization\",\"name\":\"Haraltt\",\"url\":\"https:\/\/haraltt.com.br\/\",\"logo\":{\"@type\":\"ImageObject\",\"inLanguage\":\"pt-BR\",\"@id\":\"https:\/\/haraltt.com.br\/#\/schema\/logo\/image\/\",\"url\":\"\/\/\/wp-content\/uploads\/2024\/02\/44811478-removebg-preview.png\",\"contentUrl\":\"\/\/\/wp-content\/uploads\/2024\/02\/44811478-removebg-preview.png\",\"width\":500,\"height\":500,\"caption\":\"Haraltt\"},\"image\":{\"@id\":\"https:\/\/haraltt.com.br\/#\/schema\/logo\/image\/\"}}]}<\/script>\n<!-- \/ Yoast SEO plugin. -->","yoast_head_json":{"title":"Feint Long II OX - BUTTERFLY - Haraltt","robots":{"index":"index","follow":"follow","max-snippet":"max-snippet:-1","max-image-preview":"max-image-preview:large","max-video-preview":"max-video-preview:-1"},"canonical":"https:\/\/haraltt.com.br\/index.php\/product\/feint-long-ii-ox-butterfly\/","og_locale":"pt_BR","og_type":"article","og_title":"Feint Long II OX - BUTTERFLY - Haraltt","og_description":"A Butterfly Feint Long II \u00e9 uma borracha de pino longo desenvolvida para jogadores defensivos. Ela possui pinos finos e longos, proporcionando grande controle sobre os golpes e a capacidade de variar a quantidade de efeito gerado nos chops. Embora n\u00e3o tenha o maior n\u00edvel de revers\u00e3o de efeito entre as borrachas de pino longo, [&hellip;]","og_url":"https:\/\/haraltt.com.br\/index.php\/product\/feint-long-ii-ox-butterfly\/","og_site_name":"Haraltt","article_modified_time":"2025-04-12T22:54:16+00:00","og_image":[{"width":960,"height":960,"url":"http:\/\/haraltt.com.br\/wp-content\/uploads\/2025\/03\/IMG-20250313-WA0023.jpg","type":"image\/jpeg"}],"twitter_card":"summary_large_image","twitter_misc":{"Est. tempo de leitura":"1 minuto"},"schema":{"@context":"https:\/\/schema.org","@graph":[{"@type":"WebPage","@id":"https:\/\/haraltt.com.br\/index.php\/product\/feint-long-ii-ox-butterfly\/","url":"https:\/\/haraltt.com.br\/index.php\/product\/feint-long-ii-ox-butterfly\/","name":"Feint Long II OX - BUTTERFLY - Haraltt","isPartOf":{"@id":"https:\/\/haraltt.com.br\/#website"},"primaryImageOfPage":{"@id":"https:\/\/haraltt.com.br\/index.php\/product\/feint-long-ii-ox-butterfly\/#primaryimage"},"image":{"@id":"https:\/\/haraltt.com.br\/index.php\/product\/feint-long-ii-ox-butterfly\/#primaryimage"},"thumbnailUrl":"https:\/\/haraltt.com.br\/wp-content\/uploads\/2025\/03\/IMG-20250313-WA0023.jpg","datePublished":"2025-03-13T17:32:24+00:00","dateModified":"2025-04-12T22:54:16+00:00","breadcrumb":{"@id":"https:\/\/haraltt.com.br\/index.php\/product\/feint-long-ii-ox-butterfly\/#breadcrumb"},"inLanguage":"pt-BR","potentialAction":[{"@type":"ReadAction","target":["https:\/\/haraltt.com.br\/index.php\/product\/feint-long-ii-ox-butterfly\/"]}]},{"@type":"ImageObject","inLanguage":"pt-BR","@id":"https:\/\/haraltt.com.br\/index.php\/product\/feint-long-ii-ox-butterfly\/#primaryimage","url":"https:\/\/haraltt.com.br\/wp-content\/uploads\/2025\/03\/IMG-20250313-WA0023.jpg","contentUrl":"https:\/\/haraltt.com.br\/wp-content\/uploads\/2025\/03\/IMG-20250313-WA0023.jpg","width":960,"height":960},{"@type":"BreadcrumbList","@id":"https:\/\/haraltt.com.br\/index.php\/product\/feint-long-ii-ox-butterfly\/#breadcrumb","itemListElement":[{"@type":"ListItem","position":1,"name":"In\u00edcio","item":"https:\/\/haraltt.com.br\/"},{"@type":"ListItem","position":2,"name":"Loja","item":"https:\/\/haraltt.com.br\/index.php\/loja\/"},{"@type":"ListItem","position":3,"name":"Feint Long II OX &#8211; BUTTERFLY"}]},{"@type":"WebSite","@id":"https:\/\/haraltt.com.br\/#website","url":"https:\/\/haraltt.com.br\/","name":"Haraltt","description":"T\u00eanis de mesa de forma acessivel","publisher":{"@id":"https:\/\/haraltt.com.br\/#organization"},"potentialAction":[{"@type":"SearchAction","target":{"@type":"EntryPoint","urlTemplate":"https:\/\/haraltt.com.br\/?s={search_term_string}"},"query-input":"required name=search_term_string"}],"inLanguage":"pt-BR"},{"@type":"Organization","@id":"https:\/\/haraltt.com.br\/#organization","name":"Haraltt","url":"https:\/\/haraltt.com.br\/","logo":{"@type":"ImageObject","inLanguage":"pt-BR","@id":"https:\/\/haraltt.com.br\/#\/schema\/logo\/image\/","url":"\/\/\/wp-content\/uploads\/2024\/02\/44811478-removebg-preview.png","contentUrl":"\/\/\/wp-content\/uploads\/2024\/02\/44811478-removebg-preview.png","width":500,"height":500,"caption":"Haraltt"},"image":{"@id":"https:\/\/haraltt.com.br\/#\/schema\/logo\/image\/"}}]}},"_links":{"self":[{"href":"https:\/\/haraltt.com.br\/index.php\/wp-json\/wp\/v2\/product\/3969","targetHints":{"allow":["GET"]}}],"collection":[{"href":"https:\/\/haraltt.com.br\/index.php\/wp-json\/wp\/v2\/product"}],"about":[{"href":"https:\/\/haraltt.com.br\/index.php\/wp-json\/wp\/v2\/types\/product"}],"replies":[{"embeddable":true,"href":"https:\/\/haraltt.com.br\/index.php\/wp-json\/wp\/v2\/comments?post=3969"}],"wp:featuredmedia":[{"embeddable":true,"href":"https:\/\/haraltt.com.br\/index.php\/wp-json\/wp\/v2\/media\/3886"}],"wp:attachment":[{"href":"https:\/\/haraltt.com.br\/index.php\/wp-json\/wp\/v2\/media?parent=3969"}],"wp:term":[{"taxonomy":"product_cat","embeddable":true,"href":"https:\/\/haraltt.com.br\/index.php\/wp-json\/wp\/v2\/product_cat?post=3969"},{"taxonomy":"product_tag","embeddable":true,"href":"https:\/\/haraltt.com.br\/index.php\/wp-json\/wp\/v2\/product_tag?post=3969"}],"curies":[{"name":"wp","href":"https:\/\/api.w.org\/{rel}","templated":true}]}}