{"id":3942,"date":"2025-03-13T14:24:24","date_gmt":"2025-03-13T17:24:24","guid":{"rendered":"https:\/\/haraltt.com.br\/?post_type=product&#038;p=3942"},"modified":"2025-03-14T10:05:36","modified_gmt":"2025-03-14T13:05:36","slug":"tenergy-64-fx-butterfly","status":"publish","type":"product","link":"https:\/\/haraltt.com.br\/index.php\/product\/tenergy-64-fx-butterfly\/","title":{"rendered":"Tenergy 64 FX &#8211; BUTTERFLY"},"content":{"rendered":"<p>Vers\u00e3o da Tenergy 64 com esponja mais macia, oferecendo maior controle sem comprometer a velocidade. Seu toque mais suave permite melhor absor\u00e7\u00e3o da bola, facilitando jogadas em que o jogador precisa de mais precis\u00e3o e controle nos golpes<\/p>\n","protected":false},"excerpt":{"rendered":"<p>Vers\u00e3o da Tenergy 64 com esponja mais macia, oferecendo maior controle sem comprometer a velocidade. Seu toque mais suave permite melhor absor\u00e7\u00e3o da bola, facilitando jogadas em que o jogador precisa de mais precis\u00e3o e controle nos golpes<\/p>\n","protected":false},"featured_media":3914,"comment_status":"open","ping_status":"closed","template":"","meta":{"_joinchat":[]},"product_cat":[28,87],"product_tag":[],"class_list":{"0":"post-3942","1":"product","2":"type-product","3":"status-publish","4":"has-post-thumbnail","6":"product_cat-borrachas","7":"product_cat-butterfly","9":"first","10":"onbackorder","11":"shipping-taxable","12":"purchasable","13":"product-type-variable"},"yoast_head":"<!-- This site is optimized with the Yoast SEO plugin v22.2 - https:\/\/yoast.com\/wordpress\/plugins\/seo\/ -->\n<title>Tenergy 64 FX - BUTTERFLY - Haraltt<\/title>\n<meta name=\"robots\" content=\"index, follow, max-snippet:-1, max-image-preview:large, max-video-preview:-1\" \/>\n<link rel=\"canonical\" href=\"https:\/\/haraltt.com.br\/index.php\/product\/tenergy-64-fx-butterfly\/\" \/>\n<meta property=\"og:locale\" content=\"pt_BR\" \/>\n<meta property=\"og:type\" content=\"article\" \/>\n<meta property=\"og:title\" content=\"Tenergy 64 FX - BUTTERFLY - Haraltt\" \/>\n<meta property=\"og:description\" content=\"Vers\u00e3o da Tenergy 64 com esponja mais macia, oferecendo maior controle sem comprometer a velocidade. Seu toque mais suave permite melhor absor\u00e7\u00e3o da bola, facilitando jogadas em que o jogador precisa de mais precis\u00e3o e controle nos golpes\" \/>\n<meta property=\"og:url\" content=\"https:\/\/haraltt.com.br\/index.php\/product\/tenergy-64-fx-butterfly\/\" \/>\n<meta property=\"og:site_name\" content=\"Haraltt\" \/>\n<meta property=\"article:modified_time\" content=\"2025-03-14T13:05:36+00:00\" \/>\n<meta property=\"og:image\" content=\"http:\/\/haraltt.com.br\/wp-content\/uploads\/2025\/03\/IMG-20250312-WA0024.jpg\" \/>\n\t<meta property=\"og:image:width\" content=\"960\" \/>\n\t<meta property=\"og:image:height\" content=\"960\" \/>\n\t<meta property=\"og:image:type\" content=\"image\/jpeg\" \/>\n<meta name=\"twitter:card\" content=\"summary_large_image\" \/>\n<meta name=\"twitter:label1\" content=\"Est. tempo de leitura\" \/>\n\t<meta name=\"twitter:data1\" content=\"1 minuto\" \/>\n<script type=\"application\/ld+json\" class=\"yoast-schema-graph\">{\"@context\":\"https:\/\/schema.org\",\"@graph\":[{\"@type\":\"WebPage\",\"@id\":\"https:\/\/haraltt.com.br\/index.php\/product\/tenergy-64-fx-butterfly\/\",\"url\":\"https:\/\/haraltt.com.br\/index.php\/product\/tenergy-64-fx-butterfly\/\",\"name\":\"Tenergy 64 FX - BUTTERFLY - Haraltt\",\"isPartOf\":{\"@id\":\"https:\/\/haraltt.com.br\/#website\"},\"primaryImageOfPage\":{\"@id\":\"https:\/\/haraltt.com.br\/index.php\/product\/tenergy-64-fx-butterfly\/#primaryimage\"},\"image\":{\"@id\":\"https:\/\/haraltt.com.br\/index.php\/product\/tenergy-64-fx-butterfly\/#primaryimage\"},\"thumbnailUrl\":\"https:\/\/haraltt.com.br\/wp-content\/uploads\/2025\/03\/IMG-20250312-WA0024.jpg\",\"datePublished\":\"2025-03-13T17:24:24+00:00\",\"dateModified\":\"2025-03-14T13:05:36+00:00\",\"breadcrumb\":{\"@id\":\"https:\/\/haraltt.com.br\/index.php\/product\/tenergy-64-fx-butterfly\/#breadcrumb\"},\"inLanguage\":\"pt-BR\",\"potentialAction\":[{\"@type\":\"ReadAction\",\"target\":[\"https:\/\/haraltt.com.br\/index.php\/product\/tenergy-64-fx-butterfly\/\"]}]},{\"@type\":\"ImageObject\",\"inLanguage\":\"pt-BR\",\"@id\":\"https:\/\/haraltt.com.br\/index.php\/product\/tenergy-64-fx-butterfly\/#primaryimage\",\"url\":\"https:\/\/haraltt.com.br\/wp-content\/uploads\/2025\/03\/IMG-20250312-WA0024.jpg\",\"contentUrl\":\"https:\/\/haraltt.com.br\/wp-content\/uploads\/2025\/03\/IMG-20250312-WA0024.jpg\",\"width\":960,\"height\":960},{\"@type\":\"BreadcrumbList\",\"@id\":\"https:\/\/haraltt.com.br\/index.php\/product\/tenergy-64-fx-butterfly\/#breadcrumb\",\"itemListElement\":[{\"@type\":\"ListItem\",\"position\":1,\"name\":\"In\u00edcio\",\"item\":\"https:\/\/haraltt.com.br\/\"},{\"@type\":\"ListItem\",\"position\":2,\"name\":\"Loja\",\"item\":\"https:\/\/haraltt.com.br\/index.php\/loja\/\"},{\"@type\":\"ListItem\",\"position\":3,\"name\":\"Tenergy 64 FX &#8211; BUTTERFLY\"}]},{\"@type\":\"WebSite\",\"@id\":\"https:\/\/haraltt.com.br\/#website\",\"url\":\"https:\/\/haraltt.com.br\/\",\"name\":\"Haraltt\",\"description\":\"T\u00eanis de mesa de forma acessivel\",\"publisher\":{\"@id\":\"https:\/\/haraltt.com.br\/#organization\"},\"potentialAction\":[{\"@type\":\"SearchAction\",\"target\":{\"@type\":\"EntryPoint\",\"urlTemplate\":\"https:\/\/haraltt.com.br\/?s={search_term_string}\"},\"query-input\":\"required name=search_term_string\"}],\"inLanguage\":\"pt-BR\"},{\"@type\":\"Organization\",\"@id\":\"https:\/\/haraltt.com.br\/#organization\",\"name\":\"Haraltt\",\"url\":\"https:\/\/haraltt.com.br\/\",\"logo\":{\"@type\":\"ImageObject\",\"inLanguage\":\"pt-BR\",\"@id\":\"https:\/\/haraltt.com.br\/#\/schema\/logo\/image\/\",\"url\":\"\/\/\/wp-content\/uploads\/2024\/02\/44811478-removebg-preview.png\",\"contentUrl\":\"\/\/\/wp-content\/uploads\/2024\/02\/44811478-removebg-preview.png\",\"width\":500,\"height\":500,\"caption\":\"Haraltt\"},\"image\":{\"@id\":\"https:\/\/haraltt.com.br\/#\/schema\/logo\/image\/\"}}]}<\/script>\n<!-- \/ Yoast SEO plugin. -->","yoast_head_json":{"title":"Tenergy 64 FX - BUTTERFLY - Haraltt","robots":{"index":"index","follow":"follow","max-snippet":"max-snippet:-1","max-image-preview":"max-image-preview:large","max-video-preview":"max-video-preview:-1"},"canonical":"https:\/\/haraltt.com.br\/index.php\/product\/tenergy-64-fx-butterfly\/","og_locale":"pt_BR","og_type":"article","og_title":"Tenergy 64 FX - BUTTERFLY - Haraltt","og_description":"Vers\u00e3o da Tenergy 64 com esponja mais macia, oferecendo maior controle sem comprometer a velocidade. Seu toque mais suave permite melhor absor\u00e7\u00e3o da bola, facilitando jogadas em que o jogador precisa de mais precis\u00e3o e controle nos golpes","og_url":"https:\/\/haraltt.com.br\/index.php\/product\/tenergy-64-fx-butterfly\/","og_site_name":"Haraltt","article_modified_time":"2025-03-14T13:05:36+00:00","og_image":[{"width":960,"height":960,"url":"http:\/\/haraltt.com.br\/wp-content\/uploads\/2025\/03\/IMG-20250312-WA0024.jpg","type":"image\/jpeg"}],"twitter_card":"summary_large_image","twitter_misc":{"Est. tempo de leitura":"1 minuto"},"schema":{"@context":"https:\/\/schema.org","@graph":[{"@type":"WebPage","@id":"https:\/\/haraltt.com.br\/index.php\/product\/tenergy-64-fx-butterfly\/","url":"https:\/\/haraltt.com.br\/index.php\/product\/tenergy-64-fx-butterfly\/","name":"Tenergy 64 FX - BUTTERFLY - Haraltt","isPartOf":{"@id":"https:\/\/haraltt.com.br\/#website"},"primaryImageOfPage":{"@id":"https:\/\/haraltt.com.br\/index.php\/product\/tenergy-64-fx-butterfly\/#primaryimage"},"image":{"@id":"https:\/\/haraltt.com.br\/index.php\/product\/tenergy-64-fx-butterfly\/#primaryimage"},"thumbnailUrl":"https:\/\/haraltt.com.br\/wp-content\/uploads\/2025\/03\/IMG-20250312-WA0024.jpg","datePublished":"2025-03-13T17:24:24+00:00","dateModified":"2025-03-14T13:05:36+00:00","breadcrumb":{"@id":"https:\/\/haraltt.com.br\/index.php\/product\/tenergy-64-fx-butterfly\/#breadcrumb"},"inLanguage":"pt-BR","potentialAction":[{"@type":"ReadAction","target":["https:\/\/haraltt.com.br\/index.php\/product\/tenergy-64-fx-butterfly\/"]}]},{"@type":"ImageObject","inLanguage":"pt-BR","@id":"https:\/\/haraltt.com.br\/index.php\/product\/tenergy-64-fx-butterfly\/#primaryimage","url":"https:\/\/haraltt.com.br\/wp-content\/uploads\/2025\/03\/IMG-20250312-WA0024.jpg","contentUrl":"https:\/\/haraltt.com.br\/wp-content\/uploads\/2025\/03\/IMG-20250312-WA0024.jpg","width":960,"height":960},{"@type":"BreadcrumbList","@id":"https:\/\/haraltt.com.br\/index.php\/product\/tenergy-64-fx-butterfly\/#breadcrumb","itemListElement":[{"@type":"ListItem","position":1,"name":"In\u00edcio","item":"https:\/\/haraltt.com.br\/"},{"@type":"ListItem","position":2,"name":"Loja","item":"https:\/\/haraltt.com.br\/index.php\/loja\/"},{"@type":"ListItem","position":3,"name":"Tenergy 64 FX &#8211; BUTTERFLY"}]},{"@type":"WebSite","@id":"https:\/\/haraltt.com.br\/#website","url":"https:\/\/haraltt.com.br\/","name":"Haraltt","description":"T\u00eanis de mesa de forma acessivel","publisher":{"@id":"https:\/\/haraltt.com.br\/#organization"},"potentialAction":[{"@type":"SearchAction","target":{"@type":"EntryPoint","urlTemplate":"https:\/\/haraltt.com.br\/?s={search_term_string}"},"query-input":"required name=search_term_string"}],"inLanguage":"pt-BR"},{"@type":"Organization","@id":"https:\/\/haraltt.com.br\/#organization","name":"Haraltt","url":"https:\/\/haraltt.com.br\/","logo":{"@type":"ImageObject","inLanguage":"pt-BR","@id":"https:\/\/haraltt.com.br\/#\/schema\/logo\/image\/","url":"\/\/\/wp-content\/uploads\/2024\/02\/44811478-removebg-preview.png","contentUrl":"\/\/\/wp-content\/uploads\/2024\/02\/44811478-removebg-preview.png","width":500,"height":500,"caption":"Haraltt"},"image":{"@id":"https:\/\/haraltt.com.br\/#\/schema\/logo\/image\/"}}]}},"_links":{"self":[{"href":"https:\/\/haraltt.com.br\/index.php\/wp-json\/wp\/v2\/product\/3942","targetHints":{"allow":["GET"]}}],"collection":[{"href":"https:\/\/haraltt.com.br\/index.php\/wp-json\/wp\/v2\/product"}],"about":[{"href":"https:\/\/haraltt.com.br\/index.php\/wp-json\/wp\/v2\/types\/product"}],"replies":[{"embeddable":true,"href":"https:\/\/haraltt.com.br\/index.php\/wp-json\/wp\/v2\/comments?post=3942"}],"wp:featuredmedia":[{"embeddable":true,"href":"https:\/\/haraltt.com.br\/index.php\/wp-json\/wp\/v2\/media\/3914"}],"wp:attachment":[{"href":"https:\/\/haraltt.com.br\/index.php\/wp-json\/wp\/v2\/media?parent=3942"}],"wp:term":[{"taxonomy":"product_cat","embeddable":true,"href":"https:\/\/haraltt.com.br\/index.php\/wp-json\/wp\/v2\/product_cat?post=3942"},{"taxonomy":"product_tag","embeddable":true,"href":"https:\/\/haraltt.com.br\/index.php\/wp-json\/wp\/v2\/product_tag?post=3942"}],"curies":[{"name":"wp","href":"https:\/\/api.w.org\/{rel}","templated":true}]}}