{"id":2607,"date":"2024-08-28T18:37:40","date_gmt":"2024-08-28T21:37:40","guid":{"rendered":"https:\/?post_type=product&#038;p=2607"},"modified":"2026-01-24T13:24:51","modified_gmt":"2026-01-24T16:24:51","slug":"madeira-offensive-backdrive-classineta","status":"publish","type":"product","link":"https:\/\/haraltt.com.br\/index.php\/product\/madeira-offensive-backdrive-classineta\/","title":{"rendered":"Offensive CS &#8211; BACKDRIVE"},"content":{"rendered":"<p>A <strong>Madeira-Off-Backdrive<\/strong> \u00e9 uma raquete excepcional, projetada para jogadores que buscam um equil\u00edbrio perfeito entre velocidade, pot\u00eancia, controle e efeito. Composta por sete camadas de madeira cuidadosamente selecionadas, esta raquete destaca-se por seu n\u00facleo de balsa, que proporciona uma combina\u00e7\u00e3o \u00fanica de leveza e rigidez, resultando em uma velocidade impressionante e pot\u00eancia nos golpes.<\/p>\n<p>A <strong>Madeira-Off-Backdrive<\/strong> \u00e9 recomendada para jogadores all-round e ofensivos que valorizam tanto a velocidade quanto o controle em seus golpes. Ideal para o atleta que j\u00e1 entendeu que o t\u00eanis de mesa n\u00e3o se trata apenas de pot\u00eancia e for\u00e7a. O t\u00eanis de mesa tamb\u00e9m \u00e9 sobre controle e precis\u00e3o para conseguir executar todos os golpes com efici\u00eancia e na velocidade certa. Sua constru\u00e7\u00e3o permite transi\u00e7\u00f5es suaves entre jogadas ofensivas r\u00e1pidas e estrat\u00e9gias defensivas precisas. Ideal para aqueles que buscam um desempenho vers\u00e1til e equilibrado, esta raquete \u00e9 perfeita para um jogo din\u00e2mico e variado.<\/p>\n","protected":false},"excerpt":{"rendered":"<p><\/p>\n","protected":false},"featured_media":2593,"comment_status":"open","ping_status":"closed","template":"","meta":{"_joinchat":[]},"product_cat":[27],"product_tag":[],"class_list":{"0":"post-2607","1":"product","2":"type-product","3":"status-publish","4":"has-post-thumbnail","6":"product_cat-madeiras","8":"first","9":"instock","10":"sale","11":"shipping-taxable","12":"purchasable","13":"product-type-simple"},"yoast_head":"<!-- This site is optimized with the Yoast SEO plugin v22.2 - https:\/\/yoast.com\/wordpress\/plugins\/seo\/ -->\n<title>Offensive CS - BACKDRIVE - Haraltt<\/title>\n<meta name=\"robots\" content=\"index, follow, max-snippet:-1, max-image-preview:large, max-video-preview:-1\" \/>\n<link rel=\"canonical\" href=\"https:\/\/haraltt.com.br\/index.php\/product\/madeira-offensive-backdrive-classineta\/\" \/>\n<meta property=\"og:locale\" content=\"pt_BR\" \/>\n<meta property=\"og:type\" content=\"article\" \/>\n<meta property=\"og:title\" content=\"Offensive CS - BACKDRIVE - Haraltt\" \/>\n<meta property=\"og:url\" content=\"https:\/\/haraltt.com.br\/index.php\/product\/madeira-offensive-backdrive-classineta\/\" \/>\n<meta property=\"og:site_name\" content=\"Haraltt\" \/>\n<meta property=\"article:modified_time\" content=\"2026-01-24T16:24:51+00:00\" \/>\n<meta property=\"og:image\" content=\"http:\/\/haraltt.com.br\/wp-content\/uploads\/2024\/08\/2024082814262833.jpg\" \/>\n\t<meta property=\"og:image:width\" content=\"1880\" \/>\n\t<meta property=\"og:image:height\" content=\"1880\" \/>\n\t<meta property=\"og:image:type\" content=\"image\/jpeg\" \/>\n<meta name=\"twitter:card\" content=\"summary_large_image\" \/>\n<meta name=\"twitter:label1\" content=\"Est. tempo de leitura\" \/>\n\t<meta name=\"twitter:data1\" content=\"2 minutos\" \/>\n<script type=\"application\/ld+json\" class=\"yoast-schema-graph\">{\"@context\":\"https:\/\/schema.org\",\"@graph\":[{\"@type\":\"WebPage\",\"@id\":\"https:\/\/haraltt.com.br\/index.php\/product\/madeira-offensive-backdrive-classineta\/\",\"url\":\"https:\/\/haraltt.com.br\/index.php\/product\/madeira-offensive-backdrive-classineta\/\",\"name\":\"Offensive CS - BACKDRIVE - Haraltt\",\"isPartOf\":{\"@id\":\"https:\/\/haraltt.com.br\/#website\"},\"primaryImageOfPage\":{\"@id\":\"https:\/\/haraltt.com.br\/index.php\/product\/madeira-offensive-backdrive-classineta\/#primaryimage\"},\"image\":{\"@id\":\"https:\/\/haraltt.com.br\/index.php\/product\/madeira-offensive-backdrive-classineta\/#primaryimage\"},\"thumbnailUrl\":\"https:\/\/haraltt.com.br\/wp-content\/uploads\/2024\/08\/2024082814262833.jpg\",\"datePublished\":\"2024-08-28T21:37:40+00:00\",\"dateModified\":\"2026-01-24T16:24:51+00:00\",\"breadcrumb\":{\"@id\":\"https:\/\/haraltt.com.br\/index.php\/product\/madeira-offensive-backdrive-classineta\/#breadcrumb\"},\"inLanguage\":\"pt-BR\",\"potentialAction\":[{\"@type\":\"ReadAction\",\"target\":[\"https:\/\/haraltt.com.br\/index.php\/product\/madeira-offensive-backdrive-classineta\/\"]}]},{\"@type\":\"ImageObject\",\"inLanguage\":\"pt-BR\",\"@id\":\"https:\/\/haraltt.com.br\/index.php\/product\/madeira-offensive-backdrive-classineta\/#primaryimage\",\"url\":\"https:\/\/haraltt.com.br\/wp-content\/uploads\/2024\/08\/2024082814262833.jpg\",\"contentUrl\":\"https:\/\/haraltt.com.br\/wp-content\/uploads\/2024\/08\/2024082814262833.jpg\",\"width\":1880,\"height\":1880},{\"@type\":\"BreadcrumbList\",\"@id\":\"https:\/\/haraltt.com.br\/index.php\/product\/madeira-offensive-backdrive-classineta\/#breadcrumb\",\"itemListElement\":[{\"@type\":\"ListItem\",\"position\":1,\"name\":\"In\u00edcio\",\"item\":\"https:\/\/haraltt.com.br\/\"},{\"@type\":\"ListItem\",\"position\":2,\"name\":\"Loja\",\"item\":\"https:\/\/haraltt.com.br\/index.php\/loja\/\"},{\"@type\":\"ListItem\",\"position\":3,\"name\":\"Offensive CS &#8211; BACKDRIVE\"}]},{\"@type\":\"WebSite\",\"@id\":\"https:\/\/haraltt.com.br\/#website\",\"url\":\"https:\/\/haraltt.com.br\/\",\"name\":\"Haraltt\",\"description\":\"T\u00eanis de mesa de forma acessivel\",\"publisher\":{\"@id\":\"https:\/\/haraltt.com.br\/#organization\"},\"potentialAction\":[{\"@type\":\"SearchAction\",\"target\":{\"@type\":\"EntryPoint\",\"urlTemplate\":\"https:\/\/haraltt.com.br\/?s={search_term_string}\"},\"query-input\":\"required name=search_term_string\"}],\"inLanguage\":\"pt-BR\"},{\"@type\":\"Organization\",\"@id\":\"https:\/\/haraltt.com.br\/#organization\",\"name\":\"Haraltt\",\"url\":\"https:\/\/haraltt.com.br\/\",\"logo\":{\"@type\":\"ImageObject\",\"inLanguage\":\"pt-BR\",\"@id\":\"https:\/\/haraltt.com.br\/#\/schema\/logo\/image\/\",\"url\":\"\/\/\/wp-content\/uploads\/2024\/02\/44811478-removebg-preview.png\",\"contentUrl\":\"\/\/\/wp-content\/uploads\/2024\/02\/44811478-removebg-preview.png\",\"width\":500,\"height\":500,\"caption\":\"Haraltt\"},\"image\":{\"@id\":\"https:\/\/haraltt.com.br\/#\/schema\/logo\/image\/\"}}]}<\/script>\n<!-- \/ Yoast SEO plugin. -->","yoast_head_json":{"title":"Offensive CS - BACKDRIVE - Haraltt","robots":{"index":"index","follow":"follow","max-snippet":"max-snippet:-1","max-image-preview":"max-image-preview:large","max-video-preview":"max-video-preview:-1"},"canonical":"https:\/\/haraltt.com.br\/index.php\/product\/madeira-offensive-backdrive-classineta\/","og_locale":"pt_BR","og_type":"article","og_title":"Offensive CS - BACKDRIVE - Haraltt","og_url":"https:\/\/haraltt.com.br\/index.php\/product\/madeira-offensive-backdrive-classineta\/","og_site_name":"Haraltt","article_modified_time":"2026-01-24T16:24:51+00:00","og_image":[{"width":1880,"height":1880,"url":"http:\/\/haraltt.com.br\/wp-content\/uploads\/2024\/08\/2024082814262833.jpg","type":"image\/jpeg"}],"twitter_card":"summary_large_image","twitter_misc":{"Est. tempo de leitura":"2 minutos"},"schema":{"@context":"https:\/\/schema.org","@graph":[{"@type":"WebPage","@id":"https:\/\/haraltt.com.br\/index.php\/product\/madeira-offensive-backdrive-classineta\/","url":"https:\/\/haraltt.com.br\/index.php\/product\/madeira-offensive-backdrive-classineta\/","name":"Offensive CS - BACKDRIVE - Haraltt","isPartOf":{"@id":"https:\/\/haraltt.com.br\/#website"},"primaryImageOfPage":{"@id":"https:\/\/haraltt.com.br\/index.php\/product\/madeira-offensive-backdrive-classineta\/#primaryimage"},"image":{"@id":"https:\/\/haraltt.com.br\/index.php\/product\/madeira-offensive-backdrive-classineta\/#primaryimage"},"thumbnailUrl":"https:\/\/haraltt.com.br\/wp-content\/uploads\/2024\/08\/2024082814262833.jpg","datePublished":"2024-08-28T21:37:40+00:00","dateModified":"2026-01-24T16:24:51+00:00","breadcrumb":{"@id":"https:\/\/haraltt.com.br\/index.php\/product\/madeira-offensive-backdrive-classineta\/#breadcrumb"},"inLanguage":"pt-BR","potentialAction":[{"@type":"ReadAction","target":["https:\/\/haraltt.com.br\/index.php\/product\/madeira-offensive-backdrive-classineta\/"]}]},{"@type":"ImageObject","inLanguage":"pt-BR","@id":"https:\/\/haraltt.com.br\/index.php\/product\/madeira-offensive-backdrive-classineta\/#primaryimage","url":"https:\/\/haraltt.com.br\/wp-content\/uploads\/2024\/08\/2024082814262833.jpg","contentUrl":"https:\/\/haraltt.com.br\/wp-content\/uploads\/2024\/08\/2024082814262833.jpg","width":1880,"height":1880},{"@type":"BreadcrumbList","@id":"https:\/\/haraltt.com.br\/index.php\/product\/madeira-offensive-backdrive-classineta\/#breadcrumb","itemListElement":[{"@type":"ListItem","position":1,"name":"In\u00edcio","item":"https:\/\/haraltt.com.br\/"},{"@type":"ListItem","position":2,"name":"Loja","item":"https:\/\/haraltt.com.br\/index.php\/loja\/"},{"@type":"ListItem","position":3,"name":"Offensive CS &#8211; BACKDRIVE"}]},{"@type":"WebSite","@id":"https:\/\/haraltt.com.br\/#website","url":"https:\/\/haraltt.com.br\/","name":"Haraltt","description":"T\u00eanis de mesa de forma acessivel","publisher":{"@id":"https:\/\/haraltt.com.br\/#organization"},"potentialAction":[{"@type":"SearchAction","target":{"@type":"EntryPoint","urlTemplate":"https:\/\/haraltt.com.br\/?s={search_term_string}"},"query-input":"required name=search_term_string"}],"inLanguage":"pt-BR"},{"@type":"Organization","@id":"https:\/\/haraltt.com.br\/#organization","name":"Haraltt","url":"https:\/\/haraltt.com.br\/","logo":{"@type":"ImageObject","inLanguage":"pt-BR","@id":"https:\/\/haraltt.com.br\/#\/schema\/logo\/image\/","url":"\/\/\/wp-content\/uploads\/2024\/02\/44811478-removebg-preview.png","contentUrl":"\/\/\/wp-content\/uploads\/2024\/02\/44811478-removebg-preview.png","width":500,"height":500,"caption":"Haraltt"},"image":{"@id":"https:\/\/haraltt.com.br\/#\/schema\/logo\/image\/"}}]}},"_links":{"self":[{"href":"https:\/\/haraltt.com.br\/index.php\/wp-json\/wp\/v2\/product\/2607","targetHints":{"allow":["GET"]}}],"collection":[{"href":"https:\/\/haraltt.com.br\/index.php\/wp-json\/wp\/v2\/product"}],"about":[{"href":"https:\/\/haraltt.com.br\/index.php\/wp-json\/wp\/v2\/types\/product"}],"replies":[{"embeddable":true,"href":"https:\/\/haraltt.com.br\/index.php\/wp-json\/wp\/v2\/comments?post=2607"}],"wp:featuredmedia":[{"embeddable":true,"href":"https:\/\/haraltt.com.br\/index.php\/wp-json\/wp\/v2\/media\/2593"}],"wp:attachment":[{"href":"https:\/\/haraltt.com.br\/index.php\/wp-json\/wp\/v2\/media?parent=2607"}],"wp:term":[{"taxonomy":"product_cat","embeddable":true,"href":"https:\/\/haraltt.com.br\/index.php\/wp-json\/wp\/v2\/product_cat?post=2607"},{"taxonomy":"product_tag","embeddable":true,"href":"https:\/\/haraltt.com.br\/index.php\/wp-json\/wp\/v2\/product_tag?post=2607"}],"curies":[{"name":"wp","href":"https:\/\/api.w.org\/{rel}","templated":true}]}}