{"id":1304,"date":"2024-04-26T07:23:09","date_gmt":"2024-04-26T10:23:09","guid":{"rendered":"https:\/index.php\/product\/redcleaner-60ml\/"},"modified":"2026-02-10T12:31:54","modified_gmt":"2026-02-10T15:31:54","slug":"limpador-redcleaner-60ml","status":"publish","type":"product","link":"https:\/\/haraltt.com.br\/index.php\/product\/limpador-redcleaner-60ml\/","title":{"rendered":"LIMPADOR REDCLEANER &#8211; 60ML"},"content":{"rendered":"<p>A import\u00e2ncia de manter as borrachas limpas n\u00e3o pode ser subestimada, pois uma superf\u00edcie suja pode comprometer significativamente o controle e a capacidade de gerar spin. O <strong>RedCleaner<\/strong> permite que os jogadores realizem essa manuten\u00e7\u00e3o com facilidade, prolongando a vida \u00fatil da borracha e garantindo que ela continue a oferecer o m\u00e1ximo de desempenho em cada jogo. Seja para treinos ou competi\u00e7\u00f5es, o <strong>RedCleaner<\/strong> \u00e9 o companheiro ideal para aqueles que desejam manter suas raquetes em perfeitas condi\u00e7\u00f5es, preservando a qualidade do material por muito mais tempo.<\/p>\n","protected":false},"excerpt":{"rendered":"<p><\/p>\n","protected":false},"featured_media":2670,"comment_status":"open","ping_status":"closed","template":"","meta":{"_joinchat":[]},"product_cat":[29],"product_tag":[],"class_list":{"0":"post-1304","1":"product","2":"type-product","3":"status-publish","4":"has-post-thumbnail","6":"product_cat-acessorios","8":"first","9":"instock","10":"shipping-taxable","11":"purchasable","12":"product-type-simple"},"yoast_head":"<!-- This site is optimized with the Yoast SEO plugin v22.2 - https:\/\/yoast.com\/wordpress\/plugins\/seo\/ -->\n<title>LIMPADOR REDCLEANER - 60ML - Haraltt<\/title>\n<meta name=\"robots\" content=\"index, follow, max-snippet:-1, max-image-preview:large, max-video-preview:-1\" \/>\n<link rel=\"canonical\" href=\"https:\/\/haraltt.com.br\/index.php\/product\/limpador-redcleaner-60ml\/\" \/>\n<meta property=\"og:locale\" content=\"pt_BR\" \/>\n<meta property=\"og:type\" content=\"article\" \/>\n<meta property=\"og:title\" content=\"LIMPADOR REDCLEANER - 60ML - Haraltt\" \/>\n<meta property=\"og:url\" content=\"https:\/\/haraltt.com.br\/index.php\/product\/limpador-redcleaner-60ml\/\" \/>\n<meta property=\"og:site_name\" content=\"Haraltt\" \/>\n<meta property=\"article:modified_time\" content=\"2026-02-10T15:31:54+00:00\" \/>\n<meta property=\"og:image\" content=\"http:\/\/haraltt.com.br\/wp-content\/uploads\/2024\/08\/2024083015384241.jpg\" \/>\n\t<meta property=\"og:image:width\" content=\"1294\" \/>\n\t<meta property=\"og:image:height\" content=\"1294\" \/>\n\t<meta property=\"og:image:type\" content=\"image\/jpeg\" \/>\n<meta name=\"twitter:card\" content=\"summary_large_image\" \/>\n<meta name=\"twitter:label1\" content=\"Est. tempo de leitura\" \/>\n\t<meta name=\"twitter:data1\" content=\"1 minuto\" \/>\n<script type=\"application\/ld+json\" class=\"yoast-schema-graph\">{\"@context\":\"https:\/\/schema.org\",\"@graph\":[{\"@type\":\"WebPage\",\"@id\":\"https:\/\/haraltt.com.br\/index.php\/product\/limpador-redcleaner-60ml\/\",\"url\":\"https:\/\/haraltt.com.br\/index.php\/product\/limpador-redcleaner-60ml\/\",\"name\":\"LIMPADOR REDCLEANER - 60ML - Haraltt\",\"isPartOf\":{\"@id\":\"https:\/\/haraltt.com.br\/#website\"},\"primaryImageOfPage\":{\"@id\":\"https:\/\/haraltt.com.br\/index.php\/product\/limpador-redcleaner-60ml\/#primaryimage\"},\"image\":{\"@id\":\"https:\/\/haraltt.com.br\/index.php\/product\/limpador-redcleaner-60ml\/#primaryimage\"},\"thumbnailUrl\":\"https:\/\/haraltt.com.br\/wp-content\/uploads\/2024\/08\/2024083015384241.jpg\",\"datePublished\":\"2024-04-26T10:23:09+00:00\",\"dateModified\":\"2026-02-10T15:31:54+00:00\",\"breadcrumb\":{\"@id\":\"https:\/\/haraltt.com.br\/index.php\/product\/limpador-redcleaner-60ml\/#breadcrumb\"},\"inLanguage\":\"pt-BR\",\"potentialAction\":[{\"@type\":\"ReadAction\",\"target\":[\"https:\/\/haraltt.com.br\/index.php\/product\/limpador-redcleaner-60ml\/\"]}]},{\"@type\":\"ImageObject\",\"inLanguage\":\"pt-BR\",\"@id\":\"https:\/\/haraltt.com.br\/index.php\/product\/limpador-redcleaner-60ml\/#primaryimage\",\"url\":\"https:\/\/haraltt.com.br\/wp-content\/uploads\/2024\/08\/2024083015384241.jpg\",\"contentUrl\":\"https:\/\/haraltt.com.br\/wp-content\/uploads\/2024\/08\/2024083015384241.jpg\",\"width\":1294,\"height\":1294},{\"@type\":\"BreadcrumbList\",\"@id\":\"https:\/\/haraltt.com.br\/index.php\/product\/limpador-redcleaner-60ml\/#breadcrumb\",\"itemListElement\":[{\"@type\":\"ListItem\",\"position\":1,\"name\":\"In\u00edcio\",\"item\":\"https:\/\/haraltt.com.br\/\"},{\"@type\":\"ListItem\",\"position\":2,\"name\":\"Loja\",\"item\":\"https:\/\/haraltt.com.br\/index.php\/loja\/\"},{\"@type\":\"ListItem\",\"position\":3,\"name\":\"LIMPADOR REDCLEANER &#8211; 60ML\"}]},{\"@type\":\"WebSite\",\"@id\":\"https:\/\/haraltt.com.br\/#website\",\"url\":\"https:\/\/haraltt.com.br\/\",\"name\":\"Haraltt\",\"description\":\"T\u00eanis de mesa de forma acessivel\",\"publisher\":{\"@id\":\"https:\/\/haraltt.com.br\/#organization\"},\"potentialAction\":[{\"@type\":\"SearchAction\",\"target\":{\"@type\":\"EntryPoint\",\"urlTemplate\":\"https:\/\/haraltt.com.br\/?s={search_term_string}\"},\"query-input\":\"required name=search_term_string\"}],\"inLanguage\":\"pt-BR\"},{\"@type\":\"Organization\",\"@id\":\"https:\/\/haraltt.com.br\/#organization\",\"name\":\"Haraltt\",\"url\":\"https:\/\/haraltt.com.br\/\",\"logo\":{\"@type\":\"ImageObject\",\"inLanguage\":\"pt-BR\",\"@id\":\"https:\/\/haraltt.com.br\/#\/schema\/logo\/image\/\",\"url\":\"\/\/\/wp-content\/uploads\/2024\/02\/44811478-removebg-preview.png\",\"contentUrl\":\"\/\/\/wp-content\/uploads\/2024\/02\/44811478-removebg-preview.png\",\"width\":500,\"height\":500,\"caption\":\"Haraltt\"},\"image\":{\"@id\":\"https:\/\/haraltt.com.br\/#\/schema\/logo\/image\/\"}}]}<\/script>\n<!-- \/ Yoast SEO plugin. -->","yoast_head_json":{"title":"LIMPADOR REDCLEANER - 60ML - Haraltt","robots":{"index":"index","follow":"follow","max-snippet":"max-snippet:-1","max-image-preview":"max-image-preview:large","max-video-preview":"max-video-preview:-1"},"canonical":"https:\/\/haraltt.com.br\/index.php\/product\/limpador-redcleaner-60ml\/","og_locale":"pt_BR","og_type":"article","og_title":"LIMPADOR REDCLEANER - 60ML - Haraltt","og_url":"https:\/\/haraltt.com.br\/index.php\/product\/limpador-redcleaner-60ml\/","og_site_name":"Haraltt","article_modified_time":"2026-02-10T15:31:54+00:00","og_image":[{"width":1294,"height":1294,"url":"http:\/\/haraltt.com.br\/wp-content\/uploads\/2024\/08\/2024083015384241.jpg","type":"image\/jpeg"}],"twitter_card":"summary_large_image","twitter_misc":{"Est. tempo de leitura":"1 minuto"},"schema":{"@context":"https:\/\/schema.org","@graph":[{"@type":"WebPage","@id":"https:\/\/haraltt.com.br\/index.php\/product\/limpador-redcleaner-60ml\/","url":"https:\/\/haraltt.com.br\/index.php\/product\/limpador-redcleaner-60ml\/","name":"LIMPADOR REDCLEANER - 60ML - Haraltt","isPartOf":{"@id":"https:\/\/haraltt.com.br\/#website"},"primaryImageOfPage":{"@id":"https:\/\/haraltt.com.br\/index.php\/product\/limpador-redcleaner-60ml\/#primaryimage"},"image":{"@id":"https:\/\/haraltt.com.br\/index.php\/product\/limpador-redcleaner-60ml\/#primaryimage"},"thumbnailUrl":"https:\/\/haraltt.com.br\/wp-content\/uploads\/2024\/08\/2024083015384241.jpg","datePublished":"2024-04-26T10:23:09+00:00","dateModified":"2026-02-10T15:31:54+00:00","breadcrumb":{"@id":"https:\/\/haraltt.com.br\/index.php\/product\/limpador-redcleaner-60ml\/#breadcrumb"},"inLanguage":"pt-BR","potentialAction":[{"@type":"ReadAction","target":["https:\/\/haraltt.com.br\/index.php\/product\/limpador-redcleaner-60ml\/"]}]},{"@type":"ImageObject","inLanguage":"pt-BR","@id":"https:\/\/haraltt.com.br\/index.php\/product\/limpador-redcleaner-60ml\/#primaryimage","url":"https:\/\/haraltt.com.br\/wp-content\/uploads\/2024\/08\/2024083015384241.jpg","contentUrl":"https:\/\/haraltt.com.br\/wp-content\/uploads\/2024\/08\/2024083015384241.jpg","width":1294,"height":1294},{"@type":"BreadcrumbList","@id":"https:\/\/haraltt.com.br\/index.php\/product\/limpador-redcleaner-60ml\/#breadcrumb","itemListElement":[{"@type":"ListItem","position":1,"name":"In\u00edcio","item":"https:\/\/haraltt.com.br\/"},{"@type":"ListItem","position":2,"name":"Loja","item":"https:\/\/haraltt.com.br\/index.php\/loja\/"},{"@type":"ListItem","position":3,"name":"LIMPADOR REDCLEANER &#8211; 60ML"}]},{"@type":"WebSite","@id":"https:\/\/haraltt.com.br\/#website","url":"https:\/\/haraltt.com.br\/","name":"Haraltt","description":"T\u00eanis de mesa de forma acessivel","publisher":{"@id":"https:\/\/haraltt.com.br\/#organization"},"potentialAction":[{"@type":"SearchAction","target":{"@type":"EntryPoint","urlTemplate":"https:\/\/haraltt.com.br\/?s={search_term_string}"},"query-input":"required name=search_term_string"}],"inLanguage":"pt-BR"},{"@type":"Organization","@id":"https:\/\/haraltt.com.br\/#organization","name":"Haraltt","url":"https:\/\/haraltt.com.br\/","logo":{"@type":"ImageObject","inLanguage":"pt-BR","@id":"https:\/\/haraltt.com.br\/#\/schema\/logo\/image\/","url":"\/\/\/wp-content\/uploads\/2024\/02\/44811478-removebg-preview.png","contentUrl":"\/\/\/wp-content\/uploads\/2024\/02\/44811478-removebg-preview.png","width":500,"height":500,"caption":"Haraltt"},"image":{"@id":"https:\/\/haraltt.com.br\/#\/schema\/logo\/image\/"}}]}},"_links":{"self":[{"href":"https:\/\/haraltt.com.br\/index.php\/wp-json\/wp\/v2\/product\/1304","targetHints":{"allow":["GET"]}}],"collection":[{"href":"https:\/\/haraltt.com.br\/index.php\/wp-json\/wp\/v2\/product"}],"about":[{"href":"https:\/\/haraltt.com.br\/index.php\/wp-json\/wp\/v2\/types\/product"}],"replies":[{"embeddable":true,"href":"https:\/\/haraltt.com.br\/index.php\/wp-json\/wp\/v2\/comments?post=1304"}],"wp:featuredmedia":[{"embeddable":true,"href":"https:\/\/haraltt.com.br\/index.php\/wp-json\/wp\/v2\/media\/2670"}],"wp:attachment":[{"href":"https:\/\/haraltt.com.br\/index.php\/wp-json\/wp\/v2\/media?parent=1304"}],"wp:term":[{"taxonomy":"product_cat","embeddable":true,"href":"https:\/\/haraltt.com.br\/index.php\/wp-json\/wp\/v2\/product_cat?post=1304"},{"taxonomy":"product_tag","embeddable":true,"href":"https:\/\/haraltt.com.br\/index.php\/wp-json\/wp\/v2\/product_tag?post=1304"}],"curies":[{"name":"wp","href":"https:\/\/api.w.org\/{rel}","templated":true}]}}