{"id":1302,"date":"2024-04-26T07:21:43","date_gmt":"2024-04-26T10:21:43","guid":{"rendered":"https:\/index.php\/product\/kit-cola-redglue-100ml\/"},"modified":"2026-01-05T14:44:58","modified_gmt":"2026-01-05T17:44:58","slug":"kit-cola-redglue-100ml","status":"publish","type":"product","link":"https:\/\/haraltt.com.br\/index.php\/product\/kit-cola-redglue-100ml\/","title":{"rendered":"COLA REDGLUE &#8211; 100ML"},"content":{"rendered":"<p>Descubra o segredo por tr\u00e1s da cola Redglue &#8211; a escolha dos campe\u00f5es que revoluciona o mundo do t\u00eanis de mesa. Com sua f\u00f3rmula inovadora, as propriedades el\u00e1sticas facilitam a remo\u00e7\u00e3o da esponja e da madeira, sem causar danos. A colora\u00e7\u00e3o vermelha n\u00e3o s\u00f3 auxilia na aplica\u00e7\u00e3o precisa, mas tamb\u00e9m na visualiza\u00e7\u00e3o instant\u00e2nea de onde a cola foi aplicada, garantindo cada movimento com precis\u00e3o milim\u00e9trica. Liberte seu potencial, confie na excel\u00eancia da Redglue e alcance novos patamares de sucesso!<\/p>\n","protected":false},"excerpt":{"rendered":"<p><\/p>\n","protected":false},"featured_media":2676,"comment_status":"open","ping_status":"closed","template":"","meta":{"_joinchat":[]},"product_cat":[29],"product_tag":[],"class_list":{"0":"post-1302","1":"product","2":"type-product","3":"status-publish","4":"has-post-thumbnail","6":"product_cat-acessorios","8":"first","9":"instock","10":"shipping-taxable","11":"purchasable","12":"product-type-simple"},"yoast_head":"<!-- This site is optimized with the Yoast SEO plugin v22.2 - https:\/\/yoast.com\/wordpress\/plugins\/seo\/ -->\n<title>COLA REDGLUE - 100ML - Haraltt<\/title>\n<meta name=\"robots\" content=\"index, follow, max-snippet:-1, max-image-preview:large, max-video-preview:-1\" \/>\n<link rel=\"canonical\" href=\"https:\/\/haraltt.com.br\/index.php\/product\/kit-cola-redglue-100ml\/\" \/>\n<meta property=\"og:locale\" content=\"pt_BR\" \/>\n<meta property=\"og:type\" content=\"article\" \/>\n<meta property=\"og:title\" content=\"COLA REDGLUE - 100ML - Haraltt\" \/>\n<meta property=\"og:url\" content=\"https:\/\/haraltt.com.br\/index.php\/product\/kit-cola-redglue-100ml\/\" \/>\n<meta property=\"og:site_name\" content=\"Haraltt\" \/>\n<meta property=\"article:modified_time\" content=\"2026-01-05T17:44:58+00:00\" \/>\n<meta property=\"og:image\" content=\"http:\/\/haraltt.com.br\/wp-content\/uploads\/2024\/08\/2024083015403102.jpg\" \/>\n\t<meta property=\"og:image:width\" content=\"856\" \/>\n\t<meta property=\"og:image:height\" content=\"856\" \/>\n\t<meta property=\"og:image:type\" content=\"image\/jpeg\" \/>\n<meta name=\"twitter:card\" content=\"summary_large_image\" \/>\n<script type=\"application\/ld+json\" class=\"yoast-schema-graph\">{\"@context\":\"https:\/\/schema.org\",\"@graph\":[{\"@type\":\"WebPage\",\"@id\":\"https:\/\/haraltt.com.br\/index.php\/product\/kit-cola-redglue-100ml\/\",\"url\":\"https:\/\/haraltt.com.br\/index.php\/product\/kit-cola-redglue-100ml\/\",\"name\":\"COLA REDGLUE - 100ML - Haraltt\",\"isPartOf\":{\"@id\":\"https:\/\/haraltt.com.br\/#website\"},\"primaryImageOfPage\":{\"@id\":\"https:\/\/haraltt.com.br\/index.php\/product\/kit-cola-redglue-100ml\/#primaryimage\"},\"image\":{\"@id\":\"https:\/\/haraltt.com.br\/index.php\/product\/kit-cola-redglue-100ml\/#primaryimage\"},\"thumbnailUrl\":\"https:\/\/haraltt.com.br\/wp-content\/uploads\/2024\/08\/2024083015403102.jpg\",\"datePublished\":\"2024-04-26T10:21:43+00:00\",\"dateModified\":\"2026-01-05T17:44:58+00:00\",\"breadcrumb\":{\"@id\":\"https:\/\/haraltt.com.br\/index.php\/product\/kit-cola-redglue-100ml\/#breadcrumb\"},\"inLanguage\":\"pt-BR\",\"potentialAction\":[{\"@type\":\"ReadAction\",\"target\":[\"https:\/\/haraltt.com.br\/index.php\/product\/kit-cola-redglue-100ml\/\"]}]},{\"@type\":\"ImageObject\",\"inLanguage\":\"pt-BR\",\"@id\":\"https:\/\/haraltt.com.br\/index.php\/product\/kit-cola-redglue-100ml\/#primaryimage\",\"url\":\"https:\/\/haraltt.com.br\/wp-content\/uploads\/2024\/08\/2024083015403102.jpg\",\"contentUrl\":\"https:\/\/haraltt.com.br\/wp-content\/uploads\/2024\/08\/2024083015403102.jpg\",\"width\":856,\"height\":856},{\"@type\":\"BreadcrumbList\",\"@id\":\"https:\/\/haraltt.com.br\/index.php\/product\/kit-cola-redglue-100ml\/#breadcrumb\",\"itemListElement\":[{\"@type\":\"ListItem\",\"position\":1,\"name\":\"In\u00edcio\",\"item\":\"https:\/\/haraltt.com.br\/\"},{\"@type\":\"ListItem\",\"position\":2,\"name\":\"Loja\",\"item\":\"https:\/\/haraltt.com.br\/index.php\/loja\/\"},{\"@type\":\"ListItem\",\"position\":3,\"name\":\"COLA REDGLUE &#8211; 100ML\"}]},{\"@type\":\"WebSite\",\"@id\":\"https:\/\/haraltt.com.br\/#website\",\"url\":\"https:\/\/haraltt.com.br\/\",\"name\":\"Haraltt\",\"description\":\"T\u00eanis de mesa de forma acessivel\",\"publisher\":{\"@id\":\"https:\/\/haraltt.com.br\/#organization\"},\"potentialAction\":[{\"@type\":\"SearchAction\",\"target\":{\"@type\":\"EntryPoint\",\"urlTemplate\":\"https:\/\/haraltt.com.br\/?s={search_term_string}\"},\"query-input\":\"required name=search_term_string\"}],\"inLanguage\":\"pt-BR\"},{\"@type\":\"Organization\",\"@id\":\"https:\/\/haraltt.com.br\/#organization\",\"name\":\"Haraltt\",\"url\":\"https:\/\/haraltt.com.br\/\",\"logo\":{\"@type\":\"ImageObject\",\"inLanguage\":\"pt-BR\",\"@id\":\"https:\/\/haraltt.com.br\/#\/schema\/logo\/image\/\",\"url\":\"\/\/\/wp-content\/uploads\/2024\/02\/44811478-removebg-preview.png\",\"contentUrl\":\"\/\/\/wp-content\/uploads\/2024\/02\/44811478-removebg-preview.png\",\"width\":500,\"height\":500,\"caption\":\"Haraltt\"},\"image\":{\"@id\":\"https:\/\/haraltt.com.br\/#\/schema\/logo\/image\/\"}}]}<\/script>\n<!-- \/ Yoast SEO plugin. -->","yoast_head_json":{"title":"COLA REDGLUE - 100ML - Haraltt","robots":{"index":"index","follow":"follow","max-snippet":"max-snippet:-1","max-image-preview":"max-image-preview:large","max-video-preview":"max-video-preview:-1"},"canonical":"https:\/\/haraltt.com.br\/index.php\/product\/kit-cola-redglue-100ml\/","og_locale":"pt_BR","og_type":"article","og_title":"COLA REDGLUE - 100ML - Haraltt","og_url":"https:\/\/haraltt.com.br\/index.php\/product\/kit-cola-redglue-100ml\/","og_site_name":"Haraltt","article_modified_time":"2026-01-05T17:44:58+00:00","og_image":[{"width":856,"height":856,"url":"http:\/\/haraltt.com.br\/wp-content\/uploads\/2024\/08\/2024083015403102.jpg","type":"image\/jpeg"}],"twitter_card":"summary_large_image","schema":{"@context":"https:\/\/schema.org","@graph":[{"@type":"WebPage","@id":"https:\/\/haraltt.com.br\/index.php\/product\/kit-cola-redglue-100ml\/","url":"https:\/\/haraltt.com.br\/index.php\/product\/kit-cola-redglue-100ml\/","name":"COLA REDGLUE - 100ML - Haraltt","isPartOf":{"@id":"https:\/\/haraltt.com.br\/#website"},"primaryImageOfPage":{"@id":"https:\/\/haraltt.com.br\/index.php\/product\/kit-cola-redglue-100ml\/#primaryimage"},"image":{"@id":"https:\/\/haraltt.com.br\/index.php\/product\/kit-cola-redglue-100ml\/#primaryimage"},"thumbnailUrl":"https:\/\/haraltt.com.br\/wp-content\/uploads\/2024\/08\/2024083015403102.jpg","datePublished":"2024-04-26T10:21:43+00:00","dateModified":"2026-01-05T17:44:58+00:00","breadcrumb":{"@id":"https:\/\/haraltt.com.br\/index.php\/product\/kit-cola-redglue-100ml\/#breadcrumb"},"inLanguage":"pt-BR","potentialAction":[{"@type":"ReadAction","target":["https:\/\/haraltt.com.br\/index.php\/product\/kit-cola-redglue-100ml\/"]}]},{"@type":"ImageObject","inLanguage":"pt-BR","@id":"https:\/\/haraltt.com.br\/index.php\/product\/kit-cola-redglue-100ml\/#primaryimage","url":"https:\/\/haraltt.com.br\/wp-content\/uploads\/2024\/08\/2024083015403102.jpg","contentUrl":"https:\/\/haraltt.com.br\/wp-content\/uploads\/2024\/08\/2024083015403102.jpg","width":856,"height":856},{"@type":"BreadcrumbList","@id":"https:\/\/haraltt.com.br\/index.php\/product\/kit-cola-redglue-100ml\/#breadcrumb","itemListElement":[{"@type":"ListItem","position":1,"name":"In\u00edcio","item":"https:\/\/haraltt.com.br\/"},{"@type":"ListItem","position":2,"name":"Loja","item":"https:\/\/haraltt.com.br\/index.php\/loja\/"},{"@type":"ListItem","position":3,"name":"COLA REDGLUE &#8211; 100ML"}]},{"@type":"WebSite","@id":"https:\/\/haraltt.com.br\/#website","url":"https:\/\/haraltt.com.br\/","name":"Haraltt","description":"T\u00eanis de mesa de forma acessivel","publisher":{"@id":"https:\/\/haraltt.com.br\/#organization"},"potentialAction":[{"@type":"SearchAction","target":{"@type":"EntryPoint","urlTemplate":"https:\/\/haraltt.com.br\/?s={search_term_string}"},"query-input":"required name=search_term_string"}],"inLanguage":"pt-BR"},{"@type":"Organization","@id":"https:\/\/haraltt.com.br\/#organization","name":"Haraltt","url":"https:\/\/haraltt.com.br\/","logo":{"@type":"ImageObject","inLanguage":"pt-BR","@id":"https:\/\/haraltt.com.br\/#\/schema\/logo\/image\/","url":"\/\/\/wp-content\/uploads\/2024\/02\/44811478-removebg-preview.png","contentUrl":"\/\/\/wp-content\/uploads\/2024\/02\/44811478-removebg-preview.png","width":500,"height":500,"caption":"Haraltt"},"image":{"@id":"https:\/\/haraltt.com.br\/#\/schema\/logo\/image\/"}}]}},"_links":{"self":[{"href":"https:\/\/haraltt.com.br\/index.php\/wp-json\/wp\/v2\/product\/1302","targetHints":{"allow":["GET"]}}],"collection":[{"href":"https:\/\/haraltt.com.br\/index.php\/wp-json\/wp\/v2\/product"}],"about":[{"href":"https:\/\/haraltt.com.br\/index.php\/wp-json\/wp\/v2\/types\/product"}],"replies":[{"embeddable":true,"href":"https:\/\/haraltt.com.br\/index.php\/wp-json\/wp\/v2\/comments?post=1302"}],"wp:featuredmedia":[{"embeddable":true,"href":"https:\/\/haraltt.com.br\/index.php\/wp-json\/wp\/v2\/media\/2676"}],"wp:attachment":[{"href":"https:\/\/haraltt.com.br\/index.php\/wp-json\/wp\/v2\/media?parent=1302"}],"wp:term":[{"taxonomy":"product_cat","embeddable":true,"href":"https:\/\/haraltt.com.br\/index.php\/wp-json\/wp\/v2\/product_cat?post=1302"},{"taxonomy":"product_tag","embeddable":true,"href":"https:\/\/haraltt.com.br\/index.php\/wp-json\/wp\/v2\/product_tag?post=1302"}],"curies":[{"name":"wp","href":"https:\/\/api.w.org\/{rel}","templated":true}]}}